{"id":5972,"date":"2022-05-20T08:16:45","date_gmt":"2022-05-20T08:16:45","guid":{"rendered":"https:\/\/www.betrisey.ch\/aprilia"},"modified":"2025-03-09T09:34:59","modified_gmt":"2025-03-09T09:34:59","slug":"aprilia","status":"publish","type":"page","link":"https:\/\/www.betrisey.ch\/de\/aprilia","title":{"rendered":"Aprilia"},"content":{"rendered":"\n\n<p class=\"has-medium-font-size\"><strong>Uhr mit Kugellager.<\/strong><\/p>\n\n\n\n\n\n<p>Ihr Rahmen ist eine Gabel eines Aprilia-Stra\u00dfenmotorrads, das Zifferblatt und das Pendel bestehen aus Harley-Davidson-Bremsscheiben und der gesamte Kugelaufzugsmechanismus wird aus gebogenen und zusammengeschwei\u00dften Motorradspeichen hergestellt. Der Motor der Unruh ist eine einfache Lagerkugel, die st\u00fcndlich in einer Art Hamsterk\u00e4fig in der Mitte hochl\u00e4uft, hinunterf\u00e4llt und die Unruh dreimal in die Schwingungsrichtung dr\u00fcckt, wodurch sie genug Energie erh\u00e4lt, um sie eine Stunde lang allein durch ihre Tr\u00e4gheit zu bewegen.<\/p>\n\n\n\n<div class=\"wp-block-image\">\n\n<figure class=\"aligncenter size-large\"><img loading=\"lazy\" decoding=\"async\" width=\"683\" height=\"1024\" src=\"https:\/\/2022.betrisey.ch\/wp-content\/uploads\/2022\/05\/1aprilia-683x1024.jpeg\" alt=\"\" class=\"wp-image-1293\" srcset=\"https:\/\/www.betrisey.ch\/wp-content\/uploads\/2022\/05\/1aprilia-683x1024.jpeg 683w, https:\/\/www.betrisey.ch\/wp-content\/uploads\/2022\/05\/1aprilia-200x300.jpeg 200w, https:\/\/www.betrisey.ch\/wp-content\/uploads\/2022\/05\/1aprilia-768x1151.jpeg 768w, https:\/\/www.betrisey.ch\/wp-content\/uploads\/2022\/05\/1aprilia.jpeg 1000w\" sizes=\"auto, (max-width: 683px) 100vw, 683px\" \/><figcaption>Copyright <a href=\"https:\/\/chmorgan.com\">Chris Morgan<\/a><\/figcaption><\/figure>\n<\/div>\n\n\n\n\n<figure class=\"wp-block-video\"><video height=\"1280\" style=\"aspect-ratio: 720 \/ 1280;\" width=\"720\" controls src=\"https:\/\/2022.betrisey.ch\/wp-content\/uploads\/2022\/05\/aprilia-1.mp4\"><\/video><figcaption>Copyright <a href=\"https:\/\/chmorgan.com\">Chris Morgan<\/a><\/figcaption><\/figure>\n\n\n\n\n\n<figure class=\"wp-block-video aligncenter\"><video height=\"576\" style=\"aspect-ratio: 720 \/ 576;\" width=\"720\" controls src=\"https:\/\/2022.betrisey.ch\/wp-content\/uploads\/2022\/05\/aprilia.mp4\"><\/video><\/figure>\n\n\n\n\n\n<p><\/p>\n\n","protected":false},"excerpt":{"rendered":"<p>Uhr mit Kugellager. Ihr Rahmen ist eine Gabel eines Aprilia-Stra\u00dfenmotorrads, das Zifferblatt und das Pendel bestehen aus Harley-Davidson-Bremsscheiben und der gesamte Kugelaufzugsmechanismus wird aus gebogenen und zusammengeschwei\u00dften Motorradspeichen hergestellt. Der Motor der Unruh ist eine einfache Lagerkugel, die st\u00fcndlich in einer Art Hamsterk\u00e4fig in der Mitte hochl\u00e4uft, hinunterf\u00e4llt und die Unruh dreimal in die Schwingungsrichtung [&hellip;]<\/p>\n","protected":false},"author":2,"featured_media":0,"parent":0,"menu_order":0,"comment_status":"closed","ping_status":"closed","template":"","meta":{"_acf_changed":false,"footnotes":""},"class_list":["post-5972","page","type-page","status-publish","hentry"],"acf":[],"_links":{"self":[{"href":"https:\/\/www.betrisey.ch\/de\/wp-json\/wp\/v2\/pages\/5972","targetHints":{"allow":["GET"]}}],"collection":[{"href":"https:\/\/www.betrisey.ch\/de\/wp-json\/wp\/v2\/pages"}],"about":[{"href":"https:\/\/www.betrisey.ch\/de\/wp-json\/wp\/v2\/types\/page"}],"author":[{"embeddable":true,"href":"https:\/\/www.betrisey.ch\/de\/wp-json\/wp\/v2\/users\/2"}],"replies":[{"embeddable":true,"href":"https:\/\/www.betrisey.ch\/de\/wp-json\/wp\/v2\/comments?post=5972"}],"version-history":[{"count":1,"href":"https:\/\/www.betrisey.ch\/de\/wp-json\/wp\/v2\/pages\/5972\/revisions"}],"predecessor-version":[{"id":5973,"href":"https:\/\/www.betrisey.ch\/de\/wp-json\/wp\/v2\/pages\/5972\/revisions\/5973"}],"wp:attachment":[{"href":"https:\/\/www.betrisey.ch\/de\/wp-json\/wp\/v2\/media?parent=5972"}],"curies":[{"name":"wp","href":"https:\/\/api.w.org\/{rel}","templated":true}]}}