{"id":5985,"date":"2022-05-18T15:24:49","date_gmt":"2022-05-18T15:24:49","guid":{"rendered":"https:\/\/www.betrisey.ch\/conti"},"modified":"2025-03-09T09:39:59","modified_gmt":"2025-03-09T09:39:59","slug":"conti","status":"publish","type":"page","link":"https:\/\/www.betrisey.ch\/de\/conti","title":{"rendered":"Conti"},"content":{"rendered":"\n\n<p class=\"has-medium-font-size\"><strong>Radiometrische Uhr.<\/strong><\/p>\n\n\n\n\n\n<p>Dieses Pendel \u00fcbernimmt das Prinzip, nach dem der Chronolith funktionierte, und verbessert es: Aufh\u00e4ngung mit Messern statt Federn, Laserf\u00fchrung, bessere Wasserdichtigkeit etc. Zwei Lampen auf beiden Seiten des Pendels leuchten abwechselnd auf und &#8222;schieben&#8220; das Pendel nach dem Prinzip des <a href=\"https:\/\/fr.wikipedia.org\/wiki\/Radiom\u00e8tre_de_Crookes\">Crooks-Radiometers<\/a> jedes Mal an. Im Inneren der R\u00f6hre herrscht ein Vakuum von etwa 0,01 bar. Die gesamte Uhr ist ohne Schrauben und Bolzen montiert und wird nur durch den Luftdruck von 7,7 Tonnen gehalten, der auf die Glaswand einwirkt. Um sie auseinandernehmen zu k\u00f6nnen, muss man nur Luft in die R\u00f6hre lassen.<br>Ihr Ziel war es, irgendwann ein Photonenpendel zu werden, wenn ich eine Vakuumpumpe zur Verf\u00fcgung h\u00e4tte, die ein perfektes Vakuum im Inneren erzeugen k\u00f6nnte, aber ich konnte sie mir nie leisten.<br>Diese Uhr wurde dann 2010 zu einem elektromagnetischen Pendel degradiert, kann aber immer noch als radiometrisches Pendel funktionieren und k\u00f6nnte immer noch auf Photonenantrieb umgestellt werden.<\/p>\n\n\n\n<div class=\"wp-block-image\">\n\n<figure class=\"aligncenter size-large\"><img loading=\"lazy\" decoding=\"async\" width=\"684\" height=\"1024\" src=\"https:\/\/2022.betrisey.ch\/wp-content\/uploads\/2022\/05\/1conti-684x1024.jpg\" alt=\"\" class=\"wp-image-71\" srcset=\"https:\/\/www.betrisey.ch\/wp-content\/uploads\/2022\/05\/1conti-684x1024.jpg 684w, https:\/\/www.betrisey.ch\/wp-content\/uploads\/2022\/05\/1conti-200x300.jpg 200w, https:\/\/www.betrisey.ch\/wp-content\/uploads\/2022\/05\/1conti-768x1150.jpg 768w, https:\/\/www.betrisey.ch\/wp-content\/uploads\/2022\/05\/1conti.jpg 1000w\" sizes=\"auto, (max-width: 684px) 100vw, 684px\" \/><figcaption>Copyright <a href=\"https:\/\/chmorgan.com\">Chris Morgan<\/a><\/figcaption><\/figure>\n<\/div>\n\n\n\n\n<figure class=\"wp-block-video aligncenter\"><video height=\"720\" style=\"aspect-ratio: 1280 \/ 720;\" width=\"1280\" controls src=\"https:\/\/2022.betrisey.ch\/wp-content\/uploads\/2022\/05\/conti-coeur.mp4\"><\/video><\/figure>\n\n\n\n\n\n<p><\/p>\n\n\n\n\n\n<p><\/p>\n\n","protected":false},"excerpt":{"rendered":"<p>Radiometrische Uhr. Dieses Pendel \u00fcbernimmt das Prinzip, nach dem der Chronolith funktionierte, und verbessert es: Aufh\u00e4ngung mit Messern statt Federn, Laserf\u00fchrung, bessere Wasserdichtigkeit etc. Zwei Lampen auf beiden Seiten des Pendels leuchten abwechselnd auf und &#8222;schieben&#8220; das Pendel nach dem Prinzip des Crooks-Radiometers jedes Mal an. Im Inneren der R\u00f6hre herrscht ein Vakuum von etwa [&hellip;]<\/p>\n","protected":false},"author":2,"featured_media":0,"parent":0,"menu_order":0,"comment_status":"closed","ping_status":"closed","template":"","meta":{"_acf_changed":false,"footnotes":""},"class_list":["post-5985","page","type-page","status-publish","hentry"],"acf":[],"_links":{"self":[{"href":"https:\/\/www.betrisey.ch\/de\/wp-json\/wp\/v2\/pages\/5985","targetHints":{"allow":["GET"]}}],"collection":[{"href":"https:\/\/www.betrisey.ch\/de\/wp-json\/wp\/v2\/pages"}],"about":[{"href":"https:\/\/www.betrisey.ch\/de\/wp-json\/wp\/v2\/types\/page"}],"author":[{"embeddable":true,"href":"https:\/\/www.betrisey.ch\/de\/wp-json\/wp\/v2\/users\/2"}],"replies":[{"embeddable":true,"href":"https:\/\/www.betrisey.ch\/de\/wp-json\/wp\/v2\/comments?post=5985"}],"version-history":[{"count":1,"href":"https:\/\/www.betrisey.ch\/de\/wp-json\/wp\/v2\/pages\/5985\/revisions"}],"predecessor-version":[{"id":5986,"href":"https:\/\/www.betrisey.ch\/de\/wp-json\/wp\/v2\/pages\/5985\/revisions\/5986"}],"wp:attachment":[{"href":"https:\/\/www.betrisey.ch\/de\/wp-json\/wp\/v2\/media?parent=5985"}],"curies":[{"name":"wp","href":"https:\/\/api.w.org\/{rel}","templated":true}]}}