{"id":5988,"date":"2022-05-20T08:35:15","date_gmt":"2022-05-20T08:35:15","guid":{"rendered":"https:\/\/www.betrisey.ch\/cyclostyle"},"modified":"2025-03-09T09:40:40","modified_gmt":"2025-03-09T09:40:40","slug":"cyclostyle","status":"publish","type":"page","link":"https:\/\/www.betrisey.ch\/de\/cyclostyle","title":{"rendered":"Cyclostyle"},"content":{"rendered":"\n\n<p class=\"has-medium-font-size\"><strong>Uhr mit einer Kugel.<\/strong><\/p>\n\n\n\n\n\n<p>Diese Uhr wurde aus einem alten Drucker der Marke Gestetner Cyclostyle, einem Stern einer Abf\u00fcllanlage und einem alten Seifenspender hergestellt. Das Prinzip: Jede volle Stunde setzt eine Kugel frei, die in ein Labyrinth aus drei Gittern und drei N\u00e4geln f\u00e4llt. Die Kugel schiebt das Pendel allein durch die Kraft ihrer Schwerkraft in die Richtung der Schwingung. Der Gewinn an Amplitude betr\u00e4gt dann 5 Millimeter, was f\u00fcr eine Tr\u00e4gheit von einer Stunde mehr als genug ist. Ein Sensor z\u00e4hlt die Durchg\u00e4nge der Unruh und sendet seine Impulse an die Sekunden einer Uhr. Das Aufziehen der Kugel erfolgt \u00fcber eine Scheibe mit einem Loch, die sich jede Stunde zu drehen beginnt, die Kugel von oben freigibt und sie unten wieder aufnimmt, sobald sie die Unruh wieder in Gang gesetzt hat. Die Kugel nistet sich dann in dem Loch ein und wartet auf die n\u00e4chste Stunde.<\/p>\n\n\n\n<div class=\"wp-block-image is-style-default\">\n\n<figure class=\"aligncenter size-large\"><img loading=\"lazy\" decoding=\"async\" width=\"683\" height=\"1024\" src=\"https:\/\/2022.betrisey.ch\/wp-content\/uploads\/2022\/05\/1cyclo-683x1024.jpeg\" alt=\"\" class=\"wp-image-1300\" srcset=\"https:\/\/www.betrisey.ch\/wp-content\/uploads\/2022\/05\/1cyclo-683x1024.jpeg 683w, https:\/\/www.betrisey.ch\/wp-content\/uploads\/2022\/05\/1cyclo-200x300.jpeg 200w, https:\/\/www.betrisey.ch\/wp-content\/uploads\/2022\/05\/1cyclo-768x1152.jpeg 768w, https:\/\/www.betrisey.ch\/wp-content\/uploads\/2022\/05\/1cyclo.jpeg 1000w\" sizes=\"auto, (max-width: 683px) 100vw, 683px\" \/><figcaption>Copyright <a href=\"https:\/\/chmorgan.com\">Chris Morgan<\/a><\/figcaption><\/figure>\n<\/div>\n\n\n\n\n<figure class=\"wp-block-video\"><video height=\"1280\" style=\"aspect-ratio: 720 \/ 1280;\" width=\"720\" controls src=\"https:\/\/2022.betrisey.ch\/wp-content\/uploads\/2022\/05\/cyclo.mp4\"><\/video><figcaption>Copyright <a href=\"https:\/\/chmorgan.com\">Chris Morgan<\/a><\/figcaption><\/figure>\n\n\n\n\n\n<figure class=\"wp-block-image size-large\"><img loading=\"lazy\" decoding=\"async\" width=\"1024\" height=\"1024\" src=\"https:\/\/2022.betrisey.ch\/wp-content\/uploads\/2022\/06\/cyclo-1024x1024.jpg\" alt=\"\" class=\"wp-image-2070\" srcset=\"https:\/\/www.betrisey.ch\/wp-content\/uploads\/2022\/06\/cyclo-1024x1024.jpg 1024w, https:\/\/www.betrisey.ch\/wp-content\/uploads\/2022\/06\/cyclo-300x300.jpg 300w, https:\/\/www.betrisey.ch\/wp-content\/uploads\/2022\/06\/cyclo-150x150.jpg 150w, https:\/\/www.betrisey.ch\/wp-content\/uploads\/2022\/06\/cyclo-768x768.jpg 768w, https:\/\/www.betrisey.ch\/wp-content\/uploads\/2022\/06\/cyclo-1536x1536.jpg 1536w, https:\/\/www.betrisey.ch\/wp-content\/uploads\/2022\/06\/cyclo.jpg 1849w\" sizes=\"auto, (max-width: 1024px) 100vw, 1024px\" \/><figcaption>Der Drucker, wie er urspr\u00fcnglich aussah&#8230;<\/figcaption><\/figure>\n\n\n\n\n\n<p><\/p>\n\n","protected":false},"excerpt":{"rendered":"<p>Uhr mit einer Kugel. Diese Uhr wurde aus einem alten Drucker der Marke Gestetner Cyclostyle, einem Stern einer Abf\u00fcllanlage und einem alten Seifenspender hergestellt. Das Prinzip: Jede volle Stunde setzt eine Kugel frei, die in ein Labyrinth aus drei Gittern und drei N\u00e4geln f\u00e4llt. Die Kugel schiebt das Pendel allein durch die Kraft ihrer Schwerkraft [&hellip;]<\/p>\n","protected":false},"author":2,"featured_media":0,"parent":0,"menu_order":0,"comment_status":"closed","ping_status":"closed","template":"","meta":{"_acf_changed":false,"footnotes":""},"class_list":["post-5988","page","type-page","status-publish","hentry"],"acf":[],"_links":{"self":[{"href":"https:\/\/www.betrisey.ch\/de\/wp-json\/wp\/v2\/pages\/5988","targetHints":{"allow":["GET"]}}],"collection":[{"href":"https:\/\/www.betrisey.ch\/de\/wp-json\/wp\/v2\/pages"}],"about":[{"href":"https:\/\/www.betrisey.ch\/de\/wp-json\/wp\/v2\/types\/page"}],"author":[{"embeddable":true,"href":"https:\/\/www.betrisey.ch\/de\/wp-json\/wp\/v2\/users\/2"}],"replies":[{"embeddable":true,"href":"https:\/\/www.betrisey.ch\/de\/wp-json\/wp\/v2\/comments?post=5988"}],"version-history":[{"count":1,"href":"https:\/\/www.betrisey.ch\/de\/wp-json\/wp\/v2\/pages\/5988\/revisions"}],"predecessor-version":[{"id":5989,"href":"https:\/\/www.betrisey.ch\/de\/wp-json\/wp\/v2\/pages\/5988\/revisions\/5989"}],"wp:attachment":[{"href":"https:\/\/www.betrisey.ch\/de\/wp-json\/wp\/v2\/media?parent=5988"}],"curies":[{"name":"wp","href":"https:\/\/api.w.org\/{rel}","templated":true}]}}