{"id":5994,"date":"2022-04-28T05:55:17","date_gmt":"2022-04-28T05:55:17","guid":{"rendered":"https:\/\/www.betrisey.ch\/florence"},"modified":"2025-03-09T09:53:49","modified_gmt":"2025-03-09T09:53:49","slug":"florence","status":"publish","type":"page","link":"https:\/\/www.betrisey.ch\/de\/florence","title":{"rendered":"Florenz"},"content":{"rendered":"\n\n<p class=\"has-medium-font-size\"><strong>Uhr, die mit Kugeln betrieben wird.<\/strong><\/p>\n\n\n\n\n\n<p>Eine Uhr, die so konstruiert ist, dass sie so viel Energie wie m\u00f6glich aus dem Fall einer Kugel pro Stunde gewinnt.<br>Der Befehl zum Aufziehen wird immer dann gegeben, wenn der Minutenzeiger senkrecht steht: Eine Stange hebt die unterste Kugel an, schiebt f\u00fcnf weitere Kugeln im Kreis beiseite und dr\u00fcckt dann eine kleine S\u00e4ule von Kugeln in eine Glasr\u00f6hre. Die f\u00fcnf Kugeln schlie\u00dfen sich hinter ihr und verhindern so, dass die Kugeln in der S\u00e4ule wieder nach unten rutschen. Die Murmel am oberen Ende der Glasr\u00f6hre rollt jede Stunde durch ein Labyrinth aus vier Gittern und vier N\u00e4geln. Dabei schiebt sie die Unruh jedes Mal in die Richtung der Schwingung, bis sie schlie\u00dflich am Boden des Mechanismus landet, wo sie auf die n\u00e4chste Stunde wartet.<br>Ein weiterer Sensor z\u00e4hlt die Durchg\u00e4nge der Unruh und sendet seine Impulse an den Sekundenzeiger. Das Chassis ist dreieckig, um eine Verdrehung zu vermeiden, die die Tr\u00e4gheit der Unruh aufheben w\u00fcrde. Die erzielte Genauigkeit liegt bei weniger als zehn Sekunden Abweichung pro Monat.<\/p>\n\n\n\n<div class=\"wp-block-image\">\n\n<figure class=\"aligncenter size-large\"><img loading=\"lazy\" decoding=\"async\" width=\"684\" height=\"1024\" src=\"https:\/\/2022.betrisey.ch\/wp-content\/uploads\/2022\/05\/1flo-684x1024.jpg\" alt=\"\" class=\"wp-image-92\" srcset=\"https:\/\/www.betrisey.ch\/wp-content\/uploads\/2022\/05\/1flo-684x1024.jpg 684w, https:\/\/www.betrisey.ch\/wp-content\/uploads\/2022\/05\/1flo-200x300.jpg 200w, https:\/\/www.betrisey.ch\/wp-content\/uploads\/2022\/05\/1flo-768x1150.jpg 768w, https:\/\/www.betrisey.ch\/wp-content\/uploads\/2022\/05\/1flo.jpg 1000w\" sizes=\"auto, (max-width: 684px) 100vw, 684px\" \/><figcaption>Copyright <a href=\"https:\/\/chmorgan.com\">Chris Morgan<\/a><\/figcaption><\/figure>\n<\/div>\n\n\n\n\n<figure class=\"wp-block-video\"><video height=\"1080\" style=\"aspect-ratio: 1920 \/ 1080;\" width=\"1920\" controls src=\"https:\/\/2022.betrisey.ch\/wp-content\/uploads\/2022\/05\/florence-1.mp4\"><\/video><\/figure>\n\n\n\n\n\n<p><\/p>\n\n\n\n\n\n<p><\/p>\n\n\n\n\n\n<p><\/p>\n\n\n\n\n\n<p>Diejenigen, die alles Technische m\u00f6gen, sollten lieber <strong><a href=\"https:\/\/2022.betrisey.ch\/florence-technique\" data-type=\"page\" data-id=\"1283\">hier<\/a><\/strong> gehen<\/p>\n\n\n\n\n\n<p><\/p>\n\n\n\n\n\n<p><\/p>\n\n\n\n\n\n<p><\/p>\n\n\n\n\n\n<p><\/p>\n\n\n\n\n\n<p><\/p>\n\n\n\n\n\n<p><\/p>\n\n\n\n\n\n<p><\/p>\n\n","protected":false},"excerpt":{"rendered":"<p>Uhr, die mit Kugeln betrieben wird. Eine Uhr, die so konstruiert ist, dass sie so viel Energie wie m\u00f6glich aus dem Fall einer Kugel pro Stunde gewinnt.Der Befehl zum Aufziehen wird immer dann gegeben, wenn der Minutenzeiger senkrecht steht: Eine Stange hebt die unterste Kugel an, schiebt f\u00fcnf weitere Kugeln im Kreis beiseite und dr\u00fcckt [&hellip;]<\/p>\n","protected":false},"author":1,"featured_media":0,"parent":0,"menu_order":0,"comment_status":"closed","ping_status":"closed","template":"","meta":{"_acf_changed":false,"footnotes":""},"class_list":["post-5994","page","type-page","status-publish","hentry"],"acf":[],"_links":{"self":[{"href":"https:\/\/www.betrisey.ch\/de\/wp-json\/wp\/v2\/pages\/5994","targetHints":{"allow":["GET"]}}],"collection":[{"href":"https:\/\/www.betrisey.ch\/de\/wp-json\/wp\/v2\/pages"}],"about":[{"href":"https:\/\/www.betrisey.ch\/de\/wp-json\/wp\/v2\/types\/page"}],"author":[{"embeddable":true,"href":"https:\/\/www.betrisey.ch\/de\/wp-json\/wp\/v2\/users\/1"}],"replies":[{"embeddable":true,"href":"https:\/\/www.betrisey.ch\/de\/wp-json\/wp\/v2\/comments?post=5994"}],"version-history":[{"count":1,"href":"https:\/\/www.betrisey.ch\/de\/wp-json\/wp\/v2\/pages\/5994\/revisions"}],"predecessor-version":[{"id":5995,"href":"https:\/\/www.betrisey.ch\/de\/wp-json\/wp\/v2\/pages\/5994\/revisions\/5995"}],"wp:attachment":[{"href":"https:\/\/www.betrisey.ch\/de\/wp-json\/wp\/v2\/media?parent=5994"}],"curies":[{"name":"wp","href":"https:\/\/api.w.org\/{rel}","templated":true}]}}