{"id":6000,"date":"2024-06-20T06:24:23","date_gmt":"2024-06-20T06:24:23","guid":{"rendered":"https:\/\/www.betrisey.ch\/foucault-horloge-n-25"},"modified":"2025-03-09T09:55:12","modified_gmt":"2025-03-09T09:55:12","slug":"foucault-horloge-n-25","status":"publish","type":"page","link":"https:\/\/www.betrisey.ch\/de\/foucault-horloge-n-25","title":{"rendered":"Foucault &amp; Uhr (Nr. 25)"},"content":{"rendered":"\n\n<p><\/p>\n\n\n\n\n\n<p>Foucaultsches Pendel und Uhr, die auf dem alten Rahmen meines allerersten Pendels, der <a href=\"https:\/\/www.betrisey.ch\/pestoline\">Nr. 1<\/a>, gebaut wurde. Da es bei einer Ausstellung im Jahr 2021 von einem Kind kaputt gemacht worden war, stellte sich die Frage, ob es repariert werden sollte. Alles in allem war es viel besser, es zu zerst\u00f6ren. So wie er damals konzipiert war, grenzte es wirklich an ein Wunder, dass er \u00fcberhaupt funktionierte. &#8222;Es ist die Summe der Fehler, die Sie gemacht haben, die Ihr Pendel am Laufen h\u00e4lt&#8220; (Bob Holmstr\u00f6m, 2004)<\/p>\n\n\n\n\n\n<div style=\"height:27px\" aria-hidden=\"true\" class=\"wp-block-spacer\"><\/div>\n\n\n\n\n\n<p><strong>Juni 2024<\/strong><\/p>\n\n\n\n\n\n<div style=\"height:27px\" aria-hidden=\"true\" class=\"wp-block-spacer\"><\/div>\n\n\n\n\n\n<p>Die Spezifikationen sowie die Komponenten k\u00f6nnen noch verbessert werden und werden wahrscheinlich in den n\u00e4chsten Monaten im Zuge m\u00f6glicher Verbesserungen ge\u00e4ndert. Aber es funktioniert, und zwar sehr gut.<\/p>\n\n\n\n<div class=\"wp-block-image\">\n\n<figure class=\"aligncenter size-large\"><img loading=\"lazy\" decoding=\"async\" width=\"768\" height=\"1024\" src=\"https:\/\/www.betrisey.ch\/wp-content\/uploads\/2024\/06\/25-haut-768x1024.jpg\" alt=\"\" class=\"wp-image-3346\" srcset=\"https:\/\/www.betrisey.ch\/wp-content\/uploads\/2024\/06\/25-haut-768x1024.jpg 768w, https:\/\/www.betrisey.ch\/wp-content\/uploads\/2024\/06\/25-haut-225x300.jpg 225w, https:\/\/www.betrisey.ch\/wp-content\/uploads\/2024\/06\/25-haut-1152x1536.jpg 1152w, https:\/\/www.betrisey.ch\/wp-content\/uploads\/2024\/06\/25-haut-1536x2048.jpg 1536w, https:\/\/www.betrisey.ch\/wp-content\/uploads\/2024\/06\/25-haut-scaled.jpg 1920w\" sizes=\"auto, (max-width: 768px) 100vw, 768px\" \/><\/figure>\n<\/div>\n\n\n\n\n<div style=\"height:27px\" aria-hidden=\"true\" class=\"wp-block-spacer\"><\/div>\n\n\n\n\n\n<p><strong>Spezifikationen:<\/strong><\/p>\n\n\n\n\n\n<p>Der Aufh\u00e4ngungsdraht besteht aus Invar mit einem Ausdehnungskoeffizienten von Null.<\/p>\n\n\n\n\n\n<p>Das Pendel ist eine Messingkugel, die mit 2 kg geschmolzenem Blei gef\u00fcllt ist. <\/p>\n\n\n\n\n\n<p>Ein 1-Meter-Pendel, also eine Schwingung pro Sekunde, treibt die Zeiger der Uhr an.<\/p>\n\n\n\n\n\n<p>Die obere Platte tr\u00e4gt die Fadenf\u00fchrung, mit der die H\u00f6he und damit die Frequenz eingestellt werden kann.<\/p>\n\n\n\n\n\n<p>Die untere Platte tr\u00e4gt den Charron-Ring, der in X\/Y verstellbar ist.<\/p>\n\n\n\n\n\n<p>Die beiden Platten gleiten auf der Skalenschiene und k\u00f6nnen &#8222;hei\u00df&#8220; eingestellt werden, ohne den Lauf des Pendels stoppen zu m\u00fcssen.<\/p>\n\n\n\n\n\n<p>Die Gesamtamplitude betr\u00e4gt genau 51 Millimeter und wird durch eine Wirbelstrombremse reguliert, die sich unter dem Pendel (dem gro\u00dfen Bronzezylinder) befindet. In K\u00fcrze werden wir Genauigkeitstests mit diesem Zylinder durchf\u00fchren, der als Wirbelstrom-Charron-Ring verwendet wird, nachdem der Reibungszylinder oben entfernt wurde.<\/p>\n\n\n\n\n\n<div style=\"height:27px\" aria-hidden=\"true\" class=\"wp-block-spacer\"><\/div>\n\n\n\n<div class=\"wp-block-image\">\n\n<figure class=\"aligncenter size-large\"><img loading=\"lazy\" decoding=\"async\" width=\"1024\" height=\"768\" src=\"https:\/\/www.betrisey.ch\/wp-content\/uploads\/2024\/06\/general-1-1024x768.jpg\" alt=\"\" class=\"wp-image-3345\" srcset=\"https:\/\/www.betrisey.ch\/wp-content\/uploads\/2024\/06\/general-1-1024x768.jpg 1024w, https:\/\/www.betrisey.ch\/wp-content\/uploads\/2024\/06\/general-1-300x225.jpg 300w, https:\/\/www.betrisey.ch\/wp-content\/uploads\/2024\/06\/general-1-768x576.jpg 768w, https:\/\/www.betrisey.ch\/wp-content\/uploads\/2024\/06\/general-1-1536x1152.jpg 1536w, https:\/\/www.betrisey.ch\/wp-content\/uploads\/2024\/06\/general-1-2048x1536.jpg 2048w\" sizes=\"auto, (max-width: 1024px) 100vw, 1024px\" \/><\/figure>\n<\/div>\n\n\n<div class=\"wp-block-image\">\n\n<figure class=\"aligncenter size-large\"><img loading=\"lazy\" decoding=\"async\" width=\"768\" height=\"1024\" src=\"https:\/\/www.betrisey.ch\/wp-content\/uploads\/2024\/06\/25-bas-768x1024.jpg\" alt=\"\" class=\"wp-image-3347\" srcset=\"https:\/\/www.betrisey.ch\/wp-content\/uploads\/2024\/06\/25-bas-768x1024.jpg 768w, https:\/\/www.betrisey.ch\/wp-content\/uploads\/2024\/06\/25-bas-225x300.jpg 225w, https:\/\/www.betrisey.ch\/wp-content\/uploads\/2024\/06\/25-bas-1152x1536.jpg 1152w, https:\/\/www.betrisey.ch\/wp-content\/uploads\/2024\/06\/25-bas-1536x2048.jpg 1536w, https:\/\/www.betrisey.ch\/wp-content\/uploads\/2024\/06\/25-bas-scaled.jpg 1920w\" sizes=\"auto, (max-width: 768px) 100vw, 768px\" \/><\/figure>\n<\/div>\n\n\n\n\n<p>Rotationsmessungen. und zeitliche Pr\u00e4zisionsmessungen&#8230; <a href=\"https:\/\/www.betrisey.ch\/3580-2\">hier<\/a>.<\/p>\n\n","protected":false},"excerpt":{"rendered":"<p>Foucaultsches Pendel und Uhr, die auf dem alten Rahmen meines allerersten Pendels, der Nr. 1, gebaut wurde. Da es bei einer Ausstellung im Jahr 2021 von einem Kind kaputt gemacht worden war, stellte sich die Frage, ob es repariert werden sollte. Alles in allem war es viel besser, es zu zerst\u00f6ren. So wie er damals [&hellip;]<\/p>\n","protected":false},"author":2,"featured_media":0,"parent":0,"menu_order":0,"comment_status":"closed","ping_status":"closed","template":"","meta":{"_acf_changed":false,"footnotes":""},"class_list":["post-6000","page","type-page","status-publish","hentry"],"acf":[],"_links":{"self":[{"href":"https:\/\/www.betrisey.ch\/de\/wp-json\/wp\/v2\/pages\/6000","targetHints":{"allow":["GET"]}}],"collection":[{"href":"https:\/\/www.betrisey.ch\/de\/wp-json\/wp\/v2\/pages"}],"about":[{"href":"https:\/\/www.betrisey.ch\/de\/wp-json\/wp\/v2\/types\/page"}],"author":[{"embeddable":true,"href":"https:\/\/www.betrisey.ch\/de\/wp-json\/wp\/v2\/users\/2"}],"replies":[{"embeddable":true,"href":"https:\/\/www.betrisey.ch\/de\/wp-json\/wp\/v2\/comments?post=6000"}],"version-history":[{"count":1,"href":"https:\/\/www.betrisey.ch\/de\/wp-json\/wp\/v2\/pages\/6000\/revisions"}],"predecessor-version":[{"id":6001,"href":"https:\/\/www.betrisey.ch\/de\/wp-json\/wp\/v2\/pages\/6000\/revisions\/6001"}],"wp:attachment":[{"href":"https:\/\/www.betrisey.ch\/de\/wp-json\/wp\/v2\/media?parent=6000"}],"curies":[{"name":"wp","href":"https:\/\/api.w.org\/{rel}","templated":true}]}}