{"id":6003,"date":"2023-06-23T13:16:25","date_gmt":"2023-06-23T13:16:25","guid":{"rendered":"https:\/\/www.betrisey.ch\/graveuse-laser-fraiseuse-cnc-et-imprimante-3d"},"modified":"2025-03-09T09:56:05","modified_gmt":"2025-03-09T09:56:05","slug":"graveuse-laser-fraiseuse-cnc-et-imprimante-3d","status":"publish","type":"page","link":"https:\/\/www.betrisey.ch\/de\/graveuse-laser-fraiseuse-cnc-et-imprimante-3d","title":{"rendered":"Lasergravur, CNC-Fr\u00e4se und 3D-Drucker"},"content":{"rendered":"\n\n<p>Projekt im Bau, nur die Lasergravurmaschine ist derzeit in Betrieb. (Juni 2023)<\/p>\n\n\n\n<div class=\"wp-block-image\">\n\n<figure class=\"aligncenter size-large\"><img loading=\"lazy\" decoding=\"async\" width=\"768\" height=\"1024\" src=\"https:\/\/www.betrisey.ch\/wp-content\/uploads\/2023\/06\/general-768x1024.jpg\" alt=\"\" class=\"wp-image-2381\" srcset=\"https:\/\/www.betrisey.ch\/wp-content\/uploads\/2023\/06\/general-768x1024.jpg 768w, https:\/\/www.betrisey.ch\/wp-content\/uploads\/2023\/06\/general-225x300.jpg 225w, https:\/\/www.betrisey.ch\/wp-content\/uploads\/2023\/06\/general.jpg 1000w\" sizes=\"auto, (max-width: 768px) 100vw, 768px\" \/><\/figure>\n<\/div>\n\n\n\n\n<p>Meine eigene kleine Werkbank, die in der Werkstatt erdacht, entworfen und hergestellt wurde. 90% des Materials stammt aus verschiedenen Wiederverwertungen.<\/p>\n\n\n\n\n\n<figure class=\"wp-block-video\"><video height=\"1080\" style=\"aspect-ratio: 1920 \/ 1080;\" width=\"1920\" controls src=\"https:\/\/www.betrisey.ch\/wp-content\/uploads\/2023\/06\/graveuse.mp4\"><\/video><\/figure>\n\n\n\n\n\n<p>Die einzigen gekauften Teile waren die Laserr\u00f6hre und ihre Stromversorgung, der Controller und die Motoren, der K\u00fchler, die Zahnr\u00e4der und die Ketten. Die Fr\u00e4smaschine wird links von der Laserr\u00f6hre stehen.<\/p>\n\n\n\n\n\n<p>Es gibt nur eine Regel: Freude am Entwerfen, Herstellen, Erfinden, Verbessern, Testen und Benutzen.<\/p>\n\n\n\n\n\n<p>Die Arbeit beenden? Niemals: Es ist meine eigene unvollendete Symphonie. Sie ist dazu bestimmt, immer besser zu werden. <\/p>\n\n\n\n<div class=\"wp-block-image\">\n\n<figure class=\"aligncenter size-large\"><img loading=\"lazy\" decoding=\"async\" width=\"768\" height=\"1024\" src=\"https:\/\/www.betrisey.ch\/wp-content\/uploads\/2023\/06\/tube-768x1024.jpg\" alt=\"\" class=\"wp-image-2383\" srcset=\"https:\/\/www.betrisey.ch\/wp-content\/uploads\/2023\/06\/tube-768x1024.jpg 768w, https:\/\/www.betrisey.ch\/wp-content\/uploads\/2023\/06\/tube-225x300.jpg 225w, https:\/\/www.betrisey.ch\/wp-content\/uploads\/2023\/06\/tube.jpg 1000w\" sizes=\"auto, (max-width: 768px) 100vw, 768px\" \/><\/figure>\n<\/div>\n\n\n\n\n<p>Etwa 250 Kilogramm, 50-Watt-CO2-Laser, Rauchfilterung durch Aktivkohle, beweglich auf Rollen oder am Boden befestigt, 700 x 700 cm gro\u00dfe durchgehende Arbeitsfl\u00e4che, 500 mm Arbeitsh\u00f6he. Gesamtkosten ca. 1200 Franken oder Euro. Die Arbeit dauerte bisher zwei Monate.<\/p>\n\n\n\n\n\n<p>Die Herstellung erfordert ein breites Spektrum an Kenntnissen: Mechanik, Elektrizit\u00e4t, Elektronik, Hydraulik, Pneumatik, Programmierung, 3D-Design und -Druck, Optik, etc. Alle diese Kenntnisse sind miteinander verkn\u00fcpft. Wenn nur eines davon fehlt, kann nichts funktionieren.<\/p>\n\n\n\n\n\n<figure class=\"wp-block-image size-full\"><img loading=\"lazy\" decoding=\"async\" width=\"1000\" height=\"750\" src=\"https:\/\/www.betrisey.ch\/wp-content\/uploads\/2023\/06\/groplan.jpg\" alt=\"\" class=\"wp-image-2388\" srcset=\"https:\/\/www.betrisey.ch\/wp-content\/uploads\/2023\/06\/groplan.jpg 1000w, https:\/\/www.betrisey.ch\/wp-content\/uploads\/2023\/06\/groplan-300x225.jpg 300w, https:\/\/www.betrisey.ch\/wp-content\/uploads\/2023\/06\/groplan-768x576.jpg 768w\" sizes=\"auto, (max-width: 1000px) 100vw, 1000px\" \/><figcaption class=\"wp-element-caption\">Arbeitstisch<\/figcaption><\/figure>\n\n\n\n<div class=\"wp-block-image\">\n\n<figure class=\"aligncenter size-large\"><img loading=\"lazy\" decoding=\"async\" width=\"768\" height=\"1024\" src=\"https:\/\/www.betrisey.ch\/wp-content\/uploads\/2023\/06\/arg-768x1024.jpg\" alt=\"\" class=\"wp-image-2385\" srcset=\"https:\/\/www.betrisey.ch\/wp-content\/uploads\/2023\/06\/arg-768x1024.jpg 768w, https:\/\/www.betrisey.ch\/wp-content\/uploads\/2023\/06\/arg-225x300.jpg 225w, https:\/\/www.betrisey.ch\/wp-content\/uploads\/2023\/06\/arg.jpg 1000w\" sizes=\"auto, (max-width: 768px) 100vw, 768px\" \/><figcaption class=\"wp-element-caption\">Links hinten<\/figcaption><\/figure>\n<\/div>\n\n\n<div class=\"wp-block-image\">\n\n<figure class=\"aligncenter size-large\"><img loading=\"lazy\" decoding=\"async\" width=\"768\" height=\"1024\" src=\"https:\/\/www.betrisey.ch\/wp-content\/uploads\/2023\/06\/ard-768x1024.jpg\" alt=\"\" class=\"wp-image-2386\" srcset=\"https:\/\/www.betrisey.ch\/wp-content\/uploads\/2023\/06\/ard-768x1024.jpg 768w, https:\/\/www.betrisey.ch\/wp-content\/uploads\/2023\/06\/ard-225x300.jpg 225w, https:\/\/www.betrisey.ch\/wp-content\/uploads\/2023\/06\/ard.jpg 1000w\" sizes=\"auto, (max-width: 768px) 100vw, 768px\" \/><figcaption class=\"wp-element-caption\">Rechte R\u00fcckseite<\/figcaption><\/figure>\n<\/div>\n\n\n<div class=\"wp-block-image\">\n\n<figure class=\"aligncenter size-full\"><img loading=\"lazy\" decoding=\"async\" width=\"1000\" height=\"750\" src=\"https:\/\/www.betrisey.ch\/wp-content\/uploads\/2023\/06\/front.jpg\" alt=\"\" class=\"wp-image-2387\" srcset=\"https:\/\/www.betrisey.ch\/wp-content\/uploads\/2023\/06\/front.jpg 1000w, https:\/\/www.betrisey.ch\/wp-content\/uploads\/2023\/06\/front-300x225.jpg 300w, https:\/\/www.betrisey.ch\/wp-content\/uploads\/2023\/06\/front-768x576.jpg 768w\" sizes=\"auto, (max-width: 1000px) 100vw, 1000px\" \/><figcaption class=\"wp-element-caption\">Vorderseite<\/figcaption><\/figure>\n<\/div>\n\n\n<div class=\"wp-block-image\">\n\n<figure class=\"aligncenter size-full\"><img loading=\"lazy\" decoding=\"async\" width=\"500\" height=\"375\" src=\"https:\/\/www.betrisey.ch\/wp-content\/uploads\/2023\/06\/aspion-1.jpg\" alt=\"\" class=\"wp-image-2396\" srcset=\"https:\/\/www.betrisey.ch\/wp-content\/uploads\/2023\/06\/aspion-1.jpg 500w, https:\/\/www.betrisey.ch\/wp-content\/uploads\/2023\/06\/aspion-1-300x225.jpg 300w\" sizes=\"auto, (max-width: 500px) 100vw, 500px\" \/><figcaption class=\"wp-element-caption\">Rauchabsaugung in Betrieb.<\/figcaption><\/figure>\n<\/div>\n\n\n<div class=\"wp-block-image\">\n\n<figure class=\"aligncenter size-full\"><img loading=\"lazy\" decoding=\"async\" width=\"500\" height=\"375\" src=\"https:\/\/www.betrisey.ch\/wp-content\/uploads\/2023\/06\/asipoff-1.jpg\" alt=\"\" class=\"wp-image-2397\" srcset=\"https:\/\/www.betrisey.ch\/wp-content\/uploads\/2023\/06\/asipoff-1.jpg 500w, https:\/\/www.betrisey.ch\/wp-content\/uploads\/2023\/06\/asipoff-1-300x225.jpg 300w\" sizes=\"auto, (max-width: 500px) 100vw, 500px\" \/><figcaption class=\"wp-element-caption\">Rauchansaugung au\u00dfer Betrieb.<\/figcaption><\/figure>\n<\/div>\n","protected":false},"excerpt":{"rendered":"<p>Projekt im Bau, nur die Lasergravurmaschine ist derzeit in Betrieb. (Juni 2023) Meine eigene kleine Werkbank, die in der Werkstatt erdacht, entworfen und hergestellt wurde. 90% des Materials stammt aus verschiedenen Wiederverwertungen. Die einzigen gekauften Teile waren die Laserr\u00f6hre und ihre Stromversorgung, der Controller und die Motoren, der K\u00fchler, die Zahnr\u00e4der und die Ketten. Die [&hellip;]<\/p>\n","protected":false},"author":2,"featured_media":0,"parent":0,"menu_order":0,"comment_status":"closed","ping_status":"closed","template":"","meta":{"_acf_changed":false,"footnotes":""},"class_list":["post-6003","page","type-page","status-publish","hentry"],"acf":[],"_links":{"self":[{"href":"https:\/\/www.betrisey.ch\/de\/wp-json\/wp\/v2\/pages\/6003","targetHints":{"allow":["GET"]}}],"collection":[{"href":"https:\/\/www.betrisey.ch\/de\/wp-json\/wp\/v2\/pages"}],"about":[{"href":"https:\/\/www.betrisey.ch\/de\/wp-json\/wp\/v2\/types\/page"}],"author":[{"embeddable":true,"href":"https:\/\/www.betrisey.ch\/de\/wp-json\/wp\/v2\/users\/2"}],"replies":[{"embeddable":true,"href":"https:\/\/www.betrisey.ch\/de\/wp-json\/wp\/v2\/comments?post=6003"}],"version-history":[{"count":1,"href":"https:\/\/www.betrisey.ch\/de\/wp-json\/wp\/v2\/pages\/6003\/revisions"}],"predecessor-version":[{"id":6004,"href":"https:\/\/www.betrisey.ch\/de\/wp-json\/wp\/v2\/pages\/6003\/revisions\/6004"}],"wp:attachment":[{"href":"https:\/\/www.betrisey.ch\/de\/wp-json\/wp\/v2\/media?parent=6003"}],"curies":[{"name":"wp","href":"https:\/\/api.w.org\/{rel}","templated":true}]}}