{"id":6006,"date":"2022-04-28T05:37:35","date_gmt":"2022-04-28T05:37:35","guid":{"rendered":"https:\/\/www.betrisey.ch\/malevoz"},"modified":"2025-03-09T09:57:04","modified_gmt":"2025-03-09T09:57:04","slug":"malevoz","status":"publish","type":"page","link":"https:\/\/www.betrisey.ch\/de\/malevoz","title":{"rendered":"L&#8217;Anachrone"},"content":{"rendered":"\n\n<p class=\"has-medium-font-size\"><strong>Uhr mit Kugeln<\/strong><\/p>\n\n\n\n\n\n<figure class=\"wp-block-image\"><img decoding=\"async\" src=\"https:\/\/2022.betrisey.ch\/wp-content\/uploads\/2022\/05\/1ana.jpg\" alt=\"\"\/><figcaption>Copyright <a href=\"https:\/\/chmorgan.com\/\">Chris Morgan<\/a>. <\/figcaption><\/figure>\n\n\n\n\n\n<figure class=\"wp-block-video\"><video height=\"576\" style=\"aspect-ratio: 720 \/ 576;\" width=\"720\" controls src=\"https:\/\/2022.betrisey.ch\/wp-content\/uploads\/2022\/05\/anavideo.mp4\"><\/video><\/figure>\n\n\n\n\n\n<p>Dies ist eine mechanische Uhr, bei der jede Funktion von Kugeln \u00fcbernommen wird.<\/p>\n\n\n\n\n\n<p><strong>Sie sind der Motor des Pendels:<\/strong><br>Jede Kugel, die herunterf\u00e4llt, treibt durch ihre eigene Schwerkraft das Pendel in die Richtung der Schwingung. Da das Pendel einen Meter lang ist, l\u00e4sst es jede Sekunde eine Kugel los.<br>Eine Kugel f\u00e4llt auf den Zeiger der Hemmung, wenn die Unruh senkrecht steht, und rollt nach rechts, wenn die Unruh rechts steht. Die n\u00e4chste Kugel rollt nach links und so weiter..<br>Dann kommt das erste Problem, das es zu l\u00f6sen gilt: Das Gewicht aller Kugeln vor der Rampe darf die Genauigkeit des Motors nicht beeinflussen. Deshalb kommen sie im rechten Winkel von hinten. Die Schwerkraft aller Kugeln vor der Rampe wird dann gegen einen Anschlag gedr\u00fcckt. Es wurden also f\u00fcnf rechtwinklige Anschl\u00e4ge ben\u00f6tigt, um das Druckmoment besser zu verteilen.<\/p>\n\n\n\n\n\n<p><br><strong>Das Pendel:<\/strong><br>Um die Uhr in Gang zu setzen, muss das Pendel nur so weit freigegeben werden, dass die anf\u00e4ngliche Schwingung gro\u00df genug ist, um eine Kugel durchzulassen. Dann l\u00e4sst man sie los und das war&#8217;s. Diese Funktion wird einem Hebel anvertraut, der eine erste Schwingung erm\u00f6glicht, die genau in der Achse des Pendels liegt.<br>Sobald man das Pendel losl\u00e4sst, wird es von den Sekundenkugeln bewegt. Die Schwingung nimmt allm\u00e4hlich zu und stabilisiert sich nach zehn Minuten. Der Amplitudengewinn betr\u00e4gt etwa zwei Zentimeter und schwankt nicht mehr.<br>Die Zeitbasis ist durch die L\u00e4nge der Unruh gegeben. Das Pendel selbst wurde aus einem 17 kg schweren Messingblock gefertigt, um gen\u00fcgend Tr\u00e4gheit zu gew\u00e4hrleisten. Die Grobeinstellung erfolgt durch Drehen oder L\u00f6sen der oberen Schraube, wodurch die gesamte Masse der Unruh angehoben oder gesenkt wird. Die Feineinstellung erfolgt durch das Ein- oder Ausschrauben des kleinen Gewichts mit Skala an der Unterseite.<\/p>\n\n\n\n\n\n<p><br><strong>Das Chassis:<\/strong><br>Seine Gr\u00f6\u00dfe wurde durch die Gr\u00f6\u00dfe der Kugeln bestimmt: 60 Kugeln von 20 Millimetern ergeben eine Gesamtl\u00e4nge von 1,20 Meter. Wir f\u00fcgen oben drei\u00dfig Zentimeter f\u00fcr den Auspuff des Motors hinzu, zwanzig Zentimeter weiter oben f\u00fcr den Kugelvorrat, zehn Zentimeter f\u00fcr die L\u00fcnette und f\u00fcnfzig Zentimeter darunter f\u00fcr die gesamte Mechanik des Bodens. Das ergibt eine Mindesth\u00f6he von 2,20 Metern.<\/p>\n\n\n\n\n\n<p><br><strong>Die Suche nach der verlorenen Minute:<\/strong><br>Jede Sekunde f\u00e4llt eine Kugel in eine R\u00f6hre, die 59 Kugeln aufnehmen kann. Die sechzigste Sekundenkugel rollt also \u00fcber die neunundf\u00fcnfzig anderen und beginnt den Fall, der ihr genug Energie verleiht, um das Ventil am Boden zu entriegeln. Auf dem Weg dorthin bet\u00e4tigt sie einen Hebel, der den Einlauf der Sekunden kurzzeitig blockiert, damit sich die einlaufenden Murmeln nicht mit den auslaufenden vermischen, l\u00e4uft dann weiter, f\u00e4llt einen guten Meter nach unten, trifft einen Hebel und gibt die neunundf\u00fcnfzig Sekunden frei. Dort wird die Energie all dieser verlorenen Sekunden genutzt, um eine Kugel zu l\u00f6sen, die vor der Hemmung wartet. Diese f\u00e4llt auf den Hebel, der den Eingang der Sekunden blockierte, und gibt sie dadurch frei. Dann rollt sie durch das Minutenrohr. So einfach ist das.<br>Der gleiche Vorgang wiederholt sich bei den Stunden: Die \u00fcberz\u00e4hlige Kugel rollt \u00fcber die 59 Minuten, f\u00e4llt herunter und verbraucht genug Energie, um sie freizugeben, dann setzt ihr Gewicht auf dem Bodenschieber eine wartende Kugel frei, die in die Stundenr\u00f6hre f\u00e4llt.<br>Das letzte Problem, das f\u00fcr die Wochentage und die Lunationen gel\u00f6st werden musste, bestand darin, gen\u00fcgend Energie aus dem Fall der 23 Stunden um Mitternacht zu gewinnen, um die Scheibe f\u00fcr die Wochentage und die Kugel f\u00fcr die Lunationen mithilfe von Hebeln und einem Gegengewicht zu bet\u00e4tigen.<\/p>\n\n\n\n\n\n<p><br><strong>Das Aufziehen der Kugeln:<\/strong><br>Das gew\u00e4hlte Prinzip erforderte letztendlich viel mehr Arbeit als alles andere, da es einfach und zuverl\u00e4ssig sein musste und keinen Platz wegnehmen durfte. Ich entschied mich daf\u00fcr, die Murmeln in einem Zylinder mit drei Rillen und einer Feder rollen zu lassen. Es gab keine Probleme mehr mit Blockierungen, der Platzbedarf war gering und die Zuverl\u00e4ssigkeit hoch.<\/p>\n\n\n\n\n\n<p><br><strong>Die Regulierung des Rampen\u00fcberschusses:<\/strong><br>Jetzt kamen andere Sorgen auf. Denn wenn die Kugeln zuf\u00e4llig nach oben stiegen, musste ihre Anzahl so reguliert werden, dass sich immer genug Kugeln in der Rampe vor dem Auspuff befanden, aber nicht zu viele. Es sollten also etwas mehr als 60 Murmeln pro Minute aufsteigen und der \u00dcberschuss sollte durch ein Regulierungsloch entweichen. Das System sieht folgenderma\u00dfen aus: Wenn die Rampe nicht ganz voll ist, durchlaufen die Kugeln aufgrund ihrer Zentrifugalkraft eine Kurve, ohne anzuhalten. Wenn die Rampe voll ist, prallen sie ab und fallen in die Spiralfeder, die sie in den Bodenbeh\u00e4lter fallen l\u00e4sst. Auch hier ist es die Zentrifugalkraft, die sie zwingt, sich in der Feder zu drehen. Die Gesamtzahl der Kugeln in der Uhr wird um Mitternacht ermittelt, wenn alle Reagenzgl\u00e4ser f\u00fcr Stunden, Minuten und Sekunden voll sind (144 Kugeln). Wir haben auch ungef\u00e4hr 210 Kugeln in der Aufzugs-Spiralfeder und wir m\u00fcssen noch eine Reserve von 100 Kugeln in der Rampe sicherstellen, was uns insgesamt 450 Kugeln bringt.<\/p>\n\n\n\n\n\n<p><br><strong>Mondzeiten und Wochentage:<\/strong><br>Die Mondzyklen und der Wechsel der Wochentage werden durch die Energiegewinnung aus dem Fall der 23 Kugeln in den Stunden um Mitternacht bewirkt. Wenn sie fallen, dr\u00fccken sie einen Hebel, der all diese Funktionen \u00fcbernimmt. Die R\u00fcckf\u00fchrung des Hebels erfolgt durch ein Gegengewicht, das so eingestellt ist, dass es nur wenig leichter ist als die Summe der 23 Murmeln. Die Wochentage, die Mondphasen und das Aufziehen der Kugeln sind die einzigen Teile, die sich in der gesamten Uhr drehen.<\/p>\n\n\n\n\n\n<p><br><strong>Das Zur\u00fcckstellen der Uhrzeit:<\/strong><br>Jede Uhr braucht einen Aufziehmechanismus, um sie zu verstellen, auf Sommerzeit umzustellen etc. Bei dieser Uhr gibt es acht kleine Hebel, die diese acht verschiedenen Funktionen erf\u00fcllen:<\/p>\n\n\n\n\n\n<p><br>1) Die Sekunden entriegeln. <\/p>\n\n\n\n\n\n<p>2) Die Sekunden leeren <\/p>\n\n\n\n\n\n<p>3) Eine Minute hinzuf\u00fcgen <\/p>\n\n\n\n\n\n<p>4) Minuten entsperren <\/p>\n\n\n\n\n\n<p>5) Minuten leeren <\/p>\n\n\n\n\n\n<p>6) F\u00fcgen Sie eine Stunde hinzu <\/p>\n\n\n\n\n\n<p>7) Leeren Sie die Stunden <\/p>\n\n\n\n\n\n<p>8) Tage und Lunationen vorr\u00fccken<\/p>\n\n\n\n\n\n<p><br>Um die Sekunden zu leeren, muss man sie zun\u00e4chst entsperren k\u00f6nnen. Dazu dr\u00fcckt man auf den kleinen Hebel Nr. 1 (Sekunden entsperren), der an derselben Stelle dr\u00fcckt wie die Kugel der Minuten. Wenn das Reagenzglas f\u00fcr die Sekunden voll ist, ist das Gewicht der Kugeln gr\u00f6\u00dfer als das Gegengewicht, sodass sie sich von selbst entleeren werden. Dies wird aber nicht geschehen, wenn das Reagenzglas z. B. nur halb voll ist. Also wird sich Hebel Nr. 2 (Sekunden leeren) darum k\u00fcmmern, dieses fehlende Gewicht auszugleichen. Die Funktion Nr. 3 (eine Minute hinzuf\u00fcgen) wurde etwas komplizierter, da sie sich mit der Funktion zum L\u00f6sen der Minutenkugel \u00fcberschneiden w\u00fcrde. Wir mussten also eine Kupplung (nat\u00fcrlich mit Kugeln) in der Achse des Sekundenventils bauen und dann eine \u00dcbertragung der mechanischen Kraft des Hebels. Wenn die Uhr l\u00e4uft und sich das Sekundenventil \u00f6ffnet, dreht sich auch der Hebel f\u00fcr die Minutenaddition. Wird er hingegen von Hand bet\u00e4tigt, \u00f6ffnet sich das Ventil aufgrund der Kupplung nicht. Die Funktionen 4, 5 und 6 (Minuten entsperren\/Minuten leeren\/Stunden hinzuf\u00fcgen) reproduzieren exakt das gleiche Schema und m\u00fcssen daher nicht mehr erkl\u00e4rt werden. Die siebte Funktion (Stunden leeren) ist die einfachste von allen, da die Mechanik eine andere ist und nach den Stunden nichts mehr hinzugef\u00fcgt werden muss. (Die mutigen Leute, die alles gelesen haben, einschlie\u00dflich dieses Satzes, verdienen wirklich meine Bewunderung: Respekt.) &#8230;Und die achte Taste (Vorr\u00fccken der Tage und Mondzeiten) simuliert nur das Gewicht der 23 Kugeln, die um Mitternacht fallen.<\/p>\n\n\n\n\n\n<figure class=\"wp-block-video\"><video height=\"1280\" style=\"aspect-ratio: 720 \/ 1280;\" width=\"720\" controls src=\"https:\/\/2022.betrisey.ch\/wp-content\/uploads\/2022\/05\/malevchris.mp4\"><\/video><figcaption>Copyright <a href=\"https:\/\/chmorgan.com\/\">Chris Morgan<\/a>.<\/figcaption><\/figure>\n\n\n\n\n\n<p><\/p>\n\n\n\n\n\n<p><\/p>\n\n\n\n\n\n<p><\/p>\n\n\n\n\n\n<p><\/p>\n\n\n\n\n\n<p><\/p>\n\n\n\n\n\n<p><\/p>\n\n\n\n\n\n<p><\/p>\n\n\n\n\n\n<p><\/p>\n\n\n\n\n\n<p><\/p>\n\n\n\n\n\n<p><\/p>\n\n\n\n\n\n<p><\/p>\n\n\n\n\n\n<p><\/p>\n\n\n\n\n\n<p><\/p>\n\n\n\n\n\n<p><\/p>\n\n\n\n\n\n<p><\/p>\n\n\n\n\n\n<p><\/p>\n\n\n\n\n\n<p><\/p>\n\n\n\n\n\n<p><\/p>\n\n\n\n\n\n<p><\/p>\n\n\n\n\n\n<p><\/p>\n\n\n\n\n\n<p><\/p>\n\n\n\n\n\n<p><\/p>\n\n\n\n\n\n<p><\/p>\n\n\n\n\n\n<p><\/p>\n\n\n\n\n\n<p><\/p>\n\n\n\n\n\n<p><\/p>\n\n\n\n\n\n<p><\/p>\n\n\n\n\n\n<p><\/p>\n\n\n\n\n\n<p><\/p>\n\n\n\n\n\n<p><\/p>\n\n\n\n\n\n<p><\/p>\n\n\n\n\n\n<p><\/p>\n\n\n\n\n\n<p><\/p>\n\n\n\n\n\n<p><\/p>\n\n\n\n\n\n<p><\/p>\n\n\n\n\n\n<p><\/p>\n\n\n\n\n\n<p><\/p>\n\n\n\n\n\n<p><\/p>\n\n\n\n\n\n<p><\/p>\n\n","protected":false},"excerpt":{"rendered":"<p>Uhr mit Kugeln Dies ist eine mechanische Uhr, bei der jede Funktion von Kugeln \u00fcbernommen wird. Sie sind der Motor des Pendels:Jede Kugel, die herunterf\u00e4llt, treibt durch ihre eigene Schwerkraft das Pendel in die Richtung der Schwingung. Da das Pendel einen Meter lang ist, l\u00e4sst es jede Sekunde eine Kugel los.Eine Kugel f\u00e4llt auf den [&hellip;]<\/p>\n","protected":false},"author":2,"featured_media":0,"parent":0,"menu_order":0,"comment_status":"closed","ping_status":"open","template":"","meta":{"_acf_changed":false,"footnotes":""},"class_list":["post-6006","page","type-page","status-publish","hentry"],"acf":[],"_links":{"self":[{"href":"https:\/\/www.betrisey.ch\/de\/wp-json\/wp\/v2\/pages\/6006","targetHints":{"allow":["GET"]}}],"collection":[{"href":"https:\/\/www.betrisey.ch\/de\/wp-json\/wp\/v2\/pages"}],"about":[{"href":"https:\/\/www.betrisey.ch\/de\/wp-json\/wp\/v2\/types\/page"}],"author":[{"embeddable":true,"href":"https:\/\/www.betrisey.ch\/de\/wp-json\/wp\/v2\/users\/2"}],"replies":[{"embeddable":true,"href":"https:\/\/www.betrisey.ch\/de\/wp-json\/wp\/v2\/comments?post=6006"}],"version-history":[{"count":1,"href":"https:\/\/www.betrisey.ch\/de\/wp-json\/wp\/v2\/pages\/6006\/revisions"}],"predecessor-version":[{"id":6007,"href":"https:\/\/www.betrisey.ch\/de\/wp-json\/wp\/v2\/pages\/6006\/revisions\/6007"}],"wp:attachment":[{"href":"https:\/\/www.betrisey.ch\/de\/wp-json\/wp\/v2\/media?parent=6006"}],"curies":[{"name":"wp","href":"https:\/\/api.w.org\/{rel}","templated":true}]}}