{"id":6009,"date":"2022-05-18T13:47:30","date_gmt":"2022-05-18T13:47:30","guid":{"rendered":"https:\/\/www.betrisey.ch\/le-chronolithe"},"modified":"2025-03-09T09:57:46","modified_gmt":"2025-03-09T09:57:46","slug":"le-chronolithe","status":"publish","type":"page","link":"https:\/\/www.betrisey.ch\/de\/le-chronolithe","title":{"rendered":"Der Chronolith"},"content":{"rendered":"\n\n<p class=\"has-medium-font-size\"><strong>Durch Licht angetriebenes Pendel.<\/strong><\/p>\n\n\n\n\n\n<p>Dies ist die erste radiometrische Uhr, die es je gab: Zwei Lampen auf beiden Seiten leuchten abwechselnd auf und treiben so das Pendel jedes Mal an. Die radiometrische Kraft dient als Motor der Unruh, aber auch als Bremse, indem sie die Amplitude der Unruh in einem sehr genauen Bereich reguliert. Im Inneren der R\u00f6hre herrscht ein Vakuum mit einem Unterdruck von etwa 0,01 bar. Das Anlaufen der Unruh erfolgt durch einen Magneten, der in der N\u00e4he des Glases angebracht wird. Das Pendel schwingt mit einer Frequenz von einer Sekunde und die Feineinstellung der Zeitbasis erfolgt von au\u00dfen, indem die vier Planetengewichte mithilfe desselben Magneten um die Unruhkugel gedreht werden. Dadurch entf\u00e4llt die Notwendigkeit, sie mit Luft zu f\u00fcllen, die Uhr auseinanderzunehmen und das Vakuum f\u00fcr jede Einstellung neu herzustellen. Die Uhr besteht also aus einer Glasr\u00f6hre, einem Pendel, einigen Glimmerbl\u00e4ttern, zwei Relais und einer Mechanik zum Antrieb der Zeiger &#8211; das ist alles. Sie ist ohne Schrauben und Bolzen montiert und wird nur durch die Kraft eines atmosph\u00e4rischen Drucks von &#8211; Verzeihung &#8211; 7,7 Tonnen gehalten. Um sie zu zerlegen, muss man nur Luft in die R\u00f6hre lassen.<br>Ihre Genauigkeit betrug damals etwa 2 Sekunden pro Monat. Sie war so genau, dass sie am 3. Februar 2002 in der Schweiz das Erdbeben von Afyon in der T\u00fcrkei sowie dessen Nachbeben zwei Stunden sp\u00e4ter registrierte. Das Pendel, das eher ein wissenschaftliches Experiment als eine Uhr war, wurde ein Jahr lang im Uhrenmuseum von La Chaux-De-Fonds ausgestellt und 2010 stillgelegt: Seitdem funktioniert es nicht mehr.<\/p>\n\n\n\n\n\n<p><\/p>\n\n\n\n<div class=\"wp-block-image\">\n\n<figure class=\"aligncenter size-large\"><img loading=\"lazy\" decoding=\"async\" width=\"684\" height=\"1024\" src=\"https:\/\/2022.betrisey.ch\/wp-content\/uploads\/2022\/05\/1chrono-684x1024.jpeg\" alt=\"\" class=\"wp-image-1175\" srcset=\"https:\/\/www.betrisey.ch\/wp-content\/uploads\/2022\/05\/1chrono-684x1024.jpeg 684w, https:\/\/www.betrisey.ch\/wp-content\/uploads\/2022\/05\/1chrono-200x300.jpeg 200w, https:\/\/www.betrisey.ch\/wp-content\/uploads\/2022\/05\/1chrono-768x1150.jpeg 768w, https:\/\/www.betrisey.ch\/wp-content\/uploads\/2022\/05\/1chrono.jpeg 1000w\" sizes=\"auto, (max-width: 684px) 100vw, 684px\" \/><figcaption>Copyright <a href=\"https:\/\/chmorgan.com\/\">Chris Morgan<\/a>.<\/figcaption><\/figure>\n<\/div>\n\n\n\n\n<figure class=\"wp-block-video\"><video height=\"720\" style=\"aspect-ratio: 1280 \/ 720;\" width=\"1280\" controls src=\"https:\/\/2022.betrisey.ch\/wp-content\/uploads\/2022\/05\/chrono.mp4\"><\/video><\/figure>\n\n\n\n<div class=\"wp-block-image\">\n\n<figure class=\"aligncenter size-large\"><img loading=\"lazy\" decoding=\"async\" width=\"413\" height=\"1024\" src=\"https:\/\/2022.betrisey.ch\/wp-content\/uploads\/2022\/05\/SCANNEGA-413x1024.jpg\" alt=\"\" class=\"wp-image-1176\" srcset=\"https:\/\/www.betrisey.ch\/wp-content\/uploads\/2022\/05\/SCANNEGA-413x1024.jpg 413w, https:\/\/www.betrisey.ch\/wp-content\/uploads\/2022\/05\/SCANNEGA-121x300.jpg 121w, https:\/\/www.betrisey.ch\/wp-content\/uploads\/2022\/05\/SCANNEGA-768x1904.jpg 768w, https:\/\/www.betrisey.ch\/wp-content\/uploads\/2022\/05\/SCANNEGA-620x1536.jpg 620w, https:\/\/www.betrisey.ch\/wp-content\/uploads\/2022\/05\/SCANNEGA-826x2048.jpg 826w, https:\/\/www.betrisey.ch\/wp-content\/uploads\/2022\/05\/SCANNEGA-scaled.jpg 1033w\" sizes=\"auto, (max-width: 413px) 100vw, 413px\" \/><\/figure>\n<\/div>\n\n\n\n\n<p>Wer sich eher f\u00fcr den technischen Teil interessiert, kommt <a href=\"https:\/\/2022.betrisey.ch\/chronolithe-technique\" data-type=\"page\" data-id=\"1183\">hier<\/a> leichter weiter<\/p>\n\n\n\n\n\n<p><\/p>\n\n\n\n\n\n<p><\/p>\n\n\n\n\n\n<p><\/p>\n\n","protected":false},"excerpt":{"rendered":"<p>Durch Licht angetriebenes Pendel. Dies ist die erste radiometrische Uhr, die es je gab: Zwei Lampen auf beiden Seiten leuchten abwechselnd auf und treiben so das Pendel jedes Mal an. Die radiometrische Kraft dient als Motor der Unruh, aber auch als Bremse, indem sie die Amplitude der Unruh in einem sehr genauen Bereich reguliert. Im [&hellip;]<\/p>\n","protected":false},"author":2,"featured_media":0,"parent":0,"menu_order":0,"comment_status":"closed","ping_status":"closed","template":"","meta":{"_acf_changed":false,"footnotes":""},"class_list":["post-6009","page","type-page","status-publish","hentry"],"acf":[],"_links":{"self":[{"href":"https:\/\/www.betrisey.ch\/de\/wp-json\/wp\/v2\/pages\/6009","targetHints":{"allow":["GET"]}}],"collection":[{"href":"https:\/\/www.betrisey.ch\/de\/wp-json\/wp\/v2\/pages"}],"about":[{"href":"https:\/\/www.betrisey.ch\/de\/wp-json\/wp\/v2\/types\/page"}],"author":[{"embeddable":true,"href":"https:\/\/www.betrisey.ch\/de\/wp-json\/wp\/v2\/users\/2"}],"replies":[{"embeddable":true,"href":"https:\/\/www.betrisey.ch\/de\/wp-json\/wp\/v2\/comments?post=6009"}],"version-history":[{"count":1,"href":"https:\/\/www.betrisey.ch\/de\/wp-json\/wp\/v2\/pages\/6009\/revisions"}],"predecessor-version":[{"id":6010,"href":"https:\/\/www.betrisey.ch\/de\/wp-json\/wp\/v2\/pages\/6009\/revisions\/6010"}],"wp:attachment":[{"href":"https:\/\/www.betrisey.ch\/de\/wp-json\/wp\/v2\/media?parent=6009"}],"curies":[{"name":"wp","href":"https:\/\/api.w.org\/{rel}","templated":true}]}}