{"id":6018,"date":"2022-05-19T08:15:35","date_gmt":"2022-05-19T08:15:35","guid":{"rendered":"https:\/\/www.betrisey.ch\/leon"},"modified":"2025-03-09T10:01:14","modified_gmt":"2025-03-09T10:01:14","slug":"leon","status":"publish","type":"page","link":"https:\/\/www.betrisey.ch\/de\/leon","title":{"rendered":"Leon (Nr. 2)"},"content":{"rendered":"\n\n<p class=\"has-medium-font-size\"><strong>Foucaultsches Pendel, das die Zeit anzeigt.<\/strong><\/p>\n\n\n\n\n\n<p>Dieses Pendel hat eine Schwingungsperiode, die auf eine Sekunde eingestellt ist. Dieses Ph\u00e4nomen wird genutzt, um den Sekundenzeiger zu drehen, der wiederum den Minuten- und Stundenzeiger antreibt. Die Verwendung eines Foucaultschen Pendels als Uhr ist jedoch mit einigen Einschr\u00e4nkungen verbunden:<br>1) Die Periodendauer muss genau eingestellt werden,<br>2) Kompensieren Sie die L\u00e4ngen\u00e4nderungen des Pendels aufgrund von Temperaturunterschieden,<br>3) die Amplitude stabilisieren, um den Isochronismus einzuhalten.<br>Das erste Foucaultsche Pendel\/die erste Uhr, die ich gebaut hatte<a href=\"https:\/\/2022.betrisey.ch\/pestoline\" data-type=\"page\" data-id=\"1218\">(Pestoline<\/a>), hatte ein verbesserungsw\u00fcrdiges System: Der Faden des Pendels lief durch ein Loch und konnte in der Aufw\u00e4rtsrichtung eingestellt werden, so wie man eine Gitarrensaite stimmt. Wenn man den Faden verk\u00fcrzte oder verl\u00e4ngerte, \u00e4nderte sich auch die Position des Magneten in Bezug auf die Spule, wodurch sich die St\u00e4rke des Impulses ver\u00e4nderte. Schlie\u00dflich war es ein Wunder, die Dauer der Amplitude fein abzustimmen. Bei diesem Modell bewegt sich der Draht nicht, sondern nur das Loch, das nach oben oder unten bewegt werden kann. Dieses System erm\u00f6glicht es sogar, die Periode der Unruh einzustellen, w\u00e4hrend sie sich bewegt, ohne ihren Lauf zu st\u00f6ren &#8211; eine Option, die man bei klassischen Uhren nie findet. Der Temperaturausgleich wird durch ein Bimetall gew\u00e4hrleistet, das sich \u00fcber der gesamten Einheit befindet. Die Probleme, die bei der Bearbeitung des Charron-Rings auftraten, wurden durch die Verwendung eines Rubins gel\u00f6st: Der Kreis ist pr\u00e4zise und die Abnutzung gleich null.<br>Aber warum zum Teufel gibt es zwei getrennte Zifferbl\u00e4tter? Weil das linke die Zeit des Pendels anzeigt und das rechte nur eine Quarzuhr ist, die als Referenz dient. Das Ergebnis ist eine Uhr, die allen gerecht wird: Menschen, die es eilig haben, werden immer das rechte Zifferblatt lesen, weil es genauer ist. Dichter werden sich an der linken Uhr erfreuen, und Wissenschaftler werden den Mittelwert aus beiden aufmerksam lesen. Wenn zum Beispiel der Sekundenzeiger des Pendels einen Moment lang nachl\u00e4uft, holt er dies eine Viertelumdrehung sp\u00e4ter wieder auf. Dieses Ph\u00e4nomen ist auf die Exzentrizit\u00e4t des Charronschen Rings zur\u00fcckzuf\u00fchren, aber der Durchschnitt dieser Schwankungen wird \u00fcber eine Umdrehung hinweg genau. Dieses Pendel wird also nicht wie eine normale Uhr eingestellt, denn eine eventuelle Exzentrizit\u00e4t des Charronschen Rings bewirkt eine Beschleunigung des Pendeldurchgangs, auf die unweigerlich eine Verlangsamung derselben Amplitude 1\/4 Umdrehung sp\u00e4ter folgt. Man muss also den Zeitdurchschnitt einer halben Umdrehung einstellen, der je nach Breitengrad, auf dem sich die Uhr befindet, variiert: 16 Stunden, 34 Minuten und 14 Sekunden in meinem Atelier in Sion.<\/p>\n\n\n\n<div class=\"wp-block-image\">\n\n<figure class=\"aligncenter size-large\"><img decoding=\"async\" src=\"https:\/\/www.betrisey.ch\/wp-content\/uploads\/2023\/07\/1leon-383x1024.jpg\" alt=\"\" class=\"wp-image-1239\"\/><figcaption class=\"wp-element-caption\">Copyright <a href=\"https:\/\/chmorgan.com\">Chris Morgan<\/a><\/figcaption><\/figure>\n<\/div>\n\n\n\n\n<p>Diese Uhr ist mir ein R\u00e4tsel, weil sie an allen Orten, an denen ich sie ausgestellt habe, sehr gut funktioniert hat, und das ohne irgendeine andere Einstellung als die Wasserwaage. Es ist ein R\u00e4tsel.<\/p>\n\n\n\n\n\n<p><\/p>\n\n\n\n\n\n<figure class=\"wp-block-video\"><video height=\"1080\" style=\"aspect-ratio: 1920 \/ 1080;\" width=\"1920\" controls src=\"https:\/\/2022.betrisey.ch\/wp-content\/uploads\/2022\/05\/8-foucaults.mp4\"><\/video><\/figure>\n\n\n\n\n\n<p>Time-lapse der Rotationen von f\u00fcnf Foucaultschen Pendeln w\u00e4hrend einiger Tage. Das L\u00e9on-Pendel befindet sich in der Mitte.<\/p>\n\n\n\n\n\n<figure class=\"wp-block-video\"><video height=\"720\" style=\"aspect-ratio: 960 \/ 720;\" width=\"960\" controls src=\"https:\/\/www.betrisey.ch\/wp-content\/uploads\/2023\/07\/leon-rotation.mp4\"><\/video><\/figure>\n\n\n\n\n\n<p>Weiteres Timelapse einer vollst\u00e4ndigen Umdrehung von &#8222;L\u00e9on&#8220; <\/p>\n\n\n\n\n\n<figure class=\"wp-block-video\"><video height=\"768\" style=\"aspect-ratio: 1024 \/ 768;\" width=\"1024\" controls src=\"https:\/\/www.betrisey.ch\/wp-content\/uploads\/2023\/08\/charron.mp4\"><\/video><\/figure>\n\n\n\n\n\n<p>Zeitverl\u00e4ufe der einzelnen Umdrehungen w\u00e4hrend 13 Tagen: Man sieht deutlich den Mangel an Isochronismus in Abh\u00e4ngigkeit von der Position des Pendels. Diese Messungen wurden mit dem &#8222;rohen&#8220; Pendel durchgef\u00fchrt, ohne jegliche Einstellungen. Der Durchschnitt liegt bei 14 h 38 min statt 16 h 34 min in meinem Breitengrad, was einer Differenz von 2 Stunden entspricht: <strong>12 % schneller. Diejenigen, die technische Fragen m\u00f6gen, werden <a href=\"https:\/\/2022.betrisey.ch\/leon-technique\" data-type=\"page\" data-id=\"1241\">hier<\/a> f\u00fcndig<\/strong><\/p>\n\n","protected":false},"excerpt":{"rendered":"<p>Foucaultsches Pendel, das die Zeit anzeigt. Dieses Pendel hat eine Schwingungsperiode, die auf eine Sekunde eingestellt ist. Dieses Ph\u00e4nomen wird genutzt, um den Sekundenzeiger zu drehen, der wiederum den Minuten- und Stundenzeiger antreibt. Die Verwendung eines Foucaultschen Pendels als Uhr ist jedoch mit einigen Einschr\u00e4nkungen verbunden:1) Die Periodendauer muss genau eingestellt werden,2) Kompensieren Sie die [&hellip;]<\/p>\n","protected":false},"author":2,"featured_media":0,"parent":0,"menu_order":0,"comment_status":"closed","ping_status":"closed","template":"","meta":{"_acf_changed":false,"footnotes":""},"class_list":["post-6018","page","type-page","status-publish","hentry"],"acf":[],"_links":{"self":[{"href":"https:\/\/www.betrisey.ch\/de\/wp-json\/wp\/v2\/pages\/6018","targetHints":{"allow":["GET"]}}],"collection":[{"href":"https:\/\/www.betrisey.ch\/de\/wp-json\/wp\/v2\/pages"}],"about":[{"href":"https:\/\/www.betrisey.ch\/de\/wp-json\/wp\/v2\/types\/page"}],"author":[{"embeddable":true,"href":"https:\/\/www.betrisey.ch\/de\/wp-json\/wp\/v2\/users\/2"}],"replies":[{"embeddable":true,"href":"https:\/\/www.betrisey.ch\/de\/wp-json\/wp\/v2\/comments?post=6018"}],"version-history":[{"count":1,"href":"https:\/\/www.betrisey.ch\/de\/wp-json\/wp\/v2\/pages\/6018\/revisions"}],"predecessor-version":[{"id":6019,"href":"https:\/\/www.betrisey.ch\/de\/wp-json\/wp\/v2\/pages\/6018\/revisions\/6019"}],"wp:attachment":[{"href":"https:\/\/www.betrisey.ch\/de\/wp-json\/wp\/v2\/media?parent=6018"}],"curies":[{"name":"wp","href":"https:\/\/api.w.org\/{rel}","templated":true}]}}