{"id":6039,"date":"2023-12-02T17:33:43","date_gmt":"2023-12-02T17:33:43","guid":{"rendered":"https:\/\/www.betrisey.ch\/mini-foucault-n-22"},"modified":"2025-03-09T12:16:25","modified_gmt":"2025-03-09T12:16:25","slug":"mini-foucault-n-22","status":"publish","type":"page","link":"https:\/\/www.betrisey.ch\/de\/mini-foucault-n-22","title":{"rendered":"Mini Foucault de 19,6 cm (n\u00b0 22)"},"content":{"rendered":"\n\n<p>Kleines Foucaultsches Pendel, das von 19,6 bis 25 Zentimeter L\u00e4nge einstellbar ist. Die Idee war, mein erstes <a href=\"https:\/\/www.betrisey.ch\/pendules-de-foucault-divers-2\">Mini Foucault (Nr. 4)<\/a>, dessen Aufh\u00e4ngefaden nie l\u00e4nger als eine Woche hielt, zuverl\u00e4ssiger zu machen und daraus ein echtes Foucaultsches Pendel zu bauen, das Jahrzehnte ohne Unterbrechung \u00fcberstehen konnte. Ein so kurzes Pendel (176 Schwingungen pro Minute, 8160 pro Stunde) ist extrem schwer zu bauen, da es keine Fehler verzeiht. Es ist viel arbeitsintensiver als ein 1-Meter-Pendel, der Rahmen muss sehr steif sein und jedes Detail muss beachtet werden. Zum Beispiel: Sie ist viermal k\u00fcrzer als die, die ich normalerweise baue, wiegt aber auch viermal so viel: 20 Kilogramm!  <\/p>\n\n\n\n\n\n<p>Die Summe der potenziellen Probleme f\u00fchrt dazu, dass man sich leicht in jahrelangen Einstellungen verlieren kann, bevor es richtig funktioniert.<strong> Um effektiv zu sein, musste er neun Funktionen haben, die sich ohne Werkzeug in alle Richtungen verstellen lie\u00dfen, ohne jemals den Lauf zu unterbrechen<\/strong>. Diese sind n\u00e4mlich:<\/p>\n\n\n\n\n\n<ul class=\"wp-block-list\">\n\n<li>Drehung des Zifferblatts.<\/li>\n\n\n\n\n\n<li>Drehung des Charron-Rings.<\/li>\n\n\n\n\n\n<li>Drehung der Messlatte.<\/li>\n\n\n\n\n\n<li>Drehung der Fadenf\u00fchrung.<\/li>\n\n\n\n\n\n<li>Drehung des Fadens.<\/li>\n\n\n\n\n\n<li>H\u00f6he des Fadenf\u00fchrers.<\/li>\n\n\n\n\n\n<li>L\u00e4nge des Fadens.<\/li>\n\n\n\n\n\n<li>H\u00f6he des Charron-Rings.<\/li>\n\n\n\n\n\n<li>Azimut der Antriebsspule<\/li>\n\n<\/ul>\n\n\n\n\n\n<p>(Und sich auch ein System zur Messung der Rotation f\u00fcr ihn auszudenken, wobei ein kleines rotierendes Lot seine Messung genauso genau macht wie die eines gro\u00dfen Pendels)<\/p>\n\n\n\n<div class=\"wp-block-image\">\n\n<figure class=\"aligncenter size-large\"><img loading=\"lazy\" decoding=\"async\" width=\"559\" height=\"1024\" src=\"https:\/\/www.betrisey.ch\/wp-content\/uploads\/2023\/12\/minifoucault1-559x1024.jpg\" alt=\"\" class=\"wp-image-2821\" srcset=\"https:\/\/www.betrisey.ch\/wp-content\/uploads\/2023\/12\/minifoucault1-559x1024.jpg 559w, https:\/\/www.betrisey.ch\/wp-content\/uploads\/2023\/12\/minifoucault1-164x300.jpg 164w, https:\/\/www.betrisey.ch\/wp-content\/uploads\/2023\/12\/minifoucault1-768x1407.jpg 768w, https:\/\/www.betrisey.ch\/wp-content\/uploads\/2023\/12\/minifoucault1-839x1536.jpg 839w, https:\/\/www.betrisey.ch\/wp-content\/uploads\/2023\/12\/minifoucault1-1118x2048.jpg 1118w, https:\/\/www.betrisey.ch\/wp-content\/uploads\/2023\/12\/minifoucault1-scaled.jpg 1398w\" sizes=\"auto, (max-width: 559px) 100vw, 559px\" \/><\/figure>\n<\/div>\n\n\n<div class=\"wp-block-image\">\n\n<figure class=\"aligncenter size-large\"><img loading=\"lazy\" decoding=\"async\" width=\"617\" height=\"1024\" src=\"https:\/\/www.betrisey.ch\/wp-content\/uploads\/2023\/12\/minifoucault2-617x1024.jpg\" alt=\"\" class=\"wp-image-2822\" srcset=\"https:\/\/www.betrisey.ch\/wp-content\/uploads\/2023\/12\/minifoucault2-617x1024.jpg 617w, https:\/\/www.betrisey.ch\/wp-content\/uploads\/2023\/12\/minifoucault2-181x300.jpg 181w, https:\/\/www.betrisey.ch\/wp-content\/uploads\/2023\/12\/minifoucault2-768x1275.jpg 768w, https:\/\/www.betrisey.ch\/wp-content\/uploads\/2023\/12\/minifoucault2-926x1536.jpg 926w, https:\/\/www.betrisey.ch\/wp-content\/uploads\/2023\/12\/minifoucault2-1234x2048.jpg 1234w, https:\/\/www.betrisey.ch\/wp-content\/uploads\/2023\/12\/minifoucault2-scaled.jpg 1543w\" sizes=\"auto, (max-width: 617px) 100vw, 617px\" \/><\/figure>\n<\/div>\n\n\n\n\n<figure class=\"wp-block-video aligncenter\"><video height=\"1080\" style=\"aspect-ratio: 1920 \/ 1080;\" width=\"1920\" controls src=\"https:\/\/www.betrisey.ch\/wp-content\/uploads\/2023\/12\/minifoucault.mp4\"><\/video><\/figure>\n\n\n\n\n\n<figure class=\"wp-block-video\"><video height=\"1080\" style=\"aspect-ratio: 1920 \/ 1080;\" width=\"1920\" controls src=\"https:\/\/www.betrisey.ch\/wp-content\/uploads\/2024\/01\/minifoucault2.mp4\"><\/video><\/figure>\n\n","protected":false},"excerpt":{"rendered":"<p>Kleines Foucaultsches Pendel, das von 19,6 bis 25 Zentimeter L\u00e4nge einstellbar ist. Die Idee war, mein erstes Mini Foucault (Nr. 4), dessen Aufh\u00e4ngefaden nie l\u00e4nger als eine Woche hielt, zuverl\u00e4ssiger zu machen und daraus ein echtes Foucaultsches Pendel zu bauen, das Jahrzehnte ohne Unterbrechung \u00fcberstehen konnte. Ein so kurzes Pendel (176 Schwingungen pro Minute, 8160 [&hellip;]<\/p>\n","protected":false},"author":2,"featured_media":0,"parent":0,"menu_order":0,"comment_status":"closed","ping_status":"closed","template":"","meta":{"_acf_changed":false,"footnotes":""},"class_list":["post-6039","page","type-page","status-publish","hentry"],"acf":[],"_links":{"self":[{"href":"https:\/\/www.betrisey.ch\/de\/wp-json\/wp\/v2\/pages\/6039","targetHints":{"allow":["GET"]}}],"collection":[{"href":"https:\/\/www.betrisey.ch\/de\/wp-json\/wp\/v2\/pages"}],"about":[{"href":"https:\/\/www.betrisey.ch\/de\/wp-json\/wp\/v2\/types\/page"}],"author":[{"embeddable":true,"href":"https:\/\/www.betrisey.ch\/de\/wp-json\/wp\/v2\/users\/2"}],"replies":[{"embeddable":true,"href":"https:\/\/www.betrisey.ch\/de\/wp-json\/wp\/v2\/comments?post=6039"}],"version-history":[{"count":1,"href":"https:\/\/www.betrisey.ch\/de\/wp-json\/wp\/v2\/pages\/6039\/revisions"}],"predecessor-version":[{"id":6040,"href":"https:\/\/www.betrisey.ch\/de\/wp-json\/wp\/v2\/pages\/6039\/revisions\/6040"}],"wp:attachment":[{"href":"https:\/\/www.betrisey.ch\/de\/wp-json\/wp\/v2\/media?parent=6039"}],"curies":[{"name":"wp","href":"https:\/\/api.w.org\/{rel}","templated":true}]}}