{"id":6042,"date":"2024-05-13T07:15:07","date_gmt":"2024-05-13T07:15:07","guid":{"rendered":"https:\/\/www.betrisey.ch\/minifoucault-n-23-donnees-techniques"},"modified":"2025-03-09T12:17:14","modified_gmt":"2025-03-09T12:17:14","slug":"minifoucault-n-23-donnees-techniques","status":"publish","type":"page","link":"https:\/\/www.betrisey.ch\/de\/minifoucault-n-23-donnees-techniques","title":{"rendered":"MiniDickkopf Nr. 23: Technische Daten."},"content":{"rendered":"\n\n<p class=\"has-text-align-center\">Aus dem Vortrag auf dem Kolloquium &#8222;Foucaultsches Pendel&#8220;, Fort St P\u00e8re, Bretagne, 4. Mai 2024)<\/p>\n\n\n\n\n\n<div style=\"height:27px\" aria-hidden=\"true\" class=\"wp-block-spacer\"><\/div>\n\n\n\n\n\n<p><strong>&#8222;Und doch dreht es sich!&#8220;<\/strong><\/p>\n\n\n\n\n\n<p>Das hier gezeigte Modell ist ein kleines Foucaultsches Pendel.<\/p>\n\n\n\n\n\n<p>Ich habe es vorgezogen, es statt eines anderen zu zeigen, da seine 19 Zentimeter alle Schwierigkeiten, die bei gro\u00dfen Pendeln auftreten k\u00f6nnen, noch versch\u00e4rfen. Au\u00dferdem habe ich es urspr\u00fcnglich f\u00fcr den Dauereinsatz konzipiert und ihm Einschr\u00e4nkungen auferlegt, die es sonst nirgends gibt: eine auf 2 cm begrenzte Schwingungsl\u00e4nge, die den Coriolis-Effekt minimiert. Dies war der Preis f\u00fcr die Langlebigkeit der Uhr. Im Folgenden wird der technische Teil des Pendels erl\u00e4utert, wobei auf wissenschaftliche Bez\u00fcge verzichtet wird.<\/p>\n\n\n\n\n\n<div style=\"height:27px\" aria-hidden=\"true\" class=\"wp-block-spacer\"><\/div>\n\n\n\n\n\n<p><strong> &#8222;Es kommt nicht nur auf die L\u00e4nge an &#8230;&#8220;<\/strong><\/p>\n\n\n\n\n\n<p>Foucaultsches Pendel, dessen Schwingung durch einen Elektromagneten aufrechterhalten wird, der von einer 1,5-Volt-Batterie gespeist wird, die drei Jahre Dauerbetrieb erlaubt. Das Gestell ist aus einem Granitblock gefertigt. Der Aufh\u00e4ngungsblock ist eine Uhrmacherdrehbank. Der Draht ist eine 0,18 mm D&#8217;Addario PL008 Gitarrensaite, der Charron-Ring ein Druckerachsenlager und der Magnet eine 5 mm Seltene-Erde-Bestie. Das Gewicht des Pendels betr\u00e4gt 1,4 Kilogramm bei einer Schwingungsamplitude von weniger als 1,5\u00b0. Seine L\u00e4nge betr\u00e4gt 19 cm, soll aber ohne Werkzeug auf 15 cm verk\u00fcrzt werden k\u00f6nnen<\/p>\n\n\n\n\n\n<div style=\"height:27px\" aria-hidden=\"true\" class=\"wp-block-spacer\"><\/div>\n\n\n\n\n\n<p><strong>Die Herausforderungen:<\/strong><\/p>\n\n\n\n\n\n<p>Wenn man es zusammenfasst, vertr\u00e4gt ein gro\u00dfes Pendel munter Konstruktionsfehler. Ein Pendel, das weniger als zwei Meter lang ist, toleriert viel weniger Fehler und ben\u00f6tigt au\u00dferdem einen sogenannten Charron-Ring, der den Ellipseneffekt, den seine geringe Gr\u00f6\u00dfe mit sich bringt, reduziert. Ein Pendel von weniger als einem Meter L\u00e4nge verzeiht nichts mehr. Aber bei einem 20 cm langen Pendel wird die Skala der Sorgen logarithmisch: Wenn man die L\u00e4nge des Pendels um einen einzigen Zentimeter verringert, verdoppelt sich die Zahl der zu l\u00f6senden Probleme jedes Mal. Daraus ergibt sich der diskrete Charme des Ganzen..<\/p>\n\n\n\n\n\n<div style=\"height:27px\" aria-hidden=\"true\" class=\"wp-block-spacer\"><\/div>\n\n\n\n\n\n<p><strong>Die intrinsischen Probleme :<\/strong><\/p>\n\n\n\n\n\n<p>Es handelt sich um ein Problem mit zw\u00f6lf Unbekannten, die alle miteinander verkn\u00fcpft sind: Wenn Sie nur eine davon verpfuschen, wird Ihr Pendel niemals ausschlagen. Du musst also daf\u00fcr sorgen, dass sie alle einzeln und gr\u00f6\u00dftenteils ohne Werkzeug einstellbar sind.<\/p>\n\n\n\n\n\n<div style=\"height:27px\" aria-hidden=\"true\" class=\"wp-block-spacer\"><\/div>\n\n\n\n<div class=\"wp-block-image\">\n\n<figure class=\"aligncenter size-large\"><img loading=\"lazy\" decoding=\"async\" width=\"618\" height=\"1024\" src=\"https:\/\/www.betrisey.ch\/wp-content\/uploads\/2024\/05\/minifouc-618x1024.jpg\" alt=\"\" class=\"wp-image-3235\" srcset=\"https:\/\/www.betrisey.ch\/wp-content\/uploads\/2024\/05\/minifouc-618x1024.jpg 618w, https:\/\/www.betrisey.ch\/wp-content\/uploads\/2024\/05\/minifouc-181x300.jpg 181w, https:\/\/www.betrisey.ch\/wp-content\/uploads\/2024\/05\/minifouc-768x1273.jpg 768w, https:\/\/www.betrisey.ch\/wp-content\/uploads\/2024\/05\/minifouc-926x1536.jpg 926w, https:\/\/www.betrisey.ch\/wp-content\/uploads\/2024\/05\/minifouc-1235x2048.jpg 1235w, https:\/\/www.betrisey.ch\/wp-content\/uploads\/2024\/05\/minifouc-scaled.jpg 1544w\" sizes=\"auto, (max-width: 618px) 100vw, 618px\" \/><\/figure>\n<\/div>\n\n\n\n\n<p><strong>1) Die Steifigkeit der Aufh\u00e4ngung.<\/strong><\/p>\n\n\n\n\n\n<p>In jedem Fall lebenswichtig, kornisch, wenn es sich um ein Standpendel handelt. Beim MiniFoucault reicht ein tausendstel Millimeter Verdrehung des Rahmens aus, um das Experiment endg\u00fcltig zu ruinieren. Sie wird mit der Messuhr gemessen.<\/p>\n\n\n\n\n\n<div style=\"height:27px\" aria-hidden=\"true\" class=\"wp-block-spacer\"><\/div>\n\n\n\n\n\n<p><strong>2) Die Nivelliere.<\/strong><\/p>\n\n\n\n\n\n<p>Drei Stellschrauben sind perfekt, vier sind ungenie\u00dfbar. Das ist Ockhams Rasiermesser der Stabilit\u00e4t: Ein Stuhl mit drei Beinen wird niemals wackeln. Sie werden an der Blase gemessen.<\/p>\n\n\n\n\n\n<div style=\"height:27px\" aria-hidden=\"true\" class=\"wp-block-spacer\"><\/div>\n\n\n\n\n\n<p><strong>3) Die Richtung des Fadens.<\/strong><\/p>\n\n\n\n\n\n<p>Er muss sich vollst\u00e4ndig um sich selbst drehen k\u00f6nnen. Wenn ein Pendel ohne Drehung schwingt, drehen Sie den Faden 15 Minuten im Uhrzeigersinn. Wenn die Drehung nicht folgt, liegt die Wahrheit woanders.<\/p>\n\n\n\n\n\n<div style=\"height:27px\" aria-hidden=\"true\" class=\"wp-block-spacer\"><\/div>\n\n\n\n\n\n<p><strong>4<\/strong><strong>) Die H\u00f6he des Fadens.<\/strong><\/p>\n\n\n\n\n\n<p>Es ist immer besser, wenn sie eingestellt werden kann. In diesem Fall wird der Faden von der Aufh\u00e4ngung nur gef\u00fchrt, aber nicht darin festgeklemmt. Die H\u00f6he wird also eingestellt, indem man den Faden durch die Aufh\u00e4ngung gleiten l\u00e4sst.<\/p>\n\n\n\n\n\n<div style=\"height:27px\" aria-hidden=\"true\" class=\"wp-block-spacer\"><\/div>\n\n\n\n\n\n<p><strong>5<\/strong><strong>) Die Richtung der <\/strong><strong>Aufh\u00e4ngung<\/strong><strong>.<\/strong><\/p>\n\n\n\n\n\n<p>Wenn das Pendel schwingt, sich aber immer noch nicht dreht, muss es um 15 Minuten im Uhrzeigersinn gedreht werden. Wenn sich nichts \u00e4ndert, liegt die Wahrheit immer noch woanders.<\/p>\n\n\n\n\n\n<div style=\"height:27px\" aria-hidden=\"true\" class=\"wp-block-spacer\"><\/div>\n\n\n\n\n\n<p><strong>6<\/strong><strong>) Die <\/strong><strong>L\u00e4nge des Pendels<\/strong><strong>.<\/strong><\/p>\n\n\n\n\n\n<p>Sie wird eingestellt, indem man einen Hebel abschraubt, mit dem man die Aufh\u00e4ngung nach oben oder unten bewegen kann. Sie wird nie mit einem Lineal gemessen, sondern immer mit einer Uhr.<\/p>\n\n\n\n\n\n<div style=\"height:27px\" aria-hidden=\"true\" class=\"wp-block-spacer\"><\/div>\n\n\n\n\n\n<p><strong>7<\/strong><strong>) Die H\u00f6he des Charron-Rings.<\/strong><\/p>\n\n\n\n\n\n<p>Sie ist lebenswichtig. Es gibt keine absolute Regel, die seine H\u00f6he bestimmt, aber der Faden sollte ihn nur streicheln. Sie h\u00e4ngt also von der Amplitude der Schwingung des Pendels ab. Wird ebenfalls durch Abschrauben eines anderen Hebels auf der rechten Seite eingestellt. Sie wird nach Gef\u00fchl gemessen.<\/p>\n\n\n\n\n\n<div style=\"height:27px\" aria-hidden=\"true\" class=\"wp-block-spacer\"><\/div>\n\n\n\n\n\n<p><strong>8<\/strong><strong>) Die Zentrierung des Charron-Rings<\/strong>.<\/p>\n\n\n\n\n\n<p>Ist lebenswichtig.<\/p>\n\n\n\n\n\n<div style=\"height:27px\" aria-hidden=\"true\" class=\"wp-block-spacer\"><\/div>\n\n\n\n\n\n<p><strong>9<\/strong><strong>) <\/strong><strong>Zentrierung <\/strong><strong>und Drehung <\/strong><strong>des Elektromagneten<\/strong><strong>.<\/strong><\/p>\n\n\n\n\n\n<p>Vital.<\/p>\n\n\n\n\n\n<div style=\"height:27px\" aria-hidden=\"true\" class=\"wp-block-spacer\"><\/div>\n\n\n\n\n\n<p><strong>10<\/strong><strong>) Die Zentrierung des Magneten.<\/strong><\/p>\n\n\n\n\n\n<p>Nicht sehr wichtig, aber so angenehm.<\/p>\n\n\n\n\n\n<div style=\"height:27px\" aria-hidden=\"true\" class=\"wp-block-spacer\"><\/div>\n\n\n\n\n\n<p><strong>11<\/strong><strong>) Die H\u00f6he des Magneten.<\/strong><\/p>\n\n\n\n\n\n<p>Nicht lebenswichtig, aber so praktisch. So kann sie eine m\u00f6gliche \u00c4nderung der Fadenl\u00e4nge ausgleichen.<\/p>\n\n\n\n\n\n<div style=\"height:27px\" aria-hidden=\"true\" class=\"wp-block-spacer\"><\/div>\n\n\n\n\n\n<p> <\/p>\n\n\n\n\n\n<p><strong>12)<\/strong><strong> Die Aerodynamik.<\/strong><\/p>\n\n\n\n\n\n<p>Dieses Problem ist heimt\u00fcckisch, weil es sehr diskret ist: Ein winziger Post-it-Zettel, der auf dem Pendel klebte, hat mir einmal eine Woche lang den Coriolis-Effekt genommen, ohne dass ich etwas davon verstanden habe. Ein bisschen Symmetrie, um Himmels willen.<\/p>\n\n\n\n\n\n<div style=\"height:27px\" aria-hidden=\"true\" class=\"wp-block-spacer\"><\/div>\n\n\n\n\n\n<p><strong>Die extrinsischen Probleme :<\/strong><\/p>\n\n\n\n\n\n<p>1) Entfernen Sie jegliches magnetische Material 20 Zentimeter um den Antriebsmagneten herum.<\/p>\n\n\n\n\n\n<p>2) Alle elektrisch leitenden, nichtmagnetischen Materialien unterhalb des Antriebsmagneten (Kupfer, Messing, Bronze, Aluminium, Silber usw.) 20 Zentimeter entfernt halten, um eine Wirbelstrombremse zu vermeiden. <\/p>\n\n\n\n\n\n<p>Das ist alles. Andere \u00e4u\u00dfere Ph\u00e4nomene wie der Erdmagnetismus, die N\u00e4he eines Berges, Luftstr\u00f6mungen, St\u00f6\u00dfe und die Genauigkeit des Starts k\u00f6nnen als unbedeutend angesehen werden. Ein Sto\u00df auf das Pendel l\u00e4sst es beispielsweise eine 8 schlagen, deren Achse die Mitte ist: Es wird sich sehr schnell stabilisieren, wenn die Amplitude gr\u00f6\u00dfer ist als der Charron-Ring.<\/p>\n\n\n\n\n\n<div style=\"height:27px\" aria-hidden=\"true\" class=\"wp-block-spacer\"><\/div>\n\n\n\n\n\n<p><strong>Das Protokoll der Einstellungen.<\/strong><\/p>\n\n\n\n\n\n<p>Man kann sich leicht in Jahren der Einstellungen (ja, in Jahren!) verlieren, wenn man sich bei den Eingriffen nicht an eine Methode h\u00e4lt. Dieser MiniFoucault ging so gleichzeitig elliptisch, r\u00fcckw\u00e4rts, stoppte, blieb stecken und tat zwei Monate lang nur das, was er wollte, bis die richtigen Einstellungen vorgenommen wurden. Um nicht verloren zu gehen, gibt es nur eine Regel: Jede \u00c4nderung muss <strong>archivierbar, umkehrbar und nachweisbar<\/strong> sein.<\/p>\n\n\n\n\n\n<p>Die Methode sieht folgenderma\u00dfen aus. Auf einem Blatt Papier befinden sich acht Spalten. Sie enthalten das Datum, die Uhrzeit, die Richtung des Galgens, die Richtung des Fadens, den Winkel der Schwingung, den Winkel einer eventuellen Drehung und deren Richtung, die H\u00f6he von Charons Ring und das Ergebnis. Die Daten werden zwei- bis dreimal t\u00e4glich abgelesen, bis sich das Pendel dreht. Bei den Grobeinstellungen notiere ich der Einfachheit halber die Winkel in Minuten. Wenn die Zeit f\u00fcr die Feineinstellungen kommt, mache ich sie in Grad.<\/p>\n\n\n\n\n\n<figure class=\"wp-block-image size-large\"><img loading=\"lazy\" decoding=\"async\" width=\"1024\" height=\"885\" src=\"https:\/\/www.betrisey.ch\/wp-content\/uploads\/2024\/05\/protocole-1024x885.jpg\" alt=\"\" class=\"wp-image-3237\" srcset=\"https:\/\/www.betrisey.ch\/wp-content\/uploads\/2024\/05\/protocole-1024x885.jpg 1024w, https:\/\/www.betrisey.ch\/wp-content\/uploads\/2024\/05\/protocole-300x259.jpg 300w, https:\/\/www.betrisey.ch\/wp-content\/uploads\/2024\/05\/protocole-768x663.jpg 768w, https:\/\/www.betrisey.ch\/wp-content\/uploads\/2024\/05\/protocole-1536x1327.jpg 1536w, https:\/\/www.betrisey.ch\/wp-content\/uploads\/2024\/05\/protocole-2048x1769.jpg 2048w\" sizes=\"auto, (max-width: 1024px) 100vw, 1024px\" \/><\/figure>\n\n\n\n\n\n<div style=\"height:27px\" aria-hidden=\"true\" class=\"wp-block-spacer\"><\/div>\n\n\n\n\n\n<p><strong>Das Protokoll der Messung.<\/strong><\/p>\n\n\n\n\n\n<p>Es ist eine einfache <a href=\"https:\/\/www.betrisey.ch\/minifoucault-n23\">Zeitrafferaufnahme<\/a>, die einen Monat abdeckt, mit einem automatisch aufgenommenen Langzeitfoto jede Stunde. Es wird von einem Raspberry aufgenommen, der unter Debian l\u00e4uft, wobei Allsky die Aufnahmen verwaltet.<\/p>\n\n\n\n\n\n<div style=\"height:27px\" aria-hidden=\"true\" class=\"wp-block-spacer\"><\/div>\n\n\n\n\n\n<p><strong>Die Messungen der Rotationszeiten.<\/strong><\/p>\n\n\n\n\n\n<p>Sie sind im Zeitraffer zu sehen und decken den gesamten Zeitraum zwischen dem 1. und dem 25. April 2024 ab. Wir sehen dort 30 halbe Umdrehungen mit einem Durchschnitt von 18,4 Stunden oder 15 volle Umdrehungen mit einem Durchschnitt von 36,8 Stunden. In meinem Breitengrad dreht sich der MicroFoucault also 10% langsamer, als er sollte.<\/p>\n\n\n\n\n\n<figure class=\"wp-block-image size-large\"><img loading=\"lazy\" decoding=\"async\" width=\"1024\" height=\"580\" src=\"https:\/\/www.betrisey.ch\/wp-content\/uploads\/2024\/08\/graphique-1024x580.png\" alt=\"\" class=\"wp-image-3744\" srcset=\"https:\/\/www.betrisey.ch\/wp-content\/uploads\/2024\/08\/graphique-1024x580.png 1024w, https:\/\/www.betrisey.ch\/wp-content\/uploads\/2024\/08\/graphique-300x170.png 300w, https:\/\/www.betrisey.ch\/wp-content\/uploads\/2024\/08\/graphique-768x435.png 768w, https:\/\/www.betrisey.ch\/wp-content\/uploads\/2024\/08\/graphique-1536x870.png 1536w, https:\/\/www.betrisey.ch\/wp-content\/uploads\/2024\/08\/graphique.png 1790w\" sizes=\"auto, (max-width: 1024px) 100vw, 1024px\" \/><\/figure>\n\n\n\n\n\n<div style=\"height:27px\" aria-hidden=\"true\" class=\"wp-block-spacer\"><\/div>\n\n\n\n\n\n<p><strong>Wie sieht es jetzt aus?<\/strong><\/p>\n\n\n\n\n\n<p>Dieses Pendel ist im Caf\u00e9 de la Grenette in Sitten installiert, wo es st\u00e4ndig in Betrieb ist.<\/p>\n\n\n\n\n\n<div style=\"height:27px\" aria-hidden=\"true\" class=\"wp-block-spacer\"><\/div>\n\n\n\n\n\n<p><strong>Einige Vergleiche &#8230;<\/strong><\/p>\n\n\n\n\n\n<p>Wenn man die Wikipedia-Liste aller <a href=\"https:\/\/en.wikipedia.org\/wiki\/List_of_Foucault_pendulums\">Foucaultschen Pendel<\/a> heranzieht, betr\u00e4gt die durchschnittliche L\u00e4nge 21 Meter bei einem durchschnittlichen Gewicht von 100 Kilogramm und einer durchschnittlichen Schwingungsdauer von 9 Sekunden.<\/p>\n\n\n\n\n\n<p>Eine k\u00fcrzlich erstellte Liste listet weltweit 297 Foucaultsche Pendel auf, von denen 10 weniger als 2 Meter und nur 5 weniger als 1 Meter lang sind&#8230;<\/p>\n\n\n\n\n\n<p>Das MiniFoucault Nr. 23 ist das kleinste \u00f6ffentliche und permanente Foucaultsche Pendel, das bislang hergestellt wurde. Die anderen vier bisher bekannten experimentellen Pendel unter 70 cm waren solche, die von den folgenden Laboren gebaut wurden:<\/p>\n\n\n\n\n\n<p>&#8211; H. Richard Crane 1981 (Physikabteilung in Ann Harbor, Michigan) mit einem 70 cm langen Pendel<em>(Am.J.Phys, Vol. 49, Nr. 11, November 1981<\/em>)<\/p>\n\n\n\n\n\n<p>&#8211; D. Rae Carpenter und Richard B. Minnix (Lexington Department of Physics, Virginia) 1982 mit einem 50 cm langen Pendel<em>(Phys. Teach. 21, 477-478 (1983<\/em>)<\/p>\n\n\n\n\n\n<p>&#8211; Haym Kruglak und S. Steele (Physikabteilung in Kalamazoo, Michigan) 1984 mit ihrem 25 cm-Pendel<em>(TPT, Vol. 21, # 7, Oct. 1983<\/em>)<\/p>\n\n\n\n\n\n<p>&#8211; D.B. Plewes (Department of Biophysics, Toronto, Ontario) im Jahr 2018 mit seinem 65,4-Zentimeter-Pendel <em>(Rev. Sci. Instrum. 89, 065112 June 2018<\/em>)<\/p>\n\n\n\n\n\n<p><\/p>\n\n\n\n\n\n<p><\/p>\n\n","protected":false},"excerpt":{"rendered":"<p>Aus dem Vortrag auf dem Kolloquium &#8222;Foucaultsches Pendel&#8220;, Fort St P\u00e8re, Bretagne, 4. Mai 2024) &#8222;Und doch dreht es sich!&#8220; Das hier gezeigte Modell ist ein kleines Foucaultsches Pendel. Ich habe es vorgezogen, es statt eines anderen zu zeigen, da seine 19 Zentimeter alle Schwierigkeiten, die bei gro\u00dfen Pendeln auftreten k\u00f6nnen, noch versch\u00e4rfen. Au\u00dferdem habe [&hellip;]<\/p>\n","protected":false},"author":2,"featured_media":0,"parent":0,"menu_order":0,"comment_status":"closed","ping_status":"closed","template":"","meta":{"_acf_changed":false,"footnotes":""},"class_list":["post-6042","page","type-page","status-publish","hentry"],"acf":[],"_links":{"self":[{"href":"https:\/\/www.betrisey.ch\/de\/wp-json\/wp\/v2\/pages\/6042","targetHints":{"allow":["GET"]}}],"collection":[{"href":"https:\/\/www.betrisey.ch\/de\/wp-json\/wp\/v2\/pages"}],"about":[{"href":"https:\/\/www.betrisey.ch\/de\/wp-json\/wp\/v2\/types\/page"}],"author":[{"embeddable":true,"href":"https:\/\/www.betrisey.ch\/de\/wp-json\/wp\/v2\/users\/2"}],"replies":[{"embeddable":true,"href":"https:\/\/www.betrisey.ch\/de\/wp-json\/wp\/v2\/comments?post=6042"}],"version-history":[{"count":1,"href":"https:\/\/www.betrisey.ch\/de\/wp-json\/wp\/v2\/pages\/6042\/revisions"}],"predecessor-version":[{"id":6043,"href":"https:\/\/www.betrisey.ch\/de\/wp-json\/wp\/v2\/pages\/6042\/revisions\/6043"}],"wp:attachment":[{"href":"https:\/\/www.betrisey.ch\/de\/wp-json\/wp\/v2\/media?parent=6042"}],"curies":[{"name":"wp","href":"https:\/\/api.w.org\/{rel}","templated":true}]}}