{"id":6045,"date":"2024-02-08T09:18:48","date_gmt":"2024-02-08T09:18:48","guid":{"rendered":"https:\/\/www.betrisey.ch\/minifoucault-n23"},"modified":"2025-03-09T12:18:37","modified_gmt":"2025-03-09T12:18:37","slug":"minifoucault-n23","status":"publish","type":"page","link":"https:\/\/www.betrisey.ch\/de\/minifoucault-n23","title":{"rendered":"MiniDickkopf Nr. 23"},"content":{"rendered":"\n\n<p class=\"has-text-align-center\">(Hommage an Bob Holmstr\u00f6m \/ Tribute to Bob Holmstr\u00f6m)<\/p>\n\n\n\n\n\n<div style=\"height:27px\" aria-hidden=\"true\" class=\"wp-block-spacer\"><\/div>\n\n\n\n\n\n<p>Dies ist ein<strong> kleines \u00f6ffentliches Foucaultsches Pendel<\/strong>, das st\u00e4ndig in Betrieb ist. Seine L\u00e4nge betr\u00e4gt 19 cm. Es ist seit Mai 2024 in der Grenette (Sion, Schweiz) installiert, wo es t\u00e4glich besichtigt werden kann.<\/p>\n\n\n\n\n\n<div style=\"height:27px\" aria-hidden=\"true\" class=\"wp-block-spacer\"><\/div>\n\n\n\n\n\n<figure class=\"wp-block-image size-large\"><img loading=\"lazy\" decoding=\"async\" width=\"664\" height=\"1024\" src=\"https:\/\/www.betrisey.ch\/wp-content\/uploads\/2024\/05\/droit-664x1024.jpg\" alt=\"\" class=\"wp-image-3269\" srcset=\"https:\/\/www.betrisey.ch\/wp-content\/uploads\/2024\/05\/droit-664x1024.jpg 664w, https:\/\/www.betrisey.ch\/wp-content\/uploads\/2024\/05\/droit-195x300.jpg 195w, https:\/\/www.betrisey.ch\/wp-content\/uploads\/2024\/05\/droit-768x1184.jpg 768w, https:\/\/www.betrisey.ch\/wp-content\/uploads\/2024\/05\/droit-997x1536.jpg 997w, https:\/\/www.betrisey.ch\/wp-content\/uploads\/2024\/05\/droit-1329x2048.jpg 1329w, https:\/\/www.betrisey.ch\/wp-content\/uploads\/2024\/05\/droit-scaled.jpg 1661w\" sizes=\"auto, (max-width: 664px) 100vw, 664px\" \/><\/figure>\n\n\n\n\n\n<figure class=\"wp-block-image size-large\"><img loading=\"lazy\" decoding=\"async\" width=\"675\" height=\"1024\" src=\"https:\/\/www.betrisey.ch\/wp-content\/uploads\/2024\/05\/face-675x1024.jpg\" alt=\"\" class=\"wp-image-3270\" srcset=\"https:\/\/www.betrisey.ch\/wp-content\/uploads\/2024\/05\/face-675x1024.jpg 675w, https:\/\/www.betrisey.ch\/wp-content\/uploads\/2024\/05\/face-198x300.jpg 198w, https:\/\/www.betrisey.ch\/wp-content\/uploads\/2024\/05\/face-768x1166.jpg 768w, https:\/\/www.betrisey.ch\/wp-content\/uploads\/2024\/05\/face-1012x1536.jpg 1012w, https:\/\/www.betrisey.ch\/wp-content\/uploads\/2024\/05\/face-1349x2048.jpg 1349w, https:\/\/www.betrisey.ch\/wp-content\/uploads\/2024\/05\/face-scaled.jpg 1687w\" sizes=\"auto, (max-width: 675px) 100vw, 675px\" \/><\/figure>\n\n\n\n\n\n<figure class=\"wp-block-image size-large\"><img loading=\"lazy\" decoding=\"async\" width=\"666\" height=\"1024\" src=\"https:\/\/www.betrisey.ch\/wp-content\/uploads\/2024\/05\/gauche-666x1024.jpg\" alt=\"\" class=\"wp-image-3272\" srcset=\"https:\/\/www.betrisey.ch\/wp-content\/uploads\/2024\/05\/gauche-666x1024.jpg 666w, https:\/\/www.betrisey.ch\/wp-content\/uploads\/2024\/05\/gauche-195x300.jpg 195w, https:\/\/www.betrisey.ch\/wp-content\/uploads\/2024\/05\/gauche-768x1181.jpg 768w, https:\/\/www.betrisey.ch\/wp-content\/uploads\/2024\/05\/gauche-999x1536.jpg 999w, https:\/\/www.betrisey.ch\/wp-content\/uploads\/2024\/05\/gauche-1332x2048.jpg 1332w, https:\/\/www.betrisey.ch\/wp-content\/uploads\/2024\/05\/gauche-scaled.jpg 1665w\" sizes=\"auto, (max-width: 666px) 100vw, 666px\" \/><\/figure>\n\n\n\n<div class=\"wp-block-image\">\n\n<figure class=\"aligncenter size-large\"><img loading=\"lazy\" decoding=\"async\" width=\"523\" height=\"1024\" src=\"https:\/\/www.betrisey.ch\/wp-content\/uploads\/2024\/05\/haut-droit-523x1024.jpg\" alt=\"\" class=\"wp-image-3273\" srcset=\"https:\/\/www.betrisey.ch\/wp-content\/uploads\/2024\/05\/haut-droit-523x1024.jpg 523w, https:\/\/www.betrisey.ch\/wp-content\/uploads\/2024\/05\/haut-droit-153x300.jpg 153w, https:\/\/www.betrisey.ch\/wp-content\/uploads\/2024\/05\/haut-droit-768x1504.jpg 768w, https:\/\/www.betrisey.ch\/wp-content\/uploads\/2024\/05\/haut-droit-784x1536.jpg 784w, https:\/\/www.betrisey.ch\/wp-content\/uploads\/2024\/05\/haut-droit-1046x2048.jpg 1046w, https:\/\/www.betrisey.ch\/wp-content\/uploads\/2024\/05\/haut-droit-scaled.jpg 1307w\" sizes=\"auto, (max-width: 523px) 100vw, 523px\" \/><\/figure>\n<\/div>\n\n\n\n\n<figure class=\"wp-block-image size-large\"><img loading=\"lazy\" decoding=\"async\" width=\"771\" height=\"1024\" src=\"https:\/\/www.betrisey.ch\/wp-content\/uploads\/2024\/05\/dessus-771x1024.jpg\" alt=\"\" class=\"wp-image-3274\" srcset=\"https:\/\/www.betrisey.ch\/wp-content\/uploads\/2024\/05\/dessus-771x1024.jpg 771w, https:\/\/www.betrisey.ch\/wp-content\/uploads\/2024\/05\/dessus-226x300.jpg 226w, https:\/\/www.betrisey.ch\/wp-content\/uploads\/2024\/05\/dessus-768x1020.jpg 768w, https:\/\/www.betrisey.ch\/wp-content\/uploads\/2024\/05\/dessus-1157x1536.jpg 1157w, https:\/\/www.betrisey.ch\/wp-content\/uploads\/2024\/05\/dessus-1542x2048.jpg 1542w, https:\/\/www.betrisey.ch\/wp-content\/uploads\/2024\/05\/dessus-scaled.jpg 1928w\" sizes=\"auto, (max-width: 771px) 100vw, 771px\" \/><\/figure>\n\n\n\n\n\n<figure class=\"wp-block-image size-large\"><img loading=\"lazy\" decoding=\"async\" width=\"716\" height=\"1024\" src=\"https:\/\/www.betrisey.ch\/wp-content\/uploads\/2024\/05\/cote-716x1024.jpg\" alt=\"\" class=\"wp-image-3277\" srcset=\"https:\/\/www.betrisey.ch\/wp-content\/uploads\/2024\/05\/cote-716x1024.jpg 716w, https:\/\/www.betrisey.ch\/wp-content\/uploads\/2024\/05\/cote-210x300.jpg 210w, https:\/\/www.betrisey.ch\/wp-content\/uploads\/2024\/05\/cote-768x1098.jpg 768w, https:\/\/www.betrisey.ch\/wp-content\/uploads\/2024\/05\/cote-1074x1536.jpg 1074w, https:\/\/www.betrisey.ch\/wp-content\/uploads\/2024\/05\/cote-1432x2048.jpg 1432w, https:\/\/www.betrisey.ch\/wp-content\/uploads\/2024\/05\/cote-scaled.jpg 1790w\" sizes=\"auto, (max-width: 716px) 100vw, 716px\" \/><\/figure>\n\n\n\n\n\n<p class=\"has-text-align-center\"><\/p>\n\n\n\n\n\n<figure class=\"wp-block-image size-large\"><img loading=\"lazy\" decoding=\"async\" width=\"768\" height=\"1024\" src=\"https:\/\/www.betrisey.ch\/wp-content\/uploads\/2024\/05\/potence-768x1024.jpg\" alt=\"\" class=\"wp-image-3221\" srcset=\"https:\/\/www.betrisey.ch\/wp-content\/uploads\/2024\/05\/potence-768x1024.jpg 768w, https:\/\/www.betrisey.ch\/wp-content\/uploads\/2024\/05\/potence-225x300.jpg 225w, https:\/\/www.betrisey.ch\/wp-content\/uploads\/2024\/05\/potence-1152x1536.jpg 1152w, https:\/\/www.betrisey.ch\/wp-content\/uploads\/2024\/05\/potence-1536x2048.jpg 1536w, https:\/\/www.betrisey.ch\/wp-content\/uploads\/2024\/05\/potence-scaled.jpg 1920w\" sizes=\"auto, (max-width: 768px) 100vw, 768px\" \/><\/figure>\n\n\n\n\n\n<figure class=\"wp-block-video\"><video height=\"1080\" style=\"aspect-ratio: 1920 \/ 1080;\" width=\"1920\" controls src=\"https:\/\/www.betrisey.ch\/wp-content\/uploads\/2024\/02\/minifoucault-23.mp4\"><\/video><\/figure>\n\n\n\n\n\n<p class=\"has-text-align-center\"><\/p>\n\n\n\n\n\n<p class=\"has-text-align-center\"><\/p>\n\n\n\n\n\n<div style=\"height:27px\" aria-hidden=\"true\" class=\"wp-block-spacer\"><\/div>\n\n\n\n\n\n<p>Timelapse, die seine Rotation Stunde um Stunde w\u00e4hrend eines ganzen Monats zeigt:<\/p>\n\n\n\n\n\n<div style=\"height:27px\" aria-hidden=\"true\" class=\"wp-block-spacer\"><\/div>\n\n\n\n\n\n<figure class=\"wp-block-video\"><video height=\"1080\" style=\"aspect-ratio: 1920 \/ 1080;\" width=\"1920\" controls src=\"https:\/\/www.betrisey.ch\/wp-content\/uploads\/2024\/09\/onemonthwith.mp4\"><\/video><\/figure>\n\n\n\n\n\n<div style=\"height:27px\" aria-hidden=\"true\" class=\"wp-block-spacer\"><\/div>\n\n\n\n\n\n<p>Derzeit ist er im Caf\u00e9 de la Grenette installiert und seit dem 4. Mai 2024 st\u00e4ndig in Betrieb.<\/p>\n\n\n\n\n\n<div style=\"height:27px\" aria-hidden=\"true\" class=\"wp-block-spacer\"><\/div>\n\n\n\n\n\n<figure class=\"wp-block-image size-large\"><img loading=\"lazy\" decoding=\"async\" width=\"1024\" height=\"768\" src=\"https:\/\/www.betrisey.ch\/wp-content\/uploads\/2024\/05\/minifouc-greu-1-1024x768.jpg\" alt=\"\" class=\"wp-image-3311\" srcset=\"https:\/\/www.betrisey.ch\/wp-content\/uploads\/2024\/05\/minifouc-greu-1-1024x768.jpg 1024w, https:\/\/www.betrisey.ch\/wp-content\/uploads\/2024\/05\/minifouc-greu-1-300x225.jpg 300w, https:\/\/www.betrisey.ch\/wp-content\/uploads\/2024\/05\/minifouc-greu-1-768x576.jpg 768w, https:\/\/www.betrisey.ch\/wp-content\/uploads\/2024\/05\/minifouc-greu-1-1536x1152.jpg 1536w, https:\/\/www.betrisey.ch\/wp-content\/uploads\/2024\/05\/minifouc-greu-1-2048x1536.jpg 2048w\" sizes=\"auto, (max-width: 1024px) 100vw, 1024px\" \/><\/figure>\n\n\n\n\n\n<p class=\"has-text-align-center\">Wer sich f\u00fcr die technischen Details interessiert, findet sie <a href=\"https:\/\/www.betrisey.ch\/minifoucault-n-23-donnees-techniques\" data-type=\"page\" data-id=\"3227\">hier<\/a><\/p>\n\n\n\n\n\n<p><\/p>\n\n\n\n\n\n<p><\/p>\n\n","protected":false},"excerpt":{"rendered":"<p>(Hommage an Bob Holmstr\u00f6m \/ Tribute to Bob Holmstr\u00f6m) Dies ist ein kleines \u00f6ffentliches Foucaultsches Pendel, das st\u00e4ndig in Betrieb ist. Seine L\u00e4nge betr\u00e4gt 19 cm. Es ist seit Mai 2024 in der Grenette (Sion, Schweiz) installiert, wo es t\u00e4glich besichtigt werden kann. Timelapse, die seine Rotation Stunde um Stunde w\u00e4hrend eines ganzen Monats zeigt: [&hellip;]<\/p>\n","protected":false},"author":2,"featured_media":0,"parent":0,"menu_order":0,"comment_status":"closed","ping_status":"closed","template":"","meta":{"_acf_changed":false,"footnotes":""},"class_list":["post-6045","page","type-page","status-publish","hentry"],"acf":[],"_links":{"self":[{"href":"https:\/\/www.betrisey.ch\/de\/wp-json\/wp\/v2\/pages\/6045","targetHints":{"allow":["GET"]}}],"collection":[{"href":"https:\/\/www.betrisey.ch\/de\/wp-json\/wp\/v2\/pages"}],"about":[{"href":"https:\/\/www.betrisey.ch\/de\/wp-json\/wp\/v2\/types\/page"}],"author":[{"embeddable":true,"href":"https:\/\/www.betrisey.ch\/de\/wp-json\/wp\/v2\/users\/2"}],"replies":[{"embeddable":true,"href":"https:\/\/www.betrisey.ch\/de\/wp-json\/wp\/v2\/comments?post=6045"}],"version-history":[{"count":1,"href":"https:\/\/www.betrisey.ch\/de\/wp-json\/wp\/v2\/pages\/6045\/revisions"}],"predecessor-version":[{"id":6046,"href":"https:\/\/www.betrisey.ch\/de\/wp-json\/wp\/v2\/pages\/6045\/revisions\/6046"}],"wp:attachment":[{"href":"https:\/\/www.betrisey.ch\/de\/wp-json\/wp\/v2\/media?parent=6045"}],"curies":[{"name":"wp","href":"https:\/\/api.w.org\/{rel}","templated":true}]}}