{"id":6051,"date":"2022-05-18T12:39:20","date_gmt":"2022-05-18T12:39:20","guid":{"rendered":"https:\/\/www.betrisey.ch\/montres-en-damas-technique"},"modified":"2025-03-09T12:19:48","modified_gmt":"2025-03-09T12:19:48","slug":"montres-en-damas-technique","status":"publish","type":"page","link":"https:\/\/www.betrisey.ch\/de\/montres-en-damas-technique","title":{"rendered":"Uhren aus Damast: Technik"},"content":{"rendered":"\n\n<p>Die Idee f\u00fcr die Uhr kam zuerst aus dem Material. Damast verleiht dem k\u00e4ltesten aller St\u00e4hle einen organischen Touch. Er sieht immer anders aus, je nachdem, aus welchem Winkel das Licht auf ihn f\u00e4llt. Das war perfekt, um daraus eine einzigartige Uhr zu machen.<\/p>\n\n\n\n\n\n<p>Es folgte die Entscheidung f\u00fcr die Form. Da die Zeichnungen nicht viel zeigen konnten, beschloss ich, einige Prototypen herzustellen.<\/p>\n\n\n\n\n\n<p>Dann kamen die Probleme mit der maschinellen Bearbeitung: Wie sollte ich mit den groben Werkzeugen, die mir zur Verf\u00fcgung standen, ein Uhrengeh\u00e4use herstellen? Die Bearbeitung des Geh\u00e4usetr\u00e4gers dauerte doppelt so lange wie die des Geh\u00e4uses selbst. Denn das Geh\u00e4use kann nicht wie herk\u00f6mmliche Uhren mit aufgesetztem Zifferblatt aussehen: Es muss aus einem St\u00fcck direkt aus dem Rohling gefertigt werden, damit die Damastlinien das Geh\u00e4use von beiden Seiten durchdringen. Das bedeutet, dass <strong>das Zifferblatt ein integraler Bestandteil des Geh\u00e4uses ist<\/strong>. Und da es nur 3 Zehntelmillimeter dick ist, werden die letzten Durchg\u00e4nge der Drehmaschine im Leerlauf durchgef\u00fchrt&#8230; Ein einziger Fehler, der in diesem Moment gemacht wird, bedeutet unweigerlich eine verlorene Arbeitswoche und all die Fl\u00fcche, die damit einhergehen. Die &#8222;skelettierte&#8220; Uhr ist genau so ein Fehler.<\/p>\n\n\n\n\n\n<p>Die letzten Arbeiten sind nur noch Formsache: Bearbeitung des Einpassrings, Montage, Anbringen der Zeiger, des Glases und des Bodens. Das Uhrwerk ist ein Schweizer Automatikkaliber. <br> <br> <\/p>\n\n\n\n\n\n<p class=\"has-text-align-center\"><img loading=\"lazy\" decoding=\"async\" src=\"https:\/\/2022.betrisey.ch\/wp-content\/uploads\/2022\/05\/proto2c.jpg\" width=\"300\" height=\"225\">   <\/p>\n\n\n\n\n\n<p class=\"has-text-align-center\">Zuschneiden des Rohblocks aus Damaszener-Stahl<\/p>\n\n\n\n\n\n<p class=\"has-text-align-center\"><img loading=\"lazy\" decoding=\"async\" src=\"https:\/\/2022.betrisey.ch\/wp-content\/uploads\/2022\/05\/proto2e.jpg\" width=\"300\" height=\"225\">   <\/p>\n\n\n\n\n\n<p class=\"has-text-align-center\">Installation auf dem Bearbeitungsgestell<\/p>\n\n\n\n\n\n<p class=\"has-text-align-center\"><img loading=\"lazy\" decoding=\"async\" src=\"https:\/\/2022.betrisey.ch\/wp-content\/uploads\/2022\/05\/proto2f.jpg\" width=\"300\" height=\"225\">   <\/p>\n\n\n\n\n\n<p class=\"has-text-align-center\">Drehen des inneren Hohlraums und des Zifferblatts (mithilfe eines alten, eigens bearbeiteten 10-mm-Fr\u00e4sers, dem besten Werkzeug, das ich finden konnte.<\/p>\n\n\n\n\n\n<p class=\"has-text-align-center\"><img loading=\"lazy\" decoding=\"async\" src=\"https:\/\/2022.betrisey.ch\/wp-content\/uploads\/2022\/05\/proto2g.jpg\" width=\"300\" height=\"225\">   <\/p>\n\n\n\n\n\n<p class=\"has-text-align-center\">Ausschneiden der Attachments<\/p>\n\n\n\n\n\n<p class=\"has-text-align-center\"><img loading=\"lazy\" decoding=\"async\" src=\"https:\/\/2022.betrisey.ch\/wp-content\/uploads\/2022\/05\/proto2h.jpg\" width=\"300\" height=\"225\">   <\/p>\n\n\n\n\n\n<p class=\"has-text-align-center\">Fr\u00e4sen der Befestigungen<\/p>\n\n\n\n\n\n<p class=\"has-text-align-center\"><img loading=\"lazy\" decoding=\"async\" src=\"https:\/\/2022.betrisey.ch\/wp-content\/uploads\/2022\/05\/proto2i.jpg\" width=\"300\" height=\"225\">   <\/p>\n\n\n\n\n\n<p class=\"has-text-align-center\">Umdrehen des Werkst\u00fccks<\/p>\n\n\n\n\n\n<p class=\"has-text-align-center\"><img loading=\"lazy\" decoding=\"async\" src=\"https:\/\/2022.betrisey.ch\/wp-content\/uploads\/2022\/05\/proto2j.jpg\" width=\"300\" height=\"225\">   <\/p>\n\n\n\n\n\n<p class=\"has-text-align-center\">Drehen der oberen W\u00f6lbung und des Zifferblatts<\/p>\n\n\n\n\n\n<p>Die ersten Rohlinge sind schon seit einiger Zeit entstanden. Es sind nur Prototypen und sie haben alle ihre kleinen Fehler. Ich trage sie einige Zeit am Handgelenk und bearbeite dann ein neues Geh\u00e4use, um zu korrigieren und zu verbessern, was m\u00f6glich ist.<\/p>\n\n\n\n<div class=\"wp-block-image\">\n\n<figure class=\"aligncenter\"><img decoding=\"async\" src=\"https:\/\/2022.betrisey.ch\/wp-content\/uploads\/2022\/05\/holygraal.jpg\" alt=\"\"\/><\/figure>\n<\/div>\n\n\n\n\n<p class=\"has-text-align-center\"><img loading=\"lazy\" decoding=\"async\" src=\"https:\/\/2022.betrisey.ch\/wp-content\/uploads\/2022\/05\/proto2k.jpg\" width=\"500\" height=\"508\"><br>Der allererste Prototyp einer Uhr aus Damaststahl<br> <\/p>\n\n\n\n\n\n<p><\/p>\n\n\n\n\n\n<p><\/p>\n\n\n\n\n\n<p><\/p>\n\n\n\n\n\n<p><\/p>\n\n\n\n\n\n<p><\/p>\n\n\n\n\n\n<p><\/p>\n\n\n\n\n\n<p><\/p>\n\n\n\n\n\n<p><\/p>\n\n","protected":false},"excerpt":{"rendered":"<p>Die Idee f\u00fcr die Uhr kam zuerst aus dem Material. Damast verleiht dem k\u00e4ltesten aller St\u00e4hle einen organischen Touch. Er sieht immer anders aus, je nachdem, aus welchem Winkel das Licht auf ihn f\u00e4llt. Das war perfekt, um daraus eine einzigartige Uhr zu machen. Es folgte die Entscheidung f\u00fcr die Form. Da die Zeichnungen nicht [&hellip;]<\/p>\n","protected":false},"author":2,"featured_media":0,"parent":0,"menu_order":0,"comment_status":"closed","ping_status":"closed","template":"","meta":{"_acf_changed":false,"footnotes":""},"class_list":["post-6051","page","type-page","status-publish","hentry"],"acf":[],"_links":{"self":[{"href":"https:\/\/www.betrisey.ch\/de\/wp-json\/wp\/v2\/pages\/6051","targetHints":{"allow":["GET"]}}],"collection":[{"href":"https:\/\/www.betrisey.ch\/de\/wp-json\/wp\/v2\/pages"}],"about":[{"href":"https:\/\/www.betrisey.ch\/de\/wp-json\/wp\/v2\/types\/page"}],"author":[{"embeddable":true,"href":"https:\/\/www.betrisey.ch\/de\/wp-json\/wp\/v2\/users\/2"}],"replies":[{"embeddable":true,"href":"https:\/\/www.betrisey.ch\/de\/wp-json\/wp\/v2\/comments?post=6051"}],"version-history":[{"count":1,"href":"https:\/\/www.betrisey.ch\/de\/wp-json\/wp\/v2\/pages\/6051\/revisions"}],"predecessor-version":[{"id":6052,"href":"https:\/\/www.betrisey.ch\/de\/wp-json\/wp\/v2\/pages\/6051\/revisions\/6052"}],"wp:attachment":[{"href":"https:\/\/www.betrisey.ch\/de\/wp-json\/wp\/v2\/media?parent=6051"}],"curies":[{"name":"wp","href":"https:\/\/api.w.org\/{rel}","templated":true}]}}