{"id":6054,"date":"2023-10-04T12:19:00","date_gmt":"2023-10-04T12:19:00","guid":{"rendered":"https:\/\/www.betrisey.ch\/un-pendule-de-foucault-pour-100-francs"},"modified":"2025-03-09T12:20:36","modified_gmt":"2025-03-09T12:20:36","slug":"un-pendule-de-foucault-pour-100-francs","status":"publish","type":"page","link":"https:\/\/www.betrisey.ch\/de\/un-pendule-de-foucault-pour-100-francs","title":{"rendered":"Foucaultsches Pendel &#8222;Do-it-yourself&#8220;. (n\u00b020)"},"content":{"rendered":"<div class=\"wp-block-image\">\n\n<figure class=\"aligncenter size-large\"><img loading=\"lazy\" decoding=\"async\" width=\"377\" height=\"1024\" src=\"https:\/\/www.betrisey.ch\/wp-content\/uploads\/2023\/10\/doityourself-377x1024.jpg\" alt=\"\" class=\"wp-image-2698\" srcset=\"https:\/\/www.betrisey.ch\/wp-content\/uploads\/2023\/10\/doityourself-377x1024.jpg 377w, https:\/\/www.betrisey.ch\/wp-content\/uploads\/2023\/10\/doityourself-110x300.jpg 110w, https:\/\/www.betrisey.ch\/wp-content\/uploads\/2023\/10\/doityourself-768x2085.jpg 768w, https:\/\/www.betrisey.ch\/wp-content\/uploads\/2023\/10\/doityourself-566x1536.jpg 566w, https:\/\/www.betrisey.ch\/wp-content\/uploads\/2023\/10\/doityourself-754x2048.jpg 754w, https:\/\/www.betrisey.ch\/wp-content\/uploads\/2023\/10\/doityourself-scaled.jpg 943w\" sizes=\"auto, (max-width: 377px) 100vw, 377px\" \/><\/figure>\n<\/div>\n\n\n\n\n<p>Das erste Ziel dieses Projekts war es, ein kurzes, funktionst\u00fcchtiges, sich selbst wartendes Foucaultsches Pendel zu bauen, das h\u00f6chstens 100 Franken kostet und weniger als einen Arbeitstag in Anspruch nimmt.<\/p>\n\n\n\n\n\n<p>Das zweite war, ein freies, duplizierbares, &#8222;Open Source&#8220;-Objekt anzubieten, sodass jeder es sich aneignen und selbst eines bauen kann. Die f\u00fcnf Hauptteile sind 3D-Dateien zum Herunterladen und Ausdrucken (siehe hinten auf der Seite) sowie die Referenzen der zu bestellenden Teile. <\/p>\n\n\n\n\n\n<p>Das dritte Ziel ist es, dieses faszinierende wissenschaftliche Instrument zu entmystifizieren und diese Erfahrung m\u00f6glichst vielen Menschen anzubieten. Es ist das Trauminstrument jeder Schule, sowohl was seinen Bau als auch was seine Verwendung betrifft. Es musste nur demokratisiert und aus den Kathedralen herausgeholt werden, in denen es sich daran gew\u00f6hnt hatte, zu schwingen.<\/p>\n\n\n\n\n\n<p>Sie ben\u00f6tigen nur wenige Werkzeuge: eine Handbohrmaschine mit Bohrern, ein paar Schraubenzieher, Sandpapier, einen L\u00f6tkolben, Zinn, ein Multimeter, eine Metalls\u00e4ge und das war&#8217;s schon. Die 3D-Dateien k\u00f6nnen in einem Fablab ausgedruckt oder bei einer 3D-Druckerei bestellt werden. Die Software ist Sketchup f\u00fcr 3D und Inkscape f\u00fcr 2D.<\/p>\n\n\n\n\n\n<p>Das Bauen einer eigenen Uhr ist eine wunderbare Lebensschule. Sie lehrt uns die Einfachheit, die allein daf\u00fcr sorgt, dass es funktioniert, aber denken Sie immer daran, dass diese Einfachheit das Schwierigste ist, was man erreichen kann. Es lehrt uns auch Bescheidenheit, Zuh\u00f6ren, Methode und Geduld. Selbst wenn Sie zwanzig davon gebaut haben, wird Sie der letzte daran erinnern, dass Sie noch ein Kind sind, das alles lernen muss und dessen bisherige Erfahrungen genauso gut zu Hindernissen werden k\u00f6nnen.<\/p>\n\n\n\n\n\n<p>Die folgenden Erkl\u00e4rungsvideos sind nur f\u00fcr Liebhaber interessant. Sie sind lang und schwerf\u00e4llig, und wer sie ganz sehen will, sollte sie lieber herunterladen, als sie auf der Website zu lesen. Bitte haben Sie auch Mitleid mit meiner Mailbox, indem Sie mir keine Fragen schicken, da alle m\u00f6glichen Antworten darin enthalten sind. <\/p>\n\n\n\n\n\n<figure class=\"wp-block-video\"><video height=\"1080\" style=\"aspect-ratio: 1920 \/ 1080;\" width=\"1920\" controls src=\"https:\/\/www.betrisey.ch\/wp-content\/uploads\/2023\/10\/presentation.mp4\"><\/video><\/figure>\n\n\n\n\n\n<figure class=\"wp-block-video\"><video height=\"1080\" style=\"aspect-ratio: 1920 \/ 1080;\" width=\"1920\" controls src=\"https:\/\/www.betrisey.ch\/wp-content\/uploads\/2023\/10\/1-la-base-1.mp4\"><\/video><\/figure>\n\n\n\n\n\n<figure class=\"wp-block-video\"><video height=\"480\" style=\"aspect-ratio: 720 \/ 480;\" width=\"720\" controls src=\"https:\/\/www.betrisey.ch\/wp-content\/uploads\/2023\/10\/2les-pieces-2.mp4\"><\/video><\/figure>\n\n\n\n\n\n<figure class=\"wp-block-video\"><video height=\"720\" style=\"aspect-ratio: 1280 \/ 720;\" width=\"1280\" controls src=\"https:\/\/www.betrisey.ch\/wp-content\/uploads\/2023\/10\/montage2.mp4\"><\/video><\/figure>\n\n\n\n\n\n<figure class=\"wp-block-video\"><video height=\"720\" style=\"aspect-ratio: 1280 \/ 720;\" width=\"1280\" controls src=\"https:\/\/www.betrisey.ch\/wp-content\/uploads\/2023\/10\/essai2.mp4\"><\/video><\/figure>\n\n\n\n\n\n<figure class=\"wp-block-video\"><video height=\"1080\" style=\"aspect-ratio: 1920 \/ 1080;\" width=\"1920\" controls src=\"https:\/\/www.betrisey.ch\/wp-content\/uploads\/2023\/10\/time-lapse.mp4\"><\/video><\/figure>\n\n\n\n\n\n<p><\/p>\n\n\n\n\n\n<p><\/p>\n\n\n\n\n\n<p><strong>3D-Dateien zum Herunterladen: Vorbau, Fadenf\u00fchrer, Charron-Ring, Charron-Ring 2 und Basis.<\/strong><\/p>\n\n\n\n\n\n<div class=\"wp-block-file\"><a href=\"https:\/\/www.betrisey.ch\/wp-content\/uploads\/2023\/11\/stl-pendule-.zip\" class=\"wp-block-file__button wp-element-button\" download>Download<\/a><\/div>\n\n","protected":false},"excerpt":{"rendered":"<p>Das erste Ziel dieses Projekts war es, ein kurzes, funktionst\u00fcchtiges, sich selbst wartendes Foucaultsches Pendel zu bauen, das h\u00f6chstens 100 Franken kostet und weniger als einen Arbeitstag in Anspruch nimmt. Das zweite war, ein freies, duplizierbares, &#8222;Open Source&#8220;-Objekt anzubieten, sodass jeder es sich aneignen und selbst eines bauen kann. Die f\u00fcnf Hauptteile sind 3D-Dateien zum [&hellip;]<\/p>\n","protected":false},"author":2,"featured_media":0,"parent":0,"menu_order":0,"comment_status":"closed","ping_status":"closed","template":"","meta":{"_acf_changed":false,"footnotes":""},"class_list":["post-6054","page","type-page","status-publish","hentry"],"acf":[],"_links":{"self":[{"href":"https:\/\/www.betrisey.ch\/de\/wp-json\/wp\/v2\/pages\/6054","targetHints":{"allow":["GET"]}}],"collection":[{"href":"https:\/\/www.betrisey.ch\/de\/wp-json\/wp\/v2\/pages"}],"about":[{"href":"https:\/\/www.betrisey.ch\/de\/wp-json\/wp\/v2\/types\/page"}],"author":[{"embeddable":true,"href":"https:\/\/www.betrisey.ch\/de\/wp-json\/wp\/v2\/users\/2"}],"replies":[{"embeddable":true,"href":"https:\/\/www.betrisey.ch\/de\/wp-json\/wp\/v2\/comments?post=6054"}],"version-history":[{"count":1,"href":"https:\/\/www.betrisey.ch\/de\/wp-json\/wp\/v2\/pages\/6054\/revisions"}],"predecessor-version":[{"id":6055,"href":"https:\/\/www.betrisey.ch\/de\/wp-json\/wp\/v2\/pages\/6054\/revisions\/6055"}],"wp:attachment":[{"href":"https:\/\/www.betrisey.ch\/de\/wp-json\/wp\/v2\/media?parent=6054"}],"curies":[{"name":"wp","href":"https:\/\/api.w.org\/{rel}","templated":true}]}}