{"id":6057,"date":"2024-10-31T19:12:59","date_gmt":"2024-10-31T19:12:59","guid":{"rendered":"https:\/\/www.betrisey.ch\/pendule-de-foucault-bravais-n28"},"modified":"2025-03-09T12:21:17","modified_gmt":"2025-03-09T12:21:17","slug":"pendule-de-foucault-bravais-n28","status":"publish","type":"page","link":"https:\/\/www.betrisey.ch\/de\/pendule-de-foucault-bravais-n28","title":{"rendered":"Foucaultsches (28) und Bravaissches (8) Pendel"},"content":{"rendered":"\n\n<p><\/p>\n\n\n\n\n\n<div style=\"height:27px\" aria-hidden=\"true\" class=\"wp-block-spacer\"><\/div>\n\n\n\n\n\n<p>Einzigartiges Pendel, das zwei verschiedene Experimente aus dem Jahr 1851 vereint, die jeweils auf ihre Weise die Rotation der Erde nachwiesen.<\/p>\n\n\n\n\n\n<div style=\"height:27px\" aria-hidden=\"true\" class=\"wp-block-spacer\"><\/div>\n\n\n\n\n\n<p>Das bekannteste ist das<a href=\"https:\/\/fr.wikipedia.org\/wiki\/Pendule_de_Foucault\"> Foucaultsche Pendel<\/a>, dessen Schwingungsebene sich \u00e4ndert, weil sich die Erde unter ihm dreht.<\/p>\n\n\n\n\n\n<div style=\"height:27px\" aria-hidden=\"true\" class=\"wp-block-spacer\"><\/div>\n\n\n\n\n\n<p>Das zweite war das kegelf\u00f6rmige Pendel von<a href=\"https:\/\/fr.wikipedia.org\/wiki\/Auguste_Bravais\">Auguste Bravais<\/a>, das so unauff\u00e4llig war, dass man nur schwer ein Echo davon finden kann, und das seitdem niemand mehr nachgebaut zu haben schien. Es zeigte, dass die Rotationsgeschwindigkeit des Pendels nicht dieselbe sein konnte, wenn es sich im Uhrzeigersinn oder im Gegenuhrzeigersinn drehte, weil sich die Erde unter ihm drehte. Meine ersten Versuche, dieses vergessene Experiment wiederzubeleben, datieren aus dem Jahr 2004. Nach mehreren Versuchen kam mir schlie\u00dflich die Idee, <strong>diese beiden unterschiedlichen Erfahrungen in einem einzigen Objekt zu vereinen<\/strong>.<\/p>\n\n\n\n\n\n<div style=\"height:27px\" aria-hidden=\"true\" class=\"wp-block-spacer\"><\/div>\n\n\n\n\n\n<p><strong>Das Pendel:<\/strong><\/p>\n\n\n\n\n\n<p>Es ist ein 4 kg schwerer Bronzeblock, der mit einem Invar-Draht an einem Kardangelenk aufgeh\u00e4ngt ist. Unter ihm befindet sich ein kleiner Magnet, der durch absto\u00dfende elektromagnetische Impulse vertrieben wird. Durch Bet\u00e4tigen eines einfachen Schalters kann man zwischen dem Foucault- und dem Bravais-Experiment w\u00e4hlen. Schalter nach oben, das Pendel schwingt. Schalter nach unten, es dreht sich.<\/p>\n\n\n\n\n\n<div style=\"height:27px\" aria-hidden=\"true\" class=\"wp-block-spacer\"><\/div>\n\n\n\n\n\n<figure class=\"wp-block-table\"><table class=\"has-fixed-layout\"><tbody><tr><td class=\"has-text-align-center\" data-align=\"center\"><strong>Foucaultsches Pendel<\/strong><\/td><td class=\"has-text-align-center\" data-align=\"center\"><strong>Bravais-Pendel<\/strong><\/td><\/tr><tr><td class=\"has-text-align-center\" data-align=\"center\">Angetrieben von einem Elektromagneten, der sich in der Achse befindet.<\/td><td class=\"has-text-align-center\" data-align=\"center\">Wird von 9 Elektromagneten angetrieben, die im Kreis angeordnet sind.<\/td><\/tr><tr><td class=\"has-text-align-center\" data-align=\"center\">Schwingt<\/td><td class=\"has-text-align-center\" data-align=\"center\">Dreht sich<\/td><\/tr><tr><td class=\"has-text-align-center\" data-align=\"center\"><strong>Seine Schwingungsebene dreht sich<\/strong>, weil sich die Erde unter ihm dreht.<\/td><td class=\"has-text-align-center\" data-align=\"center\"><strong>Die Zeit f\u00fcr eine Umdrehung h\u00e4ngt von der Drehrichtung ab<\/strong>, da sich die Erde unter ihm dreht.<\/td><\/tr><tr><td class=\"has-text-align-center\" data-align=\"center\">Seine <strong>Umlaufzeit<\/strong> h\u00e4ngt vom Breitengrad ab: <br>24 Stunden am Nordpol,<br>33:13 Uhr in meinem Atelier,<br>48 Stunden in Kairo,<br>unendlich am \u00c4quator.<\/td><td class=\"has-text-align-center\" data-align=\"center\">Die <strong>Differenz<\/strong> <strong>zwischen den Umdrehungszeiten<\/strong> im Stunden- und im Gegenuhrzeigersinn h\u00e4ngt vom Breitengrad ab:<br>0.000287 Sekunden am Nordpol,<br>0.000220 Sekunden in meiner Werkstatt,<br>0.000143 Sekunden in Kairo,<br>0 Sekunden am \u00c4quator.<\/td><\/tr><tr><td class=\"has-text-align-center\" data-align=\"center\">Ein Beobachter auf der Erde sieht, dass sich das Pendel dreht.<br><br>Ein Beobachter au\u00dferhalb des Sonnensystems sieht, dass das Pendel schwingt, ohne sich zu drehen, und dass sich die Erde unter ihm dreht.<br><\/td><td class=\"has-text-align-center\" data-align=\"center\">Ein Beobachter auf der Erde sieht, dass sich das Pendel in einer Richtung langsamer dreht als in der anderen.<br><br>Ein Beobachter au\u00dferhalb des Sonnensystems sieht, dass die Rotationsgeschwindigkeit in beiden Richtungen gleich ist.<\/td><\/tr><\/tbody><\/table><\/figure>\n\n\n\n\n\n<div style=\"height:27px\" aria-hidden=\"true\" class=\"wp-block-spacer\"><\/div>\n\n\n\n\n\n<p><strong>De Foucault: <\/strong><\/p>\n\n\n\n\n\n<p>Es wird von einem axialen Elektromagneten angetrieben. Wenn man das Pendel in Richtung des Zentrums losl\u00e4sst, h\u00e4lt der Elektromagnet die Schwingung auf unbestimmte Zeit aufrecht.<\/p>\n\n\n\n\n\n<p>Da sich die Erde unter dem Pendel dreht, wird die Schwingungsebene eines Beobachters auf der Nordhalbkugel nach und nach im Uhrzeigersinn rotieren. Die Rotationsgeschwindigkeit h\u00e4ngt vom Breitengrad ab, auf dem er sich befindet:<strong> An den Polen dreht er sich in 24 Stunden, unter dem \u00c4quator gar nicht mehr<\/strong>. <\/p>\n\n\n\n\n\n<div style=\"height:27px\" aria-hidden=\"true\" class=\"wp-block-spacer\"><\/div>\n\n\n\n\n\n<p><strong>De Bravais:<\/strong><\/p>\n\n\n\n\n\n<p>Es wird von neun kreisf\u00f6rmig angeordneten Elektromagneten angetrieben. Wenn man das Pendel in Kreisform wirft, halten die Elektromagneten die Umdrehung auf unbestimmte Zeit aufrecht: Es ist ein kegelf\u00f6rmiges Pendel.<\/p>\n\n\n\n\n\n<p>Da sich die Erde unter dem Pendel dreht, sieht ein Beobachter auf der Nordhalbkugel eine schnellere Drehung im Uhrzeigersinn, aber eine langsamere Drehung im Gegenuhrzeigersinn. <strong>Seine nat\u00fcrliche Umlaufgeschwindigkeit findet sich nur unterhalb des \u00c4quators, sie unterscheidet sich zunehmend, je n\u00e4her man einem Pol kommt<\/strong>. <\/p>\n\n\n\n\n\n<p>Dieses eine Pendel zeigt uns also durch zwei v\u00f6llig unterschiedliche Herangehensweisen, dass sich die Erde dreht, dass sie rund ist, und es zeigt uns auch den Breitengrad an, auf dem es aufgestellt ist.<\/p>\n\n\n\n\n\n<div style=\"height:27px\" aria-hidden=\"true\" class=\"wp-block-spacer\"><\/div>\n\n\n\n\n\n<figure class=\"wp-block-video\"><video height=\"1080\" style=\"aspect-ratio: 1920 \/ 1080;\" width=\"1920\" controls src=\"https:\/\/www.betrisey.ch\/wp-content\/uploads\/2024\/11\/foucault28-bravais8.mp4\"><\/video><\/figure>\n\n\n\n\n\n<p>Time lapse of two weeks of rotations of the Foucault pendle, where you can see that his accuracy was 1% during the two weeks of operation visible in the video.<\/p>\n\n\n\n\n\n<figure class=\"wp-block-video\"><video height=\"1080\" style=\"aspect-ratio: 1920 \/ 1080;\" width=\"1920\" controls src=\"https:\/\/www.betrisey.ch\/wp-content\/uploads\/2024\/11\/timelapse-fouc-brav-1-1.mp4\"><\/video><\/figure>\n\n\n\n\n\n<div style=\"height:27px\" aria-hidden=\"true\" class=\"wp-block-spacer\"><\/div>\n\n\n\n\n\n<p class=\"has-text-align-center\"><strong>Diejenigen, die technische Details bevorzugen, gehen stattdessen <a href=\"https:\/\/www.betrisey.ch\/pendule-de-bravais-tatonnements-et-resultats\">hier<\/a>.<\/strong><\/p>\n\n","protected":false},"excerpt":{"rendered":"<p>Einzigartiges Pendel, das zwei verschiedene Experimente aus dem Jahr 1851 vereint, die jeweils auf ihre Weise die Rotation der Erde nachwiesen. Das bekannteste ist das Foucaultsche Pendel, dessen Schwingungsebene sich \u00e4ndert, weil sich die Erde unter ihm dreht. Das zweite war das kegelf\u00f6rmige Pendel vonAuguste Bravais, das so unauff\u00e4llig war, dass man nur schwer ein [&hellip;]<\/p>\n","protected":false},"author":2,"featured_media":0,"parent":0,"menu_order":0,"comment_status":"closed","ping_status":"closed","template":"","meta":{"_acf_changed":false,"footnotes":""},"class_list":["post-6057","page","type-page","status-publish","hentry"],"acf":[],"_links":{"self":[{"href":"https:\/\/www.betrisey.ch\/de\/wp-json\/wp\/v2\/pages\/6057","targetHints":{"allow":["GET"]}}],"collection":[{"href":"https:\/\/www.betrisey.ch\/de\/wp-json\/wp\/v2\/pages"}],"about":[{"href":"https:\/\/www.betrisey.ch\/de\/wp-json\/wp\/v2\/types\/page"}],"author":[{"embeddable":true,"href":"https:\/\/www.betrisey.ch\/de\/wp-json\/wp\/v2\/users\/2"}],"replies":[{"embeddable":true,"href":"https:\/\/www.betrisey.ch\/de\/wp-json\/wp\/v2\/comments?post=6057"}],"version-history":[{"count":1,"href":"https:\/\/www.betrisey.ch\/de\/wp-json\/wp\/v2\/pages\/6057\/revisions"}],"predecessor-version":[{"id":6058,"href":"https:\/\/www.betrisey.ch\/de\/wp-json\/wp\/v2\/pages\/6057\/revisions\/6058"}],"wp:attachment":[{"href":"https:\/\/www.betrisey.ch\/de\/wp-json\/wp\/v2\/media?parent=6057"}],"curies":[{"name":"wp","href":"https:\/\/api.w.org\/{rel}","templated":true}]}}