{"id":6066,"date":"2022-05-19T08:42:15","date_gmt":"2022-05-19T08:42:15","guid":{"rendered":"https:\/\/www.betrisey.ch\/pendules-de-foucault-divers-2"},"modified":"2025-03-09T12:23:41","modified_gmt":"2025-03-09T12:23:41","slug":"pendules-de-foucault-divers-2","status":"publish","type":"page","link":"https:\/\/www.betrisey.ch\/de\/pendules-de-foucault-divers-2","title":{"rendered":"Verschiedene Foucault-Pendel&#8230;"},"content":{"rendered":"\n\n<p><\/p>\n\n\n\n\n\n<p class=\"has-text-align-center has-medium-font-size\"><strong>Das TF1-Pendel (Nr. 19) <\/strong><br><\/p>\n\n\n\n\n\n<p>Dies ist das neunzehnte meiner Foucaultschen Pendel, das f\u00fcr eine Fernsehreportage (&#8222;Reportages&#8220;, von Claire Chazal, im November 2010) gebaut wurde. Es hat zwei neue Spezifikationen im Vergleich zu den anderen, die ich zuvor gebaut hatte: Der Aufh\u00e4ngungskopf steht auf zwei Computerfestplatten, wodurch er zentriert werden kann, und der Charron-Ring besteht ebenfalls aus zwei Festplatten.<\/p>\n\n\n\n\n\n<p class=\"has-text-align-center\"><img decoding=\"async\" src=\"https:\/\/www.betrisey.ch\/wp-content\/uploads\/2023\/08\/pendule20tf1.jpg\" alt=\"\"><\/p>\n\n\n\n<div class=\"wp-block-image\">\n\n<figure class=\"aligncenter\"><img decoding=\"async\" src=\"https:\/\/www.betrisey.ch\/wp-content\/uploads\/2023\/08\/tf1b.jpg\" alt=\"\"\/><\/figure>\n<\/div>\n\n\n\n\n<p><\/p>\n\n\n\n\n\n<p class=\"has-text-align-center\">Alle Komponenten sind klassisch: der Aufh\u00e4ngungsdraht aus einer Gitarrensaite, die Zentriersteine und der elektromagnetische Antrieb. Es war das einzige Pendel, von dem ich glaubte, dass es auf Anhieb funktionieren w\u00fcrde, und es tat es auch. Zwei andere, die ich zuvor gebaut hatte, waren zwar auch so gestartet, aber das war mehr Gl\u00fcck als alles andere. <br><br><img decoding=\"async\" src=\"https:\/\/www.betrisey.ch\/wp-content\/uploads\/2023\/08\/tf1c.jpg\" alt=\"\"><\/p>\n\n\n\n\n\n<p><\/p>\n\n\n\n\n\n<p class=\"has-text-align-center\"><strong>PYRAMIDE (Nr. 3)<\/strong><\/p>\n\n\n\n\n\n<p>Ein kleines, weniger als einen Meter langes Foucaultsches Pendel, das Stunde um Stunde die Rotation der Erde anzeigt. Sie wird von einem Elektromagneten angetrieben, der sich am Boden des Pendels befindet. Der Antrieb erfolgt \u00fcber eine 1,5-Volt-Batterie, die alle drei Jahre ausgetauscht werden muss. Wie weit das Pendel vorangeschritten ist, l\u00e4sst sich auf der Skalenscheibe am Boden ablesen. Die Einteilungen sind in Stunden unterteilt. <\/p>\n\n\n\n\n\n<p>Es handelt sich nicht um eine Uhr, da es weder eine feste Zeitbasis noch einen Temperaturausgleich gibt. Die Korrektur des Vorlaufs der Ellipse erfolgt wie bei <a href=\"http:\/\/www.betrisey.ch\/leon.htm\">L\u00e9on<\/a> durch einen Charron-Ring. Beim ersten Start des Pendels sind keine besonderen Vorsichtsma\u00dfnahmen erforderlich: Man st\u00f6\u00dft es einfach an und das war&#8217;s schon. Nach 1 bis 2 Stunden stabilisiert es sich von selbst. Der Foucault-Effekt kann sich bereits nach einer halben Stunde Wartezeit bemerkbar machen.<\/p>\n\n\n\n<div class=\"wp-block-image\">\n\n<figure class=\"aligncenter size-large\"><img decoding=\"async\" src=\"https:\/\/www.betrisey.ch\/wp-content\/uploads\/2023\/08\/1pyra-533x1024.jpg\" alt=\"\" class=\"wp-image-1259\"\/><figcaption class=\"wp-element-caption\">Copyright <a href=\"https:\/\/chmorgan.com\">Chris Morgan<\/a><\/figcaption><\/figure>\n<\/div>\n\n\n\n\n<p class=\"has-text-align-center has-medium-font-size\"><strong>POINTEAU<\/strong> <strong>(Nr. 5)<\/strong><\/p>\n\n\n\n\n\n<p class=\"has-text-align-center\">(Foucaultsches Pendel, das die Zeit auf dem Boden anzeigt)<br> <\/p>\n\n\n\n<div class=\"wp-block-image\">\n\n<figure class=\"aligncenter\"><img decoding=\"async\" src=\"https:\/\/www.betrisey.ch\/wp-content\/uploads\/2023\/08\/pointe.jpg\" alt=\"\"\/><\/figure>\n<\/div>\n\n\n\n\n<p>Dieser ultrafeste Stahlkegel ist eine Nadel aus einem Wasserkraftwerk. Er war es, der, wenn er in Betrieb war, den Wasserfluss regulierte, der die Turbine antrieb. Die Rillen wurden durch das vorbeiflie\u00dfende Wasser verursacht. Dieses etwa 40 kg schwere St\u00fcck Stahl ist das Herzst\u00fcck des Pendels. Es wird von einem Laserstrahl durchquert, der auf das Pendel, eine Kugel aus poliertem Edelstahl, gerichtet ist. Der reflektierte Strahl beleuchtet mit seinem Lichtb\u00fcndel ein Zifferblatt, das an der Basis des Kegels angebracht ist. Die Erde dreht sich. Die Ebene der Unruh bleibt in Bezug auf das Universum fixiert, aber wir sehen, dass der Laserstrahl sich allm\u00e4hlich im Uhrzeigersinn vorw\u00e4rts bewegt. So k\u00f6nnen wir die Uhrzeit auf dem Boden ablesen, indem wir dem Lauf des reflektierten Strahls folgen&#8230;<br> <br> <br><br><\/p>\n\n\n\n<div class=\"wp-block-image\">\n\n<figure class=\"aligncenter\"><img decoding=\"async\" src=\"https:\/\/www.betrisey.ch\/wp-content\/uploads\/2023\/08\/pointe3.jpg\" alt=\"\"\/><\/figure>\n<\/div>\n\n\n\n\n<figure class=\"wp-block-video\"><video height=\"120\" style=\"aspect-ratio: 160 \/ 120;\" width=\"160\" controls src=\"https:\/\/2022.betrisey.ch\/wp-content\/uploads\/2022\/05\/pointeau.mp4\"><\/video><\/figure>\n\n\n\n\n\n<p>F\u00fcr dieses Pendel ist kein Gestell erforderlich. Die Aufh\u00e4ngung wird direkt an der Decke befestigt. Die L\u00e4nge des Drahtes kann zwischen einem Meter und vier Metern betragen. Dieses Pendel ist daf\u00fcr gedacht, in der Mitte einer Halle ausgestellt zu werden, sodass die Leute es von allen Seiten sehen k\u00f6nnen.<\/p>\n\n\n\n<div class=\"wp-block-image\">\n\n<figure class=\"aligncenter\"><img decoding=\"async\" src=\"https:\/\/www.betrisey.ch\/wp-content\/uploads\/2023\/08\/pointe4.jpg\" alt=\"\"\/><\/figure>\n<\/div>\n\n\n\n\n<p>Rechts: <a href=\"https:\/\/2022.betrisey.ch\/leon\" data-type=\"page\" data-id=\"1238\">L\u00e9on<\/a>, <a href=\"http:\/\/moreno\" data-type=\"URL\" data-id=\"moreno\">Mor\u00e9no<\/a>, <a href=\"https:\/\/2022.betrisey.ch\/conti\" data-type=\"page\" data-id=\"1209\">Conti<\/a>. Links: <a href=\"https:\/\/2022.betrisey.ch\/malevoz\" data-type=\"page\" data-id=\"2\">Anachron<\/a>, <a href=\"https:\/\/2022.betrisey.ch\/aprilia\" data-type=\"page\" data-id=\"1292\">Aprilia<\/a> und <a href=\"https:\/\/2022.betrisey.ch\/cyclostyle\" data-type=\"page\" data-id=\"1299\">Cyclostyle<\/a><\/p>\n\n\n\n\n\n<p class=\"has-text-align-center\"><strong>DIE TUBE (Nr. 6) <\/strong><br><\/p>\n\n\n\n<div class=\"wp-block-image\">\n\n<figure class=\"aligncenter\"><img decoding=\"async\" src=\"https:\/\/www.betrisey.ch\/wp-content\/uploads\/2023\/08\/tube.jpg\" alt=\"\"\/><\/figure>\n<\/div>\n\n\n\n\n<p>Kurzes Foucaultsches Pendel, dessen D\u00e4mpfung des Ellipseneffekts durch eine weitere Entdeckung von L\u00e9on Foucault, die Magnetbremse, verursacht wird. Ein Magnet, der sich auf einem nichtmagnetischen, leitenden Metall bewegt, wird gebremst und induziert dort einen elektrischen Strom. Bei diesem Pendel ist diese Bremse der Messingring, den man unter dem Pendel sehen kann. Dieser Ring reguliert auch die Amplitude des Pendels und verhindert, dass es gegen das Glasrohr st\u00f6\u00dft.<\/p>\n\n\n\n\n\n<p class=\"has-text-align-center has-medium-font-size\"><strong>Mini Foucault<\/strong> <strong>(Nr. 4)<\/strong><\/p>\n\n\n\n\n\n<p class=\"has-text-align-center\">(Wurde im Juni 2003 zerlegt, um die Einzelteile zu sammeln und neue zu bauen.)<\/p>\n\n\n\n\n\n<p>Dieses kurze Foucaultsche Pendel (12 cm) war nicht daf\u00fcr gedacht, ins Guinness-Buch zu kommen, aber es hat wahrscheinlich seinen Platz dort. Ich habe es urspr\u00fcnglich als Pr\u00fcfstand hergestellt, um die Festigkeit der verschiedenen Materialien der Aufh\u00e4ngung zu testen. Da das Pendel viel schneller schwingt als meine anderen Pendel und eine viel gr\u00f6\u00dfere Amplitude (20\u00b0) hat, nutzen sich die Materialien viel schneller ab und erm\u00fcden schneller: Der Faden riss systematisch nach einer Woche Gebrauch. Die gesammelten Erfahrungen konnten also zur Verbesserung meiner zuk\u00fcnftigen anderen Pendel verwendet werden.<\/p>\n\n\n\n<div class=\"wp-block-image\">\n\n<figure class=\"aligncenter size-large\"><img loading=\"lazy\" decoding=\"async\" width=\"768\" height=\"1024\" src=\"https:\/\/www.betrisey.ch\/wp-content\/uploads\/2024\/06\/minifoucault-768x1024.jpg\" alt=\"\" class=\"wp-image-3320\" srcset=\"https:\/\/www.betrisey.ch\/wp-content\/uploads\/2024\/06\/minifoucault-768x1024.jpg 768w, https:\/\/www.betrisey.ch\/wp-content\/uploads\/2024\/06\/minifoucault-225x300.jpg 225w, https:\/\/www.betrisey.ch\/wp-content\/uploads\/2024\/06\/minifoucault-1152x1536.jpg 1152w, https:\/\/www.betrisey.ch\/wp-content\/uploads\/2024\/06\/minifoucault.jpg 1200w\" sizes=\"auto, (max-width: 768px) 100vw, 768px\" \/><\/figure>\n<\/div>\n\n\n\n\n<p class=\"has-text-align-center\">Version 1<\/p>\n\n\n\n<div class=\"wp-block-image\">\n\n<figure class=\"aligncenter size-large\"><img loading=\"lazy\" decoding=\"async\" width=\"783\" height=\"1024\" src=\"https:\/\/www.betrisey.ch\/wp-content\/uploads\/2024\/06\/minifoucaul-783x1024.jpg\" alt=\"\" class=\"wp-image-3321\" srcset=\"https:\/\/www.betrisey.ch\/wp-content\/uploads\/2024\/06\/minifoucaul-783x1024.jpg 783w, https:\/\/www.betrisey.ch\/wp-content\/uploads\/2024\/06\/minifoucaul-229x300.jpg 229w, https:\/\/www.betrisey.ch\/wp-content\/uploads\/2024\/06\/minifoucaul-768x1004.jpg 768w, https:\/\/www.betrisey.ch\/wp-content\/uploads\/2024\/06\/minifoucaul.jpg 1047w\" sizes=\"auto, (max-width: 783px) 100vw, 783px\" \/><\/figure>\n<\/div>\n\n\n\n\n<p class=\"has-text-align-center\">Version 2<\/p>\n\n\n\n\n\n<p>Die Konstruktion dieses Pendels war aufgrund seiner L\u00e4nge viel schwieriger als die aller anderen Pendel. Der Aufh\u00e4ngungsdraht wird von Keramiken gef\u00fchrt. Ich musste zwei aufeinanderfolgende Charron-Ringe mit unterschiedlichem Durchmesser anbringen, um st\u00f6rende Vibrationen im Pendelverlauf zu vermeiden. Der obere Charron-Ring ist ein Rubin und der zweite ist aus Messing. Das Anbringen von zwei Ringen verringert auch den Winkel, den die Amplitude des Pendels dem Faden gibt, und verl\u00e4ngert so die Lebensdauer des Pendelfadens. Die wichtigste Lehre, die man aus einem so kurzen Pendel ziehen kann, ist, dass die Regeln, nach denen man ein 1-Meter-Pendel schwingen kann, hier \u00fcberhaupt nicht mehr gelten.<\/p>\n\n\n\n\n\n<p>Das Gestell besteht aus Aluminiumguss, der in einem St\u00fcck gegossen und von unten verschraubt wurde, und stammt von einer Berkel-Waage. Man k\u00f6nnte meinen, es sei \u00fcberdimensioniert, aber man muss bedenken, dass schon die kleinste Verdrehung das Pendel beeinflusst und die Kraft, die es dreht, aufhebt. Und diese Kraft ist hier aufgrund der geringen Amplitude und des geringen Gewichts des Pendels extrem klein.<\/p>\n\n\n\n\n\n<p>Nachdem der Beweis erbracht war, dass ein solches Pendel funktionieren konnte, bestand die letzte Herausforderung darin, ein Pendel zu bauen, das das <strong><a href=\"https:\/\/www.betrisey.ch\/minifoucault-n23\">kleinste permanente und \u00f6ffentliche Foucaultsche Pendel<\/a><\/strong> ist, das je hergestellt wurde, und dessen Umdrehungen einen Monat lang aufzuzeichnen.<br><\/p>\n\n","protected":false},"excerpt":{"rendered":"<p>Das TF1-Pendel (Nr. 19) Dies ist das neunzehnte meiner Foucaultschen Pendel, das f\u00fcr eine Fernsehreportage (&#8222;Reportages&#8220;, von Claire Chazal, im November 2010) gebaut wurde. Es hat zwei neue Spezifikationen im Vergleich zu den anderen, die ich zuvor gebaut hatte: Der Aufh\u00e4ngungskopf steht auf zwei Computerfestplatten, wodurch er zentriert werden kann, und der Charron-Ring besteht ebenfalls [&hellip;]<\/p>\n","protected":false},"author":2,"featured_media":0,"parent":0,"menu_order":0,"comment_status":"closed","ping_status":"closed","template":"","meta":{"_acf_changed":false,"footnotes":""},"class_list":["post-6066","page","type-page","status-publish","hentry"],"acf":[],"_links":{"self":[{"href":"https:\/\/www.betrisey.ch\/de\/wp-json\/wp\/v2\/pages\/6066","targetHints":{"allow":["GET"]}}],"collection":[{"href":"https:\/\/www.betrisey.ch\/de\/wp-json\/wp\/v2\/pages"}],"about":[{"href":"https:\/\/www.betrisey.ch\/de\/wp-json\/wp\/v2\/types\/page"}],"author":[{"embeddable":true,"href":"https:\/\/www.betrisey.ch\/de\/wp-json\/wp\/v2\/users\/2"}],"replies":[{"embeddable":true,"href":"https:\/\/www.betrisey.ch\/de\/wp-json\/wp\/v2\/comments?post=6066"}],"version-history":[{"count":1,"href":"https:\/\/www.betrisey.ch\/de\/wp-json\/wp\/v2\/pages\/6066\/revisions"}],"predecessor-version":[{"id":6067,"href":"https:\/\/www.betrisey.ch\/de\/wp-json\/wp\/v2\/pages\/6066\/revisions\/6067"}],"wp:attachment":[{"href":"https:\/\/www.betrisey.ch\/de\/wp-json\/wp\/v2\/media?parent=6066"}],"curies":[{"name":"wp","href":"https:\/\/api.w.org\/{rel}","templated":true}]}}