{"id":6069,"date":"2022-05-20T13:37:23","date_gmt":"2022-05-20T13:37:23","guid":{"rendered":"https:\/\/www.betrisey.ch\/pressbook"},"modified":"2025-03-09T12:24:30","modified_gmt":"2025-03-09T12:24:30","slug":"pressbook","status":"publish","type":"page","link":"https:\/\/www.betrisey.ch\/de\/pressbook","title":{"rendered":"Pressebuch"},"content":{"rendered":"\n\n<p><code><div class=\"_df_book df-lite\" id=\"df_1466\"  _slug=\"1466\" data-title=\"pressbook\" wpoptions=\"true\" thumb=\"https:\/\/www.betrisey.ch\/wp-content\/uploads\/2022\/05\/pressbook1-1.jpg\" thumbtype=\"\" ><\/div><script class=\"df-shortcode-script\" nowprocket type=\"application\/javascript\">window.option_df_1466 = {\"outline\":[],\"autoEnableOutline\":\"false\",\"autoEnableThumbnail\":\"false\",\"overwritePDFOutline\":\"false\",\"direction\":\"1\",\"pageSize\":\"0\",\"pageMode\":\"0\",\"singlePageMode\":\"0\",\"controlsPosition\":\"bottom\",\"soundEnable\":\"false\",\"source\":\"https:\\\/\\\/www.betrisey.ch\\\/wp-content\\\/uploads\\\/2022\\\/05\\\/pressbook-compresse.pdf\",\"wpOptions\":\"true\"}; if(window.DFLIP && window.DFLIP.parseBooks){window.DFLIP.parseBooks();}<\/script><\/code><\/p>\n\n\n\n\n\n<p><\/p>\n\n\n\n<p><strong>Thema f\u00fcr einen Zeitungsartikel:<\/strong><\/p>\n<p>34) La Feuille \/ April 2024 \/ &#8222;Marcel B\u00e9trisey&#8220;<\/p>\n<p>33) &#8222;Die intellektuelle Hand&#8220; \/ Ariane Schindelholz, Helvetia Verlag, S.460 bis 471<\/p>\n<p>32) Menschlichkeit in Materie abgelegt \/ Mai 2021 \/ NF Magazin<\/p>\n<p>31) 24heures \/ 11. Februar \/ &#8222;Was ist der Unterschied zwischen einem Genie &#8230;.&#8220;<\/p>\n<p>30) MAG Montreux art Gallery book (November 2016, S.45)<\/p>\n<p>29) L&#8217;Echo magazine (Oktober 2016) &#8222;Nu sans mes outils&#8220; (Nackt ohne meine Werkzeuge)<\/p>\n<p>28) L&#8217;Ev\u00e8nement (M\u00e4rz 2016) &#8222;au d\u00e9fi du temps&#8220;<\/p>\n<p>27) Le Nouvelliste (22. September 2015) &#8222;un G\u00e9o trouvetou&#8230;&#8220;<\/p>\n<p>26) Le Valais \u00e9tonnant et d\u00e9tonnant (2014) &#8222;Remettre notre \u00e9poque \u00e0 l&#8217;heure&#8220;<\/p>\n<p>25) Popularmecanics Magazine \/ Moskau (Mai 2012)<\/p>\n<p>24) Ca m&#8217;int\u00e9resse \/Hors s\u00e9rie n\u00b0 27 \/ M\u00e4rz 2012)<\/p>\n<p>23) Wie kann man die Gezeitenwirkung des Mondes mit einem einfachen Pendel nachweisen? Universit\u00e4t Denis Diderot, 15. Januar 2012)<\/p>\n<p>22) Wie kann man die Rotation der Erde um den Mond nachweisen? (2011)<\/p>\n<p>21) Enzyklop\u00e4die der Entdeckungen und Erfindungen, Band 14, Seite 98 (2011)<\/p>\n<p>20) Bulletin des mus\u00e9es fran\u00e7ais Nr. 23 (2007)<\/p>\n<p>19) Makers: The power of light \/ Bob Parks, 2005 \/ O&#8217;Reilly books California<\/p>\n<p>18) Chronometrophilia: Kunst, Wissenschaft oder Uhrmacherei? Winter 2004<\/p>\n<p>17) The Life and Science of L\u00e9on Foucault, William Tobin Cambridge University Press 2003.<\/p>\n<p>16) Horological Times \/ Mai 2003 \/ Marcel B\u00e9trisey radiometric clocks (American clockmakers institute)<\/p>\n<p>15) Pinseri (Schweden) \/ Februar 2003 \/ &#8222;Marcel B\u00e9trisey tekee udeite kellodja&#8230;&#8220;<\/p>\n<p>14) Scaner &#8211; magazyn informatyczny. (Polen) \/ Dawid Gatti \/ &#8222;Bomysl to nie vszystko, trzeba jeszcze&#8220;<\/p>\n<p>13) Orologi (Italien) Curiosit\u00e0, in tema di tempo, nascoste tra le pieghe della Rete (Paola Parmendola)<\/p>\n<p>12) Horological Science Newsletter (USA) &#8222;Marcel B\u00e9trisey&#8217;s clock by Bob Holmstr\u00f6m&#8220;<\/p>\n<p>11) Le Nouvelliste \/ 22. Juli 2002 &#8222;Eine Stunde Licht&#8220;<\/p>\n<p>10) Le Matin \/ 22. April 2002 &#8222;Chronolithe convoit\u00e9&#8220;<\/p>\n<p>9) l&#8217;Orologio (Italien) \/ maggio 2001 \/ Marcel B\u00e9trisey, l&#8217;inventore pazzo<\/p>\n<p>8) L&#8217;Illustr\u00e9 \/ 10. Januar 2001 \/ &#8222;Les folles pendules d&#8217;un g\u00e9nie valaisan&#8220; (Die verr\u00fcckten Uhren eines Walliser Genies)<\/p>\n<p>7) 24 heures \/ 29. Dezember 2000 \/ &#8222;Roulements habiles&#8220;<\/p>\n<p>6) Nouvelliste \/ 21. November 2000 \/ &#8222;Tic tac et billes en t\u00eate&#8220; (Ticktack und Murmeln im Kopf)<\/p>\n<p>5) Nouvelliste \/ 29. April 1999 7 \/ &#8222;Ein einzigartiges Objekt&#8220;<\/p>\n<p>4) Femina \/ 6. September 1998 \/ &#8222;Senden Sie die Musik&#8220;<\/p>\n<p>3) Nouvelliste \/ August 1997 \/ &#8222;Nicht so verr\u00fcckt der Erfinder&#8220;<\/p>\n<p>2) Le Nouveau Quotidien \/ 28. Februar 1997 &#8222;La passion du tournevis&#8220; (Die Leidenschaft des Schraubenziehers)<\/p>\n<p>1) Nouvelliste \/ August 1994 \/ &#8222;Der verr\u00fcckte Erfinder&#8220;<\/p>\n<p><strong>Themen von Fernseh- oder Radiosendungen:<\/strong><\/p>\n<p>Canal 9 \/ 31. April 2000<\/p>\n<p>T\u00e9l\u00e9vision Suisse Romande \/ Tout en R\u00e9gions \/ April 1998<\/p>\n<p>Canal 9 \/ 10. Januar 2001<\/p>\n<p>T\u00e9l\u00e9vision Suisse Romande \/ Tout en R\u00e9gions \/ 03. Januar 2001<\/p>\n<p>T\u00e9l\u00e9vision Suisse Romande \/De Si de La \/ 3. Februar 2001<\/p>\n<p>T\u00e9l\u00e9vision Suisse Romande \/ Zig Zag Caf\u00e9 \/ 20. April 2002<\/p>\n<p>TV 5 international \/ 25. April 2002<\/p>\n<p>T\u00e9l\u00e9vision Suisse Romande \/ Tout en R\u00e9gions \/ Juni 2002<\/p>\n<p>Canal 9 \/ November 2002 \/ Le journal<\/p>\n<p>Canal 9 \/ Juli 2003 \/ Le journal<\/p>\n<p>Deutschschweizer Fernsehen (DRS) \/Fensterplatz \/ 12. Februar 2004<\/p>\n<p>France Inter <a href=\"https:\/\/2022.betrisey.ch\/france-inter\" data-type=\"page\" data-id=\"1405\">Kriss crumble<\/a> M\u00e4rz 2009<\/p>\n<p>TFI \/ REPORTAGES:<a href=\"https:\/\/2022.betrisey.ch\/les-inventeurs\" data-type=\"page\" data-id=\"1402\">&#8222;les inventeurs<\/a>&#8220; November 2010<\/p>\n<p>RTS1 \/<a href=\"https:\/\/www.youtube.com\/watch?v=MR7f8EBhNFc\">&#8222;Passe-moi les jumelles<\/a>&#8220; April 2017<\/p>\n<p><a href=\"https:\/\/www.rhonefm.ch\/actualites\/lexposition-retro-perspectives-presente-70-pieces-de-marcel-betrisey\">RhoneFM<\/a> \/ Kultur Wallis \/ 26. August 2021<\/p>\n<p><a href=\"https:\/\/www.rts.ch\/play\/tv\/bon-debarras-\/video\/troistorrents-vs--avec-camille-trolliet-et-marcel-betrisey?urn=urn:rts:video:12469211\">RTS1<\/a> \/ Bon d\u00e9barras \/ 10. September 2&#8217;21<\/p>\n<p><a href=\"https:\/\/2022.betrisey.ch\/au-bar-des-pognes\" data-type=\"page\" data-id=\"1398\">Au bar des pognes<\/a> Nina Pellegrini \/ 5. September 2021<\/p>\n<p><strong>Ausstellungen: <\/strong><\/p>\n<p>Sion Expo \/ Manhattan Audio \/ 1996 und 1997<\/p>\n<p>Comptoir de Martigny 1997 und 2000<\/p>\n<p>MIT Mus\u00e9e international d&#8217;horlogerie, La Chaux-de-Fonds &#8222;L&#8217;heure publique&#8220; \/ Sommer 2000<\/p>\n<p>Galerie Grande Fontaine, Sion \/ 28. Dezember 2000 bis 20. Januar 2001<\/p>\n<p>TASIS Summer Art Festival 2002 \/ Montagnola, Ticino \/ Switzerland<\/p>\n<p><a href=\"https:\/\/2022.betrisey.ch\/musee-international-dhorlogerie\" data-type=\"page\" data-id=\"1391\">MIT<\/a> Mus\u00e9e International d&#8217;horlogerie, La Chaux-de-Fonds \/ von August 2002 bis August 2003<\/p>\n<p><a href=\"https:\/\/2022.betrisey.ch\/la-villette\" data-type=\"page\" data-id=\"1385\">Cit\u00e9 des Sciences de la Villette,<\/a> Paris, Juni 2006<\/p>\n<p>MAD Museum \/ Stratford-upon-Avon, GB \/ von 2012 bis 2014)<\/p>\n<p>MAG Montreux Art Gallery \/ 9. bis 20. November 2016<\/p>\n<p>Mus\u00e9e du Ch\u00e2ble \/ Bagnes \/ M\u00e4rz 2016 und Februar 2017<\/p>\n<p>Baselworld \/ Basel \/ The Bomberg House \/ 23. bis 30. M\u00e4rz 2017<\/p>\n<p><a href=\"https:\/\/2022.betrisey.ch\/phaeno\" data-type=\"page\" data-id=\"1373\">PHAENO<\/a> Science and Technology Museum \/ Wolfsburg, Germany \/ Von Dezember 2017 bis Februar 2019<\/p>\n<p><a href=\"https:\/\/2022.betrisey.ch\/retroperspectives\" data-type=\"page\" data-id=\"1343\">&#8222;R\u00e9troperspectives&#8220;<\/a> Dreifachausstellung: Galerie de la Grenette \/ Les Arsenaux \/ Caf\u00e9 de la Grenette \/ Vom 27. August bis 17. Oktober 2021 <\/p>\n<p>API-Museum \/ Genf \/ Von Januar bis M\u00e4rz 2022<\/p>\n<p>Pur&#8217;Up \/ Verbier \/ vom 21. Juli bis 13. August 2023<\/p>\n<p>&#8222;L&#8217;Infinir&#8220; Lausanne, 7. Dezember 2023<\/p>\n<p><strong>Thema einer CD-Platte<\/strong>:<\/p>\n<p>Richard Jean \/ Around Midnight \/ Dezember 1999 (Die CD beginnt mit dem Fall der 144 Mitternachtskugeln aus &#8222;L&#8217;Anachrone&#8220;)<\/p>\n<div class=\"open_grepper_editor\" title=\"Edit &#038; Save To Grepper\"> <\/div>\n\n\n\n<p><\/p>\n\n","protected":false},"excerpt":{"rendered":"<p>Thema f\u00fcr einen Zeitungsartikel: 34) La Feuille \/ April 2024 \/ &#8222;Marcel B\u00e9trisey&#8220; 33) &#8222;Die intellektuelle Hand&#8220; \/ Ariane Schindelholz, Helvetia Verlag, S.460 bis 471 32) Menschlichkeit in Materie abgelegt \/ Mai 2021 \/ NF Magazin 31) 24heures \/ 11. Februar \/ &#8222;Was ist der Unterschied zwischen einem Genie &#8230;.&#8220; 30) MAG Montreux art Gallery [&hellip;]<\/p>\n","protected":false},"author":2,"featured_media":0,"parent":0,"menu_order":0,"comment_status":"closed","ping_status":"closed","template":"","meta":{"_acf_changed":false,"footnotes":""},"class_list":["post-6069","page","type-page","status-publish","hentry"],"acf":[],"_links":{"self":[{"href":"https:\/\/www.betrisey.ch\/de\/wp-json\/wp\/v2\/pages\/6069","targetHints":{"allow":["GET"]}}],"collection":[{"href":"https:\/\/www.betrisey.ch\/de\/wp-json\/wp\/v2\/pages"}],"about":[{"href":"https:\/\/www.betrisey.ch\/de\/wp-json\/wp\/v2\/types\/page"}],"author":[{"embeddable":true,"href":"https:\/\/www.betrisey.ch\/de\/wp-json\/wp\/v2\/users\/2"}],"replies":[{"embeddable":true,"href":"https:\/\/www.betrisey.ch\/de\/wp-json\/wp\/v2\/comments?post=6069"}],"version-history":[{"count":1,"href":"https:\/\/www.betrisey.ch\/de\/wp-json\/wp\/v2\/pages\/6069\/revisions"}],"predecessor-version":[{"id":6070,"href":"https:\/\/www.betrisey.ch\/de\/wp-json\/wp\/v2\/pages\/6069\/revisions\/6070"}],"wp:attachment":[{"href":"https:\/\/www.betrisey.ch\/de\/wp-json\/wp\/v2\/media?parent=6069"}],"curies":[{"name":"wp","href":"https:\/\/api.w.org\/{rel}","templated":true}]}}