{"id":6075,"date":"2022-05-12T13:15:33","date_gmt":"2022-05-12T13:15:33","guid":{"rendered":"https:\/\/www.betrisey.ch\/un-tourne-disques-qui-grave-des-cd"},"modified":"2025-03-09T12:28:14","modified_gmt":"2025-03-09T12:28:14","slug":"un-tourne-disques-qui-grave-des-cd","status":"publish","type":"page","link":"https:\/\/www.betrisey.ch\/de\/un-tourne-disques-qui-grave-des-cd","title":{"rendered":"Ein Plattenspieler, der CDs brennt."},"content":{"rendered":"\n\n<p>Die Idee war, ein komplettes Soundsystem zu erfinden und herzustellen: <strong>Mikrofon, Brenner, Player und Lautsprecher. <\/strong>Und das alles nat\u00fcrlich ohne eine einzige Komponente zu kaufen, denn wir befanden uns im April 2020 in einem geschlossenen Raum&#8230;<\/p>\n\n\n\n\n\n<p>Erfinden: Jede Komponente musste von Grund auf neu sein. Erstellen: Weil alles aus gebrauchten Teilen hergestellt werden sollte: zwei elektrische Zahnb\u00fcrsten, zwei Festplatten, zwei Elektromotoren und einige Teile von Sanit\u00e4ranlagen und Staubsaugeranlagen, ohne auch nur eine einzige Schraube zu kaufen. Das Ziel war vor allem nicht, den bestm\u00f6glichen Klang zu haben, sondern meinen eigenen zu haben. Ein Sound mit vielen Fehlern, aber so viel Verbesserungspotenzial&#8230; <\/p>\n\n\n\n\n\n<figure class=\"wp-block-image size-large\"><img loading=\"lazy\" decoding=\"async\" width=\"684\" height=\"1024\" src=\"https:\/\/2022.betrisey.ch\/wp-content\/uploads\/2022\/05\/1vinyles-684x1024.jpeg\" alt=\"\" class=\"wp-image-915\" srcset=\"https:\/\/www.betrisey.ch\/wp-content\/uploads\/2022\/05\/1vinyles-684x1024.jpeg 684w, https:\/\/www.betrisey.ch\/wp-content\/uploads\/2022\/05\/1vinyles-200x300.jpeg 200w, https:\/\/www.betrisey.ch\/wp-content\/uploads\/2022\/05\/1vinyles-768x1150.jpeg 768w, https:\/\/www.betrisey.ch\/wp-content\/uploads\/2022\/05\/1vinyles.jpeg 1000w\" sizes=\"auto, (max-width: 684px) 100vw, 684px\" \/><figcaption>Copyright <a href=\"https:\/\/chmorgan.com\">Chris Morgan<\/a><\/figcaption><\/figure>\n\n\n\n\n\n<p><\/p>\n\n\n\n\n\n<p><\/p>\n\n\n\n\n\n<p>Hier sind 9 Videos vom Fortschritt der Arbeiten.<\/p>\n\n\n\n\n\n<figure class=\"wp-block-video\"><video height=\"720\" style=\"aspect-ratio: 1280 \/ 720;\" width=\"1280\" controls src=\"https:\/\/2022.betrisey.ch\/wp-content\/uploads\/2022\/05\/Micro.mp4\"><\/video><figcaption>Das Mikrofon<\/figcaption><\/figure>\n\n\n\n\n\n<figure class=\"wp-block-video\"><video height=\"720\" style=\"aspect-ratio: 1280 \/ 720;\" width=\"1280\" controls src=\"https:\/\/2022.betrisey.ch\/wp-content\/uploads\/2022\/05\/gravure.mp4\"><\/video><figcaption>Der Schreibkopf<\/figcaption><\/figure>\n\n\n\n\n\n<figure class=\"wp-block-video\"><video height=\"720\" style=\"aspect-ratio: 1280 \/ 720;\" width=\"1280\" controls src=\"https:\/\/2022.betrisey.ch\/wp-content\/uploads\/2022\/05\/lecture.mp4\"><\/video><figcaption>Der Schreibkopf<\/figcaption><\/figure>\n\n\n\n\n\n<figure class=\"wp-block-video\"><video height=\"720\" style=\"aspect-ratio: 1280 \/ 720;\" width=\"1280\" controls src=\"https:\/\/2022.betrisey.ch\/wp-content\/uploads\/2022\/05\/haut-parleur.mp4\"><\/video><figcaption>Der Lautsprecher<\/figcaption><\/figure>\n\n\n\n\n\n<figure class=\"wp-block-audio\"><audio controls src=\"https:\/\/2022.betrisey.ch\/wp-content\/uploads\/2022\/05\/premier-essai.mp3\"><\/audio><\/figure>\n\n\n\n\n\n<figure class=\"wp-block-video\"><video height=\"720\" style=\"aspect-ratio: 1280 \/ 720;\" width=\"1280\" controls src=\"https:\/\/2022.betrisey.ch\/wp-content\/uploads\/2022\/05\/platine.mp4\"><\/video><figcaption>Der Plattenspieler<\/figcaption><\/figure>\n\n\n\n\n\n<figure class=\"wp-block-video\"><video height=\"720\" style=\"aspect-ratio: 1280 \/ 720;\" width=\"1280\" controls src=\"https:\/\/2022.betrisey.ch\/wp-content\/uploads\/2022\/05\/gravure2.mp4\"><\/video><figcaption>Den Gravierkopf verbessern<\/figcaption><\/figure>\n\n\n\n\n\n<figure class=\"wp-block-video\"><video height=\"720\" style=\"aspect-ratio: 1280 \/ 720;\" width=\"1280\" controls src=\"https:\/\/2022.betrisey.ch\/wp-content\/uploads\/2022\/05\/lecture2.mp4\"><\/video><figcaption>Den Tonkopf verbessern<\/figcaption><\/figure>\n\n\n\n\n\n<figure class=\"wp-block-video\"><video height=\"720\" style=\"aspect-ratio: 1280 \/ 720;\" width=\"1280\" controls src=\"https:\/\/2022.betrisey.ch\/wp-content\/uploads\/2022\/05\/lecture3.mp4\"><\/video><figcaption>Den Tonkopf weiter verbessern<\/figcaption><\/figure>\n\n\n\n\n\n<figure class=\"wp-block-video\"><video height=\"720\" style=\"aspect-ratio: 1280 \/ 720;\" width=\"1280\" controls src=\"https:\/\/2022.betrisey.ch\/wp-content\/uploads\/2022\/05\/9-micro2.mp4\"><\/video><figcaption>Die T\u00f6ne des Mikrofons<\/figcaption><\/figure>\n\n","protected":false},"excerpt":{"rendered":"<p>Die Idee war, ein komplettes Soundsystem zu erfinden und herzustellen: Mikrofon, Brenner, Player und Lautsprecher. Und das alles nat\u00fcrlich ohne eine einzige Komponente zu kaufen, denn wir befanden uns im April 2020 in einem geschlossenen Raum&#8230; Erfinden: Jede Komponente musste von Grund auf neu sein. Erstellen: Weil alles aus gebrauchten Teilen hergestellt werden sollte: zwei [&hellip;]<\/p>\n","protected":false},"author":2,"featured_media":0,"parent":0,"menu_order":0,"comment_status":"closed","ping_status":"closed","template":"","meta":{"_acf_changed":false,"footnotes":""},"class_list":["post-6075","page","type-page","status-publish","hentry"],"acf":[],"_links":{"self":[{"href":"https:\/\/www.betrisey.ch\/de\/wp-json\/wp\/v2\/pages\/6075","targetHints":{"allow":["GET"]}}],"collection":[{"href":"https:\/\/www.betrisey.ch\/de\/wp-json\/wp\/v2\/pages"}],"about":[{"href":"https:\/\/www.betrisey.ch\/de\/wp-json\/wp\/v2\/types\/page"}],"author":[{"embeddable":true,"href":"https:\/\/www.betrisey.ch\/de\/wp-json\/wp\/v2\/users\/2"}],"replies":[{"embeddable":true,"href":"https:\/\/www.betrisey.ch\/de\/wp-json\/wp\/v2\/comments?post=6075"}],"version-history":[{"count":1,"href":"https:\/\/www.betrisey.ch\/de\/wp-json\/wp\/v2\/pages\/6075\/revisions"}],"predecessor-version":[{"id":6076,"href":"https:\/\/www.betrisey.ch\/de\/wp-json\/wp\/v2\/pages\/6075\/revisions\/6076"}],"wp:attachment":[{"href":"https:\/\/www.betrisey.ch\/de\/wp-json\/wp\/v2\/media?parent=6075"}],"curies":[{"name":"wp","href":"https:\/\/api.w.org\/{rel}","templated":true}]}}