{"id":6078,"date":"2022-05-17T11:57:58","date_gmt":"2022-05-17T11:57:58","guid":{"rendered":"https:\/\/www.betrisey.ch\/vulnerant-omnes-ultima-necat"},"modified":"2025-03-09T12:28:56","modified_gmt":"2025-03-09T12:28:56","slug":"vulnerant-omnes-ultima-necat","status":"publish","type":"page","link":"https:\/\/www.betrisey.ch\/de\/vulnerant-omnes-ultima-necat","title":{"rendered":"Vulnerant omnes, ultima necat."},"content":{"rendered":"\n\n<p>(Alle verletzen, die letzte t\u00f6tet.)<\/p>\n\n\n\n\n\n<p>Uhr, bei der der Sekundenzeiger bei jedem Herzschlag r\u00fcckw\u00e4rts l\u00e4uft.<\/p>\n\n\n\n\n\n<figure class=\"wp-block-image size-large\"><img loading=\"lazy\" decoding=\"async\" width=\"1024\" height=\"768\" src=\"https:\/\/2022.betrisey.ch\/wp-content\/uploads\/2022\/06\/vulnerant-1024x768.jpg\" alt=\"\" class=\"wp-image-2041\" srcset=\"https:\/\/www.betrisey.ch\/wp-content\/uploads\/2022\/06\/vulnerant-1024x768.jpg 1024w, https:\/\/www.betrisey.ch\/wp-content\/uploads\/2022\/06\/vulnerant-300x225.jpg 300w, https:\/\/www.betrisey.ch\/wp-content\/uploads\/2022\/06\/vulnerant-768x576.jpg 768w, https:\/\/www.betrisey.ch\/wp-content\/uploads\/2022\/06\/vulnerant-1536x1152.jpg 1536w, https:\/\/www.betrisey.ch\/wp-content\/uploads\/2022\/06\/vulnerant-2048x1536.jpg 2048w\" sizes=\"auto, (max-width: 1024px) 100vw, 1024px\" \/><\/figure>\n\n\n\n\n\n<figure class=\"wp-block-video\"><video height=\"576\" style=\"aspect-ratio: 1024 \/ 576;\" width=\"1024\" controls src=\"https:\/\/2022.betrisey.ch\/wp-content\/uploads\/2022\/05\/vulner2-1.mp4\"><\/video><\/figure>\n\n","protected":false},"excerpt":{"rendered":"<p>(Alle verletzen, die letzte t\u00f6tet.) Uhr, bei der der Sekundenzeiger bei jedem Herzschlag r\u00fcckw\u00e4rts l\u00e4uft.<\/p>\n","protected":false},"author":2,"featured_media":0,"parent":0,"menu_order":0,"comment_status":"closed","ping_status":"closed","template":"","meta":{"_acf_changed":false,"footnotes":""},"class_list":["post-6078","page","type-page","status-publish","hentry"],"acf":[],"_links":{"self":[{"href":"https:\/\/www.betrisey.ch\/de\/wp-json\/wp\/v2\/pages\/6078","targetHints":{"allow":["GET"]}}],"collection":[{"href":"https:\/\/www.betrisey.ch\/de\/wp-json\/wp\/v2\/pages"}],"about":[{"href":"https:\/\/www.betrisey.ch\/de\/wp-json\/wp\/v2\/types\/page"}],"author":[{"embeddable":true,"href":"https:\/\/www.betrisey.ch\/de\/wp-json\/wp\/v2\/users\/2"}],"replies":[{"embeddable":true,"href":"https:\/\/www.betrisey.ch\/de\/wp-json\/wp\/v2\/comments?post=6078"}],"version-history":[{"count":1,"href":"https:\/\/www.betrisey.ch\/de\/wp-json\/wp\/v2\/pages\/6078\/revisions"}],"predecessor-version":[{"id":6079,"href":"https:\/\/www.betrisey.ch\/de\/wp-json\/wp\/v2\/pages\/6078\/revisions\/6079"}],"wp:attachment":[{"href":"https:\/\/www.betrisey.ch\/de\/wp-json\/wp\/v2\/media?parent=6078"}],"curies":[{"name":"wp","href":"https:\/\/api.w.org\/{rel}","templated":true}]}}