{"id":6084,"date":"2022-05-19T07:45:31","date_gmt":"2022-05-19T07:45:31","guid":{"rendered":"https:\/\/www.betrisey.ch\/pestoline-technique"},"modified":"2025-03-09T12:30:29","modified_gmt":"2025-03-09T12:30:29","slug":"pestoline-technique","status":"publish","type":"page","link":"https:\/\/www.betrisey.ch\/de\/pestoline-technique","title":{"rendered":"Pestolin (technisch)"},"content":{"rendered":"\n\n<p>Ein Foucaultsches Pendel ist nur dann einfach zu bauen, wenn es l\u00e4nger als 2 Meter ist. Mein Pendel muss aber unbedingt 1 Meter lang sein, damit es die Sekunden anzeigen kann. Nur wenige Menschen auf der Welt konnten kleine Pendel bauen, die zufriedenstellend funktionierten. Ich muss hier die Pioniere Haym Kruglak und Stanley Steele im Jahr 1984 und H Richard Crane im Jahr 1981 nennen. Die beiden Hauptprobleme bei kleinen Pendeln sind die Aufh\u00e4ngung und die Pr\u00e4zession der Elliptizit\u00e4t. Das Problem der Aufh\u00e4ngung ist bei weitem das wichtigste, da sie perfekt sein muss, da das Pendel sonst nur in der Ebene schwingt, die ihm am leichtesten f\u00e4llt. Eine andere M\u00f6glichkeit ist, den Draht in Metall zu gie\u00dfen. Die Schmelztemperatur zerst\u00f6rt jedoch oft die Spezifikationen des Aufh\u00e4ngungsstahldrahts. Eine h\u00e4ufigere Aufh\u00e4ngung ist, den Draht durch einen Pr\u00e4zisionsdorn zu f\u00fchren. Aber auch hier wird sich das Pendel eine bevorzugte Position aussuchen und sich auf einer Ebene stabilisieren. Denn die handels\u00fcblichen Spannfutter haben alle ihre kleinen Unzul\u00e4nglichkeiten. Richard Crane lie\u00df seines durch eine Drehbank laufen, um die Backen mit einem sehr feinen Schleifmittel zu polieren. Nur unter dieser Bedingung konnte das Pendel funktionieren. Das andere Problem ist, wie man die Pr\u00e4zession der Elliptizit\u00e4t eliminieren kann. Dieses Ph\u00e4nomen tritt nur bei kleinen Pendeln auf und wird mit zunehmender L\u00e4nge immer schlimmer. Dieser unerw\u00fcnschte Effekt l\u00e4sst sich etwas abschw\u00e4chen, indem man einen perfekt bearbeiteten und polierten Charron-Ring im oberen Zehntel der Pendell\u00e4nge einsetzt.<\/p>\n\n\n\n\n\n<p>Dies ist also der erste wirklich funktionierende Prototyp, der als Pr\u00fcfstand f\u00fcr den Bau der anderen Prototypen dienen sollte. Er war auch dazu bestimmt, nach Abschluss aller Tests seinen Lebensabend in meiner K\u00fcche zu verbringen. Ich hatte n\u00e4mlich keine Uhr zu Hause&#8230;..<\/p>\n\n\n\n\n\n<p>Der Galgen hat drei Funktionen: Er st\u00fctzt das Pendel, f\u00fchrt den Faden des Pendels sehr genau (auf den Hundertstelmillimeter genau) und erm\u00f6glicht es, die L\u00e4nge des Pendels zu regulieren, auch wenn es sich bewegt. Das ist eine Funktion, die man bei Pendeluhren so gut wie nie findet, die sich aber sp\u00e4ter als sehr praktisch erweisen sollte. Ich habe die Idee mit dem Dorn verworfen, weil er mit meinen bescheidenen Mitteln zu schwer zu bearbeiten war und nach dem Einspannen keine Einstellungen mehr zulie\u00df. Anstatt zwischen den Backen eingespannt zu werden, wird der Stahldraht (0,18 mm) durch das Loch eines Saphirs gef\u00fchrt, steigt um ein Rad herum nach oben und senkt sich wieder ab, um am Boden festgeklemmt zu werden. Eine Stellschraube erm\u00f6glicht es, den Draht nach dem Rad zu biegen und so die H\u00f6he der Unruh zu beeinflussen. Wenn ich will, kann ich sogar eine bimetallische Temperaturkompensation einbauen.<\/p>\n\n\n\n<div class=\"wp-block-image\">\n\n<figure class=\"aligncenter\"><img decoding=\"async\" src=\"https:\/\/www.betrisey.ch\/wp-content\/uploads\/2023\/11\/pesto4.jpg\" alt=\"\"\/><\/figure>\n<\/div>\n\n\n\n\n<p>Nun wollen wir sehen, was dieses Pendel von allen anderen unterscheidet, die bis jetzt gemacht wurden, n\u00e4mlich dass es auch als Uhr dient. Meines Wissens hat dies bisher nur ein Mann versucht: H. Richard Crane (Universit\u00e4t von Michigan). Er konnte die Zeit ablesen, indem er die Bewegung des Pendels auf einem Kreis mit einer Skala am Boden ablesen konnte. Sein Pendel kann jedoch nicht als echte Uhr betrachtet werden, da er eine externe Zeitbasis ben\u00f6tigte, eine Zeitschaltuhr, die das Pendel sechs Stunden am Tag anhielt. Meiner hingegen muss alles gleichzeitig k\u00f6nnen: eine echte Uhr und ein Foucaultsches Pendel. Die Probleme, die sich daraus ergeben, sind sehr interessant. Zum Beispiel: Wie kann ich die Temperaturkompensation des Pendels sicherstellen, wenn ich kein Invar verwenden darf? (Da Invar magnetisch ist, w\u00fcrde das Pendel schnell zu einem Kompass werden.) Oder wie kann ich mit dem Pendel die Zeit anzeigen, wenn ich wei\u00df, dass das Pendel eine Teilung hat, die nicht mit 24 Stunden kompatibel ist?<\/p>\n\n\n\n\n\n<p>Viele Menschen glauben immer noch, dass sich ein Foucaultsches Pendel alle 24 Stunden um die eigene Achse dreht. Das ist nur am Nordpol im Uhrzeigersinn und am S\u00fcdpol gegen den Uhrzeigersinn der Fall. Je weiter man in den Breitengrad absteigt, desto langsamer dreht es sich. In Paris betr\u00e4gt sie 32 Stunden. Bei mir zu Hause in Sion (Schweiz) betr\u00e4gt sie 33:26 Uhr. Am \u00c4quator hat er eine theoretisch unendliche Drehzeit. Crane stoppte die Drehung der Unruh 6 Stunden pro Nacht (zwischen Mitternacht und 6 Uhr) mithilfe eines zus\u00e4tzlichen Elektromagneten, der von einer Uhr gesteuert wurde.<\/p>\n\n\n\n\n\n<p>Einige Fakten dazu.<br>Pendel, das von einem Elektromagneten jedes Mal elektromagnetisch angetrieben wird, wenn es den Durchgang der Unruh erkennt. Messing f\u00fcr fast alle Teile, um Probleme mit Magnetismus zu vermeiden. Zeitanzeige auf dem Zifferblatt (Stunden, Minuten und Sekunden) und Zeitanzeige am Ende der Unruh. Die Scheibe im oberen Drittel dient dazu, den Fall der Unruh zu blockieren, falls der Faden rei\u00dfen sollte.<\/p>\n\n\n\n\n\n<p>Die Stabilisierung der Amplitude nutzt eine weitere Entdeckung von L\u00e9on Foucault: die Bremse. Hierbei handelt es sich um einen nichtmagnetischen Skalenring mit sehr genauen Abmessungen, der am Ende des Pendelwegs angebracht ist. Das Vorbeiziehen des Magneten verursacht induzierte Str\u00f6me, die sogenannten &#8222;Foucaultschen Str\u00f6me&#8220;, die das Pendel bei jeder Schwingung bremsen.<\/p>\n\n\n\n<div class=\"wp-block-image\">\n\n<figure class=\"aligncenter\"><img decoding=\"async\" src=\"https:\/\/www.betrisey.ch\/wp-content\/uploads\/2023\/11\/russes.jpg\" alt=\"\"\/><\/figure>\n<\/div>\n\n\n\n\n<p>Eine Achterbahnfahrt: So sah der erste Test von Pestoline aus. Dieser Test wurde in meiner Werkstatt durchgef\u00fchrt, obwohl die H\u00f6he der Unruh nicht eingestellt war, der Charron-Ring nicht zentriert war und ich den ganzen Tag um ihn herum arbeitete. Dennoch kann man eine ganze Reihe interessanter Ph\u00e4nomene entdecken. In diesem Dokument, das zwei Tage umfasst, k\u00f6nnen wir sehen, dass zyklische St\u00f6rungen dreimal auftreten. Wenn wir die Anzahl der Tage, die diese Grafik abdeckt, durch die Anzahl der Zyklen teilen, erhalten wir die Zahl 16,5: Das ist die Anzahl der Stunden, die das Pendel f\u00fcr eine halbe Umdrehung um sich selbst ben\u00f6tigt. Dies ergibt 33 Stunden f\u00fcr eine volle Umdrehung, was einer Fehlermarge von 1 % entspricht. (Man muss diese Zahl mit einer Pinzette nehmen: Ich messe normalerweise zwischen <strong>einer Woche und einem Monat,<\/strong> um wirklich genaue Messungen durchzuf\u00fchren)<\/p>\n\n\n\n\n\n<p>Die St\u00f6rungen, die wir sehen k\u00f6nnen, stammen vom Charron-Ring. Er ist noch nicht richtig zentriert und man kann einige Bearbeitungsfehler erkennen. Ich habe denselben Test ohne den Charron-Ring wiederholt: Die Linie war vollkommen flach, aber der Pendelweg war elliptisch und der Foucault-Effekt kaum erkennbar.<\/p>\n\n\n\n\n\n<p>Nach einigen Einstellungen, Zentrierungen und Auswuchtungen zeigte der Computer folgendes an:<\/p>\n\n\n\n<div class=\"wp-block-image\">\n\n<figure class=\"aligncenter\"><img decoding=\"async\" src=\"https:\/\/www.betrisey.ch\/wp-content\/uploads\/2023\/11\/1_pesto.jpg\" alt=\"\"\/><\/figure>\n<\/div>\n\n\n\n\n<p>Die Grafik zeigt, dass Pestoline 7,8 Sekunden pro Tag geht, was sich leicht einstellen l\u00e4sst, indem man das Pendel ein wenig nach unten bewegt. Aber es ist noch wichtiger: Die Abfolge der Spitzen (die jeweils eine Umdrehung des Pendels anzeigen) ist genauer geworden. Man sieht auch wiederkehrende St\u00f6rungen am Ende der Kurve, die beweisen, dass es noch eine mechanische Anisotropie im Faden oder in der Aufh\u00e4ngung gibt. So dient diese Uhr als Pr\u00fcfstand f\u00fcr die Verbesserung der n\u00e4chsten. Denn die Wahl, die man bei dieser Art von Uhr treffen muss, ist nicht die Genauigkeit der Uhrzeit oder die des Foucault-Effekts. Pestoline hat bewiesen, dass beide ein gutes Ergebnis erzielen k\u00f6nnen.<\/p>\n\n\n\n\n\n<p><strong>(Juli 2003)<\/strong> Pestoline erhielt den ersten Preis im Wettbewerb der Kinetic Art Organization in der Kategorie &#8222;ingeneering ingenuity&#8220;<br>Bei diesem weltweit ausgetragenen Wettbewerb werden Werke der kinetischen Kunst ausgezeichnet.<\/p>\n\n\n\n\n\n<p>Wer die MicroSet-Software von Bryan Mumford besitzt, kann sie auf Wunsch herunterladen. Damit k\u00f6nnen sie herausfinden, was im Millionstel einer Sekunde im Herzen eines Foucaultschen Pendels passiert, wie sich St\u00f6rungen durch Luftstr\u00f6mungen, parasit\u00e4re Schwingungen usw. auswirken. Diese Probe umfasst f\u00fcnf Testtage. <\/p>\n\n\n\n<div class=\"wp-block-image\">\n\n<figure class=\"aligncenter\"><img decoding=\"async\" src=\"https:\/\/www.betrisey.ch\/wp-content\/uploads\/2023\/11\/pesto5.jpg\" alt=\"\"\/><\/figure>\n<\/div>\n\n\n\n\n<p><\/p>\n\n\n\n\n\n<p class=\"has-medium-font-size\"><\/p>\n\n","protected":false},"excerpt":{"rendered":"<p>Ein Foucaultsches Pendel ist nur dann einfach zu bauen, wenn es l\u00e4nger als 2 Meter ist. Mein Pendel muss aber unbedingt 1 Meter lang sein, damit es die Sekunden anzeigen kann. Nur wenige Menschen auf der Welt konnten kleine Pendel bauen, die zufriedenstellend funktionierten. Ich muss hier die Pioniere Haym Kruglak und Stanley Steele im [&hellip;]<\/p>\n","protected":false},"author":2,"featured_media":0,"parent":0,"menu_order":0,"comment_status":"closed","ping_status":"closed","template":"","meta":{"_acf_changed":false,"footnotes":""},"class_list":["post-6084","page","type-page","status-publish","hentry"],"acf":[],"_links":{"self":[{"href":"https:\/\/www.betrisey.ch\/de\/wp-json\/wp\/v2\/pages\/6084","targetHints":{"allow":["GET"]}}],"collection":[{"href":"https:\/\/www.betrisey.ch\/de\/wp-json\/wp\/v2\/pages"}],"about":[{"href":"https:\/\/www.betrisey.ch\/de\/wp-json\/wp\/v2\/types\/page"}],"author":[{"embeddable":true,"href":"https:\/\/www.betrisey.ch\/de\/wp-json\/wp\/v2\/users\/2"}],"replies":[{"embeddable":true,"href":"https:\/\/www.betrisey.ch\/de\/wp-json\/wp\/v2\/comments?post=6084"}],"version-history":[{"count":1,"href":"https:\/\/www.betrisey.ch\/de\/wp-json\/wp\/v2\/pages\/6084\/revisions"}],"predecessor-version":[{"id":6085,"href":"https:\/\/www.betrisey.ch\/de\/wp-json\/wp\/v2\/pages\/6084\/revisions\/6085"}],"wp:attachment":[{"href":"https:\/\/www.betrisey.ch\/de\/wp-json\/wp\/v2\/media?parent=6084"}],"curies":[{"name":"wp","href":"https:\/\/api.w.org\/{rel}","templated":true}]}}