{"id":6090,"date":"2024-06-28T09:12:10","date_gmt":"2024-06-28T09:12:10","guid":{"rendered":"https:\/\/www.betrisey.ch\/microfoucault-n26"},"modified":"2025-03-09T12:37:46","modified_gmt":"2025-03-09T12:37:46","slug":"microfoucault-n26","status":"publish","type":"page","link":"https:\/\/www.betrisey.ch\/de\/microfoucault-n26","title":{"rendered":"Die Unbeugsame"},"content":{"rendered":"\n\n<p class=\"has-text-align-center\"><strong>MicroFoucault (Nr. 26)<\/strong><\/p>\n\n\n\n\n\n<div style=\"height:27px\" aria-hidden=\"true\" class=\"wp-block-spacer\"><\/div>\n\n\n\n\n\n<p>Dies ist das Foucaultsche Pendel aller Exzesse. Es wurde geboren, um das alte <a href=\"https:\/\/www.betrisey.ch\/pendules-de-foucault-divers-2\">MiniFoucault (Nr. 4)<\/a> zu \u00fcbertreffen, dessen Lebenserwartung nie mehr als eine Woche betragen konnte, bevor sein Faden riss. Dazu gen\u00fcgte es, die Amplitude des Pendels drastisch zu reduzieren. Logisch, einfach und leuchtend, au\u00dfer dass &#8230; eine reduzierte Amplitude auch eine entsprechend reduzierte Corioliskraft bedeutet. Dies ist also die Geschichte eines Duells. Das letzte.<\/p>\n\n\n\n\n\n<div style=\"height:27px\" aria-hidden=\"true\" class=\"wp-block-spacer\"><\/div>\n\n\n\n\n\n<p><strong>Die technischen Daten:<\/strong><\/p>\n\n\n\n\n\n<p>L\u00e4nge des Pendels: einstellbar zwischen 8 und 11 cm. Gewicht des Pendels: 2,171 kg Blei. Amplitude: zwischen 5 und 8 Millimetern. Charron-Ring aus Bronze und Sockel aus Granit. Stromversorgung: eine 1,5-Volt-Batterie (AA). <strong><a href=\"https:\/\/www.betrisey.ch\/microfoucault-n-26-donnees-techniques\">5 Monate lang wurde getestet, herumprobiert und eingestellt<\/a><\/strong>, bevor die Uhr zu laufen begann.<\/p>\n\n\n\n\n\n<div style=\"height:27px\" aria-hidden=\"true\" class=\"wp-block-spacer\"><\/div>\n\n\n\n\n\n<p><\/p>\n\n\n\n<div class=\"wp-block-image\">\n\n<figure class=\"aligncenter size-large\"><img loading=\"lazy\" decoding=\"async\" width=\"686\" height=\"1024\" src=\"https:\/\/www.betrisey.ch\/wp-content\/uploads\/2024\/09\/droite-686x1024.jpg\" alt=\"\" class=\"wp-image-4326\" srcset=\"https:\/\/www.betrisey.ch\/wp-content\/uploads\/2024\/09\/droite-686x1024.jpg 686w, https:\/\/www.betrisey.ch\/wp-content\/uploads\/2024\/09\/droite-201x300.jpg 201w, https:\/\/www.betrisey.ch\/wp-content\/uploads\/2024\/09\/droite-768x1146.jpg 768w, https:\/\/www.betrisey.ch\/wp-content\/uploads\/2024\/09\/droite-1029x1536.jpg 1029w, https:\/\/www.betrisey.ch\/wp-content\/uploads\/2024\/09\/droite-1372x2048.jpg 1372w, https:\/\/www.betrisey.ch\/wp-content\/uploads\/2024\/09\/droite-scaled.jpg 1715w\" sizes=\"auto, (max-width: 686px) 100vw, 686px\" \/><\/figure>\n<\/div>\n\n\n\n\n<div style=\"height:27px\" aria-hidden=\"true\" class=\"wp-block-spacer\"><\/div>\n\n\n\n<div class=\"wp-block-image\">\n\n<figure class=\"aligncenter size-large\"><img loading=\"lazy\" decoding=\"async\" width=\"607\" height=\"1024\" src=\"https:\/\/www.betrisey.ch\/wp-content\/uploads\/2024\/09\/face-607x1024.jpg\" alt=\"\" class=\"wp-image-4328\" srcset=\"https:\/\/www.betrisey.ch\/wp-content\/uploads\/2024\/09\/face-607x1024.jpg 607w, https:\/\/www.betrisey.ch\/wp-content\/uploads\/2024\/09\/face-178x300.jpg 178w, https:\/\/www.betrisey.ch\/wp-content\/uploads\/2024\/09\/face-768x1295.jpg 768w, https:\/\/www.betrisey.ch\/wp-content\/uploads\/2024\/09\/face-911x1536.jpg 911w, https:\/\/www.betrisey.ch\/wp-content\/uploads\/2024\/09\/face-1214x2048.jpg 1214w, https:\/\/www.betrisey.ch\/wp-content\/uploads\/2024\/09\/face-scaled.jpg 1518w\" sizes=\"auto, (max-width: 607px) 100vw, 607px\" \/><\/figure>\n<\/div>\n\n\n\n\n<div style=\"height:27px\" aria-hidden=\"true\" class=\"wp-block-spacer\"><\/div>\n\n\n\n<div class=\"wp-block-image\">\n\n<figure class=\"aligncenter size-large\"><img loading=\"lazy\" decoding=\"async\" width=\"1024\" height=\"808\" src=\"https:\/\/www.betrisey.ch\/wp-content\/uploads\/2024\/09\/gauche-1024x808.jpg\" alt=\"\" class=\"wp-image-4329\" srcset=\"https:\/\/www.betrisey.ch\/wp-content\/uploads\/2024\/09\/gauche-1024x808.jpg 1024w, https:\/\/www.betrisey.ch\/wp-content\/uploads\/2024\/09\/gauche-300x237.jpg 300w, https:\/\/www.betrisey.ch\/wp-content\/uploads\/2024\/09\/gauche-768x606.jpg 768w, https:\/\/www.betrisey.ch\/wp-content\/uploads\/2024\/09\/gauche-1536x1212.jpg 1536w, https:\/\/www.betrisey.ch\/wp-content\/uploads\/2024\/09\/gauche-2048x1617.jpg 2048w\" sizes=\"auto, (max-width: 1024px) 100vw, 1024px\" \/><\/figure>\n<\/div>\n\n\n\n\n<p class=\"has-text-align-center\"><\/p>\n\n\n\n\n\n<div style=\"height:27px\" aria-hidden=\"true\" class=\"wp-block-spacer\"><\/div>\n\n\n\n\n\n<p class=\"has-text-align-center\"><\/p>\n\n\n\n\n\n<p class=\"has-text-align-center\">15 Tage mit dem MicroFoucault, ein Foto pro Stunde:<\/p>\n\n\n\n\n\n<div style=\"height:27px\" aria-hidden=\"true\" class=\"wp-block-spacer\"><\/div>\n\n\n\n\n\n<figure class=\"wp-block-video\"><video height=\"1080\" style=\"aspect-ratio: 1920 \/ 1080;\" width=\"1920\" controls src=\"https:\/\/www.betrisey.ch\/wp-content\/uploads\/2024\/09\/microfouc11-1.mp4\"><\/video><\/figure>\n\n\n\n\n\n<div style=\"height:27px\" aria-hidden=\"true\" class=\"wp-block-spacer\"><\/div>\n\n\n\n\n\n<p class=\"has-text-align-center\">&#8230; Wo man ab und zu sogar eine Verehrerin vorbeikommen sehen kann!<\/p>\n\n\n\n\n\n<div style=\"height:27px\" aria-hidden=\"true\" class=\"wp-block-spacer\"><\/div>\n\n\n\n<div class=\"wp-block-image\">\n\n<figure class=\"aligncenter size-full\"><img loading=\"lazy\" decoding=\"async\" width=\"815\" height=\"801\" src=\"https:\/\/www.betrisey.ch\/wp-content\/uploads\/2024\/09\/spider1.png\" alt=\"\" class=\"wp-image-4306\" srcset=\"https:\/\/www.betrisey.ch\/wp-content\/uploads\/2024\/09\/spider1.png 815w, https:\/\/www.betrisey.ch\/wp-content\/uploads\/2024\/09\/spider1-300x295.png 300w, https:\/\/www.betrisey.ch\/wp-content\/uploads\/2024\/09\/spider1-768x755.png 768w\" sizes=\"auto, (max-width: 815px) 100vw, 815px\" \/><\/figure>\n<\/div>\n\n\n\n\n<figure class=\"wp-block-image size-full\"><img loading=\"lazy\" decoding=\"async\" width=\"878\" height=\"810\" src=\"https:\/\/www.betrisey.ch\/wp-content\/uploads\/2024\/09\/spider2.png\" alt=\"\" class=\"wp-image-4307\" srcset=\"https:\/\/www.betrisey.ch\/wp-content\/uploads\/2024\/09\/spider2.png 878w, https:\/\/www.betrisey.ch\/wp-content\/uploads\/2024\/09\/spider2-300x277.png 300w, https:\/\/www.betrisey.ch\/wp-content\/uploads\/2024\/09\/spider2-768x709.png 768w\" sizes=\"auto, (max-width: 878px) 100vw, 878px\" \/><\/figure>\n\n\n\n\n\n<div style=\"height:27px\" aria-hidden=\"true\" class=\"wp-block-spacer\"><\/div>\n\n\n\n\n\n<p><\/p>\n\n\n\n\n\n<p class=\"has-text-align-center\">Wer sich mehr f\u00fcr die technischen Aspekte interessiert, sollte<a href=\"https:\/\/www.betrisey.ch\/microfoucault-n-26-donnees-techniques\"><strong> hier<\/strong><\/a> vorbeischauen.<\/p>\n\n\n\n\n\n<p><\/p>\n\n","protected":false},"excerpt":{"rendered":"<p>MicroFoucault (Nr. 26) Dies ist das Foucaultsche Pendel aller Exzesse. Es wurde geboren, um das alte MiniFoucault (Nr. 4) zu \u00fcbertreffen, dessen Lebenserwartung nie mehr als eine Woche betragen konnte, bevor sein Faden riss. Dazu gen\u00fcgte es, die Amplitude des Pendels drastisch zu reduzieren. Logisch, einfach und leuchtend, au\u00dfer dass &#8230; eine reduzierte Amplitude auch [&hellip;]<\/p>\n","protected":false},"author":2,"featured_media":0,"parent":0,"menu_order":0,"comment_status":"closed","ping_status":"closed","template":"","meta":{"_acf_changed":false,"footnotes":""},"class_list":["post-6090","page","type-page","status-publish","hentry"],"acf":[],"_links":{"self":[{"href":"https:\/\/www.betrisey.ch\/de\/wp-json\/wp\/v2\/pages\/6090","targetHints":{"allow":["GET"]}}],"collection":[{"href":"https:\/\/www.betrisey.ch\/de\/wp-json\/wp\/v2\/pages"}],"about":[{"href":"https:\/\/www.betrisey.ch\/de\/wp-json\/wp\/v2\/types\/page"}],"author":[{"embeddable":true,"href":"https:\/\/www.betrisey.ch\/de\/wp-json\/wp\/v2\/users\/2"}],"replies":[{"embeddable":true,"href":"https:\/\/www.betrisey.ch\/de\/wp-json\/wp\/v2\/comments?post=6090"}],"version-history":[{"count":1,"href":"https:\/\/www.betrisey.ch\/de\/wp-json\/wp\/v2\/pages\/6090\/revisions"}],"predecessor-version":[{"id":6091,"href":"https:\/\/www.betrisey.ch\/de\/wp-json\/wp\/v2\/pages\/6090\/revisions\/6091"}],"wp:attachment":[{"href":"https:\/\/www.betrisey.ch\/de\/wp-json\/wp\/v2\/media?parent=6090"}],"curies":[{"name":"wp","href":"https:\/\/api.w.org\/{rel}","templated":true}]}}