{"id":1700,"date":"2022-05-17T12:54:08","date_gmt":"2022-05-17T12:54:08","guid":{"rendered":"https:\/\/2022.betrisey.ch\/chaotique"},"modified":"2024-05-01T14:33:49","modified_gmt":"2024-05-01T14:33:49","slug":"chaotique","status":"publish","type":"page","link":"https:\/\/www.betrisey.ch\/en\/chaotique","title":{"rendered":"Chaotic"},"content":{"rendered":"\n<p>Ce pendule ne sert \u00e0 rien, surtout pas \u00e0 donner l&#8217;heure.<br>Il regarde passer le temps et se laisse transformer par lui seconde apr\u00e8s seconde,<br>son aspect change sans arr\u00eat et ne sera jamais le m\u00eame. La disposition des billes est toujours al\u00e9atoire. Les minuscules avalanches qui se produisent sans arr\u00eat sont toujours dus \u00e0 une seule bille, qui constitue le point faible de l&#8217;ensemble en \u00e9quilibre. C&#8217;est ainsi un jeu que d&#8217;essayer de la trouver avant qu&#8217;elles ne d\u00e9valent. Le spectacle se reproduit toutes les 20 secondes environ.<br><\/p>\n\n\n<div class=\"wp-block-image\">\n<figure class=\"aligncenter\"><img decoding=\"async\" src=\"https:\/\/2022.betrisey.ch\/wp-content\/uploads\/2022\/05\/chao1.jpg\" alt=\"\"\/><\/figure>\n<\/div>\n\n<div class=\"wp-block-image\">\n<figure class=\"aligncenter size-full\"><img loading=\"lazy\" decoding=\"async\" width=\"261\" height=\"983\" src=\"https:\/\/2022.betrisey.ch\/wp-content\/uploads\/2022\/05\/chao3.jpg\" alt=\"\" class=\"wp-image-1064\" srcset=\"https:\/\/www.betrisey.ch\/wp-content\/uploads\/2022\/05\/chao3.jpg 261w, https:\/\/www.betrisey.ch\/wp-content\/uploads\/2022\/05\/chao3-80x300.jpg 80w\" sizes=\"auto, (max-width: 261px) 100vw, 261px\" \/><\/figure>\n<\/div>","protected":false},"excerpt":{"rendered":"<p>Ce pendule ne sert \u00e0 rien, surtout pas \u00e0 donner l&#8217;heure.Il regarde passer le temps et se laisse transformer par lui seconde apr\u00e8s seconde,son aspect change sans arr\u00eat et ne sera jamais le m\u00eame. La disposition des billes est toujours al\u00e9atoire. Les minuscules avalanches qui se produisent sans arr\u00eat sont toujours dus \u00e0 une seule [&hellip;]<\/p>\n","protected":false},"author":2,"featured_media":0,"parent":0,"menu_order":0,"comment_status":"closed","ping_status":"closed","template":"","meta":{"_acf_changed":false,"footnotes":""},"class_list":["post-1700","page","type-page","status-publish","hentry"],"acf":[],"_links":{"self":[{"href":"https:\/\/www.betrisey.ch\/en\/wp-json\/wp\/v2\/pages\/1700","targetHints":{"allow":["GET"]}}],"collection":[{"href":"https:\/\/www.betrisey.ch\/en\/wp-json\/wp\/v2\/pages"}],"about":[{"href":"https:\/\/www.betrisey.ch\/en\/wp-json\/wp\/v2\/types\/page"}],"author":[{"embeddable":true,"href":"https:\/\/www.betrisey.ch\/en\/wp-json\/wp\/v2\/users\/2"}],"replies":[{"embeddable":true,"href":"https:\/\/www.betrisey.ch\/en\/wp-json\/wp\/v2\/comments?post=1700"}],"version-history":[{"count":8,"href":"https:\/\/www.betrisey.ch\/en\/wp-json\/wp\/v2\/pages\/1700\/revisions"}],"predecessor-version":[{"id":1733,"href":"https:\/\/www.betrisey.ch\/en\/wp-json\/wp\/v2\/pages\/1700\/revisions\/1733"}],"wp:attachment":[{"href":"https:\/\/www.betrisey.ch\/en\/wp-json\/wp\/v2\/media?parent=1700"}],"curies":[{"name":"wp","href":"https:\/\/api.w.org\/{rel}","templated":true}]}}