{"id":1972,"date":"2022-06-09T05:19:23","date_gmt":"2022-06-09T05:19:23","guid":{"rendered":"https:\/\/2022.betrisey.ch\/?page_id=1972"},"modified":"2022-06-09T05:19:24","modified_gmt":"2022-06-09T05:19:24","slug":"le-studio-saint-pierre","status":"publish","type":"page","link":"https:\/\/www.betrisey.ch\/en\/le-studio-saint-pierre","title":{"rendered":"Le Studio Saint Pierre"},"content":{"rendered":"\n<p>R\u00e9gie informatique audio et vid\u00e9o pilotant 4 ordinateurs distants, situ\u00e9e \u00e0 Janz\u00e9, en Bretagne. Elle permet de s\u00e9lectionner pour monitoring des sources audio ou vid\u00e9o et de travailler en m\u00eame temps sur d&#8217;autres ordinateurs. La grosse diode &#8220;tally&#8221; rouge indique quel PC est actuellement command\u00e9 par le switch. Les bandeaux frontaux permettent d&#8217;ins\u00e9rer des sources externes par connexions XLR sym\u00e9triques, cinch, firewire, USB, RJ45, BNC composite et S-vid\u00e9o Hosiden. Elle comporte en outre une alarme sonore et visuelle indiquant un \u00e9ventuel trouble dans les PC d\u00e9centr\u00e9s dans le local serveur.<\/p>\n\n\n<div class=\"wp-block-image\">\n<figure class=\"aligncenter\"><img decoding=\"async\" src=\"https:\/\/2022.betrisey.ch\/wp-content\/uploads\/2022\/05\/regie20ssp1.jpg\" alt=\"\"\/><\/figure>\n<\/div>\n\n<div class=\"wp-block-image\">\n<figure class=\"aligncenter\"><img decoding=\"async\" src=\"https:\/\/2022.betrisey.ch\/wp-content\/uploads\/2022\/05\/regie20ssp2.jpg\" alt=\"\"\/><\/figure>\n<\/div>\n\n\n<p><\/p>\n\n\n\n<p><\/p>\n\n\n\n<p><\/p>\n","protected":false},"excerpt":{"rendered":"<p>R\u00e9gie informatique audio et vid\u00e9o pilotant 4 ordinateurs distants, situ\u00e9e \u00e0 Janz\u00e9, en Bretagne. Elle permet de s\u00e9lectionner pour monitoring des sources audio ou vid\u00e9o et de travailler en m\u00eame temps sur d&#8217;autres ordinateurs. La grosse diode &#8220;tally&#8221; rouge indique quel PC est actuellement command\u00e9 par le switch. Les bandeaux frontaux permettent d&#8217;ins\u00e9rer des sources [&hellip;]<\/p>\n","protected":false},"author":1,"featured_media":0,"parent":0,"menu_order":0,"comment_status":"closed","ping_status":"closed","template":"","meta":{"_acf_changed":false,"footnotes":""},"class_list":["post-1972","page","type-page","status-publish","hentry"],"acf":[],"_links":{"self":[{"href":"https:\/\/www.betrisey.ch\/en\/wp-json\/wp\/v2\/pages\/1972","targetHints":{"allow":["GET"]}}],"collection":[{"href":"https:\/\/www.betrisey.ch\/en\/wp-json\/wp\/v2\/pages"}],"about":[{"href":"https:\/\/www.betrisey.ch\/en\/wp-json\/wp\/v2\/types\/page"}],"author":[{"embeddable":true,"href":"https:\/\/www.betrisey.ch\/en\/wp-json\/wp\/v2\/users\/1"}],"replies":[{"embeddable":true,"href":"https:\/\/www.betrisey.ch\/en\/wp-json\/wp\/v2\/comments?post=1972"}],"version-history":[{"count":1,"href":"https:\/\/www.betrisey.ch\/en\/wp-json\/wp\/v2\/pages\/1972\/revisions"}],"predecessor-version":[{"id":1991,"href":"https:\/\/www.betrisey.ch\/en\/wp-json\/wp\/v2\/pages\/1972\/revisions\/1991"}],"wp:attachment":[{"href":"https:\/\/www.betrisey.ch\/en\/wp-json\/wp\/v2\/media?parent=1972"}],"curies":[{"name":"wp","href":"https:\/\/api.w.org\/{rel}","templated":true}]}}