{"id":1979,"date":"2022-06-09T05:18:54","date_gmt":"2022-06-09T05:18:54","guid":{"rendered":"https:\/\/2022.betrisey.ch\/?page_id=1979"},"modified":"2022-06-09T05:18:56","modified_gmt":"2022-06-09T05:18:56","slug":"le-flagornometre-2","status":"publish","type":"page","link":"https:\/\/www.betrisey.ch\/en\/le-flagornometre-2","title":{"rendered":"Le flagornom\u00e8tre"},"content":{"rendered":"\n<p>Peigne-fion r\u00e9ellement inclusif, con\u00e7u pour \u00eatre tout autant employ\u00e9 par les droitiers, les gauchers que les altruistes. Il mesure le degr\u00e9 de flagornerie de son utilisateur.<\/p>\n\n\n\n<figure class=\"wp-block-image size-full\"><img loading=\"lazy\" decoding=\"async\" width=\"1000\" height=\"750\" src=\"https:\/\/2022.betrisey.ch\/wp-content\/uploads\/2022\/05\/peigne1.jpg\" alt=\"\" class=\"wp-image-875\" srcset=\"https:\/\/www.betrisey.ch\/wp-content\/uploads\/2022\/05\/peigne1.jpg 1000w, https:\/\/www.betrisey.ch\/wp-content\/uploads\/2022\/05\/peigne1-300x225.jpg 300w, https:\/\/www.betrisey.ch\/wp-content\/uploads\/2022\/05\/peigne1-768x576.jpg 768w\" sizes=\"auto, (max-width: 1000px) 100vw, 1000px\" \/><\/figure>\n\n\n\n<figure class=\"wp-block-image size-full\"><img loading=\"lazy\" decoding=\"async\" width=\"1000\" height=\"750\" src=\"https:\/\/2022.betrisey.ch\/wp-content\/uploads\/2022\/05\/peigne2.jpg\" alt=\"\" class=\"wp-image-876\" srcset=\"https:\/\/www.betrisey.ch\/wp-content\/uploads\/2022\/05\/peigne2.jpg 1000w, https:\/\/www.betrisey.ch\/wp-content\/uploads\/2022\/05\/peigne2-300x225.jpg 300w, https:\/\/www.betrisey.ch\/wp-content\/uploads\/2022\/05\/peigne2-768x576.jpg 768w\" sizes=\"auto, (max-width: 1000px) 100vw, 1000px\" \/><\/figure>\n","protected":false},"excerpt":{"rendered":"<p>Peigne-fion r\u00e9ellement inclusif, con\u00e7u pour \u00eatre tout autant employ\u00e9 par les droitiers, les gauchers que les altruistes. Il mesure le degr\u00e9 de flagornerie de son utilisateur.<\/p>\n","protected":false},"author":1,"featured_media":0,"parent":0,"menu_order":0,"comment_status":"closed","ping_status":"closed","template":"","meta":{"_acf_changed":false,"footnotes":""},"class_list":["post-1979","page","type-page","status-publish","hentry"],"acf":[],"_links":{"self":[{"href":"https:\/\/www.betrisey.ch\/en\/wp-json\/wp\/v2\/pages\/1979","targetHints":{"allow":["GET"]}}],"collection":[{"href":"https:\/\/www.betrisey.ch\/en\/wp-json\/wp\/v2\/pages"}],"about":[{"href":"https:\/\/www.betrisey.ch\/en\/wp-json\/wp\/v2\/types\/page"}],"author":[{"embeddable":true,"href":"https:\/\/www.betrisey.ch\/en\/wp-json\/wp\/v2\/users\/1"}],"replies":[{"embeddable":true,"href":"https:\/\/www.betrisey.ch\/en\/wp-json\/wp\/v2\/comments?post=1979"}],"version-history":[{"count":1,"href":"https:\/\/www.betrisey.ch\/en\/wp-json\/wp\/v2\/pages\/1979\/revisions"}],"predecessor-version":[{"id":1989,"href":"https:\/\/www.betrisey.ch\/en\/wp-json\/wp\/v2\/pages\/1979\/revisions\/1989"}],"wp:attachment":[{"href":"https:\/\/www.betrisey.ch\/en\/wp-json\/wp\/v2\/media?parent=1979"}],"curies":[{"name":"wp","href":"https:\/\/api.w.org\/{rel}","templated":true}]}}