{"id":1981,"date":"2022-06-09T05:20:45","date_gmt":"2022-06-09T05:20:45","guid":{"rendered":"https:\/\/2022.betrisey.ch\/?page_id=1981"},"modified":"2022-06-09T05:20:47","modified_gmt":"2022-06-09T05:20:47","slug":"paix-des-menages","status":"publish","type":"page","link":"https:\/\/www.betrisey.ch\/en\/paix-des-menages","title":{"rendered":"Paix des m\u00e9nages"},"content":{"rendered":"\n<p>Cet appareil r\u00e9volutionnaire va r\u00e9soudre un probl\u00e8me classique quand on dort en couple: \u00e0 savoir qu&#8217;un des deux atterrit toujours dans le territoire de l&#8217;autre. Il permet enfin de d\u00e9terminer o\u00f9 se trouve le milieu du lit et qui empi\u00e8te sur qui. Un \u00e9metteur laser est mont\u00e9 sur une lame de ressort oscillant en permanence. Il suffit de le r\u00e9gler de mani\u00e8re \u00e0 ce que sa course traverse l&#8217;axe du lit. Et voil\u00e0!<\/p>\n\n\n<div class=\"wp-block-image\">\n<figure class=\"aligncenter size-full is-resized\"><img loading=\"lazy\" decoding=\"async\" src=\"https:\/\/2022.betrisey.ch\/wp-content\/uploads\/2022\/05\/paix.jpg\" alt=\"\" class=\"wp-image-880\" width=\"750\" height=\"563\" srcset=\"https:\/\/www.betrisey.ch\/wp-content\/uploads\/2022\/05\/paix.jpg 750w, https:\/\/www.betrisey.ch\/wp-content\/uploads\/2022\/05\/paix-300x225.jpg 300w\" sizes=\"auto, (max-width: 750px) 100vw, 750px\" \/><\/figure>\n<\/div>\n\n\n<figure class=\"wp-block-video\"><video height=\"576\" style=\"aspect-ratio: 720 \/ 576;\" width=\"720\" controls src=\"https:\/\/2022.betrisey.ch\/wp-content\/uploads\/2022\/05\/indicateur-1.mp4\"><\/video><\/figure>\n","protected":false},"excerpt":{"rendered":"<p>Cet appareil r\u00e9volutionnaire va r\u00e9soudre un probl\u00e8me classique quand on dort en couple: \u00e0 savoir qu&#8217;un des deux atterrit toujours dans le territoire de l&#8217;autre. Il permet enfin de d\u00e9terminer o\u00f9 se trouve le milieu du lit et qui empi\u00e8te sur qui. Un \u00e9metteur laser est mont\u00e9 sur une lame de ressort oscillant en permanence. [&hellip;]<\/p>\n","protected":false},"author":1,"featured_media":0,"parent":0,"menu_order":0,"comment_status":"closed","ping_status":"closed","template":"","meta":{"_acf_changed":false,"footnotes":""},"class_list":["post-1981","page","type-page","status-publish","hentry"],"acf":[],"_links":{"self":[{"href":"https:\/\/www.betrisey.ch\/en\/wp-json\/wp\/v2\/pages\/1981","targetHints":{"allow":["GET"]}}],"collection":[{"href":"https:\/\/www.betrisey.ch\/en\/wp-json\/wp\/v2\/pages"}],"about":[{"href":"https:\/\/www.betrisey.ch\/en\/wp-json\/wp\/v2\/types\/page"}],"author":[{"embeddable":true,"href":"https:\/\/www.betrisey.ch\/en\/wp-json\/wp\/v2\/users\/1"}],"replies":[{"embeddable":true,"href":"https:\/\/www.betrisey.ch\/en\/wp-json\/wp\/v2\/comments?post=1981"}],"version-history":[{"count":1,"href":"https:\/\/www.betrisey.ch\/en\/wp-json\/wp\/v2\/pages\/1981\/revisions"}],"predecessor-version":[{"id":1995,"href":"https:\/\/www.betrisey.ch\/en\/wp-json\/wp\/v2\/pages\/1981\/revisions\/1995"}],"wp:attachment":[{"href":"https:\/\/www.betrisey.ch\/en\/wp-json\/wp\/v2\/media?parent=1981"}],"curies":[{"name":"wp","href":"https:\/\/api.w.org\/{rel}","templated":true}]}}