{"id":2001,"date":"2022-06-09T05:23:27","date_gmt":"2022-06-09T05:23:27","guid":{"rendered":"https:\/\/2022.betrisey.ch\/?page_id=2001"},"modified":"2022-06-09T05:23:27","modified_gmt":"2022-06-09T05:23:27","slug":"regie-mobile","status":"publish","type":"page","link":"https:\/\/www.betrisey.ch\/en\/regie-mobile","title":{"rendered":"R\u00e9gie mobile"},"content":{"rendered":"\n<p class=\"has-medium-font-size\"><strong>R\u00e9gie mobile Canal 9 <small>(2003)<\/small><\/strong><br><\/p>\n\n\n<div class=\"wp-block-image\">\n<figure class=\"aligncenter\"><img decoding=\"async\" src=\"https:\/\/2022.betrisey.ch\/wp-content\/uploads\/2022\/05\/canal2.jpg\" alt=\"\"\/><\/figure>\n<\/div>\n\n\n<p class=\"has-text-align-center\">Vue arri\u00e8re du bus termin\u00e9 avec les cam\u00e9ras mont\u00e9es sur supports, les enrouleurs de c\u00e2bles triax, son et 220V.<br><br><img loading=\"lazy\" decoding=\"async\" src=\"https:\/\/2022.betrisey.ch\/wp-content\/uploads\/2022\/05\/canal3.jpg\" alt=\"\" width=\"255\" height=\"314\"><br>Vue arri\u00e8re pendant le montage des structures alu<br><br><img loading=\"lazy\" decoding=\"async\" src=\"https:\/\/2022.betrisey.ch\/wp-content\/uploads\/2022\/05\/canal4.jpg\" alt=\"\" width=\"567\" height=\"528\"><br>Vue arri\u00e8re pendant le montage des \u00e9l\u00e9ments , avant le c\u00e2blage des \u00e9l\u00e9ments.<br><\/p>\n\n\n<div class=\"wp-block-image\">\n<figure class=\"aligncenter\"><img decoding=\"async\" src=\"https:\/\/2022.betrisey.ch\/wp-content\/uploads\/2022\/05\/canal1.jpg\" alt=\"\"\/><\/figure>\n<\/div>\n\n\n<p>Vue de l&#8217;int\u00e9rieur. On ne voit ici que la r\u00e9gie vid\u00e9o (banc de montage Beta, CCU et table de mixage. Les r\u00e9gies audio et virtuelles se trouvent un peu plus derri\u00e8re.<br><br><br><br>Sp\u00e9cifications:<br>5 cam\u00e9ras Sony DXC 50, coupl\u00e9es aux CCU avec des triax. Liaisons SDI. Table de ixage vid\u00e9o Sony GFS 700. Table de mixage audio Yamaha 02R 24 voies. Play \/ rec par E-clips. 2 magn\u00e9tos Betacam Sony PVW 2800 . 1 Igegami DNS 11. Places pour 7 collaborateurs. Emmetteur fibre optique pour 30 Km, retour vid\u00e9o par fibre, \u00e9thernet, etc.<\/p>\n","protected":false},"excerpt":{"rendered":"<p>R\u00e9gie mobile Canal 9 (2003) Vue arri\u00e8re du bus termin\u00e9 avec les cam\u00e9ras mont\u00e9es sur supports, les enrouleurs de c\u00e2bles triax, son et 220V. Vue arri\u00e8re pendant le montage des structures alu Vue arri\u00e8re pendant le montage des \u00e9l\u00e9ments , avant le c\u00e2blage des \u00e9l\u00e9ments. Vue de l&#8217;int\u00e9rieur. On ne voit ici que la r\u00e9gie [&hellip;]<\/p>\n","protected":false},"author":1,"featured_media":0,"parent":0,"menu_order":0,"comment_status":"closed","ping_status":"closed","template":"","meta":{"_acf_changed":false,"footnotes":""},"class_list":["post-2001","page","type-page","status-publish","hentry"],"acf":[],"_links":{"self":[{"href":"https:\/\/www.betrisey.ch\/en\/wp-json\/wp\/v2\/pages\/2001","targetHints":{"allow":["GET"]}}],"collection":[{"href":"https:\/\/www.betrisey.ch\/en\/wp-json\/wp\/v2\/pages"}],"about":[{"href":"https:\/\/www.betrisey.ch\/en\/wp-json\/wp\/v2\/types\/page"}],"author":[{"embeddable":true,"href":"https:\/\/www.betrisey.ch\/en\/wp-json\/wp\/v2\/users\/1"}],"replies":[{"embeddable":true,"href":"https:\/\/www.betrisey.ch\/en\/wp-json\/wp\/v2\/comments?post=2001"}],"version-history":[{"count":1,"href":"https:\/\/www.betrisey.ch\/en\/wp-json\/wp\/v2\/pages\/2001\/revisions"}],"predecessor-version":[{"id":2011,"href":"https:\/\/www.betrisey.ch\/en\/wp-json\/wp\/v2\/pages\/2001\/revisions\/2011"}],"wp:attachment":[{"href":"https:\/\/www.betrisey.ch\/en\/wp-json\/wp\/v2\/media?parent=2001"}],"curies":[{"name":"wp","href":"https:\/\/api.w.org\/{rel}","templated":true}]}}