{"id":2003,"date":"2022-06-09T05:23:57","date_gmt":"2022-06-09T05:23:57","guid":{"rendered":"https:\/\/2022.betrisey.ch\/?page_id=2003"},"modified":"2022-06-09T05:23:58","modified_gmt":"2022-06-09T05:23:58","slug":"sion-en-lumieres","status":"publish","type":"page","link":"https:\/\/www.betrisey.ch\/en\/sion-en-lumieres","title":{"rendered":"Sion en lumi\u00e8res"},"content":{"rendered":"\n<p><\/p>\n\n\n\n<p>500 luminaires, du son et de la vid\u00e9o \u00e0 synchroniser pour le spectacle annuel sur les 2 ch\u00e2teaux de Sion.<br><\/p>\n\n\n\n<p>Ce projet commen\u00e7a par une commande de Christophe Guyard, en 2003. Le cahier des charges tenait en une seule phrase: imaginer, fabriquer et piloter les 21 ordinateurs qui commanderont toute l&#8217;installation audio, vid\u00e9o et lumi\u00e8res. C&#8217;est tout, mais cela prit tout de m\u00eame quelques mois&#8230;&nbsp;L&#8217;ensemble commen\u00e7a \u00e0 fonctionner le 17 d\u00e9cembre 2004.<\/p>\n\n\n\n<figure class=\"wp-block-video\"><video height=\"576\" style=\"aspect-ratio: 720 \/ 576;\" width=\"720\" controls src=\"https:\/\/2022.betrisey.ch\/wp-content\/uploads\/2022\/05\/sedunum.mp4\"><\/video><\/figure>\n\n\n\n<p>La ville me donna en 2005 le mandat de l&#8217;entretien et du d\u00e9veloppement des installations. Ce mandat fut reconduit par l&#8217;ESR en 2008. Ceci me permit enfin de simplifier et fiabiliser l&#8217;ensemble: 2005: Cr\u00e9ations de tous les syst\u00e8mes antivol et de s\u00e9curisations. 2006: Fabrication d&#8217;un &#8220;retour plateau&#8221; vid\u00e9o permettant \u00e0 l&#8217;op\u00e9rateur qui programme de tout voir et programmer en direct depuis la r\u00e9gie. 3 cam\u00e9ras filment en permanence les ch\u00e2teaux. Fabrication du &#8220;titilleur&#8221; permettant de prendre en main l&#8217;installation depuis n&#8217;importe quel endroit. Montage du s\u00e9quenceur Quad vid\u00e9o. 2007: Fabrication du &#8220;d\u00e9tecteur de noir&#8221; et boitier d&#8217;injection des retours sur le plasma du Grand-Pont. 2008: Envoi du son en direct par fibre optique depuis la r\u00e9gie. Elimination de 4 ordinateurs distants et 2 armoires. 2009: Refonte des armoires son 2010: Refonte de l&#8217;A5 et \u00e9limination d&#8217;une armoire. Envoi par figre optique des signaux vid\u00e9o Varone. Elimination d&#8217;un ordi distant. 2011: Refonte de la section vid\u00e9o de la r\u00e9gie: 5 PC \u00e9limin\u00e9s pour \u00eatre remplac\u00e9s par des lecteurs de cl\u00e9 USB Western Digital. 2012: Refonte de la section informatique. Elimination des 13 derniers PC, serveurs, switches KVM et r\u00e9seau et remplacement par une simplissime installation pilot\u00e9e par seulement 2 ordinateurs Macmini. Elimination de l&#8217;\u00e9metteur hertzien qui assurait la liaison des commandes entre Val\u00e8re et Tourbillon. 2013: Cr\u00e9ation des circuits d&#8217;hibernations. Il y a enfin plus d&#8217;usure inutile quand les installations sont \u00e9teintes. 2014: Remise \u00e0 neuf d&#8217;une vingtaine de luminaires Kline 2016: fin du mandat de l&#8217;ESR. <\/p>\n\n\n\n<p>Etat de l&#8217;installation au 1 janvier 2016: L&#8217;ensemble fonctionna sans panne durant 11 ans. Le syst\u00e8me entier fut modifi\u00e9 et entretenu de mani\u00e8re \u00e0 perdurer encore 10 ans en l&#8217;\u00e9tat. L&#8217;exp\u00e9rience du vieillissement du mat\u00e9riel le prouve, le stock de pi\u00e8ces d\u00e9tach\u00e9es le permet.<\/p>\n\n\n\n<p><br><\/p>\n\n\n<div class=\"wp-block-image\">\n<figure class=\"aligncenter size-full\"><img loading=\"lazy\" decoding=\"async\" width=\"567\" height=\"426\" src=\"https:\/\/2022.betrisey.ch\/wp-content\/uploads\/2022\/05\/diete1-2.jpg\" alt=\"\" class=\"wp-image-1317\" srcset=\"https:\/\/www.betrisey.ch\/wp-content\/uploads\/2022\/05\/diete1-2.jpg 567w, https:\/\/www.betrisey.ch\/wp-content\/uploads\/2022\/05\/diete1-2-300x225.jpg 300w\" sizes=\"auto, (max-width: 567px) 100vw, 567px\" \/><figcaption>2003<\/figcaption><\/figure>\n<\/div>\n\n<div class=\"wp-block-image\">\n<figure class=\"aligncenter\"><img decoding=\"async\" src=\"https:\/\/2022.betrisey.ch\/wp-content\/uploads\/2022\/05\/dietea.jpg\" alt=\"a\" title=\"a\"\/><figcaption>2006<\/figcaption><\/figure>\n<\/div>\n\n\n<figure class=\"wp-block-image\"><img decoding=\"async\" src=\"https:\/\/2022.betrisey.ch\/wp-content\/uploads\/2022\/05\/dietec.jpg\" alt=\"c\" title=\"c\"\/><figcaption>2012<\/figcaption><\/figure>\n\n\n\n<p> <\/p>\n\n\n\n<figure class=\"wp-block-image\"><img decoding=\"async\" src=\"https:\/\/2022.betrisey.ch\/wp-content\/uploads\/2022\/05\/dieteb.jpg\" alt=\"\"\/><figcaption>2016<\/figcaption><\/figure>\n\n\n\n<p><\/p>\n","protected":false},"excerpt":{"rendered":"<p>500 luminaires, du son et de la vid\u00e9o \u00e0 synchroniser pour le spectacle annuel sur les 2 ch\u00e2teaux de Sion. Ce projet commen\u00e7a par une commande de Christophe Guyard, en 2003. Le cahier des charges tenait en une seule phrase: imaginer, fabriquer et piloter les 21 ordinateurs qui commanderont toute l&#8217;installation audio, vid\u00e9o et lumi\u00e8res. [&hellip;]<\/p>\n","protected":false},"author":1,"featured_media":0,"parent":0,"menu_order":0,"comment_status":"closed","ping_status":"closed","template":"","meta":{"_acf_changed":false,"footnotes":""},"class_list":["post-2003","page","type-page","status-publish","hentry"],"acf":[],"_links":{"self":[{"href":"https:\/\/www.betrisey.ch\/en\/wp-json\/wp\/v2\/pages\/2003","targetHints":{"allow":["GET"]}}],"collection":[{"href":"https:\/\/www.betrisey.ch\/en\/wp-json\/wp\/v2\/pages"}],"about":[{"href":"https:\/\/www.betrisey.ch\/en\/wp-json\/wp\/v2\/types\/page"}],"author":[{"embeddable":true,"href":"https:\/\/www.betrisey.ch\/en\/wp-json\/wp\/v2\/users\/1"}],"replies":[{"embeddable":true,"href":"https:\/\/www.betrisey.ch\/en\/wp-json\/wp\/v2\/comments?post=2003"}],"version-history":[{"count":1,"href":"https:\/\/www.betrisey.ch\/en\/wp-json\/wp\/v2\/pages\/2003\/revisions"}],"predecessor-version":[{"id":2013,"href":"https:\/\/www.betrisey.ch\/en\/wp-json\/wp\/v2\/pages\/2003\/revisions\/2013"}],"wp:attachment":[{"href":"https:\/\/www.betrisey.ch\/en\/wp-json\/wp\/v2\/media?parent=2003"}],"curies":[{"name":"wp","href":"https:\/\/api.w.org\/{rel}","templated":true}]}}