{"id":2006,"date":"2022-06-09T05:24:33","date_gmt":"2022-06-09T05:24:33","guid":{"rendered":"https:\/\/2022.betrisey.ch\/?page_id=2006"},"modified":"2022-06-09T05:24:43","modified_gmt":"2022-06-09T05:24:43","slug":"tandem","status":"publish","type":"page","link":"https:\/\/www.betrisey.ch\/en\/tandem","title":{"rendered":"Tandem"},"content":{"rendered":"\n<p>Ce tandem peut r\u00e9soudre une question r\u00e9currente quand on le conduit en couple: savoir enfin qui p\u00e9dale plus que l&#8217;autre.<br>Il demande quand m\u00eame de bien s&#8217;entendre avant de partir car les guidons sont ind\u00e9pendants\u2026<\/p>\n\n\n\n<figure class=\"wp-block-image size-full\"><img decoding=\"async\" src=\"https:\/\/2022.betrisey.ch\/wp-content\/uploads\/2022\/05\/tandem.jpg\" alt=\"\" class=\"wp-image-255\"\/><\/figure>\n","protected":false},"excerpt":{"rendered":"<p>Ce tandem peut r\u00e9soudre une question r\u00e9currente quand on le conduit en couple: savoir enfin qui p\u00e9dale plus que l&#8217;autre.Il demande quand m\u00eame de bien s&#8217;entendre avant de partir car les guidons sont ind\u00e9pendants\u2026<\/p>\n","protected":false},"author":1,"featured_media":0,"parent":0,"menu_order":0,"comment_status":"closed","ping_status":"closed","template":"","meta":{"_acf_changed":false,"footnotes":""},"class_list":["post-2006","page","type-page","status-publish","hentry"],"acf":[],"_links":{"self":[{"href":"https:\/\/www.betrisey.ch\/en\/wp-json\/wp\/v2\/pages\/2006","targetHints":{"allow":["GET"]}}],"collection":[{"href":"https:\/\/www.betrisey.ch\/en\/wp-json\/wp\/v2\/pages"}],"about":[{"href":"https:\/\/www.betrisey.ch\/en\/wp-json\/wp\/v2\/types\/page"}],"author":[{"embeddable":true,"href":"https:\/\/www.betrisey.ch\/en\/wp-json\/wp\/v2\/users\/1"}],"replies":[{"embeddable":true,"href":"https:\/\/www.betrisey.ch\/en\/wp-json\/wp\/v2\/comments?post=2006"}],"version-history":[{"count":1,"href":"https:\/\/www.betrisey.ch\/en\/wp-json\/wp\/v2\/pages\/2006\/revisions"}],"predecessor-version":[{"id":2016,"href":"https:\/\/www.betrisey.ch\/en\/wp-json\/wp\/v2\/pages\/2006\/revisions\/2016"}],"wp:attachment":[{"href":"https:\/\/www.betrisey.ch\/en\/wp-json\/wp\/v2\/media?parent=2006"}],"curies":[{"name":"wp","href":"https:\/\/api.w.org\/{rel}","templated":true}]}}