{"id":2402,"date":"2023-06-23T13:16:25","date_gmt":"2023-06-23T13:16:25","guid":{"rendered":"https:\/\/www.betrisey.ch\/graveuse-laser-fraiseuse-cnc-et-imprimante-3d"},"modified":"2023-07-07T15:39:23","modified_gmt":"2023-07-07T15:39:23","slug":"graveuse-laser-fraiseuse-cnc-et-imprimante-3d","status":"publish","type":"page","link":"https:\/\/www.betrisey.ch\/en\/graveuse-laser-fraiseuse-cnc-et-imprimante-3d","title":{"rendered":"Graveuse laser, fraiseuse CNC et imprimante 3D"},"content":{"rendered":"\n<p>Projet en construction, seule la graveuse laser est actuellement op\u00e9rationelle. (juin 2023)<\/p>\n\n\n<div class=\"wp-block-image\">\n<figure class=\"aligncenter size-large\"><img loading=\"lazy\" decoding=\"async\" width=\"768\" height=\"1024\" src=\"https:\/\/www.betrisey.ch\/wp-content\/uploads\/2023\/06\/general-768x1024.jpg\" alt=\"\" class=\"wp-image-2381\" srcset=\"https:\/\/www.betrisey.ch\/wp-content\/uploads\/2023\/06\/general-768x1024.jpg 768w, https:\/\/www.betrisey.ch\/wp-content\/uploads\/2023\/06\/general-225x300.jpg 225w, https:\/\/www.betrisey.ch\/wp-content\/uploads\/2023\/06\/general.jpg 1000w\" sizes=\"auto, (max-width: 768px) 100vw, 768px\" \/><\/figure>\n<\/div>\n\n\n<p>Mon petit banc d&#8217;usinage perso, imagin\u00e9, con\u00e7u et fabriqu\u00e9 \u00e0 l&#8217;atelier.  90% du mat\u00e9riel provient de r\u00e9cup\u00e9rations diverses.<\/p>\n\n\n\n<figure class=\"wp-block-video\"><video height=\"1080\" style=\"aspect-ratio: 1920 \/ 1080;\" width=\"1920\" controls src=\"https:\/\/www.betrisey.ch\/wp-content\/uploads\/2023\/06\/graveuse.mp4\"><\/video><\/figure>\n\n\n\n<p>Les seules pi\u00e8ces achet\u00e9es furent le tube laser et son alimentation, le contr\u00f4leur et les moteurs, le refroidisseur, les pignons et cha\u00eenes. La fraiseuse sera situ\u00e9e \u00e0 gauche du tube laser.<\/p>\n\n\n\n<p>Une seule r\u00e8gle: le bonheur de concevoir, fabriquer, inventer, am\u00e9liorer, tester et employer.<\/p>\n\n\n\n<p>La terminer? Jamais: c&#8217;est ma symphonie inachev\u00e9e \u00e0 moi. Elle est destin\u00e9e \u00e0 se bonifier sans fin. <\/p>\n\n\n<div class=\"wp-block-image\">\n<figure class=\"aligncenter size-large\"><img loading=\"lazy\" decoding=\"async\" width=\"768\" height=\"1024\" src=\"https:\/\/www.betrisey.ch\/wp-content\/uploads\/2023\/06\/tube-768x1024.jpg\" alt=\"\" class=\"wp-image-2383\" srcset=\"https:\/\/www.betrisey.ch\/wp-content\/uploads\/2023\/06\/tube-768x1024.jpg 768w, https:\/\/www.betrisey.ch\/wp-content\/uploads\/2023\/06\/tube-225x300.jpg 225w, https:\/\/www.betrisey.ch\/wp-content\/uploads\/2023\/06\/tube.jpg 1000w\" sizes=\"auto, (max-width: 768px) 100vw, 768px\" \/><\/figure>\n<\/div>\n\n\n<p>Environ 250 kilos, laser CO2 de 50 Watts, filtration des fum\u00e9es par charbon actif, d\u00e9pla\u00e7able sur roulettes ou fix\u00e9e au sol, surface de travail traversante de 700 X 700, hauteur de travail de 500mm. Co\u00fbt total  d&#8217;environ 1200 francs ou euros. Deux mois de travail \u00e0 ce jour.<\/p>\n\n\n\n<p>La fabriquer demande une belle panoplie de connaissances diverses: m\u00e9canique, \u00e9lectricit\u00e9, \u00e9lectronique, hydraulique, pneumatique, programmation, conception et impressions 3D, optique, etc. Toutes sont li\u00e9es, rien ne peux fonctionner si une seule d&#8217;entre elles manque.<\/p>\n\n\n\n<figure class=\"wp-block-image size-full\"><img loading=\"lazy\" decoding=\"async\" width=\"1000\" height=\"750\" src=\"https:\/\/www.betrisey.ch\/wp-content\/uploads\/2023\/06\/groplan.jpg\" alt=\"\" class=\"wp-image-2388\" srcset=\"https:\/\/www.betrisey.ch\/wp-content\/uploads\/2023\/06\/groplan.jpg 1000w, https:\/\/www.betrisey.ch\/wp-content\/uploads\/2023\/06\/groplan-300x225.jpg 300w, https:\/\/www.betrisey.ch\/wp-content\/uploads\/2023\/06\/groplan-768x576.jpg 768w\" sizes=\"auto, (max-width: 1000px) 100vw, 1000px\" \/><figcaption class=\"wp-element-caption\">Table de travail<\/figcaption><\/figure>\n\n\n<div class=\"wp-block-image\">\n<figure class=\"aligncenter size-large\"><img loading=\"lazy\" decoding=\"async\" width=\"768\" height=\"1024\" src=\"https:\/\/www.betrisey.ch\/wp-content\/uploads\/2023\/06\/arg-768x1024.jpg\" alt=\"\" class=\"wp-image-2385\" srcset=\"https:\/\/www.betrisey.ch\/wp-content\/uploads\/2023\/06\/arg-768x1024.jpg 768w, https:\/\/www.betrisey.ch\/wp-content\/uploads\/2023\/06\/arg-225x300.jpg 225w, https:\/\/www.betrisey.ch\/wp-content\/uploads\/2023\/06\/arg.jpg 1000w\" sizes=\"auto, (max-width: 768px) 100vw, 768px\" \/><figcaption class=\"wp-element-caption\">Arri\u00e8re gauche<\/figcaption><\/figure>\n<\/div>\n\n<div class=\"wp-block-image\">\n<figure class=\"aligncenter size-large\"><img loading=\"lazy\" decoding=\"async\" width=\"768\" height=\"1024\" src=\"https:\/\/www.betrisey.ch\/wp-content\/uploads\/2023\/06\/ard-768x1024.jpg\" alt=\"\" class=\"wp-image-2386\" srcset=\"https:\/\/www.betrisey.ch\/wp-content\/uploads\/2023\/06\/ard-768x1024.jpg 768w, https:\/\/www.betrisey.ch\/wp-content\/uploads\/2023\/06\/ard-225x300.jpg 225w, https:\/\/www.betrisey.ch\/wp-content\/uploads\/2023\/06\/ard.jpg 1000w\" sizes=\"auto, (max-width: 768px) 100vw, 768px\" \/><figcaption class=\"wp-element-caption\">Arri\u00e8re droite<\/figcaption><\/figure>\n<\/div>\n\n<div class=\"wp-block-image\">\n<figure class=\"aligncenter size-full\"><img loading=\"lazy\" decoding=\"async\" width=\"1000\" height=\"750\" src=\"https:\/\/www.betrisey.ch\/wp-content\/uploads\/2023\/06\/front.jpg\" alt=\"\" class=\"wp-image-2387\" srcset=\"https:\/\/www.betrisey.ch\/wp-content\/uploads\/2023\/06\/front.jpg 1000w, https:\/\/www.betrisey.ch\/wp-content\/uploads\/2023\/06\/front-300x225.jpg 300w, https:\/\/www.betrisey.ch\/wp-content\/uploads\/2023\/06\/front-768x576.jpg 768w\" sizes=\"auto, (max-width: 1000px) 100vw, 1000px\" \/><figcaption class=\"wp-element-caption\">Face frontale<\/figcaption><\/figure>\n<\/div>\n\n<div class=\"wp-block-image\">\n<figure class=\"aligncenter size-full\"><img loading=\"lazy\" decoding=\"async\" width=\"500\" height=\"375\" src=\"https:\/\/www.betrisey.ch\/wp-content\/uploads\/2023\/06\/aspion-1.jpg\" alt=\"\" class=\"wp-image-2396\" srcset=\"https:\/\/www.betrisey.ch\/wp-content\/uploads\/2023\/06\/aspion-1.jpg 500w, https:\/\/www.betrisey.ch\/wp-content\/uploads\/2023\/06\/aspion-1-300x225.jpg 300w\" sizes=\"auto, (max-width: 500px) 100vw, 500px\" \/><figcaption class=\"wp-element-caption\">Aspiration des fum\u00e9es en fonctionnement.<\/figcaption><\/figure>\n<\/div>\n\n<div class=\"wp-block-image\">\n<figure class=\"aligncenter size-full\"><img loading=\"lazy\" decoding=\"async\" width=\"500\" height=\"375\" src=\"https:\/\/www.betrisey.ch\/wp-content\/uploads\/2023\/06\/asipoff-1.jpg\" alt=\"\" class=\"wp-image-2397\" srcset=\"https:\/\/www.betrisey.ch\/wp-content\/uploads\/2023\/06\/asipoff-1.jpg 500w, https:\/\/www.betrisey.ch\/wp-content\/uploads\/2023\/06\/asipoff-1-300x225.jpg 300w\" sizes=\"auto, (max-width: 500px) 100vw, 500px\" \/><figcaption class=\"wp-element-caption\">Aspiration de fum\u00e9e hors fonction.<\/figcaption><\/figure>\n<\/div>","protected":false},"excerpt":{"rendered":"<p>Projet en construction, seule la graveuse laser est actuellement op\u00e9rationelle. (juin 2023) Mon petit banc d&#8217;usinage perso, imagin\u00e9, con\u00e7u et fabriqu\u00e9 \u00e0 l&#8217;atelier. 90% du mat\u00e9riel provient de r\u00e9cup\u00e9rations diverses. Les seules pi\u00e8ces achet\u00e9es furent le tube laser et son alimentation, le contr\u00f4leur et les moteurs, le refroidisseur, les pignons et cha\u00eenes. La fraiseuse sera [&hellip;]<\/p>\n","protected":false},"author":2,"featured_media":0,"parent":0,"menu_order":0,"comment_status":"closed","ping_status":"closed","template":"","meta":{"_acf_changed":false,"footnotes":""},"class_list":["post-2402","page","type-page","status-publish","hentry"],"acf":[],"_links":{"self":[{"href":"https:\/\/www.betrisey.ch\/en\/wp-json\/wp\/v2\/pages\/2402","targetHints":{"allow":["GET"]}}],"collection":[{"href":"https:\/\/www.betrisey.ch\/en\/wp-json\/wp\/v2\/pages"}],"about":[{"href":"https:\/\/www.betrisey.ch\/en\/wp-json\/wp\/v2\/types\/page"}],"author":[{"embeddable":true,"href":"https:\/\/www.betrisey.ch\/en\/wp-json\/wp\/v2\/users\/2"}],"replies":[{"embeddable":true,"href":"https:\/\/www.betrisey.ch\/en\/wp-json\/wp\/v2\/comments?post=2402"}],"version-history":[{"count":3,"href":"https:\/\/www.betrisey.ch\/en\/wp-json\/wp\/v2\/pages\/2402\/revisions"}],"predecessor-version":[{"id":2411,"href":"https:\/\/www.betrisey.ch\/en\/wp-json\/wp\/v2\/pages\/2402\/revisions\/2411"}],"wp:attachment":[{"href":"https:\/\/www.betrisey.ch\/en\/wp-json\/wp\/v2\/media?parent=2402"}],"curies":[{"name":"wp","href":"https:\/\/api.w.org\/{rel}","templated":true}]}}