{"id":5188,"date":"2023-08-09T13:46:32","date_gmt":"2023-08-09T13:46:32","guid":{"rendered":"https:\/\/www.betrisey.ch\/clavier-pour-begue"},"modified":"2023-08-09T13:46:32","modified_gmt":"2023-08-09T13:46:32","slug":"clavier-pour-begue","status":"publish","type":"page","link":"https:\/\/www.betrisey.ch\/en\/clavier-pour-begue","title":{"rendered":"Clavier pour b\u00e8gue."},"content":{"rendered":"\n<figure class=\"wp-block-image size-large\"><img loading=\"lazy\" decoding=\"async\" width=\"1024\" height=\"426\" src=\"https:\/\/www.betrisey.ch\/wp-content\/uploads\/2023\/08\/clavier-begue-3-1024x426.jpg\" alt=\"\" class=\"wp-image-2574\" srcset=\"https:\/\/www.betrisey.ch\/wp-content\/uploads\/2023\/08\/clavier-begue-3-1024x426.jpg 1024w, https:\/\/www.betrisey.ch\/wp-content\/uploads\/2023\/08\/clavier-begue-3-300x125.jpg 300w, https:\/\/www.betrisey.ch\/wp-content\/uploads\/2023\/08\/clavier-begue-3-768x319.jpg 768w, https:\/\/www.betrisey.ch\/wp-content\/uploads\/2023\/08\/clavier-begue-3-1536x639.jpg 1536w, https:\/\/www.betrisey.ch\/wp-content\/uploads\/2023\/08\/clavier-begue-3-2048x852.jpg 2048w\" sizes=\"auto, (max-width: 1024px) 100vw, 1024px\" \/><\/figure>\n\n\n\n<p class=\"has-text-align-center\">Inclusif, mais pas si que \u00e7a: clavier pour b\u00e8gu.x.e suisse romand fan du FC Sion et poss\u00e9dant un Mac. Un exemplaire sign\u00e9 de l&#8217;auteur sera offert au tout premier qui remplira ces conditions.<\/p>\n","protected":false},"excerpt":{"rendered":"<p>Inclusif, mais pas si que \u00e7a: clavier pour b\u00e8gu.x.e suisse romand fan du FC Sion et poss\u00e9dant un Mac. Un exemplaire sign\u00e9 de l&#8217;auteur sera offert au tout premier qui remplira ces conditions.<\/p>\n","protected":false},"author":2,"featured_media":0,"parent":0,"menu_order":0,"comment_status":"closed","ping_status":"closed","template":"","meta":{"_acf_changed":false,"footnotes":""},"class_list":["post-5188","page","type-page","status-publish","hentry"],"acf":[],"_links":{"self":[{"href":"https:\/\/www.betrisey.ch\/en\/wp-json\/wp\/v2\/pages\/5188","targetHints":{"allow":["GET"]}}],"collection":[{"href":"https:\/\/www.betrisey.ch\/en\/wp-json\/wp\/v2\/pages"}],"about":[{"href":"https:\/\/www.betrisey.ch\/en\/wp-json\/wp\/v2\/types\/page"}],"author":[{"embeddable":true,"href":"https:\/\/www.betrisey.ch\/en\/wp-json\/wp\/v2\/users\/2"}],"replies":[{"embeddable":true,"href":"https:\/\/www.betrisey.ch\/en\/wp-json\/wp\/v2\/comments?post=5188"}],"version-history":[{"count":0,"href":"https:\/\/www.betrisey.ch\/en\/wp-json\/wp\/v2\/pages\/5188\/revisions"}],"wp:attachment":[{"href":"https:\/\/www.betrisey.ch\/en\/wp-json\/wp\/v2\/media?parent=5188"}],"curies":[{"name":"wp","href":"https:\/\/api.w.org\/{rel}","templated":true}]}}