{"id":6184,"date":"2025-11-03T07:54:34","date_gmt":"2025-11-03T07:54:34","guid":{"rendered":"https:\/\/www.betrisey.ch\/grammophone-steampunk"},"modified":"2025-11-05T13:15:41","modified_gmt":"2025-11-05T13:15:41","slug":"grammophone-steampunk","status":"publish","type":"page","link":"https:\/\/www.betrisey.ch\/en\/grammophone-steampunk","title":{"rendered":"Gramophone steampunk"},"content":{"rendered":"\n<p>Quelques pi\u00e8ces de lecteur 78 tours Paillard, Reinert, un chalumeau oxydrique, une t\u00eate d&#8217;obus de l&#8217;arm\u00e9e suisse, une trompette centenaire, une vieille lampe, des extraits de cha\u00eenes d&#8217;embouteillages et pas mal d&#8217;autres pi\u00e8ces dont j&#8217;ai oubli\u00e9 la provenance.<\/p>\n\n\n\n<figure class=\"wp-block-video\"><video height=\"1080\" style=\"aspect-ratio: 1920 \/ 1080;\" width=\"1920\" controls src=\"https:\/\/www.betrisey.ch\/wp-content\/uploads\/2025\/11\/78t-steampunk.mp4\"><\/video><\/figure>\n\n\n\n<p><\/p>\n\n\n\n<figure class=\"wp-block-image size-large\"><img loading=\"lazy\" decoding=\"async\" width=\"1024\" height=\"281\" src=\"https:\/\/www.betrisey.ch\/wp-content\/uploads\/2025\/11\/steampunks2-1024x281.jpg\" alt=\"\" class=\"wp-image-6195\" srcset=\"https:\/\/www.betrisey.ch\/wp-content\/uploads\/2025\/11\/steampunks2-1024x281.jpg 1024w, https:\/\/www.betrisey.ch\/wp-content\/uploads\/2025\/11\/steampunks2-300x82.jpg 300w, https:\/\/www.betrisey.ch\/wp-content\/uploads\/2025\/11\/steampunks2-768x211.jpg 768w, https:\/\/www.betrisey.ch\/wp-content\/uploads\/2025\/11\/steampunks2-1536x421.jpg 1536w, https:\/\/www.betrisey.ch\/wp-content\/uploads\/2025\/11\/steampunks2-2048x562.jpg 2048w\" sizes=\"auto, (max-width: 1024px) 100vw, 1024px\" \/><\/figure>\n\n\n\n<p class=\"has-text-align-center\">Ici, plac\u00e9e \u00e0 c\u00f4t\u00e9 de l&#8217;<a href=\"https:\/\/www.betrisey.ch\/platine-vinyles-steampunk\">Inachev\u00e9e<\/a><\/p>\n\n\n\n<p><\/p>\n","protected":false},"excerpt":{"rendered":"<p>Quelques pi\u00e8ces de lecteur 78 tours Paillard, Reinert, un chalumeau oxydrique, une t\u00eate d&#8217;obus de l&#8217;arm\u00e9e suisse, une trompette centenaire, une vieille lampe, des extraits de cha\u00eenes d&#8217;embouteillages et pas mal d&#8217;autres pi\u00e8ces dont j&#8217;ai oubli\u00e9 la provenance. Ici, plac\u00e9e \u00e0 c\u00f4t\u00e9 de l&#8217;Inachev\u00e9e<\/p>\n","protected":false},"author":2,"featured_media":0,"parent":0,"menu_order":0,"comment_status":"closed","ping_status":"closed","template":"","meta":{"_acf_changed":false,"footnotes":""},"class_list":["post-6184","page","type-page","status-publish","hentry"],"acf":[],"_links":{"self":[{"href":"https:\/\/www.betrisey.ch\/en\/wp-json\/wp\/v2\/pages\/6184","targetHints":{"allow":["GET"]}}],"collection":[{"href":"https:\/\/www.betrisey.ch\/en\/wp-json\/wp\/v2\/pages"}],"about":[{"href":"https:\/\/www.betrisey.ch\/en\/wp-json\/wp\/v2\/types\/page"}],"author":[{"embeddable":true,"href":"https:\/\/www.betrisey.ch\/en\/wp-json\/wp\/v2\/users\/2"}],"replies":[{"embeddable":true,"href":"https:\/\/www.betrisey.ch\/en\/wp-json\/wp\/v2\/comments?post=6184"}],"version-history":[{"count":3,"href":"https:\/\/www.betrisey.ch\/en\/wp-json\/wp\/v2\/pages\/6184\/revisions"}],"predecessor-version":[{"id":6205,"href":"https:\/\/www.betrisey.ch\/en\/wp-json\/wp\/v2\/pages\/6184\/revisions\/6205"}],"wp:attachment":[{"href":"https:\/\/www.betrisey.ch\/en\/wp-json\/wp\/v2\/media?parent=6184"}],"curies":[{"name":"wp","href":"https:\/\/api.w.org\/{rel}","templated":true}]}}