{"id":5230,"date":"2022-04-28T05:37:35","date_gmt":"2022-04-28T05:37:35","guid":{"rendered":"https:\/\/www.betrisey.ch\/malevoz"},"modified":"2025-01-28T09:01:51","modified_gmt":"2025-01-28T09:01:51","slug":"malevoz","status":"publish","type":"page","link":"https:\/\/www.betrisey.ch\/es\/malevoz","title":{"rendered":"L&#8217;Anachrone"},"content":{"rendered":"\n\n<p class=\"has-medium-font-size\"><strong>Reloj de m\u00e1rmol<\/strong><\/p>\n\n\n\n\n\n<figure class=\"wp-block-image\"><img decoding=\"async\" src=\"https:\/\/2022.betrisey.ch\/wp-content\/uploads\/2022\/05\/1ana.jpg\" alt=\"\"\/><figcaption>Derechos de autor <a href=\"https:\/\/chmorgan.com\/\">Chris Morgan<\/a>. <\/figcaption><\/figure>\n\n\n\n\n\n<figure class=\"wp-block-video\"><video height=\"576\" style=\"aspect-ratio: 720 \/ 576;\" width=\"720\" controls src=\"https:\/\/2022.betrisey.ch\/wp-content\/uploads\/2022\/05\/anavideo.mp4\"><\/video><\/figure>\n\n\n\n\n\n<p>Se trata de un reloj mec\u00e1nico en el que cada funci\u00f3n es realizada por bolas.<\/p>\n\n\n\n\n\n<p><strong>El motor del p\u00e9ndulo:<\/strong><br>Cada bola que cae empuja el p\u00e9ndulo en la direcci\u00f3n de oscilaci\u00f3n por su propia gravedad. Como el p\u00e9ndulo tiene un metro de longitud, suelta una bola por segundo.<br>Cae sobre la aguja del escape cuando el volante est\u00e1 vertical, y rueda hacia la derecha cuando el volante est\u00e1 a la derecha. La siguiente rueda hacia la izquierda, y as\u00ed sucesivamente..<br>Entonces llega el primer problema que hay que resolver: evitar que el peso de todas las bolas situadas antes de la rampa afecte a la precisi\u00f3n del motor. Por eso llegan por detr\u00e1s en \u00e1ngulo recto. El peso de todas las bolas situadas aguas arriba se pierde entonces contra un tope. Por ello, fue necesario acumular cinco topes en \u00e1ngulo recto para repartir mejor el par de presi\u00f3n.<\/p>\n\n\n\n\n\n<p><br><strong>El volante:<\/strong><br>Para poner en marcha el reloj, basta con soltar el p\u00e9ndulo para que la oscilaci\u00f3n inicial sea lo suficientemente amplia como para permitir el paso de una bola. Se suelta y ya est\u00e1. Esta funci\u00f3n se conf\u00eda a una palanca que permite una oscilaci\u00f3n inicial perfectamente alineada con el eje del p\u00e9ndulo.<br>En cuanto se suelta, el p\u00e9ndulo es movido por las bolas de los segundos. La oscilaci\u00f3n aumenta progresivamente, estabiliz\u00e1ndose al cabo de diez minutos. El aumento de amplitud es de unos dos cent\u00edmetros y ya no var\u00eda.<br>La base de tiempo viene dada por la longitud del volante. El propio volante se mecaniz\u00f3 a partir de un lingote de lat\u00f3n de 17 kilos para garantizar una inercia suficiente. El ajuste grueso se consigue enroscando o desenroscando el tornillo superior, que sube o baja toda la masa del volante. El ajuste fino se realiza enroscando o desenroscando la peque\u00f1a pesa graduada situada en la parte inferior.<\/p>\n\n\n\n\n\n<p><br><strong>El marco:<\/strong><br>Su tama\u00f1o se determin\u00f3 en funci\u00f3n del tama\u00f1o de las bolas: sesenta bolas de veinte mil\u00edmetros hacen un total incompresible de un metro veinte. A\u00f1adamos treinta cent\u00edmetros en la parte superior para el escape del motor, veinte cent\u00edmetros m\u00e1s arriba a\u00fan para la reserva de bolas, diez cent\u00edmetros para las lunaciones y cincuenta cent\u00edmetros m\u00e1s abajo para toda la mec\u00e1nica en la parte inferior. Es decir, una altura m\u00ednima de dos metros veinte.<\/p>\n\n\n\n\n\n<p><br><strong>La b\u00fasqueda del minuto perdido<\/strong><br>Cada segundo cae una bola en un tubo que puede contener 59 de ellas. La bola de sesenta segundos rueda sobre las otras cincuenta y nueve e inicia la ca\u00edda que le dar\u00e1 la energ\u00eda suficiente para desbloquear la v\u00e1lvula del fondo. Por el camino, acciona una palanca que bloquea moment\u00e1neamente la llegada de las segundas para evitar que las canicas entrantes se mezclen con las salientes, y luego sigue su camino, cayendo un buen metro hasta chocar con una palanca y liberar las cincuenta y nueve segundas. All\u00ed, la energ\u00eda de todos esos segundos perdidos se recupera para desbloquear una bola que espera aguas arriba del escape. La bola cae sobre la palanca que bloqueaba la entrada de los segundos, liber\u00e1ndolos al mismo tiempo. Luego rueda hacia el tubo de los minutos. As\u00ed de sencillo.<br>El mismo proceso se repite para las horas: la bola supernumeraria rueda sobre los 59 minutos, cae y toma la energ\u00eda suficiente para desbloquearlos, luego su peso sobre la v\u00e1lvula inferior libera una bola que espera y que caer\u00e1 en el tubo de las horas.<br>El \u00faltimo problema que hab\u00eda que resolver para los d\u00edas de la semana y las lunaciones era recuperar suficiente energ\u00eda de la ca\u00edda de las veintitr\u00e9s horas a medianoche para activar, mediante palancas y un contrapeso, el disco para los d\u00edas de la semana y la bola para las lunaciones.<\/p>\n\n\n\n\n\n<p><br><strong>Elevaci\u00f3n de las bolas:<\/strong><br>Al final, el principio que eleg\u00ed requiri\u00f3 mucho m\u00e1s trabajo que otra cosa, porque ten\u00eda que ser sencillo, fiable y, sobre todo, no ocupar espacio. Decid\u00ed hacer rodar las bolas en un cilindro con tres ranuras y un muelle alrededor. Se acabaron los problemas de atascos, ocupaba menos espacio y era fiable a toda prueba.<\/p>\n\n\n\n\n\n<p><br><strong>Boom de regulaci\u00f3n de excedentes:<\/strong><br>Ahora hab\u00eda otras preocupaciones. Si las bolas sub\u00edan aleatoriamente, hab\u00eda que regular su n\u00famero para que siempre hubiera suficientes en la rampa anterior al escape, pero no demasiadas. As\u00ed que ten\u00eda que haber algo m\u00e1s de sesenta bolas subiendo por minuto, y el excedente ten\u00eda que poder escapar por un orificio reglamentario. As\u00ed es como funciona: cuando la rampa no est\u00e1 completamente llena, las bolas pasan por una curva sin detenerse debido a su fuerza centr\u00edfuga. Cuando la rampa est\u00e1 llena, rebotan y caen a trav\u00e9s del muelle en espiral hacia abajo en la bandeja inferior. Una vez m\u00e1s, la fuerza centr\u00edfuga las obliga a girar en el muelle. El n\u00famero total de bolas en el reloj se determina a medianoche, cuando todas las probetas de horas, minutos y segundos est\u00e1n llenas (144 bolas). Tambi\u00e9n tenemos unas 210 bolas en el muelle espiral ascendente y a\u00fan debemos asegurar una reserva de 100 bolas en la rampa, lo que hace un total de 450 bolas.<\/p>\n\n\n\n\n\n<p><br><strong>Lunas y d\u00edas de la semana:<\/strong><br>Los ciclos de la luna y el cambio de los d\u00edas de la semana se realizan recuperando la energ\u00eda de la ca\u00edda de las 23 bolas desde las horas hasta la medianoche. Al caer, empujan una palanca que realiza todas estas funciones. La palanca es devuelta por un contrapeso ajustado para que sea apenas m\u00e1s ligero que la suma de las 23 bolas. Los d\u00edas de la semana, las lunaciones y la cuerda de las bolas son las \u00fanicas piezas giratorias de todo el reloj.<\/p>\n\n\n\n\n\n<p><br><strong>Puesta a cero de la hora:<\/strong><br>Todos los relojes deben disponer de un mecanismo de cuerda para poder ponerlos a cero, cambiarlos al horario de verano, etc. En este reloj, ocho peque\u00f1as palancas realizan estas ocho funciones diferentes:<\/p>\n\n\n\n\n\n<p><br>1) Liberar el segundero. <\/p>\n\n\n\n\n\n<p>2) Vaciar los segundos <\/p>\n\n\n\n\n\n<p>3) A\u00f1adir un minuto <\/p>\n\n\n\n\n\n<p>4) Desbloquear los minutos <\/p>\n\n\n\n\n\n<p>5) Vaciar los minutos <\/p>\n\n\n\n\n\n<p>6) A\u00f1adir una hora <\/p>\n\n\n\n\n\n<p>7) Vaciar las horas <\/p>\n\n\n\n\n\n<p>8) Adelantar d\u00edas y lunares<\/p>\n\n\n\n\n\n<p><br>Para vaciar los segundos, primero debe poder desbloquearlos. Para ello, presione hacia abajo la peque\u00f1a palanca n\u00b01 (desbloquear segundos) que presiona hacia abajo en el mismo lugar que la bola de los minutos. Si la probeta de los segundos est\u00e1 llena, el peso de las bolas es superior al contrapeso, por lo que se vaciar\u00e1n solas. Pero esto no ocurrir\u00e1 si, por ejemplo, la probeta est\u00e1 medio llena. As\u00ed que la palanca n\u00ba 2 (vaciar los segundos) compensar\u00e1 esta falta de peso. La funci\u00f3n n\u00ba 3 (a\u00f1adir un minuto) se complica un poco m\u00e1s porque se injertar\u00e1 en la funci\u00f3n de liberar la bola de minutos. Por lo tanto, fue necesario construir un embrague (con bolas, por supuesto) en el eje de la v\u00e1lvula de segundos, y luego una transmisi\u00f3n del esfuerzo mec\u00e1nico de la palanca. Cuando el reloj funciona y la v\u00e1lvula de segundos se abre, la palanca de adici\u00f3n de minutos tambi\u00e9n gira. Sin embargo, si se acciona manualmente, la v\u00e1lvula no se abrir\u00e1 debido al embrague. Las funciones 4, 5 y 6 (desbloquear los minutos\/vaciar los minutos\/a\u00f1adir una hora) siguen exactamente el mismo patr\u00f3n y, por lo tanto, no necesitan m\u00e1s explicaciones. La s\u00e9ptima funci\u00f3n (vaciar las horas) es la m\u00e1s sencilla de todas porque el mecanismo es diferente y no hay nada que a\u00f1adir despu\u00e9s de las horas. (Los valientes que han le\u00eddo todo, incluida esta frase, merecen realmente toda mi admiraci\u00f3n: respeto) &#8230;En cuanto al octavo bot\u00f3n, (avanzar los d\u00edas y las lunas), simplemente simula el peso de las 23 bolas que caen a medianoche.<\/p>\n\n\n\n\n\n<figure class=\"wp-block-video\"><video height=\"1280\" style=\"aspect-ratio: 720 \/ 1280;\" width=\"720\" controls src=\"https:\/\/2022.betrisey.ch\/wp-content\/uploads\/2022\/05\/malevchris.mp4\"><\/video><figcaption>Copyright <a href=\"https:\/\/chmorgan.com\/\">Chris Morgan<\/a>.<\/figcaption><\/figure>\n\n\n\n\n\n<p><\/p>\n\n\n\n\n\n<p><\/p>\n\n\n\n\n\n<p><\/p>\n\n\n\n\n\n<p><\/p>\n\n\n\n\n\n<p><\/p>\n\n\n\n\n\n<p><\/p>\n\n\n\n\n\n<p><\/p>\n\n\n\n\n\n<p><\/p>\n\n\n\n\n\n<p><\/p>\n\n\n\n\n\n<p><\/p>\n\n\n\n\n\n<p><\/p>\n\n\n\n\n\n<p><\/p>\n\n\n\n\n\n<p><\/p>\n\n\n\n\n\n<p><\/p>\n\n\n\n\n\n<p><\/p>\n\n\n\n\n\n<p><\/p>\n\n\n\n\n\n<p><\/p>\n\n\n\n\n\n<p><\/p>\n\n\n\n\n\n<p><\/p>\n\n\n\n\n\n<p><\/p>\n\n\n\n\n\n<p><\/p>\n\n\n\n\n\n<p><\/p>\n\n\n\n\n\n<p><\/p>\n\n\n\n\n\n<p><\/p>\n\n\n\n\n\n<p><\/p>\n\n\n\n\n\n<p><\/p>\n\n\n\n\n\n<p><\/p>\n\n\n\n\n\n<p><\/p>\n\n\n\n\n\n<p><\/p>\n\n\n\n\n\n<p><\/p>\n\n\n\n\n\n<p><\/p>\n\n\n\n\n\n<p><\/p>\n\n\n\n\n\n<p><\/p>\n\n\n\n\n\n<p><\/p>\n\n\n\n\n\n<p><\/p>\n\n\n\n\n\n<p><\/p>\n\n\n\n\n\n<p><\/p>\n\n\n\n\n\n<p><\/p>\n\n\n\n\n\n<p><\/p>\n\n","protected":false},"excerpt":{"rendered":"<p>Reloj de m\u00e1rmol Se trata de un reloj mec\u00e1nico en el que cada funci\u00f3n es realizada por bolas. El motor del p\u00e9ndulo:Cada bola que cae empuja el p\u00e9ndulo en la direcci\u00f3n de oscilaci\u00f3n por su propia gravedad. Como el p\u00e9ndulo tiene un metro de longitud, suelta una bola por segundo.Cae sobre la aguja del escape [&hellip;]<\/p>\n","protected":false},"author":2,"featured_media":0,"parent":0,"menu_order":0,"comment_status":"closed","ping_status":"open","template":"","meta":{"_acf_changed":false,"footnotes":""},"class_list":["post-5230","page","type-page","status-publish","hentry"],"acf":[],"_links":{"self":[{"href":"https:\/\/www.betrisey.ch\/es\/wp-json\/wp\/v2\/pages\/5230","targetHints":{"allow":["GET"]}}],"collection":[{"href":"https:\/\/www.betrisey.ch\/es\/wp-json\/wp\/v2\/pages"}],"about":[{"href":"https:\/\/www.betrisey.ch\/es\/wp-json\/wp\/v2\/types\/page"}],"author":[{"embeddable":true,"href":"https:\/\/www.betrisey.ch\/es\/wp-json\/wp\/v2\/users\/2"}],"replies":[{"embeddable":true,"href":"https:\/\/www.betrisey.ch\/es\/wp-json\/wp\/v2\/comments?post=5230"}],"version-history":[{"count":1,"href":"https:\/\/www.betrisey.ch\/es\/wp-json\/wp\/v2\/pages\/5230\/revisions"}],"predecessor-version":[{"id":5231,"href":"https:\/\/www.betrisey.ch\/es\/wp-json\/wp\/v2\/pages\/5230\/revisions\/5231"}],"wp:attachment":[{"href":"https:\/\/www.betrisey.ch\/es\/wp-json\/wp\/v2\/media?parent=5230"}],"curies":[{"name":"wp","href":"https:\/\/api.w.org\/{rel}","templated":true}]}}