{"id":5243,"date":"2022-04-28T05:55:17","date_gmt":"2022-04-28T05:55:17","guid":{"rendered":"https:\/\/www.betrisey.ch\/florence"},"modified":"2025-01-28T09:10:34","modified_gmt":"2025-01-28T09:10:34","slug":"florence","status":"publish","type":"page","link":"https:\/\/www.betrisey.ch\/es\/florence","title":{"rendered":"Florencia"},"content":{"rendered":"\n\n<p class=\"has-medium-font-size\"><strong>Reloj de canicas.<\/strong><\/p>\n\n\n\n\n\n<p>Un reloj dise\u00f1ado para recuperar la m\u00e1xima energ\u00eda posible de la ca\u00edda de una bola por hora.<br>El orden de cuerda se da siempre que la aguja de los minutos est\u00e1 vertical: una varilla levanta la bola del fondo, aparta otras cinco dispuestas en c\u00edrculo y luego empuja una peque\u00f1a columna de bolas dentro de un tubo de cristal. Las cinco bolas se cierran detr\u00e1s, impidiendo que las bolas de la columna vuelvan a caer. Cada hora, la canica situada en la parte superior del tubo de cristal rueda por un laberinto formado por 4 rejillas y 4 clavos. Cada vez que lo hace, empuja la rueda de equilibrio en la direcci\u00f3n de oscilaci\u00f3n, antes de aterrizar finalmente en la parte inferior del mecanismo, donde espera la hora siguiente.<br>Otro sensor cuenta los pasos del volante y env\u00eda sus impulsos al segundero. El chasis es triangular para evitar cualquier torsi\u00f3n que anular\u00eda la inercia del volante. La precisi\u00f3n obtenida es del orden de menos de diez segundos de desfase al mes.<\/p>\n\n\n\n<div class=\"wp-block-image\">\n\n<figure class=\"aligncenter size-large\"><img loading=\"lazy\" decoding=\"async\" width=\"684\" height=\"1024\" src=\"https:\/\/2022.betrisey.ch\/wp-content\/uploads\/2022\/05\/1flo-684x1024.jpg\" alt=\"\" class=\"wp-image-92\" srcset=\"https:\/\/www.betrisey.ch\/wp-content\/uploads\/2022\/05\/1flo-684x1024.jpg 684w, https:\/\/www.betrisey.ch\/wp-content\/uploads\/2022\/05\/1flo-200x300.jpg 200w, https:\/\/www.betrisey.ch\/wp-content\/uploads\/2022\/05\/1flo-768x1150.jpg 768w, https:\/\/www.betrisey.ch\/wp-content\/uploads\/2022\/05\/1flo.jpg 1000w\" sizes=\"auto, (max-width: 684px) 100vw, 684px\" \/><figcaption>Copyright <a href=\"https:\/\/chmorgan.com\">Chris Morgan<\/a><\/figcaption><\/figure>\n<\/div>\n\n\n\n\n<figure class=\"wp-block-video\"><video height=\"1080\" style=\"aspect-ratio: 1920 \/ 1080;\" width=\"1920\" controls src=\"https:\/\/2022.betrisey.ch\/wp-content\/uploads\/2022\/05\/florence-1.mp4\"><\/video><\/figure>\n\n\n\n\n\n<p><\/p>\n\n\n\n\n\n<p><\/p>\n\n\n\n\n\n<p><\/p>\n\n\n\n\n\n<p>A los que les gusten las cosas t\u00e9cnicas pueden ir <strong><a href=\"https:\/\/2022.betrisey.ch\/florence-technique\" data-type=\"page\" data-id=\"1283\">aqu\u00ed<\/a><\/strong><\/p>\n\n\n\n\n\n<p><\/p>\n\n\n\n\n\n<p><\/p>\n\n\n\n\n\n<p><\/p>\n\n\n\n\n\n<p><\/p>\n\n\n\n\n\n<p><\/p>\n\n\n\n\n\n<p><\/p>\n\n\n\n\n\n<p><\/p>\n\n","protected":false},"excerpt":{"rendered":"<p>Reloj de canicas. Un reloj dise\u00f1ado para recuperar la m\u00e1xima energ\u00eda posible de la ca\u00edda de una bola por hora.El orden de cuerda se da siempre que la aguja de los minutos est\u00e1 vertical: una varilla levanta la bola del fondo, aparta otras cinco dispuestas en c\u00edrculo y luego empuja una peque\u00f1a columna de bolas [&hellip;]<\/p>\n","protected":false},"author":1,"featured_media":0,"parent":0,"menu_order":0,"comment_status":"closed","ping_status":"closed","template":"","meta":{"_acf_changed":false,"footnotes":""},"class_list":["post-5243","page","type-page","status-publish","hentry"],"acf":[],"_links":{"self":[{"href":"https:\/\/www.betrisey.ch\/es\/wp-json\/wp\/v2\/pages\/5243","targetHints":{"allow":["GET"]}}],"collection":[{"href":"https:\/\/www.betrisey.ch\/es\/wp-json\/wp\/v2\/pages"}],"about":[{"href":"https:\/\/www.betrisey.ch\/es\/wp-json\/wp\/v2\/types\/page"}],"author":[{"embeddable":true,"href":"https:\/\/www.betrisey.ch\/es\/wp-json\/wp\/v2\/users\/1"}],"replies":[{"embeddable":true,"href":"https:\/\/www.betrisey.ch\/es\/wp-json\/wp\/v2\/comments?post=5243"}],"version-history":[{"count":1,"href":"https:\/\/www.betrisey.ch\/es\/wp-json\/wp\/v2\/pages\/5243\/revisions"}],"predecessor-version":[{"id":5244,"href":"https:\/\/www.betrisey.ch\/es\/wp-json\/wp\/v2\/pages\/5243\/revisions\/5244"}],"wp:attachment":[{"href":"https:\/\/www.betrisey.ch\/es\/wp-json\/wp\/v2\/media?parent=5243"}],"curies":[{"name":"wp","href":"https:\/\/api.w.org\/{rel}","templated":true}]}}