{"id":5249,"date":"2022-05-18T13:47:30","date_gmt":"2022-05-18T13:47:30","guid":{"rendered":"https:\/\/www.betrisey.ch\/le-chronolithe"},"modified":"2025-01-28T09:14:39","modified_gmt":"2025-01-28T09:14:39","slug":"le-chronolithe","status":"publish","type":"page","link":"https:\/\/www.betrisey.ch\/es\/le-chronolithe","title":{"rendered":"El cronolito"},"content":{"rendered":"\n\n<p class=\"has-medium-font-size\"><strong>P\u00e9ndulo impulsado por la luz.<\/strong><\/p>\n\n\n\n\n\n<p>Fue el primer reloj radiom\u00e9trico que existi\u00f3: dos l\u00e1mparas situadas a ambos lados del p\u00e9ndulo se encienden alternativamente, empujando cada vez el p\u00e9ndulo. La fuerza radiom\u00e9trica act\u00faa como motor del p\u00e9ndulo, pero tambi\u00e9n como freno, regulando su amplitud dentro de un margen muy preciso. El interior del tubo est\u00e1 evacuado, con un vac\u00edo de unos 0,01 bares. La balanza se pone en marcha mediante un im\u00e1n colocado cerca del cristal. El p\u00e9ndulo oscila a una frecuencia de un segundo, y la base de tiempos se ajusta con precisi\u00f3n desde el exterior haciendo girar las 4 pesas planetarias alrededor de la esfera de la balanza utilizando el mismo im\u00e1n. As\u00ed se evita tener que llenarla de aire, desmontar el reloj y volver a crear el vac\u00edo para cada ajuste. El reloj consta de un tubo de vidrio, un p\u00e9ndulo, unas l\u00e1minas de mica, dos rel\u00e9s y un mecanismo de accionamiento manual: eso es todo. Se monta sin tornillos ni pernos y se mantiene unido s\u00f3lo por la fuerza de 7,7 toneladas de presi\u00f3n atmosf\u00e9rica. Para desmontarlo, basta con dejar entrar aire en el tubo.<br>En aquella \u00e9poca, ten\u00eda una precisi\u00f3n de 2 segundos al mes. Era tan preciso que el 3 de febrero de 2002 registr\u00f3 en Suiza el terremoto de Afyon (Turqu\u00eda), as\u00ed como su r\u00e9plica dos horas m\u00e1s tarde. El p\u00e9ndulo, que era m\u00e1s un experimento cient\u00edfico que un reloj, se expuso durante un a\u00f1o en el Museo de Relojer\u00eda de La Chaux-De-Fonds, y luego se desarm\u00f3 en 2010: no ha vuelto a funcionar desde entonces.<\/p>\n\n\n\n\n\n<p><\/p>\n\n\n\n<div class=\"wp-block-image\">\n\n<figure class=\"aligncenter size-large\"><img loading=\"lazy\" decoding=\"async\" width=\"684\" height=\"1024\" src=\"https:\/\/2022.betrisey.ch\/wp-content\/uploads\/2022\/05\/1chrono-684x1024.jpeg\" alt=\"\" class=\"wp-image-1175\" srcset=\"https:\/\/www.betrisey.ch\/wp-content\/uploads\/2022\/05\/1chrono-684x1024.jpeg 684w, https:\/\/www.betrisey.ch\/wp-content\/uploads\/2022\/05\/1chrono-200x300.jpeg 200w, https:\/\/www.betrisey.ch\/wp-content\/uploads\/2022\/05\/1chrono-768x1150.jpeg 768w, https:\/\/www.betrisey.ch\/wp-content\/uploads\/2022\/05\/1chrono.jpeg 1000w\" sizes=\"auto, (max-width: 684px) 100vw, 684px\" \/><figcaption>Copyright <a href=\"https:\/\/chmorgan.com\/\">Chris Morgan<\/a>.<\/figcaption><\/figure>\n<\/div>\n\n\n\n\n<figure class=\"wp-block-video\"><video height=\"720\" style=\"aspect-ratio: 1280 \/ 720;\" width=\"1280\" controls src=\"https:\/\/2022.betrisey.ch\/wp-content\/uploads\/2022\/05\/chrono.mp4\"><\/video><\/figure>\n\n\n\n<div class=\"wp-block-image\">\n\n<figure class=\"aligncenter size-large\"><img loading=\"lazy\" decoding=\"async\" width=\"413\" height=\"1024\" src=\"https:\/\/2022.betrisey.ch\/wp-content\/uploads\/2022\/05\/SCANNEGA-413x1024.jpg\" alt=\"\" class=\"wp-image-1176\" srcset=\"https:\/\/www.betrisey.ch\/wp-content\/uploads\/2022\/05\/SCANNEGA-413x1024.jpg 413w, https:\/\/www.betrisey.ch\/wp-content\/uploads\/2022\/05\/SCANNEGA-121x300.jpg 121w, https:\/\/www.betrisey.ch\/wp-content\/uploads\/2022\/05\/SCANNEGA-768x1904.jpg 768w, https:\/\/www.betrisey.ch\/wp-content\/uploads\/2022\/05\/SCANNEGA-620x1536.jpg 620w, https:\/\/www.betrisey.ch\/wp-content\/uploads\/2022\/05\/SCANNEGA-826x2048.jpg 826w, https:\/\/www.betrisey.ch\/wp-content\/uploads\/2022\/05\/SCANNEGA-scaled.jpg 1033w\" sizes=\"auto, (max-width: 413px) 100vw, 413px\" \/><\/figure>\n<\/div>\n\n\n\n\n<p>Los interesados en los aspectos t\u00e9cnicos lo tendr\u00e1n m\u00e1s f\u00e1cil <a href=\"https:\/\/2022.betrisey.ch\/chronolithe-technique\" data-type=\"page\" data-id=\"1183\">aqu\u00ed<\/a><\/p>\n\n\n\n\n\n<p><\/p>\n\n\n\n\n\n<p><\/p>\n\n\n\n\n\n<p><\/p>\n\n","protected":false},"excerpt":{"rendered":"<p>P\u00e9ndulo impulsado por la luz. Fue el primer reloj radiom\u00e9trico que existi\u00f3: dos l\u00e1mparas situadas a ambos lados del p\u00e9ndulo se encienden alternativamente, empujando cada vez el p\u00e9ndulo. La fuerza radiom\u00e9trica act\u00faa como motor del p\u00e9ndulo, pero tambi\u00e9n como freno, regulando su amplitud dentro de un margen muy preciso. El interior del tubo est\u00e1 evacuado, [&hellip;]<\/p>\n","protected":false},"author":2,"featured_media":0,"parent":0,"menu_order":0,"comment_status":"closed","ping_status":"closed","template":"","meta":{"_acf_changed":false,"footnotes":""},"class_list":["post-5249","page","type-page","status-publish","hentry"],"acf":[],"_links":{"self":[{"href":"https:\/\/www.betrisey.ch\/es\/wp-json\/wp\/v2\/pages\/5249","targetHints":{"allow":["GET"]}}],"collection":[{"href":"https:\/\/www.betrisey.ch\/es\/wp-json\/wp\/v2\/pages"}],"about":[{"href":"https:\/\/www.betrisey.ch\/es\/wp-json\/wp\/v2\/types\/page"}],"author":[{"embeddable":true,"href":"https:\/\/www.betrisey.ch\/es\/wp-json\/wp\/v2\/users\/2"}],"replies":[{"embeddable":true,"href":"https:\/\/www.betrisey.ch\/es\/wp-json\/wp\/v2\/comments?post=5249"}],"version-history":[{"count":1,"href":"https:\/\/www.betrisey.ch\/es\/wp-json\/wp\/v2\/pages\/5249\/revisions"}],"predecessor-version":[{"id":5250,"href":"https:\/\/www.betrisey.ch\/es\/wp-json\/wp\/v2\/pages\/5249\/revisions\/5250"}],"wp:attachment":[{"href":"https:\/\/www.betrisey.ch\/es\/wp-json\/wp\/v2\/media?parent=5249"}],"curies":[{"name":"wp","href":"https:\/\/api.w.org\/{rel}","templated":true}]}}