{"id":5255,"date":"2022-05-18T15:24:49","date_gmt":"2022-05-18T15:24:49","guid":{"rendered":"https:\/\/www.betrisey.ch\/conti"},"modified":"2025-01-30T07:46:12","modified_gmt":"2025-01-30T07:46:12","slug":"conti","status":"publish","type":"page","link":"https:\/\/www.betrisey.ch\/es\/conti","title":{"rendered":"Conti"},"content":{"rendered":"\n\n<p class=\"has-medium-font-size\"><strong>Reloj radiom\u00e9trico.<\/strong><\/p>\n\n\n\n\n\n<p>Este p\u00e9ndulo utiliza el mismo principio que el Chronolith, pero con mejoras como suspensiones de cuchilla en lugar de muelles, gu\u00eda l\u00e1ser y resistencia al agua mejorada. Dos l\u00e1mparas situadas a ambos lados del p\u00e9ndulo se encienden alternativamente, \u00abempujando\u00bb el p\u00e9ndulo cada vez seg\u00fan el principio <a href=\"https:\/\/fr.wikipedia.org\/wiki\/Radiom\u00e8tre_de_Crookes\">del radi\u00f3metro de Crooks<\/a>. El interior del tubo est\u00e1 sometido a un vac\u00edo de unos 0,01 bares. Todo el reloj est\u00e1 montado sin tornillos ni pernos, y se mantiene unido \u00fanicamente por las 7,7 toneladas de presi\u00f3n atmosf\u00e9rica ejercida sobre la pared de cristal. Para desmontarlo, basta con dejar entrar aire en el tubo.<br>Su prop\u00f3sito era convertirse finalmente en un p\u00e9ndulo fot\u00f3nico el d\u00eda que dispusiera de una bomba de vac\u00edo capaz de garantizar un vac\u00edo perfecto en su interior, pero nunca he podido permitirme una.<br>Este reloj fue degradado a p\u00e9ndulo electromagn\u00e9tico en 2010, pero a\u00fan puede funcionar como p\u00e9ndulo radiom\u00e9trico y siempre podr\u00eda actualizarse a propulsi\u00f3n fot\u00f3nica.<\/p>\n\n\n\n<div class=\"wp-block-image\">\n\n<figure class=\"aligncenter size-large\"><img loading=\"lazy\" decoding=\"async\" width=\"684\" height=\"1024\" src=\"https:\/\/2022.betrisey.ch\/wp-content\/uploads\/2022\/05\/1conti-684x1024.jpg\" alt=\"\" class=\"wp-image-71\" srcset=\"https:\/\/www.betrisey.ch\/wp-content\/uploads\/2022\/05\/1conti-684x1024.jpg 684w, https:\/\/www.betrisey.ch\/wp-content\/uploads\/2022\/05\/1conti-200x300.jpg 200w, https:\/\/www.betrisey.ch\/wp-content\/uploads\/2022\/05\/1conti-768x1150.jpg 768w, https:\/\/www.betrisey.ch\/wp-content\/uploads\/2022\/05\/1conti.jpg 1000w\" sizes=\"auto, (max-width: 684px) 100vw, 684px\" \/><figcaption>Derechos de autor <a href=\"https:\/\/chmorgan.com\">Chris Morgan<\/a><\/figcaption><\/figure>\n<\/div>\n\n\n\n\n<figure class=\"wp-block-video aligncenter\"><video height=\"720\" style=\"aspect-ratio: 1280 \/ 720;\" width=\"1280\" controls src=\"https:\/\/2022.betrisey.ch\/wp-content\/uploads\/2022\/05\/conti-coeur.mp4\"><\/video><\/figure>\n\n\n\n\n\n<p><\/p>\n\n\n\n\n\n<p><\/p>\n\n","protected":false},"excerpt":{"rendered":"<p>Reloj radiom\u00e9trico. Este p\u00e9ndulo utiliza el mismo principio que el Chronolith, pero con mejoras como suspensiones de cuchilla en lugar de muelles, gu\u00eda l\u00e1ser y resistencia al agua mejorada. Dos l\u00e1mparas situadas a ambos lados del p\u00e9ndulo se encienden alternativamente, \u00abempujando\u00bb el p\u00e9ndulo cada vez seg\u00fan el principio del radi\u00f3metro de Crooks. El interior del [&hellip;]<\/p>\n","protected":false},"author":2,"featured_media":0,"parent":0,"menu_order":0,"comment_status":"closed","ping_status":"closed","template":"","meta":{"_acf_changed":false,"footnotes":""},"class_list":["post-5255","page","type-page","status-publish","hentry"],"acf":[],"_links":{"self":[{"href":"https:\/\/www.betrisey.ch\/es\/wp-json\/wp\/v2\/pages\/5255","targetHints":{"allow":["GET"]}}],"collection":[{"href":"https:\/\/www.betrisey.ch\/es\/wp-json\/wp\/v2\/pages"}],"about":[{"href":"https:\/\/www.betrisey.ch\/es\/wp-json\/wp\/v2\/types\/page"}],"author":[{"embeddable":true,"href":"https:\/\/www.betrisey.ch\/es\/wp-json\/wp\/v2\/users\/2"}],"replies":[{"embeddable":true,"href":"https:\/\/www.betrisey.ch\/es\/wp-json\/wp\/v2\/comments?post=5255"}],"version-history":[{"count":1,"href":"https:\/\/www.betrisey.ch\/es\/wp-json\/wp\/v2\/pages\/5255\/revisions"}],"predecessor-version":[{"id":5761,"href":"https:\/\/www.betrisey.ch\/es\/wp-json\/wp\/v2\/pages\/5255\/revisions\/5761"}],"wp:attachment":[{"href":"https:\/\/www.betrisey.ch\/es\/wp-json\/wp\/v2\/media?parent=5255"}],"curies":[{"name":"wp","href":"https:\/\/api.w.org\/{rel}","templated":true}]}}