{"id":5260,"date":"2022-05-20T13:37:23","date_gmt":"2022-05-20T13:37:23","guid":{"rendered":"https:\/\/www.betrisey.ch\/pressbook"},"modified":"2025-05-03T17:52:06","modified_gmt":"2025-05-03T17:52:06","slug":"pressbook","status":"publish","type":"page","link":"https:\/\/www.betrisey.ch\/es\/pressbook","title":{"rendered":"Pressbook"},"content":{"rendered":"\n<p><code><div class=\"_df_book df-lite\" id=\"df_1466\"  _slug=\"1466\" data-title=\"pressbook\" wpoptions=\"true\" thumb=\"https:\/\/www.betrisey.ch\/wp-content\/uploads\/2022\/05\/pressbook1-1.jpg\" thumbtype=\"\" ><\/div><script class=\"df-shortcode-script\" nowprocket type=\"application\/javascript\">window.option_df_1466 = {\"outline\":[],\"autoEnableOutline\":\"false\",\"autoEnableThumbnail\":\"false\",\"overwritePDFOutline\":\"false\",\"direction\":\"1\",\"pageSize\":\"0\",\"pageMode\":\"0\",\"singlePageMode\":\"0\",\"controlsPosition\":\"bottom\",\"soundEnable\":\"false\",\"source\":\"https:\\\/\\\/www.betrisey.ch\\\/wp-content\\\/uploads\\\/2022\\\/05\\\/pressbook-compresse.pdf\",\"wpOptions\":\"true\"}; if(window.DFLIP && window.DFLIP.parseBooks){window.DFLIP.parseBooks();}<\/script><\/code><\/p>\n\n\n\n<p><\/p>\n\n\n<p><strong>Sujet d&#8217;article de presse:<\/strong><\/p>\n<p>35) \u00abFoucault&#8217;s pendulum for dummies\u00bb \/ Horological science newsletter, April 2025<\/p>\n<p>34) La Feuille \/ avril 2024 \/ \u00abMarcel B\u00e9trisey\u00bb<\/p>\n<p>33) \u00abLa main intellectuelle\u00bb \/ Ariane Schindelholz, Editions Helvetia, p.460 \u00e0 471<\/p>\n<p>32) De l&#8217;humanit\u00e9 d\u00e9pos\u00e9e dans de la mati\u00e8re \/ Mai 2021 \/ NF magazine<\/p>\n<p>31) 24heures \/ 11 f\u00e9vrier \/ \u00abQuelle diff\u00e9rence entre un g\u00e9nie &#8230;.\u00bb<\/p>\n<p>30) MAG Montreux art Gallery book (novembre 2016, p.45)<\/p>\n<p>29) L\u2019Echo magazine (octobre 2016) \u00abNu sans mes outils\u00bb<\/p>\n<p>28) L&#8217;Ev\u00e8nement (mars 2016)\u00a0 \u00abau d\u00e9fi du temps\u00bb<\/p>\n<p>27) Le Nouvelliste (22 septembre 2015) \u00abun G\u00e9o trouvetou&#8230;\u00bb<\/p>\n<p>26) Le Valais \u00e9tonnant et d\u00e9tonnant (2014)\u00a0 \u00abRemettre notre \u00e9poque \u00e0 l&#8217;heure\u00bb<\/p>\n<p>25) Popularmecanics magazine \/ Moscou (mai 2012)<\/p>\n<p>24) Ca m&#8217;int\u00e9resse \/Hors s\u00e9rie n\u00b0 27 \/ mars 2012)<\/p>\n<p>23) Comment d\u00e9tecter l\u2019effet de mar\u00e9e d\u00fb \u00e0 la Lune avec un pendule simple? Universit\u00e9 Denis Diderot, 15 jan 2012)<\/p>\n<p>22) How can one detect the rotation of the earth around the moon? (2011)<\/p>\n<p>21) Encyclop\u00e9die des d\u00e9couvertes et inventions, tome 14, page 98 (2011)<\/p>\n<p>20) Bulletin des mus\u00e9es fran\u00e7ais n\u00b023 (2007)<\/p>\n<p>19) Makers:\u00a0 The power of light \/ Bob Parks, 2005 \/ O&#8217;Reilly books California<\/p>\n<p>18) Chronometrophilia: \u00a0 Art, science ou horlogerie?\u00a0\u00a0 Hiver 2004<\/p>\n<p>17) The Life and Science of L\u00e9on Foucault, William Tobin Cambridge University Press 2003.<\/p>\n<p>16) Horological Times \/ mai 2003 \/ Marcel B\u00e9trisey radiometric clocks (American clockmakers institute)<\/p>\n<p>15) Pinseri\u00a0 (Su\u00e8de) \/ f\u00e9vrier 2003 \/ \u00abMarcel B\u00e9trisey tekee udeite kellodja&#8230;\u00bb<\/p>\n<p>14) Scaner &#8211; magazyn informatyczny. (Pologne) \/ Dawid Gatti \/ \u00abBomysl to nie vszystko, trzeba jeszcze\u00bb<\/p>\n<p>13) Orologi (Italie) Curiosit\u00e0, in tema di tempo, nascoste tra le pieghe della Rete (Paola Parmendola)<\/p>\n<p>12) Horological Science Newsletter (USA) \u00abMarcel B\u00e9trisey&#8217;s clock by Bob Holmstr\u00f6m<\/p>\n<p>11) Le Nouvelliste \/ 22 juillet 2002 \u00abUne heure lumi\u00e8re\u00bb<\/p>\n<p>10) Le Matin \/ 22 avril 2002 \u00abChronolithe convoit\u00e9\u00bb<\/p>\n<p>9) l&#8217;Orologio (Italie) \/ maggio 2001 \/ Marcel B\u00e9trisey, l&#8217;inventore pazzo<\/p>\n<p>8) L&#8217;Illustr\u00e9 \/ 10 janvier 2001 \/ \u00abLes folles pendules d&#8217;un g\u00e9nie valaisan\u00bb<\/p>\n<p>7) 24 heures \/ 29 d\u00e9cembre 2000 \/ \u00abRoulements habiles\u00bb<\/p>\n<p>6) Nouvelliste \/ 21 novembre 2000 \/ \u00abTic tac et billes en t\u00eate\u00bb<\/p>\n<p>5) Nouvelliste \/ 29 avril 1999 7 \/ \u00abUn objet unique\u00bb<\/p>\n<p>4) Femina \/ 6 septembre 1998 \/ \u00abEnvoyez la musique\u00bb<\/p>\n<p>3) Nouvelliste \/ ao\u00fbt 1997 \/ \u00a0\u00abPas si fou l&#8217;inventeur\u00bb<\/p>\n<p>2) Le Nouveau Quotidien \/ 28 f\u00e9vrier 1997 \u00abLa passion du tournevis\u00bb<\/p>\n<p>1) Nouvelliste \/ ao\u00fbt 1994 \/ \u00abL&#8217;inventeur fou\u00bb<\/p>\n<p><strong>Sujets d&#8217;\u00e9missions TV ou radio:<\/strong><\/p>\n<p>Canal 9 \/ 31 avril 2000<\/p>\n<p>T\u00e9l\u00e9vision Suisse Romande \/ Tout en R\u00e9gions \/ avril 1998<\/p>\n<p>Canal 9 \/ 10 janvier 2001<\/p>\n<p>T\u00e9l\u00e9vision Suisse Romande \/ Tout en R\u00e9gions \/ 03 janvier 2001<\/p>\n<p>T\u00e9l\u00e9vision Suisse Romande \/De Si de La \/ 3 f\u00e9vrier 2001<\/p>\n<p>T\u00e9l\u00e9vision Suisse Romande \/ Zig Zag Caf\u00e9 \/ 20 avril 2002<\/p>\n<p>TV 5 international \/ 25 avril 2002<\/p>\n<p>T\u00e9l\u00e9vision Suisse Romande \/ Tout en R\u00e9gions \/ juin 2002<\/p>\n<p>Canal 9 \/ Novembre 2002 \/ Le journal<\/p>\n<p>Canal 9 \/ juillet 2003 \/ Le journal<\/p>\n<p>T\u00e9levision Suisse allemande (DRS) \/Fensterplatz \/ 12 f\u00e9vrier 2004<\/p>\n<p>France Inter\u00a0<a href=\"https:\/\/2022.betrisey.ch\/france-inter\" data-type=\"page\" data-id=\"1405\">Kriss crumble<\/a> mars 2009<\/p>\n<p>TFI \/ REPORTAGES: \u00ab<a href=\"https:\/\/2022.betrisey.ch\/les-inventeurs\" data-type=\"page\" data-id=\"1402\">les inventeurs<\/a>\u00bb novembre 2010<\/p>\n<p>RTS1 \/ \u00ab<a href=\"https:\/\/www.youtube.com\/watch?v=MR7f8EBhNFc\">Passe-moi les jumelles<\/a>\u00bb\u00a0\u00a0 Avril 2017<\/p>\n<p><a href=\"https:\/\/www.rhonefm.ch\/actualites\/lexposition-retro-perspectives-presente-70-pieces-de-marcel-betrisey\">RhoneFM<\/a> \/ Culture Valais \/ 26 aout 2021<\/p>\n<p><a href=\"https:\/\/www.rts.ch\/play\/tv\/bon-debarras-\/video\/troistorrents-vs--avec-camille-trolliet-et-marcel-betrisey?urn=urn:rts:video:12469211\">RTS1<\/a> \/ Bon d\u00e9barras \/ 10 septembre 2&#8217;21<\/p>\n<p><a href=\"https:\/\/2022.betrisey.ch\/au-bar-des-pognes\" data-type=\"page\" data-id=\"1398\">Au bar des pognes<\/a> Nina Pellegrini \/ 5 septembre 2021<\/p>\n<p>\u00abDessine-moi un artiste\u00bb Studios Ch\u00e2teau Levin et Paul Sollberger \/ 2025<\/p>\n<p><strong>Expositions: <\/strong><\/p>\n<p>Sion Expo \/ Manhattan Audio \/ 1996 et 1997<\/p>\n<p>Comptoir de Martigny 1997 et 2000<\/p>\n<p>MIT Mus\u00e9e international d&#8217;horlogerie de La Chaux-de-Fonds \u00abL&#8217;heure publique\u00bb \/ \u00e9t\u00e9 2000<\/p>\n<p>Galerie Grande Fontaine, Sion \/ du 28 d\u00e9cembre 2000 au 20 janvier 2001<\/p>\n<p>TASIS Summer Art Festival 2002 \/ Montagnola, Ticino \/ Switzerland<\/p>\n<p><a href=\"https:\/\/2022.betrisey.ch\/musee-international-dhorlogerie\" data-type=\"page\" data-id=\"1391\">MIT<\/a> Mus\u00e9e International d&#8217;horlogerie, \u00a0La Chaux-de-Fonds \/ d&#8217;ao\u00fbt 2002 \u00e0 ao\u00fbt 2003<\/p>\n<p><a href=\"https:\/\/2022.betrisey.ch\/la-villette\" data-type=\"page\" data-id=\"1385\">Cit\u00e9 des Sciences de la Villette,<\/a> Paris, juin 2006<\/p>\n<p>MAD Museum \/ Stratford-upon-Avon, GB \/ \u00a0de 2012 \u00e0 2014)<\/p>\n<p>MAG Montreux Art Gallery \/ 9 au 20 novembre 2016<\/p>\n<p>Mus\u00e9e du Ch\u00e2ble \/ Bagnes \/ mars 2016 et f\u00e9vrier 2017<\/p>\n<p>Baselworld \/ B\u00e2le \/ The Bomberg House \/ du 23 au 30 mars 2017<\/p>\n<p><a href=\"https:\/\/2022.betrisey.ch\/phaeno\" data-type=\"page\" data-id=\"1373\">PHAENO<\/a> Science and Technology Museum \/ Wolfsburg, Germany \/ De d\u00e9cembre 2017 \u00e0 f\u00e9vrier 2019<\/p>\n<p><a href=\"https:\/\/2022.betrisey.ch\/retroperspectives\" data-type=\"page\" data-id=\"1343\">\u00abR\u00e9troperspectives\u00bb<\/a>\u00a0Triple exposition: Galerie de la Grenette \/ Les Arsenaux \/ Caf\u00e9 de la Grenette \/ Du 27 ao\u00fbt au 17 octobre 2021\u00a0<\/p>\n<p>Mus\u00e9e API \/ Gen\u00e8ve \/ De janvier \u00e0 mars 2022<\/p>\n<p>Pur&#8217;Up \/ Verbier \/ du 21 juillet au 13 ao\u00fbt 2023<\/p>\n<p>\u00abL&#8217;Infinir\u00bb Lausanne, 7 d\u00e9cembre 2023<\/p>\n<p><strong>Audio<\/strong>:<\/p>\n<p>Richard Jean \/ Around Midnight \/ d\u00e9cembre 1999 (Le disque commence avec la chute des 144 billes de minuit de \u00abL&#8217;Anachrone\u00bb)<\/p>\n<p>Patrick Fellay \/ \u00abL&#8217;horloger\u00bb \/ avril 2025<\/p>\n<div class=\"open_grepper_editor\" title=\"Edit &amp; Save To Grepper\">\u00a0<\/div>\n\n\n<p><\/p>\n","protected":false},"excerpt":{"rendered":"<p>Sujet d&#8217;article de presse: 35) \u00abFoucault&#8217;s pendulum for dummies\u00bb \/ Horological science newsletter, April 2025 34) La Feuille \/ avril 2024 \/ \u00abMarcel B\u00e9trisey\u00bb 33) \u00abLa main intellectuelle\u00bb \/ Ariane Schindelholz, Editions Helvetia, p.460 \u00e0 471 32) De l&#8217;humanit\u00e9 d\u00e9pos\u00e9e dans de la mati\u00e8re \/ Mai 2021 \/ NF magazine 31) 24heures \/ 11 f\u00e9vrier [&hellip;]<\/p>\n","protected":false},"author":2,"featured_media":0,"parent":0,"menu_order":0,"comment_status":"closed","ping_status":"closed","template":"","meta":{"_acf_changed":false,"footnotes":""},"class_list":["post-5260","page","type-page","status-publish","hentry"],"acf":[],"_links":{"self":[{"href":"https:\/\/www.betrisey.ch\/es\/wp-json\/wp\/v2\/pages\/5260","targetHints":{"allow":["GET"]}}],"collection":[{"href":"https:\/\/www.betrisey.ch\/es\/wp-json\/wp\/v2\/pages"}],"about":[{"href":"https:\/\/www.betrisey.ch\/es\/wp-json\/wp\/v2\/types\/page"}],"author":[{"embeddable":true,"href":"https:\/\/www.betrisey.ch\/es\/wp-json\/wp\/v2\/users\/2"}],"replies":[{"embeddable":true,"href":"https:\/\/www.betrisey.ch\/es\/wp-json\/wp\/v2\/comments?post=5260"}],"version-history":[{"count":1,"href":"https:\/\/www.betrisey.ch\/es\/wp-json\/wp\/v2\/pages\/5260\/revisions"}],"predecessor-version":[{"id":6117,"href":"https:\/\/www.betrisey.ch\/es\/wp-json\/wp\/v2\/pages\/5260\/revisions\/6117"}],"wp:attachment":[{"href":"https:\/\/www.betrisey.ch\/es\/wp-json\/wp\/v2\/media?parent=5260"}],"curies":[{"name":"wp","href":"https:\/\/api.w.org\/{rel}","templated":true}]}}