{"id":5284,"date":"2022-05-20T08:35:15","date_gmt":"2022-05-20T08:35:15","guid":{"rendered":"https:\/\/www.betrisey.ch\/cyclostyle"},"modified":"2025-01-28T09:36:39","modified_gmt":"2025-01-28T09:36:39","slug":"cyclostyle","status":"publish","type":"page","link":"https:\/\/www.betrisey.ch\/es\/cyclostyle","title":{"rendered":"Cyclostyle"},"content":{"rendered":"\n\n<p class=\"has-medium-font-size\"><strong>Reloj de m\u00e1rmol.<\/strong><\/p>\n\n\n\n\n\n<p>Este reloj se fabric\u00f3 a partir de una vieja impresora Gestetner Cyclostyle, una estrella de una l\u00ednea de embotellado y un viejo dispensador de jab\u00f3n. El principio es el siguiente: cada hora completa libera una bola que cae en un laberinto formado por tres rejillas y tres clavos. A continuaci\u00f3n, empuja el p\u00e9ndulo en el sentido de la oscilaci\u00f3n por la fuerza de su propia gravedad. El aumento de amplitud es de 5 mil\u00edmetros, m\u00e1s que suficiente para una hora de inercia. Un sensor cuenta los pasos de la balanza y env\u00eda sus impulsos a los segundos de un reloj. La bola es enrollada por un disco provisto de un orificio que comienza a girar cada hora, liberando la bola en la parte superior y recuper\u00e1ndola en la parte inferior en cuanto ha reiniciado el equilibrio. La bola queda entonces anidada en el agujero, a la espera de la siguiente hora.<\/p>\n\n\n\n<div class=\"wp-block-image is-style-default\">\n\n<figure class=\"aligncenter size-large\"><img loading=\"lazy\" decoding=\"async\" width=\"683\" height=\"1024\" src=\"https:\/\/2022.betrisey.ch\/wp-content\/uploads\/2022\/05\/1cyclo-683x1024.jpeg\" alt=\"\" class=\"wp-image-1300\" srcset=\"https:\/\/www.betrisey.ch\/wp-content\/uploads\/2022\/05\/1cyclo-683x1024.jpeg 683w, https:\/\/www.betrisey.ch\/wp-content\/uploads\/2022\/05\/1cyclo-200x300.jpeg 200w, https:\/\/www.betrisey.ch\/wp-content\/uploads\/2022\/05\/1cyclo-768x1152.jpeg 768w, https:\/\/www.betrisey.ch\/wp-content\/uploads\/2022\/05\/1cyclo.jpeg 1000w\" sizes=\"auto, (max-width: 683px) 100vw, 683px\" \/><figcaption>Copyright <a href=\"https:\/\/chmorgan.com\">Chris Morgan<\/a><\/figcaption><\/figure>\n<\/div>\n\n\n\n\n<figure class=\"wp-block-video\"><video height=\"1280\" style=\"aspect-ratio: 720 \/ 1280;\" width=\"720\" controls src=\"https:\/\/2022.betrisey.ch\/wp-content\/uploads\/2022\/05\/cyclo.mp4\"><\/video><figcaption>Copyright <a href=\"https:\/\/chmorgan.com\">Chris Morgan<\/a><\/figcaption><\/figure>\n\n\n\n\n\n<figure class=\"wp-block-image size-large\"><img loading=\"lazy\" decoding=\"async\" width=\"1024\" height=\"1024\" src=\"https:\/\/2022.betrisey.ch\/wp-content\/uploads\/2022\/06\/cyclo-1024x1024.jpg\" alt=\"\" class=\"wp-image-2070\" srcset=\"https:\/\/www.betrisey.ch\/wp-content\/uploads\/2022\/06\/cyclo-1024x1024.jpg 1024w, https:\/\/www.betrisey.ch\/wp-content\/uploads\/2022\/06\/cyclo-300x300.jpg 300w, https:\/\/www.betrisey.ch\/wp-content\/uploads\/2022\/06\/cyclo-150x150.jpg 150w, https:\/\/www.betrisey.ch\/wp-content\/uploads\/2022\/06\/cyclo-768x768.jpg 768w, https:\/\/www.betrisey.ch\/wp-content\/uploads\/2022\/06\/cyclo-1536x1536.jpg 1536w, https:\/\/www.betrisey.ch\/wp-content\/uploads\/2022\/06\/cyclo.jpg 1849w\" sizes=\"auto, (max-width: 1024px) 100vw, 1024px\" \/><figcaption>La impresora tal y como era originalmente&#8230;<\/figcaption><\/figure>\n\n\n\n\n\n<p><\/p>\n\n","protected":false},"excerpt":{"rendered":"<p>Reloj de m\u00e1rmol. Este reloj se fabric\u00f3 a partir de una vieja impresora Gestetner Cyclostyle, una estrella de una l\u00ednea de embotellado y un viejo dispensador de jab\u00f3n. El principio es el siguiente: cada hora completa libera una bola que cae en un laberinto formado por tres rejillas y tres clavos. A continuaci\u00f3n, empuja el [&hellip;]<\/p>\n","protected":false},"author":2,"featured_media":0,"parent":0,"menu_order":0,"comment_status":"closed","ping_status":"closed","template":"","meta":{"_acf_changed":false,"footnotes":""},"class_list":["post-5284","page","type-page","status-publish","hentry"],"acf":[],"_links":{"self":[{"href":"https:\/\/www.betrisey.ch\/es\/wp-json\/wp\/v2\/pages\/5284","targetHints":{"allow":["GET"]}}],"collection":[{"href":"https:\/\/www.betrisey.ch\/es\/wp-json\/wp\/v2\/pages"}],"about":[{"href":"https:\/\/www.betrisey.ch\/es\/wp-json\/wp\/v2\/types\/page"}],"author":[{"embeddable":true,"href":"https:\/\/www.betrisey.ch\/es\/wp-json\/wp\/v2\/users\/2"}],"replies":[{"embeddable":true,"href":"https:\/\/www.betrisey.ch\/es\/wp-json\/wp\/v2\/comments?post=5284"}],"version-history":[{"count":1,"href":"https:\/\/www.betrisey.ch\/es\/wp-json\/wp\/v2\/pages\/5284\/revisions"}],"predecessor-version":[{"id":5285,"href":"https:\/\/www.betrisey.ch\/es\/wp-json\/wp\/v2\/pages\/5284\/revisions\/5285"}],"wp:attachment":[{"href":"https:\/\/www.betrisey.ch\/es\/wp-json\/wp\/v2\/media?parent=5284"}],"curies":[{"name":"wp","href":"https:\/\/api.w.org\/{rel}","templated":true}]}}