{"id":5291,"date":"2024-10-31T19:12:59","date_gmt":"2024-10-31T19:12:59","guid":{"rendered":"https:\/\/www.betrisey.ch\/pendule-de-foucault-bravais-n28"},"modified":"2025-01-28T09:40:05","modified_gmt":"2025-01-28T09:40:05","slug":"pendule-de-foucault-bravais-n28","status":"publish","type":"page","link":"https:\/\/www.betrisey.ch\/es\/pendule-de-foucault-bravais-n28","title":{"rendered":"P\u00e9ndulos de Foucault (28) y Bravais (8)"},"content":{"rendered":"\n\n<p><\/p>\n\n\n\n\n\n<div style=\"height:27px\" aria-hidden=\"true\" class=\"wp-block-spacer\"><\/div>\n\n\n\n\n\n<p>Un p\u00e9ndulo \u00fanico que combina dos experimentos diferentes realizados en 1851, cada uno de los cuales demuestra a su manera la rotaci\u00f3n de la Tierra.<\/p>\n\n\n\n\n\n<div style=\"height:27px\" aria-hidden=\"true\" class=\"wp-block-spacer\"><\/div>\n\n\n\n\n\n<p>El m\u00e1s conocido es<a href=\"https:\/\/fr.wikipedia.org\/wiki\/Pendule_de_Foucault\"> el p\u00e9ndulo de Foucault<\/a>, cuyo plano de oscilaci\u00f3n cambia porque la Tierra gira bajo \u00e9l.<\/p>\n\n\n\n\n\n<div style=\"height:27px\" aria-hidden=\"true\" class=\"wp-block-spacer\"><\/div>\n\n\n\n\n\n<p>El segundo es el p\u00e9ndulo c\u00f3nico de<a href=\"https:\/\/fr.wikipedia.org\/wiki\/Auguste_Bravais\">Auguste Bravais<\/a>, tan discreto que es dif\u00edcil encontrar ecos de \u00e9l, y que nadie parece haber reproducido desde entonces. Demostr\u00f3 que la velocidad de revoluci\u00f3n del p\u00e9ndulo no pod\u00eda ser la misma si giraba en el sentido de las agujas del reloj o en sentido contrario, debido a que la Tierra giraba debajo de \u00e9l. Mis primeros intentos de resucitar este experimento olvidado se remontan a 2004. A base de ensayo y error, finalmente se me ocurri\u00f3 la idea de <strong>combinar estos dos experimentos separados en un \u00fanico objeto<\/strong>.<\/p>\n\n\n\n\n\n<div style=\"height:27px\" aria-hidden=\"true\" class=\"wp-block-spacer\"><\/div>\n\n\n\n\n\n<p><strong>El p\u00e9ndulo:<\/strong><\/p>\n\n\n\n\n\n<p>Es un bloque de bronce de 4 kilos suspendido de un card\u00e1n por un cable de invar. Tiene un peque\u00f1o im\u00e1n debajo que se aleja mediante impulsos electromagn\u00e9ticos repulsivos. Un simple interruptor permite elegir entre los experimentos de Foucault y Bravais. Con el interruptor encendido, el p\u00e9ndulo oscila. Con el interruptor bajado, gira.<\/p>\n\n\n\n\n\n<div style=\"height:27px\" aria-hidden=\"true\" class=\"wp-block-spacer\"><\/div>\n\n\n\n\n\n<figure class=\"wp-block-table\"><table class=\"has-fixed-layout\"><tbody><tr><td class=\"has-text-align-center\" data-align=\"center\"><strong>P\u00e9ndulo de Foucault<\/strong><\/td><td class=\"has-text-align-center\" data-align=\"center\"><strong>P\u00e9ndulo Bravais<\/strong><\/td><\/tr><tr><td class=\"has-text-align-center\" data-align=\"center\">Propulsado por un electroim\u00e1n situado en el eje.<\/td><td class=\"has-text-align-center\" data-align=\"center\">Propulsado por 9 electroimanes dispuestos en c\u00edrculo.<\/td><\/tr><tr><td class=\"has-text-align-center\" data-align=\"center\">Oscila<\/td><td class=\"has-text-align-center\" data-align=\"center\">Gira<\/td><\/tr><tr><td class=\"has-text-align-center\" data-align=\"center\"><strong>Su plano de oscilaci\u00f3n gira<\/strong> porque la Tierra gira bajo \u00e9l.<\/td><td class=\"has-text-align-center\" data-align=\"center\">El<strong>tiempo que tarda en dar una vuelta depende del sentido de rotaci\u00f3n<\/strong>, ya que la Tierra gira bajo \u00e9l.<\/td><\/tr><tr><td class=\"has-text-align-center\" data-align=\"center\">El <strong>per\u00edodo de revoluci\u00f3n<\/strong> depende de la latitud: <br>24 horas en el Polo Norte,<br>33 horas 13 minutos en mi taller,<br>48 horas en El Cairo,<br>infinito en el ecuador.<\/td><td class=\"has-text-align-center\" data-align=\"center\">La <strong>diferencia entre los<\/strong> <strong>tiempos de rotaci\u00f3n<\/strong> en sentido horario y antihorario depende de la latitud:<br>0.000287 segundos en el Polo Norte,<br>0.000220 segundos en mi taller,<br>0.000143 segundos en El Cairo,<br>0 segundos en el ecuador.<\/td><\/tr><tr><td class=\"has-text-align-center\" data-align=\"center\">Un observador en la Tierra ve girar el p\u00e9ndulo.<br><br>Un observador fuera del sistema solar ve que el p\u00e9ndulo oscila sin girar, y que la Tierra gira bajo \u00e9l.<br><\/td><td class=\"has-text-align-center\" data-align=\"center\">Un observador en la Tierra ve que el p\u00e9ndulo gira m\u00e1s lentamente en un sentido que en el otro.<br><br>Un observador fuera del sistema solar ve que la velocidad de rotaci\u00f3n es la misma en ambos sentidos.<\/td><\/tr><\/tbody><\/table><\/figure>\n\n\n\n\n\n<div style=\"height:27px\" aria-hidden=\"true\" class=\"wp-block-spacer\"><\/div>\n\n\n\n\n\n<p><strong>De Foucault: <\/strong><\/p>\n\n\n\n\n\n<p>Es impulsado por un electroim\u00e1n axial. Si soltamos el p\u00e9ndulo hacia el centro, el electroim\u00e1n mantendr\u00e1 indefinidamente su oscilaci\u00f3n.<\/p>\n\n\n\n\n\n<p>A medida que la Tierra gira bajo \u00e9l, un observador ver\u00e1 c\u00f3mo su plano de oscilaci\u00f3n gira gradualmente en el sentido de las agujas del reloj si se encuentra en el hemisferio norte. Su velocidad de revoluci\u00f3n depende de la latitud en la que se encuentre:<strong> gira en 24 horas en los polos, pero nada por debajo del ecuador<\/strong>. <\/p>\n\n\n\n\n\n<div style=\"height:27px\" aria-hidden=\"true\" class=\"wp-block-spacer\"><\/div>\n\n\n\n\n\n<p><strong>De Bravais:<\/strong><\/p>\n\n\n\n\n\n<p>Est\u00e1 propulsado por nueve electroimanes dispuestos en c\u00edrculo. Si el p\u00e9ndulo se lanza en forma de c\u00edrculo, estos electroimanes mantienen su revoluci\u00f3n indefinidamente: es un p\u00e9ndulo c\u00f3nico.<\/p>\n\n\n\n\n\n<p>Con la Tierra girando bajo \u00e9l, un observador situado en el hemisferio norte ver\u00e1 una rotaci\u00f3n m\u00e1s r\u00e1pida en el sentido de las agujas del reloj, pero m\u00e1s lenta en el sentido contrario. <strong>Su velocidad natural de revoluci\u00f3n s\u00f3lo se encuentra por debajo del ecuador, y difiere cada vez m\u00e1s cuanto m\u00e1s nos acercamos a un polo<\/strong>. <\/p>\n\n\n\n\n\n<p>Este \u00fanico p\u00e9ndulo nos muestra as\u00ed, a trav\u00e9s de dos enfoques completamente diferentes, que la Tierra gira, que es redonda, y tambi\u00e9n nos indica la latitud en la que se encuentra.<\/p>\n\n\n\n\n\n<div style=\"height:27px\" aria-hidden=\"true\" class=\"wp-block-spacer\"><\/div>\n\n\n\n\n\n<figure class=\"wp-block-video\"><video height=\"1080\" style=\"aspect-ratio: 1920 \/ 1080;\" width=\"1920\" controls src=\"https:\/\/www.betrisey.ch\/wp-content\/uploads\/2024\/11\/foucault28-bravais8.mp4\"><\/video><\/figure>\n\n\n\n\n\n<p>Lapso de tiempo de dos semanas de rotaciones del p\u00e9ndulo de Foucault, donde podemos ver que su precisi\u00f3n fue del 1% a lo largo de las dos semanas de funcionamiento visibles en el v\u00eddeo.<\/p>\n\n\n\n\n\n<figure class=\"wp-block-video\"><video height=\"1080\" style=\"aspect-ratio: 1920 \/ 1080;\" width=\"1920\" controls src=\"https:\/\/www.betrisey.ch\/wp-content\/uploads\/2024\/11\/timelapse-fouc-brav-1-1.mp4\"><\/video><\/figure>\n\n\n\n\n\n<div style=\"height:27px\" aria-hidden=\"true\" class=\"wp-block-spacer\"><\/div>\n\n\n\n\n\n<p class=\"has-text-align-center\"><strong>Los que prefieran detalles t\u00e9cnicos pueden ir <a href=\"https:\/\/www.betrisey.ch\/pendule-de-bravais-tatonnements-et-resultats\">aqu\u00ed<\/a>.<\/strong><\/p>\n\n","protected":false},"excerpt":{"rendered":"<p>Un p\u00e9ndulo \u00fanico que combina dos experimentos diferentes realizados en 1851, cada uno de los cuales demuestra a su manera la rotaci\u00f3n de la Tierra. El m\u00e1s conocido es el p\u00e9ndulo de Foucault, cuyo plano de oscilaci\u00f3n cambia porque la Tierra gira bajo \u00e9l. El segundo es el p\u00e9ndulo c\u00f3nico deAuguste Bravais, tan discreto que [&hellip;]<\/p>\n","protected":false},"author":2,"featured_media":0,"parent":0,"menu_order":0,"comment_status":"closed","ping_status":"closed","template":"","meta":{"_acf_changed":false,"footnotes":""},"class_list":["post-5291","page","type-page","status-publish","hentry"],"acf":[],"_links":{"self":[{"href":"https:\/\/www.betrisey.ch\/es\/wp-json\/wp\/v2\/pages\/5291","targetHints":{"allow":["GET"]}}],"collection":[{"href":"https:\/\/www.betrisey.ch\/es\/wp-json\/wp\/v2\/pages"}],"about":[{"href":"https:\/\/www.betrisey.ch\/es\/wp-json\/wp\/v2\/types\/page"}],"author":[{"embeddable":true,"href":"https:\/\/www.betrisey.ch\/es\/wp-json\/wp\/v2\/users\/2"}],"replies":[{"embeddable":true,"href":"https:\/\/www.betrisey.ch\/es\/wp-json\/wp\/v2\/comments?post=5291"}],"version-history":[{"count":1,"href":"https:\/\/www.betrisey.ch\/es\/wp-json\/wp\/v2\/pages\/5291\/revisions"}],"predecessor-version":[{"id":5292,"href":"https:\/\/www.betrisey.ch\/es\/wp-json\/wp\/v2\/pages\/5291\/revisions\/5292"}],"wp:attachment":[{"href":"https:\/\/www.betrisey.ch\/es\/wp-json\/wp\/v2\/media?parent=5291"}],"curies":[{"name":"wp","href":"https:\/\/api.w.org\/{rel}","templated":true}]}}