{"id":5309,"date":"2023-10-04T12:19:00","date_gmt":"2023-10-04T12:19:00","guid":{"rendered":"https:\/\/www.betrisey.ch\/un-pendule-de-foucault-pour-100-francs"},"modified":"2025-01-28T09:54:24","modified_gmt":"2025-01-28T09:54:24","slug":"un-pendule-de-foucault-pour-100-francs","status":"publish","type":"page","link":"https:\/\/www.betrisey.ch\/es\/un-pendule-de-foucault-pour-100-francs","title":{"rendered":"P\u00e9ndulo de Foucault de bricolaje. (n\u00b020)"},"content":{"rendered":"<div class=\"wp-block-image\">\n\n<figure class=\"aligncenter size-large\"><img loading=\"lazy\" decoding=\"async\" width=\"377\" height=\"1024\" src=\"https:\/\/www.betrisey.ch\/wp-content\/uploads\/2023\/10\/doityourself-377x1024.jpg\" alt=\"\" class=\"wp-image-2698\" srcset=\"https:\/\/www.betrisey.ch\/wp-content\/uploads\/2023\/10\/doityourself-377x1024.jpg 377w, https:\/\/www.betrisey.ch\/wp-content\/uploads\/2023\/10\/doityourself-110x300.jpg 110w, https:\/\/www.betrisey.ch\/wp-content\/uploads\/2023\/10\/doityourself-768x2085.jpg 768w, https:\/\/www.betrisey.ch\/wp-content\/uploads\/2023\/10\/doityourself-566x1536.jpg 566w, https:\/\/www.betrisey.ch\/wp-content\/uploads\/2023\/10\/doityourself-754x2048.jpg 754w, https:\/\/www.betrisey.ch\/wp-content\/uploads\/2023\/10\/doityourself-scaled.jpg 943w\" sizes=\"auto, (max-width: 377px) 100vw, 377px\" \/><\/figure>\n<\/div>\n\n\n\n\n<p>El primer objetivo de este proyecto era construir un p\u00e9ndulo de Foucault corto, operativo y automantenido, con un coste m\u00e1ximo de 100 francos y que requiriese menos de un d\u00eda de trabajo.<\/p>\n\n\n\n\n\n<p>El segundo era ofrecer un objeto gratuito, duplicable y de \u00abc\u00f3digo abierto\u00bb, para que cualquiera pudiera apropi\u00e1rselo y construir el suyo propio. Las 5 piezas principales son archivos 3D que pueden descargarse e imprimirse (ver al final de la p\u00e1gina), junto con los n\u00fameros de las piezas para hacer pedidos. <\/p>\n\n\n\n\n\n<p>El tercer objetivo es desmitificar esta fascinante herramienta cient\u00edfica y ofrecer esta experiencia al mayor n\u00famero de personas posible. Es la herramienta so\u00f1ada por todas las escuelas, tanto por c\u00f3mo se construye como por c\u00f3mo se utiliza. S\u00f3lo hac\u00eda falta democratizarla y sacarla de las catedrales donde se hab\u00eda acostumbrado a oscilar.<\/p>\n\n\n\n\n\n<p>Las herramientas necesarias son b\u00e1sicas: un taladro de mano y brocas, unos cuantos destornilladores, papel de lija, un soldador, esta\u00f1o, un mult\u00edmetro, una sierra para metales y ya est\u00e1. Los archivos 3D pueden imprimirse en un fablab o encargarse a una impresora 3D. El software utilizado es Sketchup para 3D e Inkscape para 2D.<\/p>\n\n\n\n\n\n<p>Construir tu propio p\u00e9ndulo es una maravillosa escuela para la vida. Nos ense\u00f1a la sencillez que por s\u00ed sola puede hacer que funcione, pero siempre hay que tener en cuenta que esta sencillez es lo m\u00e1s dif\u00edcil de conseguir. Tambi\u00e9n requiere humildad, escucha, m\u00e9todo y paciencia. Aunque hayas construido veinte, el \u00faltimo te recordar\u00e1 que no eres m\u00e1s que un ni\u00f1o al que le queda todo por aprender, y cuyas experiencias pasadas pueden convertirse f\u00e1cilmente en obst\u00e1culos.<\/p>\n\n\n\n\n\n<p>Los v\u00eddeos explicativos que siguen s\u00f3lo interesar\u00e1n a los aficionados. Son largos y pesados, as\u00ed que si quiere verlos completos, es mejor que los descargue en lugar de leerlos en el sitio. Tambi\u00e9n le ruego que se apiade de mi buz\u00f3n y no me env\u00ede preguntas, ya que en \u00e9l est\u00e1n todas las respuestas posibles. <\/p>\n\n\n\n\n\n<figure class=\"wp-block-video\"><video height=\"1080\" style=\"aspect-ratio: 1920 \/ 1080;\" width=\"1920\" controls src=\"https:\/\/www.betrisey.ch\/wp-content\/uploads\/2023\/10\/presentation.mp4\"><\/video><\/figure>\n\n\n\n\n\n<figure class=\"wp-block-video\"><video height=\"1080\" style=\"aspect-ratio: 1920 \/ 1080;\" width=\"1920\" controls src=\"https:\/\/www.betrisey.ch\/wp-content\/uploads\/2023\/10\/1-la-base-1.mp4\"><\/video><\/figure>\n\n\n\n\n\n<figure class=\"wp-block-video\"><video height=\"480\" style=\"aspect-ratio: 720 \/ 480;\" width=\"720\" controls src=\"https:\/\/www.betrisey.ch\/wp-content\/uploads\/2023\/10\/2les-pieces-2.mp4\"><\/video><\/figure>\n\n\n\n\n\n<figure class=\"wp-block-video\"><video height=\"720\" style=\"aspect-ratio: 1280 \/ 720;\" width=\"1280\" controls src=\"https:\/\/www.betrisey.ch\/wp-content\/uploads\/2023\/10\/montage2.mp4\"><\/video><\/figure>\n\n\n\n\n\n<figure class=\"wp-block-video\"><video height=\"720\" style=\"aspect-ratio: 1280 \/ 720;\" width=\"1280\" controls src=\"https:\/\/www.betrisey.ch\/wp-content\/uploads\/2023\/10\/essai2.mp4\"><\/video><\/figure>\n\n\n\n\n\n<figure class=\"wp-block-video\"><video height=\"1080\" style=\"aspect-ratio: 1920 \/ 1080;\" width=\"1920\" controls src=\"https:\/\/www.betrisey.ch\/wp-content\/uploads\/2023\/10\/time-lapse.mp4\"><\/video><\/figure>\n\n\n\n\n\n<p><\/p>\n\n\n\n\n\n<p><\/p>\n\n\n\n\n\n<p><strong>Archivos 3D para descargar: tallo, gu\u00eda de alambre, anillo Charron, anillo Charron 2 y base.<\/strong><\/p>\n\n\n\n\n\n<div class=\"wp-block-file\"><a href=\"https:\/\/www.betrisey.ch\/wp-content\/uploads\/2023\/11\/stl-pendule-.zip\" class=\"wp-block-file__button wp-element-button\" download>Descargar<\/a><\/div>\n\n","protected":false},"excerpt":{"rendered":"<p>El primer objetivo de este proyecto era construir un p\u00e9ndulo de Foucault corto, operativo y automantenido, con un coste m\u00e1ximo de 100 francos y que requiriese menos de un d\u00eda de trabajo. El segundo era ofrecer un objeto gratuito, duplicable y de \u00abc\u00f3digo abierto\u00bb, para que cualquiera pudiera apropi\u00e1rselo y construir el suyo propio. Las [&hellip;]<\/p>\n","protected":false},"author":2,"featured_media":0,"parent":0,"menu_order":0,"comment_status":"closed","ping_status":"closed","template":"","meta":{"_acf_changed":false,"footnotes":""},"class_list":["post-5309","page","type-page","status-publish","hentry"],"acf":[],"_links":{"self":[{"href":"https:\/\/www.betrisey.ch\/es\/wp-json\/wp\/v2\/pages\/5309","targetHints":{"allow":["GET"]}}],"collection":[{"href":"https:\/\/www.betrisey.ch\/es\/wp-json\/wp\/v2\/pages"}],"about":[{"href":"https:\/\/www.betrisey.ch\/es\/wp-json\/wp\/v2\/types\/page"}],"author":[{"embeddable":true,"href":"https:\/\/www.betrisey.ch\/es\/wp-json\/wp\/v2\/users\/2"}],"replies":[{"embeddable":true,"href":"https:\/\/www.betrisey.ch\/es\/wp-json\/wp\/v2\/comments?post=5309"}],"version-history":[{"count":1,"href":"https:\/\/www.betrisey.ch\/es\/wp-json\/wp\/v2\/pages\/5309\/revisions"}],"predecessor-version":[{"id":5310,"href":"https:\/\/www.betrisey.ch\/es\/wp-json\/wp\/v2\/pages\/5309\/revisions\/5310"}],"wp:attachment":[{"href":"https:\/\/www.betrisey.ch\/es\/wp-json\/wp\/v2\/media?parent=5309"}],"curies":[{"name":"wp","href":"https:\/\/api.w.org\/{rel}","templated":true}]}}