{"id":5345,"date":"2024-09-22T14:12:12","date_gmt":"2024-09-22T14:12:12","guid":{"rendered":"https:\/\/www.betrisey.ch\/lultime-n27"},"modified":"2025-01-28T10:29:03","modified_gmt":"2025-01-28T10:29:03","slug":"lultime-n27","status":"publish","type":"page","link":"https:\/\/www.betrisey.ch\/es\/lultime-n27","title":{"rendered":"L&#8217;Ultime (n\u00b027)"},"content":{"rendered":"\n\n<p class=\"has-text-align-center\"><strong>Versi\u00f3n 1: octubre de 2024<\/strong><\/p>\n\n\n\n\n\n<p class=\"has-text-align-left\">P\u00e9ndulo \/ br\u00fajula de Foucault montado sobre un \u00e1rbol card\u00e1n y sin anillo de fricci\u00f3n Charron, pero con un anillo de freno de Foucault debajo. De antemano se instal\u00f3 un anillo Charron, pero puede quedar inoperante con s\u00f3lo moverlo lo suficientemente alto.<\/p>\n\n\n\n<div class=\"wp-block-image\">\n\n<figure class=\"aligncenter size-large\"><img loading=\"lazy\" decoding=\"async\" width=\"222\" height=\"1024\" src=\"https:\/\/www.betrisey.ch\/wp-content\/uploads\/2024\/10\/general-1-222x1024.jpg\" alt=\"\" class=\"wp-image-4360\" srcset=\"https:\/\/www.betrisey.ch\/wp-content\/uploads\/2024\/10\/general-1-222x1024.jpg 222w, https:\/\/www.betrisey.ch\/wp-content\/uploads\/2024\/10\/general-1-65x300.jpg 65w, https:\/\/www.betrisey.ch\/wp-content\/uploads\/2024\/10\/general-1-333x1536.jpg 333w\" sizes=\"auto, (max-width: 222px) 100vw, 222px\" \/><\/figure>\n<\/div>\n\n\n\n\n<p>Su suspensi\u00f3n es diferente de todas las que he hecho hasta ahora: una punta de acero que descansa sobre un lecho c\u00f3ncavo, tambi\u00e9n de acero.<\/p>\n\n\n\n<div class=\"wp-block-image\">\n\n<figure class=\"aligncenter size-large\"><img loading=\"lazy\" decoding=\"async\" width=\"504\" height=\"1024\" src=\"https:\/\/www.betrisey.ch\/wp-content\/uploads\/2024\/09\/suspension-504x1024.jpg\" alt=\"\" class=\"wp-image-4231\" srcset=\"https:\/\/www.betrisey.ch\/wp-content\/uploads\/2024\/09\/suspension-504x1024.jpg 504w, https:\/\/www.betrisey.ch\/wp-content\/uploads\/2024\/09\/suspension-148x300.jpg 148w, https:\/\/www.betrisey.ch\/wp-content\/uploads\/2024\/09\/suspension-768x1562.jpg 768w, https:\/\/www.betrisey.ch\/wp-content\/uploads\/2024\/09\/suspension-755x1536.jpg 755w, https:\/\/www.betrisey.ch\/wp-content\/uploads\/2024\/09\/suspension-1007x2048.jpg 1007w, https:\/\/www.betrisey.ch\/wp-content\/uploads\/2024\/09\/suspension-scaled.jpg 1259w\" sizes=\"auto, (max-width: 504px) 100vw, 504px\" \/><figcaption class=\"wp-element-caption\"><br><\/figcaption><\/figure>\n<\/div>\n\n\n\n\n<p>Otra particularidad: <strong>\u00a1el propio p\u00e9ndulo es una aut\u00e9ntica br\u00fajula<\/strong>! La flecha procede de una br\u00fajula infantil, pegada en la parte superior del p\u00e9ndulo. Mantiene permanentemente el p\u00e9ndulo en <strong>la direcci\u00f3n dada por el magnetismo terrestre<\/strong>. Sin ella, la suspensi\u00f3n girar\u00eda sobre s\u00ed misma y chocar\u00eda inevitablemente contra el tope. La parte roja apunta al sur y la blanca al norte.<\/p>\n\n\n\n<div class=\"wp-block-image\">\n\n<figure class=\"aligncenter size-large\"><img loading=\"lazy\" decoding=\"async\" width=\"794\" height=\"1024\" src=\"https:\/\/www.betrisey.ch\/wp-content\/uploads\/2024\/10\/haut-794x1024.jpg\" alt=\"\" class=\"wp-image-4361\" srcset=\"https:\/\/www.betrisey.ch\/wp-content\/uploads\/2024\/10\/haut-794x1024.jpg 794w, https:\/\/www.betrisey.ch\/wp-content\/uploads\/2024\/10\/haut-233x300.jpg 233w, https:\/\/www.betrisey.ch\/wp-content\/uploads\/2024\/10\/haut-768x990.jpg 768w, https:\/\/www.betrisey.ch\/wp-content\/uploads\/2024\/10\/haut-1191x1536.jpg 1191w, https:\/\/www.betrisey.ch\/wp-content\/uploads\/2024\/10\/haut-1589x2048.jpg 1589w, https:\/\/www.betrisey.ch\/wp-content\/uploads\/2024\/10\/haut-scaled.jpg 1986w\" sizes=\"auto, (max-width: 794px) 100vw, 794px\" \/><\/figure>\n<\/div>\n\n\n\n\n<p>Este prototipo funcion\u00f3 a la primera sin ning\u00fan ajuste. Sin embargo, la suspensi\u00f3n no es tan fiable como un cable. As\u00ed que decid\u00ed modificarlo y a\u00f1adir el anillo Charron. Aqu\u00ed est\u00e1 la versi\u00f3n final:<\/p>\n\n\n\n\n\n<p class=\"has-text-align-center\"><strong>Versi\u00f3n 2: Noviembre 2024<\/strong><\/p>\n\n\n\n\n\n<figure class=\"wp-block-video\"><video height=\"1080\" style=\"aspect-ratio: 1920 \/ 1080;\" width=\"1920\" controls src=\"https:\/\/www.betrisey.ch\/wp-content\/uploads\/2024\/11\/ultime.mp4\"><\/video><\/figure>\n\n\n\n<div class=\"wp-block-image\">\n\n<figure class=\"aligncenter size-large\"><img loading=\"lazy\" decoding=\"async\" width=\"658\" height=\"1024\" src=\"https:\/\/www.betrisey.ch\/wp-content\/uploads\/2024\/11\/haut-658x1024.jpg\" alt=\"\" class=\"wp-image-4589\" srcset=\"https:\/\/www.betrisey.ch\/wp-content\/uploads\/2024\/11\/haut-658x1024.jpg 658w, https:\/\/www.betrisey.ch\/wp-content\/uploads\/2024\/11\/haut-193x300.jpg 193w, https:\/\/www.betrisey.ch\/wp-content\/uploads\/2024\/11\/haut-768x1196.jpg 768w, https:\/\/www.betrisey.ch\/wp-content\/uploads\/2024\/11\/haut-986x1536.jpg 986w, https:\/\/www.betrisey.ch\/wp-content\/uploads\/2024\/11\/haut-1315x2048.jpg 1315w, https:\/\/www.betrisey.ch\/wp-content\/uploads\/2024\/11\/haut-scaled.jpg 1644w\" sizes=\"auto, (max-width: 658px) 100vw, 658px\" \/><\/figure>\n<\/div>\n\n\n<div class=\"wp-block-image\">\n\n<figure class=\"aligncenter size-large\"><img loading=\"lazy\" decoding=\"async\" width=\"1024\" height=\"768\" src=\"https:\/\/www.betrisey.ch\/wp-content\/uploads\/2024\/11\/charron-1024x768.jpg\" alt=\"\" class=\"wp-image-4590\" srcset=\"https:\/\/www.betrisey.ch\/wp-content\/uploads\/2024\/11\/charron-1024x768.jpg 1024w, https:\/\/www.betrisey.ch\/wp-content\/uploads\/2024\/11\/charron-300x225.jpg 300w, https:\/\/www.betrisey.ch\/wp-content\/uploads\/2024\/11\/charron-768x576.jpg 768w, https:\/\/www.betrisey.ch\/wp-content\/uploads\/2024\/11\/charron-1536x1152.jpg 1536w, https:\/\/www.betrisey.ch\/wp-content\/uploads\/2024\/11\/charron-2048x1536.jpg 2048w\" sizes=\"auto, (max-width: 1024px) 100vw, 1024px\" \/><\/figure>\n<\/div>\n\n\n<div class=\"wp-block-image\">\n\n<figure class=\"aligncenter size-large\"><img loading=\"lazy\" decoding=\"async\" width=\"1024\" height=\"909\" src=\"https:\/\/www.betrisey.ch\/wp-content\/uploads\/2024\/11\/laser-1024x909.jpg\" alt=\"\" class=\"wp-image-4592\" srcset=\"https:\/\/www.betrisey.ch\/wp-content\/uploads\/2024\/11\/laser-1024x909.jpg 1024w, https:\/\/www.betrisey.ch\/wp-content\/uploads\/2024\/11\/laser-300x266.jpg 300w, https:\/\/www.betrisey.ch\/wp-content\/uploads\/2024\/11\/laser-768x682.jpg 768w, https:\/\/www.betrisey.ch\/wp-content\/uploads\/2024\/11\/laser-1536x1364.jpg 1536w, https:\/\/www.betrisey.ch\/wp-content\/uploads\/2024\/11\/laser-2048x1819.jpg 2048w\" sizes=\"auto, (max-width: 1024px) 100vw, 1024px\" \/><\/figure>\n<\/div>\n\n\n\n\n<p class=\"has-text-align-left\"><strong>Especificaciones:<\/strong><\/p>\n\n\n\n\n\n<p>Longitud del p\u00e9ndulo: ajustable entre 1,10 y 1,40 metros.<\/p>\n\n\n\n\n\n<p class=\"has-text-align-left\">Peso del volante: 2,1 kilos (esfera de acero inoxidable rellena de plomo fundido y pulida)<\/p>\n\n\n\n\n\n<p class=\"has-text-align-left\">Oscilaci\u00f3n mantenida por un impulso electromagn\u00e9tico repulsivo cada vez que pasa el p\u00e9ndulo.<\/p>\n\n\n\n\n\n<p>Anillo Charron de bronce de 8 mm, ajustable en direcci\u00f3n X\/Y\/Z<\/p>\n\n\n\n\n\n<p>Electroim\u00e1n con posici\u00f3n ajustable en X\/Y<\/p>\n\n\n\n\n\n<p class=\"has-text-align-left\">Alimentaci\u00f3n: pila de 1,5 voltios, a sustituir cada 3 a\u00f1os. La revoluci\u00f3n del p\u00e9ndulo tambi\u00e9n se indica mediante un rayo l\u00e1ser situado debajo del p\u00e9ndulo. El haz es reflejado a gran distancia por la esfera, de modo que su movimiento puede observarse como si se tratara de un p\u00e9ndulo con una longitud de oscilaci\u00f3n de 10 metros.<\/p>\n\n\n\n\n\n<p>Seis verniers que muestran la rotaci\u00f3n del hilo, el anillo de Charron, el p\u00e9ndulo, el soporte del anillo de Charron, la revoluci\u00f3n del p\u00e9ndulo en grados y la revoluci\u00f3n del p\u00e9ndulo graduada en medias horas.<\/p>\n\n\n\n\n\n<p><\/p>\n\n","protected":false},"excerpt":{"rendered":"<p>Versi\u00f3n 1: octubre de 2024 P\u00e9ndulo \/ br\u00fajula de Foucault montado sobre un \u00e1rbol card\u00e1n y sin anillo de fricci\u00f3n Charron, pero con un anillo de freno de Foucault debajo. De antemano se instal\u00f3 un anillo Charron, pero puede quedar inoperante con s\u00f3lo moverlo lo suficientemente alto. Su suspensi\u00f3n es diferente de todas las que [&hellip;]<\/p>\n","protected":false},"author":2,"featured_media":0,"parent":0,"menu_order":0,"comment_status":"closed","ping_status":"closed","template":"","meta":{"_acf_changed":false,"footnotes":""},"class_list":["post-5345","page","type-page","status-publish","hentry"],"acf":[],"_links":{"self":[{"href":"https:\/\/www.betrisey.ch\/es\/wp-json\/wp\/v2\/pages\/5345","targetHints":{"allow":["GET"]}}],"collection":[{"href":"https:\/\/www.betrisey.ch\/es\/wp-json\/wp\/v2\/pages"}],"about":[{"href":"https:\/\/www.betrisey.ch\/es\/wp-json\/wp\/v2\/types\/page"}],"author":[{"embeddable":true,"href":"https:\/\/www.betrisey.ch\/es\/wp-json\/wp\/v2\/users\/2"}],"replies":[{"embeddable":true,"href":"https:\/\/www.betrisey.ch\/es\/wp-json\/wp\/v2\/comments?post=5345"}],"version-history":[{"count":1,"href":"https:\/\/www.betrisey.ch\/es\/wp-json\/wp\/v2\/pages\/5345\/revisions"}],"predecessor-version":[{"id":5346,"href":"https:\/\/www.betrisey.ch\/es\/wp-json\/wp\/v2\/pages\/5345\/revisions\/5346"}],"wp:attachment":[{"href":"https:\/\/www.betrisey.ch\/es\/wp-json\/wp\/v2\/media?parent=5345"}],"curies":[{"name":"wp","href":"https:\/\/api.w.org\/{rel}","templated":true}]}}