{"id":5351,"date":"2022-05-19T08:42:15","date_gmt":"2022-05-19T08:42:15","guid":{"rendered":"https:\/\/www.betrisey.ch\/pendules-de-foucault-divers-2"},"modified":"2025-01-28T10:31:37","modified_gmt":"2025-01-28T10:31:37","slug":"pendules-de-foucault-divers-2","status":"publish","type":"page","link":"https:\/\/www.betrisey.ch\/es\/pendules-de-foucault-divers-2","title":{"rendered":"Varios p\u00e9ndulos de Foucault&#8230;"},"content":{"rendered":"\n\n<p><\/p>\n\n\n\n\n\n<p class=\"has-text-align-center has-medium-font-size\"><strong>El p\u00e9ndulo TF1 (n\u00b019) <\/strong><br><\/p>\n\n\n\n\n\n<p>Este es el decimonoveno de mis p\u00e9ndulos de Foucault, construido para un reportaje televisivo (\u00abReportages\u00bb, de Claire Chazal, en noviembre de 2010). Presenta dos especificaciones nuevas con respecto a los otros construidos anteriormente: la cabeza de suspensi\u00f3n est\u00e1 colocada sobre dos discos duros de ordenador, lo que permite centrarla, y el anillo Charron tambi\u00e9n est\u00e1 formado por dos discos duros.<\/p>\n\n\n\n\n\n<p class=\"has-text-align-center\"><img decoding=\"async\" src=\"https:\/\/www.betrisey.ch\/wp-content\/uploads\/2023\/08\/pendule20tf1.jpg\" alt=\"\"><\/p>\n\n\n\n<div class=\"wp-block-image\">\n\n<figure class=\"aligncenter\"><img decoding=\"async\" src=\"https:\/\/www.betrisey.ch\/wp-content\/uploads\/2023\/08\/tf1b.jpg\" alt=\"\"\/><\/figure>\n<\/div>\n\n\n\n\n<p><\/p>\n\n\n\n\n\n<p class=\"has-text-align-center\">Todos los componentes son cl\u00e1sicos: hilo de suspensi\u00f3n fabricado a partir de una cuerda de guitarra, rub\u00ed de centrado y propulsi\u00f3n electromagn\u00e9tica. Este es el \u00fanico p\u00e9ndulo que pens\u00e9 que funcionar\u00eda a la primera, y as\u00ed fue. Otros dos p\u00e9ndulos construidos anteriormente tambi\u00e9n hab\u00edan arrancado as\u00ed, pero fue m\u00e1s por suerte que por otra cosa. <br><br><img decoding=\"async\" src=\"https:\/\/www.betrisey.ch\/wp-content\/uploads\/2023\/08\/tf1c.jpg\" alt=\"\"><\/p>\n\n\n\n\n\n<p><\/p>\n\n\n\n\n\n<p class=\"has-text-align-center\"><strong>PIR\u00c1MIDE (n\u00b03)<\/strong><\/p>\n\n\n\n\n\n<p>Peque\u00f1o p\u00e9ndulo de Foucault, de menos de un metro de longitud, que muestra la rotaci\u00f3n de la Tierra hora a hora. Est\u00e1 propulsado por un electroim\u00e1n situado en la parte inferior del p\u00e9ndulo. Est\u00e1 controlado por una pila de 1,5 voltios, que debe cambiarse cada tres a\u00f1os. La marcha del p\u00e9ndulo se lee en el disco graduado situado en la parte inferior. Las graduaciones se dividen en horas. <\/p>\n\n\n\n\n\n<p>No es un reloj porque no tiene una base de tiempo fija ni compensaci\u00f3n de temperatura. El avance de la elipse se corrige mediante un anillo de Charron, como en el <a href=\"http:\/\/www.betrisey.ch\/leon.htm\">L\u00e9on<\/a>. No es necesario tomar precauciones especiales cuando se lanza el p\u00e9ndulo por primera vez: basta con empujarlo y ya est\u00e1. Se estabilizar\u00e1 por s\u00ed solo al cabo de 1 \u00f3 2 horas. El efecto Foucault ya se aprecia tras esperar media hora.<\/p>\n\n\n\n<div class=\"wp-block-image\">\n\n<figure class=\"aligncenter size-large\"><img decoding=\"async\" src=\"https:\/\/www.betrisey.ch\/wp-content\/uploads\/2023\/08\/1pyra-533x1024.jpg\" alt=\"\" class=\"wp-image-1259\"\/><figcaption class=\"wp-element-caption\">Copyright <a href=\"https:\/\/chmorgan.com\">Chris Morgan<\/a><\/figcaption><\/figure>\n<\/div>\n\n\n\n\n<p class=\"has-text-align-center has-medium-font-size\"><strong>POINTEAU<\/strong> <strong>(n\u00b05)<\/strong><\/p>\n\n\n\n\n\n<p class=\"has-text-align-center\">(P\u00e9ndulo de Foucault indicando la hora en el suelo)<br> <\/p>\n\n\n\n<div class=\"wp-block-image\">\n\n<figure class=\"aligncenter\"><img decoding=\"async\" src=\"https:\/\/www.betrisey.ch\/wp-content\/uploads\/2023\/08\/pointe.jpg\" alt=\"\"\/><\/figure>\n<\/div>\n\n\n\n\n<p>Este cono de acero ultrarresistente es una aguja de una central hidroel\u00e9ctrica. Cuando estaba en servicio, regulaba el caudal de agua que accionaba la turbina. Las estr\u00edas se deb\u00edan al paso del agua. Esta pieza de acero, que pesa unos 40 kilos, es la pieza central del p\u00e9ndulo. Un rayo l\u00e1ser la atraviesa y apunta al volante, una esfera de acero inoxidable pulido. El rayo reflejado ilumina una esfera situada en la base del cono. La tierra gira. El plano del volante permanece fijo en relaci\u00f3n con el universo, pero podemos ver que el rayo l\u00e1ser se desplaza gradualmente en el sentido de las agujas del reloj. As\u00ed que se puede saber la hora en la tierra siguiendo la trayectoria del rayo reflejado.<br> <br> <br><br><\/p>\n\n\n\n<div class=\"wp-block-image\">\n\n<figure class=\"aligncenter\"><img decoding=\"async\" src=\"https:\/\/www.betrisey.ch\/wp-content\/uploads\/2023\/08\/pointe3.jpg\" alt=\"\"\/><\/figure>\n<\/div>\n\n\n\n\n<figure class=\"wp-block-video\"><video height=\"120\" style=\"aspect-ratio: 160 \/ 120;\" width=\"160\" controls src=\"https:\/\/2022.betrisey.ch\/wp-content\/uploads\/2022\/05\/pointeau.mp4\"><\/video><\/figure>\n\n\n\n\n\n<p>Este reloj no necesita marco. Se cuelga directamente del techo. La longitud del cable puede ser de 1 metro a 4 metros. Este p\u00e9ndulo est\u00e1 dise\u00f1ado para exponerse en el centro de una sala, de modo que la gente pueda verlo desde todos los lados.<\/p>\n\n\n\n<div class=\"wp-block-image\">\n\n<figure class=\"aligncenter\"><img decoding=\"async\" src=\"https:\/\/www.betrisey.ch\/wp-content\/uploads\/2023\/08\/pointe4.jpg\" alt=\"\"\/><\/figure>\n<\/div>\n\n\n\n\n<p>Derecha: <a href=\"https:\/\/2022.betrisey.ch\/leon\" data-type=\"page\" data-id=\"1238\">L\u00e9on<\/a>, <a href=\"http:\/\/moreno\" data-type=\"URL\" data-id=\"moreno\">Mor\u00e9no<\/a>, <a href=\"https:\/\/2022.betrisey.ch\/conti\" data-type=\"page\" data-id=\"1209\">Conti<\/a>. Izquierda: <a href=\"https:\/\/2022.betrisey.ch\/malevoz\" data-type=\"page\" data-id=\"2\">L&#8217;Anachrone<\/a>, <a href=\"https:\/\/2022.betrisey.ch\/aprilia\" data-type=\"page\" data-id=\"1292\">Aprilia<\/a> y <a href=\"https:\/\/2022.betrisey.ch\/cyclostyle\" data-type=\"page\" data-id=\"1299\">Cyclostyle<\/a><\/p>\n\n\n\n\n\n<p class=\"has-text-align-center\"><strong>EL TUBO (n\u00b06) <\/strong><br><\/p>\n\n\n\n<div class=\"wp-block-image\">\n\n<figure class=\"aligncenter\"><img decoding=\"async\" src=\"https:\/\/www.betrisey.ch\/wp-content\/uploads\/2023\/08\/tube.jpg\" alt=\"\"\/><\/figure>\n<\/div>\n\n\n\n\n<p>Un corto p\u00e9ndulo de Foucault cuyo efecto el\u00edptico est\u00e1 amortiguado por otro de los descubrimientos de L\u00e9on Foucault, el freno magn\u00e9tico. Un im\u00e1n que se desplace sobre un metal conductor no magn\u00e9tico ser\u00e1 frenado e inducir\u00e1 una corriente el\u00e9ctrica. En este p\u00e9ndulo, este freno es el anillo de lat\u00f3n que puede verse bajo el volante. Este anillo tambi\u00e9n regula su amplitud e impide que golpee el tubo de cristal.<\/p>\n\n\n\n\n\n<p class=\"has-text-align-center has-medium-font-size\"><strong>Mini Foucault<\/strong> <strong>(n\u00b04)<\/strong><\/p>\n\n\n\n\n\n<p class=\"has-text-align-center\">(Desmontado en junio de 2003 para recuperar piezas de recambio y fabricar otras nuevas)<\/p>\n\n\n\n\n\n<p>Este corto p\u00e9ndulo de Foucault (12 cm) no fue dise\u00f1ado para entrar en el Libro Guinness de los R\u00e9cords, pero probablemente pertenezca a \u00e9l. Originalmente lo hice como banco de pruebas para comprobar la resistencia de los distintos materiales de suspensi\u00f3n. Como el p\u00e9ndulo oscila mucho m\u00e1s r\u00e1pido que mis otros y su amplitud es mucho mayor (20\u00b0), los materiales se desgastan y fatigan mucho m\u00e1s r\u00e1pidamente: el alambre se rompe sistem\u00e1ticamente despu\u00e9s de una semana de uso. Las lecciones que aprend\u00ed me sirvieron para mejorar mis futuros relojes.<\/p>\n\n\n\n<div class=\"wp-block-image\">\n\n<figure class=\"aligncenter size-large\"><img loading=\"lazy\" decoding=\"async\" width=\"768\" height=\"1024\" src=\"https:\/\/www.betrisey.ch\/wp-content\/uploads\/2024\/06\/minifoucault-768x1024.jpg\" alt=\"\" class=\"wp-image-3320\" srcset=\"https:\/\/www.betrisey.ch\/wp-content\/uploads\/2024\/06\/minifoucault-768x1024.jpg 768w, https:\/\/www.betrisey.ch\/wp-content\/uploads\/2024\/06\/minifoucault-225x300.jpg 225w, https:\/\/www.betrisey.ch\/wp-content\/uploads\/2024\/06\/minifoucault-1152x1536.jpg 1152w, https:\/\/www.betrisey.ch\/wp-content\/uploads\/2024\/06\/minifoucault.jpg 1200w\" sizes=\"auto, (max-width: 768px) 100vw, 768px\" \/><\/figure>\n<\/div>\n\n\n\n\n<p class=\"has-text-align-center\">Versi\u00f3n 1<\/p>\n\n\n\n<div class=\"wp-block-image\">\n\n<figure class=\"aligncenter size-large\"><img loading=\"lazy\" decoding=\"async\" width=\"783\" height=\"1024\" src=\"https:\/\/www.betrisey.ch\/wp-content\/uploads\/2024\/06\/minifoucaul-783x1024.jpg\" alt=\"\" class=\"wp-image-3321\" srcset=\"https:\/\/www.betrisey.ch\/wp-content\/uploads\/2024\/06\/minifoucaul-783x1024.jpg 783w, https:\/\/www.betrisey.ch\/wp-content\/uploads\/2024\/06\/minifoucaul-229x300.jpg 229w, https:\/\/www.betrisey.ch\/wp-content\/uploads\/2024\/06\/minifoucaul-768x1004.jpg 768w, https:\/\/www.betrisey.ch\/wp-content\/uploads\/2024\/06\/minifoucaul.jpg 1047w\" sizes=\"auto, (max-width: 783px) 100vw, 783px\" \/><\/figure>\n<\/div>\n\n\n\n\n<p class=\"has-text-align-center\">Versi\u00f3n 2<\/p>\n\n\n\n\n\n<p>La construcci\u00f3n de este p\u00e9ndulo fue, debido a su longitud, mucho m\u00e1s dif\u00edcil que la de todos los dem\u00e1s. El hilo de suspensi\u00f3n est\u00e1 guiado por cer\u00e1mica. Tuve que colocar dos anillos Charron sucesivos de di\u00e1metros diferentes para evitar vibraciones par\u00e1sitas durante el recorrido del p\u00e9ndulo. El anillo Charron superior es un rub\u00ed, y el segundo es de lat\u00f3n. El uso de dos anillos tambi\u00e9n reduce el \u00e1ngulo dado al hilo por la amplitud del p\u00e9ndulo, prolongando as\u00ed la vida del hilo de suspensi\u00f3n. La principal lecci\u00f3n que puede ense\u00f1ar un p\u00e9ndulo tan corto es que las reglas que permiten la rotaci\u00f3n de un p\u00e9ndulo de un metro ya no se aplican aqu\u00ed en absoluto.<\/p>\n\n\n\n\n\n<p>El armaz\u00f3n es de aluminio fundido, atornillado por debajo, y procede de una balanza Berkel. Puede parecer sobredimensionado, pero la m\u00e1s m\u00ednima torsi\u00f3n afecta al p\u00e9ndulo y anula la fuerza que lo hace girar. Y esta fuerza es aqu\u00ed extremadamente peque\u00f1a debido a la escasa amplitud del p\u00e9ndulo y a su bajo peso.<\/p>\n\n\n\n\n\n<p>Con la prueba de que un p\u00e9ndulo as\u00ed pod\u00eda funcionar, el \u00faltimo reto era construir el <strong><a href=\"https:\/\/www.betrisey.ch\/minifoucault-n23\">p\u00e9ndulo de Foucault p\u00fablico permanente m\u00e1s peque\u00f1o<\/a><\/strong> jam\u00e1s fabricado, y registrar sus rotaciones durante un mes.<br><\/p>\n\n","protected":false},"excerpt":{"rendered":"<p>El p\u00e9ndulo TF1 (n\u00b019) Este es el decimonoveno de mis p\u00e9ndulos de Foucault, construido para un reportaje televisivo (\u00abReportages\u00bb, de Claire Chazal, en noviembre de 2010). Presenta dos especificaciones nuevas con respecto a los otros construidos anteriormente: la cabeza de suspensi\u00f3n est\u00e1 colocada sobre dos discos duros de ordenador, lo que permite centrarla, y el [&hellip;]<\/p>\n","protected":false},"author":2,"featured_media":0,"parent":0,"menu_order":0,"comment_status":"closed","ping_status":"closed","template":"","meta":{"_acf_changed":false,"footnotes":""},"class_list":["post-5351","page","type-page","status-publish","hentry"],"acf":[],"_links":{"self":[{"href":"https:\/\/www.betrisey.ch\/es\/wp-json\/wp\/v2\/pages\/5351","targetHints":{"allow":["GET"]}}],"collection":[{"href":"https:\/\/www.betrisey.ch\/es\/wp-json\/wp\/v2\/pages"}],"about":[{"href":"https:\/\/www.betrisey.ch\/es\/wp-json\/wp\/v2\/types\/page"}],"author":[{"embeddable":true,"href":"https:\/\/www.betrisey.ch\/es\/wp-json\/wp\/v2\/users\/2"}],"replies":[{"embeddable":true,"href":"https:\/\/www.betrisey.ch\/es\/wp-json\/wp\/v2\/comments?post=5351"}],"version-history":[{"count":1,"href":"https:\/\/www.betrisey.ch\/es\/wp-json\/wp\/v2\/pages\/5351\/revisions"}],"predecessor-version":[{"id":5352,"href":"https:\/\/www.betrisey.ch\/es\/wp-json\/wp\/v2\/pages\/5351\/revisions\/5352"}],"wp:attachment":[{"href":"https:\/\/www.betrisey.ch\/es\/wp-json\/wp\/v2\/media?parent=5351"}],"curies":[{"name":"wp","href":"https:\/\/api.w.org\/{rel}","templated":true}]}}