{"id":5780,"date":"2023-12-02T17:33:43","date_gmt":"2023-12-02T17:33:43","guid":{"rendered":"https:\/\/www.betrisey.ch\/mini-foucault-n-22"},"modified":"2025-03-09T07:55:58","modified_gmt":"2025-03-09T07:55:58","slug":"mini-foucault-n-22","status":"publish","type":"page","link":"https:\/\/www.betrisey.ch\/es\/mini-foucault-n-22","title":{"rendered":"Mini Foucault de 19,6 cm (n\u00b0 22)"},"content":{"rendered":"\n\n<p>Peque\u00f1o p\u00e9ndulo de corrientes de Foucault ajustable de 19,6 a 25 cent\u00edmetros de longitud. La idea era mejorar la fiabilidad de mi primer <a href=\"https:\/\/www.betrisey.ch\/pendules-de-foucault-divers-2\">Mini Foucault (n\u00b04),<\/a> cuyo cable de suspensi\u00f3n nunca duraba m\u00e1s de una semana, y convertirlo en un verdadero p\u00e9ndulo de Foucault capaz de durar d\u00e9cadas sin interrupci\u00f3n. Un p\u00e9ndulo tan corto (176 oscilaciones por minuto, 8160 por hora) es extremadamente dif\u00edcil de construir porque no perdona los errores. Requiere mucho m\u00e1s trabajo que un p\u00e9ndulo de un metro, el armaz\u00f3n tiene que ser muy r\u00edgido y cada detalle debe ser meticuloso. Por ejemplo: es cuatro veces m\u00e1s corto que los que suelo hacer, pero pesa cuatro veces m\u00e1s: \u00a120 kilos!  <\/p>\n\n\n\n\n\n<p>La suma total de problemas potenciales significa que es f\u00e1cil perderse en a\u00f1os de ajustes antes de que funcione correctamente.<strong> Para ser eficaz, ten\u00eda que tener nueve funciones que pudieran ajustarse completamente en todas las direcciones sin necesidad de herramientas y sin interrumpir nunca su recorrido<\/strong>. A saber:<\/p>\n\n\n\n\n\n<ul class=\"wp-block-list\">\n\n<li>Rotaci\u00f3n de la esfera.<\/li>\n\n\n\n\n\n<li>Rotaci\u00f3n del anillo Charron.<\/li>\n\n\n\n\n\n<li>Rotaci\u00f3n de la mira.<\/li>\n\n\n\n\n\n<li>Rotaci\u00f3n del gu\u00edahilos.<\/li>\n\n\n\n\n\n<li>Rotaci\u00f3n de la rosca.<\/li>\n\n\n\n\n\n<li>Altura del gu\u00edahilos.<\/li>\n\n\n\n\n\n<li>Longitud del hilo.<\/li>\n\n\n\n\n\n<li>Altura del anillo Charron.<\/li>\n\n\n\n\n\n<li>Acimut del carrete de propulsi\u00f3n<\/li>\n\n<\/ul>\n\n\n\n\n\n<p>(Y tambi\u00e9n idear un sistema para medir la rotaci\u00f3n, una peque\u00f1a plomada giratoria que haga su medici\u00f3n tan precisa como la de un gran p\u00e9ndulo)<\/p>\n\n\n\n<div class=\"wp-block-image\">\n\n<figure class=\"aligncenter size-large\"><img loading=\"lazy\" decoding=\"async\" width=\"559\" height=\"1024\" src=\"https:\/\/www.betrisey.ch\/wp-content\/uploads\/2023\/12\/minifoucault1-559x1024.jpg\" alt=\"\" class=\"wp-image-2821\" srcset=\"https:\/\/www.betrisey.ch\/wp-content\/uploads\/2023\/12\/minifoucault1-559x1024.jpg 559w, https:\/\/www.betrisey.ch\/wp-content\/uploads\/2023\/12\/minifoucault1-164x300.jpg 164w, https:\/\/www.betrisey.ch\/wp-content\/uploads\/2023\/12\/minifoucault1-768x1407.jpg 768w, https:\/\/www.betrisey.ch\/wp-content\/uploads\/2023\/12\/minifoucault1-839x1536.jpg 839w, https:\/\/www.betrisey.ch\/wp-content\/uploads\/2023\/12\/minifoucault1-1118x2048.jpg 1118w, https:\/\/www.betrisey.ch\/wp-content\/uploads\/2023\/12\/minifoucault1-scaled.jpg 1398w\" sizes=\"auto, (max-width: 559px) 100vw, 559px\" \/><\/figure>\n<\/div>\n\n\n<div class=\"wp-block-image\">\n\n<figure class=\"aligncenter size-large\"><img loading=\"lazy\" decoding=\"async\" width=\"617\" height=\"1024\" src=\"https:\/\/www.betrisey.ch\/wp-content\/uploads\/2023\/12\/minifoucault2-617x1024.jpg\" alt=\"\" class=\"wp-image-2822\" srcset=\"https:\/\/www.betrisey.ch\/wp-content\/uploads\/2023\/12\/minifoucault2-617x1024.jpg 617w, https:\/\/www.betrisey.ch\/wp-content\/uploads\/2023\/12\/minifoucault2-181x300.jpg 181w, https:\/\/www.betrisey.ch\/wp-content\/uploads\/2023\/12\/minifoucault2-768x1275.jpg 768w, https:\/\/www.betrisey.ch\/wp-content\/uploads\/2023\/12\/minifoucault2-926x1536.jpg 926w, https:\/\/www.betrisey.ch\/wp-content\/uploads\/2023\/12\/minifoucault2-1234x2048.jpg 1234w, https:\/\/www.betrisey.ch\/wp-content\/uploads\/2023\/12\/minifoucault2-scaled.jpg 1543w\" sizes=\"auto, (max-width: 617px) 100vw, 617px\" \/><\/figure>\n<\/div>\n\n\n\n\n<figure class=\"wp-block-video aligncenter\"><video height=\"1080\" style=\"aspect-ratio: 1920 \/ 1080;\" width=\"1920\" controls src=\"https:\/\/www.betrisey.ch\/wp-content\/uploads\/2023\/12\/minifoucault.mp4\"><\/video><\/figure>\n\n\n\n\n\n<figure class=\"wp-block-video\"><video height=\"1080\" style=\"aspect-ratio: 1920 \/ 1080;\" width=\"1920\" controls src=\"https:\/\/www.betrisey.ch\/wp-content\/uploads\/2024\/01\/minifoucault2.mp4\"><\/video><\/figure>\n\n","protected":false},"excerpt":{"rendered":"<p>Peque\u00f1o p\u00e9ndulo de corrientes de Foucault ajustable de 19,6 a 25 cent\u00edmetros de longitud. La idea era mejorar la fiabilidad de mi primer Mini Foucault (n\u00b04), cuyo cable de suspensi\u00f3n nunca duraba m\u00e1s de una semana, y convertirlo en un verdadero p\u00e9ndulo de Foucault capaz de durar d\u00e9cadas sin interrupci\u00f3n. Un p\u00e9ndulo tan corto (176 [&hellip;]<\/p>\n","protected":false},"author":2,"featured_media":0,"parent":0,"menu_order":0,"comment_status":"closed","ping_status":"closed","template":"","meta":{"_acf_changed":false,"footnotes":""},"class_list":["post-5780","page","type-page","status-publish","hentry"],"acf":[],"_links":{"self":[{"href":"https:\/\/www.betrisey.ch\/es\/wp-json\/wp\/v2\/pages\/5780","targetHints":{"allow":["GET"]}}],"collection":[{"href":"https:\/\/www.betrisey.ch\/es\/wp-json\/wp\/v2\/pages"}],"about":[{"href":"https:\/\/www.betrisey.ch\/es\/wp-json\/wp\/v2\/types\/page"}],"author":[{"embeddable":true,"href":"https:\/\/www.betrisey.ch\/es\/wp-json\/wp\/v2\/users\/2"}],"replies":[{"embeddable":true,"href":"https:\/\/www.betrisey.ch\/es\/wp-json\/wp\/v2\/comments?post=5780"}],"version-history":[{"count":1,"href":"https:\/\/www.betrisey.ch\/es\/wp-json\/wp\/v2\/pages\/5780\/revisions"}],"predecessor-version":[{"id":5781,"href":"https:\/\/www.betrisey.ch\/es\/wp-json\/wp\/v2\/pages\/5780\/revisions\/5781"}],"wp:attachment":[{"href":"https:\/\/www.betrisey.ch\/es\/wp-json\/wp\/v2\/media?parent=5780"}],"curies":[{"name":"wp","href":"https:\/\/api.w.org\/{rel}","templated":true}]}}