{"id":5817,"date":"2022-05-19T07:45:31","date_gmt":"2022-05-19T07:45:31","guid":{"rendered":"https:\/\/www.betrisey.ch\/pestoline-technique"},"modified":"2025-03-09T08:18:21","modified_gmt":"2025-03-09T08:18:21","slug":"pestoline-technique","status":"publish","type":"page","link":"https:\/\/www.betrisey.ch\/es\/pestoline-technique","title":{"rendered":"Pestoline (t\u00e9cnica)"},"content":{"rendered":"\n\n<p>Un p\u00e9ndulo de Foucault s\u00f3lo es f\u00e1cil de fabricar si mide m\u00e1s de 2 metros. Pero el m\u00edo debe tener un volante de 1 metro para poder indicar los segundos. Pocas personas en el mundo han sido capaces de fabricar p\u00e9ndulos peque\u00f1os que funcionaran satisfactoriamente. Debo mencionar aqu\u00ed a los pioneros Haym Kruglak y Stanley Steele en 1984 y a H Richard Crane en 1981. Los dos problemas principales de los p\u00e9ndulos peque\u00f1os son la suspensi\u00f3n y la precesi\u00f3n de la elipticidad. El problema de la suspensi\u00f3n es con mucho el m\u00e1s importante, ya que tiene que ser perfecta, de lo contrario el p\u00e9ndulo s\u00f3lo oscilar\u00e1 en el plano que le resulte m\u00e1s f\u00e1cil. Otra soluci\u00f3n es fundir el hilo en metal. Pero la temperatura de fusi\u00f3n suele destruir las especificaciones del alambre de acero de la suspensi\u00f3n. Un m\u00e9todo de suspensi\u00f3n m\u00e1s com\u00fan consiste en pasar el alambre a trav\u00e9s de un mandril de precisi\u00f3n. Sin embargo, tambi\u00e9n en este caso el p\u00e9ndulo elige una posici\u00f3n preferida y se estabiliza en un plano. Todos los mandriles comerciales tienen peque\u00f1as imperfecciones. Richard Crane sol\u00eda pasar su mandril por un torno para pulir las mordazas con un abrasivo muy fino. S\u00f3lo as\u00ed pod\u00eda funcionar el p\u00e9ndulo. El otro problema es c\u00f3mo eliminar la precesi\u00f3n de elipticidad. Este fen\u00f3meno s\u00f3lo aparece en los p\u00e9ndulos peque\u00f1os y empeora cuanto m\u00e1s cortos son. Este efecto indeseable puede reducirse un poco interponiendo un anillo de Charron perfectamente mecanizado y pulido en la d\u00e9cima parte superior de la longitud del p\u00e9ndulo.<\/p>\n\n\n\n\n\n<p>He aqu\u00ed, pues, el primer prototipo que realmente funcion\u00f3, el que estaba destinado a servir de banco de pruebas para la construcci\u00f3n de los dem\u00e1s. Tambi\u00e9n estaba destinado, una vez terminadas todas las pruebas, a acabar sus d\u00edas en mi cocina. Porque no ten\u00eda reloj en casa&#8230;.<\/p>\n\n\n\n\n\n<p>El soporte tiene tres funciones: sostener el volante, guiar el hilo del volante con gran precisi\u00f3n (hasta una cent\u00e9sima de mil\u00edmetro) y permitir ajustar la longitud del volante incluso en movimiento. Se trata de una funci\u00f3n que casi nunca se encuentra en los relojes, pero que deber\u00eda resultar muy \u00fatil en el futuro. Abandon\u00e9 la idea de un mandril porque era demasiado dif\u00edcil de mecanizar con mis limitados recursos y no permit\u00eda ning\u00fan ajuste una vez sujetado. En lugar de quedar sujeto entre las mordazas, el alambre de acero (0,18 mm) pasa por el orificio de un zafiro, sube alrededor de una rueda y vuelve a bajar para quedar sujeto en la parte inferior. Un tornillo de ajuste dobla el alambre tras la rueda y afecta as\u00ed a la altura de la balanza. Si quiero, incluso puedo a\u00f1adir una compensaci\u00f3n de temperatura bimet\u00e1lica.<\/p>\n\n\n\n<div class=\"wp-block-image\">\n\n<figure class=\"aligncenter\"><img decoding=\"async\" src=\"https:\/\/www.betrisey.ch\/wp-content\/uploads\/2023\/11\/pesto4.jpg\" alt=\"\"\/><\/figure>\n<\/div>\n\n\n\n\n<p>Ahora veamos qu\u00e9 hace que este p\u00e9ndulo sea diferente de todos los dem\u00e1s que se han fabricado hasta ahora, a saber, que tambi\u00e9n sirve como reloj. Que yo sepa, s\u00f3lo otro hombre lo ha intentado: H. Richard Crane (Universidad de Michigan). El paso del tiempo se le\u00eda leyendo el paso del p\u00e9ndulo sobre un c\u00edrculo graduado en la parte inferior. Pero su p\u00e9ndulo no pod\u00eda considerarse un verdadero reloj en el sentido de que necesitaba una base horaria externa, un temporizador que hiciera que el p\u00e9ndulo dejara de girar 6 horas al d\u00eda. El m\u00edo, en cambio, tiene que hacerlo todo a la vez: reloj real y p\u00e9ndulo de Foucault. A partir de ah\u00ed, los problemas planteados se vuelven muy interesantes. Por ejemplo, \u00bfc\u00f3mo puedo asegurarme de que el p\u00e9ndulo compensa la temperatura, dado que no me est\u00e1 permitido utilizar invar (como el invar es magn\u00e9tico, este p\u00e9ndulo se convertir\u00eda r\u00e1pidamente en una br\u00fajula)? o \u00bfc\u00f3mo puedo saber la hora utilizando el p\u00e9ndulo, dado que su graduaci\u00f3n es incompatible con las 24 horas?<\/p>\n\n\n\n\n\n<p>Mucha gente sigue pensando que un p\u00e9ndulo de Foucault gira sobre s\u00ed mismo cada 24 horas. Esto s\u00f3lo es cierto en el sentido de las agujas del reloj en el Polo Norte y en el sentido contrario en el Polo Sur. Cuanto menor es la latitud, m\u00e1s despacio gira. En Par\u00eds, son 32 horas. Donde yo vivo, en Sion (Suiza), es de 33 horas y 26 minutos. En el ecuador, su tiempo de rotaci\u00f3n es te\u00f3ricamente infinito. Crane deten\u00eda la revoluci\u00f3n del volante 6 horas por noche (entre medianoche y las 6 de la ma\u00f1ana) mediante un electroim\u00e1n adicional controlado por un reloj.<\/p>\n\n\n\n\n\n<p>Algunos datos.<br>P\u00e9ndulo impulsado electromagn\u00e9ticamente por un electroim\u00e1n cada vez que detecta el paso del volante. Lat\u00f3n en casi todas las piezas para eliminar los problemas de magnetismo. Indicaci\u00f3n de la hora en la esfera (horas, minutos y segundos) e indicaci\u00f3n de la hora en el extremo del volante. El disco del tercio superior sirve para detener la ca\u00edda del volante en caso de rotura del hilo.<\/p>\n\n\n\n\n\n<p>La estabilizaci\u00f3n de la amplitud utiliza otro de los descubrimientos de L\u00e9on Foucault: el freno. Se trata de un anillo graduado no magn\u00e9tico de dimensiones muy precisas colocado al final del recorrido del volante. El paso del im\u00e1n provoca corrientes inducidas denominadas \u00abcorrientes de Foucault\u00bb, que lo frenan con cada oscilaci\u00f3n.<\/p>\n\n\n\n<div class=\"wp-block-image\">\n\n<figure class=\"aligncenter\"><img decoding=\"async\" src=\"https:\/\/www.betrisey.ch\/wp-content\/uploads\/2023\/11\/russes.jpg\" alt=\"\"\/><\/figure>\n<\/div>\n\n\n\n\n<p>Una monta\u00f1a rusa: \u00e9se fue el resultado de la primera prueba de Pestoline. Esta prueba se realiz\u00f3 en mi taller cuando la altura de la balanza no estaba ajustada, el anillo Charron no estaba centrado y yo estaba todo el d\u00eda trabajando a su alrededor. No obstante, podemos descubrir bastantes fen\u00f3menos interesantes. En este documento, que abarca dos d\u00edas, podemos ver que las perturbaciones c\u00edclicas se repiten tres veces. Si dividimos el n\u00famero de d\u00edas que abarca este gr\u00e1fico por el n\u00famero de ciclos, obtenemos la cifra de 16,5: es el n\u00famero de horas que tarda el p\u00e9ndulo en dar media vuelta sobre s\u00ed mismo. Esto nos da 33 horas para una revoluci\u00f3n completa, con un margen de error del 1%. (Esta cifra debe tomarse con cautela: yo suelo realizar mediciones que duran entre <strong>una semana y un mes<\/strong> para hacer mediciones realmente precisas)<\/p>\n\n\n\n\n\n<p>Las perturbaciones que podemos ver proceden del anillo de Charron. A\u00fan no est\u00e1 centrado del todo y se aprecian algunos defectos de mecanizado. Repet\u00ed la misma prueba sin el anillo de Charron: la l\u00ednea era perfectamente plana, pero el recorrido del p\u00e9ndulo era el\u00edptico y el efecto de remolino apenas detectable.<\/p>\n\n\n\n\n\n<p>Despu\u00e9s de algunos ajustes, centrado y equilibrado, esto es lo que revel\u00f3 el ordenador:<\/p>\n\n\n\n<div class=\"wp-block-image\">\n\n<figure class=\"aligncenter\"><img decoding=\"async\" src=\"https:\/\/www.betrisey.ch\/wp-content\/uploads\/2023\/11\/1_pesto.jpg\" alt=\"\"\/><\/figure>\n<\/div>\n\n\n\n\n<p>Este gr\u00e1fico muestra que Pestoline avanza 7,8 segundos al d\u00eda, lo que puede ajustarse f\u00e1cilmente bajando un poco el p\u00e9ndulo. Pero hay m\u00e1s: la sucesi\u00f3n de picos (cada uno de los cuales indica una revoluci\u00f3n del p\u00e9ndulo) se ha vuelto m\u00e1s precisa. Tambi\u00e9n podemos ver perturbaciones recurrentes en la parte inferior de la curva, que demuestran que sigue habiendo anisotrop\u00eda mec\u00e1nica en el alambre o la suspensi\u00f3n. De este modo, este reloj sirve de banco de pruebas con vistas a mejorar el siguiente. Porque la elecci\u00f3n que hay que hacer con este tipo de reloj no es entre la precisi\u00f3n de la hora o la del efecto Foucault. Pestoline ha demostrado que con ambos se pueden obtener buenos resultados.<\/p>\n\n\n\n\n\n<p><strong>(Julio de 2003)<\/strong> Pestoline gan\u00f3 el primer premio en la categor\u00eda de \u00abingenio ingenieril\u00bb del concurso Kinetic Art Organization<br>Este concurso mundial premia obras de arte cin\u00e9tico.<\/p>\n\n\n\n\n\n<p>Quienes posean el software MicroSet de Bryan Mumford pueden descargarlo si lo solicitan. Esto les permitir\u00e1 averiguar lo que ocurre en una millon\u00e9sima de segundo en el coraz\u00f3n de un p\u00e9ndulo de Foucault, el efecto de las perturbaciones causadas por las corrientes de aire, las oscilaciones par\u00e1sitas, etc. Esta muestra cubre 5 d\u00edas de pruebas. <\/p>\n\n\n\n<div class=\"wp-block-image\">\n\n<figure class=\"aligncenter\"><img decoding=\"async\" src=\"https:\/\/www.betrisey.ch\/wp-content\/uploads\/2023\/11\/pesto5.jpg\" alt=\"\"\/><\/figure>\n<\/div>\n\n\n\n\n<p><\/p>\n\n\n\n\n\n<p class=\"has-medium-font-size\"><\/p>\n\n","protected":false},"excerpt":{"rendered":"<p>Un p\u00e9ndulo de Foucault s\u00f3lo es f\u00e1cil de fabricar si mide m\u00e1s de 2 metros. Pero el m\u00edo debe tener un volante de 1 metro para poder indicar los segundos. Pocas personas en el mundo han sido capaces de fabricar p\u00e9ndulos peque\u00f1os que funcionaran satisfactoriamente. Debo mencionar aqu\u00ed a los pioneros Haym Kruglak y Stanley [&hellip;]<\/p>\n","protected":false},"author":2,"featured_media":0,"parent":0,"menu_order":0,"comment_status":"closed","ping_status":"closed","template":"","meta":{"_acf_changed":false,"footnotes":""},"class_list":["post-5817","page","type-page","status-publish","hentry"],"acf":[],"_links":{"self":[{"href":"https:\/\/www.betrisey.ch\/es\/wp-json\/wp\/v2\/pages\/5817","targetHints":{"allow":["GET"]}}],"collection":[{"href":"https:\/\/www.betrisey.ch\/es\/wp-json\/wp\/v2\/pages"}],"about":[{"href":"https:\/\/www.betrisey.ch\/es\/wp-json\/wp\/v2\/types\/page"}],"author":[{"embeddable":true,"href":"https:\/\/www.betrisey.ch\/es\/wp-json\/wp\/v2\/users\/2"}],"replies":[{"embeddable":true,"href":"https:\/\/www.betrisey.ch\/es\/wp-json\/wp\/v2\/comments?post=5817"}],"version-history":[{"count":1,"href":"https:\/\/www.betrisey.ch\/es\/wp-json\/wp\/v2\/pages\/5817\/revisions"}],"predecessor-version":[{"id":5818,"href":"https:\/\/www.betrisey.ch\/es\/wp-json\/wp\/v2\/pages\/5817\/revisions\/5818"}],"wp:attachment":[{"href":"https:\/\/www.betrisey.ch\/es\/wp-json\/wp\/v2\/media?parent=5817"}],"curies":[{"name":"wp","href":"https:\/\/api.w.org\/{rel}","templated":true}]}}