{"id":5826,"date":"2022-05-19T07:42:43","date_gmt":"2022-05-19T07:42:43","guid":{"rendered":"https:\/\/www.betrisey.ch\/pestoline"},"modified":"2025-03-09T08:21:29","modified_gmt":"2025-03-09T08:21:29","slug":"pestoline","status":"publish","type":"page","link":"https:\/\/www.betrisey.ch\/es\/pestoline","title":{"rendered":"Pestolina (n\u00b01)"},"content":{"rendered":"\n\n<p>El primer reloj que utiliza un p\u00e9ndulo de Foucault corto como volante.<\/p>\n\n\n\n\n\n<p>Estamos acostumbrados a ver grandes p\u00e9ndulos de Foucault colocados en edificios altos, con el p\u00e9ndulo m\u00e1s pesado posible: hasta 90 metros de altura y 300 kg de peso. Estos instrumentos nos proporcionan una oscilaci\u00f3n que puede durar hasta 10 segundos. Pero, \u00bfqu\u00e9 pasa con los relojes peque\u00f1os? Hace tiempo que quer\u00eda construir un reloj basado en el principio del p\u00e9ndulo de Foucault. Demostrar\u00eda que la Tierra gira, al tiempo que indicar\u00eda la hora, la latitud y el hemisferio. Pero para ello ten\u00eda que medir un metro de largo para dar una oscilaci\u00f3n de un segundo. Los primeros prototipos empezaron en 1999\/2000 sin \u00e9xito, con pruebas de suspensiones axiales, magn\u00e9ticas, de card\u00e1n o de mandril: dos a\u00f1os perdidos. Lo \u00fanico que me ense\u00f1aron fue que un p\u00e9ndulo de Foucault corto es infinitamente m\u00e1s dif\u00edcil de fabricar que un p\u00e9ndulo normal.<br>La base de este reloj se dise\u00f1\u00f3 sin ninguna consideraci\u00f3n est\u00e9tica, simplemente como un prototipo destinado a ser modificado y mejorado continuamente. Para mi gran sorpresa, empez\u00f3 a funcionar un d\u00eda de diciembre de 2002, y lo hizo durante varios a\u00f1os seguidos en mi cocina. M\u00e1s tarde, el reloj fue da\u00f1ado por unos ni\u00f1os en una exposici\u00f3n en 2021. Decid\u00ed no repararlo y piratear sus piezas, que se utilizar\u00e1n para otros relojes en el futuro.<\/p>\n\n\n\n\n\n<p class=\"has-text-align-center\">Versiones 1 y 2<\/p>\n\n\n\n<div class=\"wp-block-image\">\n\n<figure class=\"aligncenter size-large\"><img loading=\"lazy\" decoding=\"async\" width=\"262\" height=\"1024\" src=\"https:\/\/www.betrisey.ch\/wp-content\/uploads\/2023\/11\/pesto-262x1024.jpg\" alt=\"\" class=\"wp-image-1221\"\/><\/figure>\n<\/div>\n\n\n<div class=\"wp-block-image\">\n\n<figure class=\"aligncenter size-large\"><img loading=\"lazy\" decoding=\"async\" width=\"161\" height=\"1024\" src=\"https:\/\/www.betrisey.ch\/wp-content\/uploads\/2024\/07\/pesto2-161x1024.jpg\" alt=\"\" class=\"wp-image-3547\" srcset=\"https:\/\/www.betrisey.ch\/wp-content\/uploads\/2024\/07\/pesto2-161x1024.jpg 161w, https:\/\/www.betrisey.ch\/wp-content\/uploads\/2024\/07\/pesto2-47x300.jpg 47w\" sizes=\"auto, (max-width: 161px) 100vw, 161px\" \/><\/figure>\n<\/div>\n\n\n\n\n<p>Si eres un aficionado a la t\u00e9cnica, mejor <strong><a href=\"https:\/\/2022.betrisey.ch\/pestoline-technique\" data-type=\"page\" data-id=\"1223\">entra aqu\u00ed<\/a><\/strong><\/p>\n\n\n\n\n\n<p><\/p>\n\n\n\n\n\n<p><\/p>\n\n","protected":false},"excerpt":{"rendered":"<p>El primer reloj que utiliza un p\u00e9ndulo de Foucault corto como volante. Estamos acostumbrados a ver grandes p\u00e9ndulos de Foucault colocados en edificios altos, con el p\u00e9ndulo m\u00e1s pesado posible: hasta 90 metros de altura y 300 kg de peso. Estos instrumentos nos proporcionan una oscilaci\u00f3n que puede durar hasta 10 segundos. Pero, \u00bfqu\u00e9 pasa [&hellip;]<\/p>\n","protected":false},"author":2,"featured_media":0,"parent":0,"menu_order":0,"comment_status":"closed","ping_status":"closed","template":"","meta":{"_acf_changed":false,"footnotes":""},"class_list":["post-5826","page","type-page","status-publish","hentry"],"acf":[],"_links":{"self":[{"href":"https:\/\/www.betrisey.ch\/es\/wp-json\/wp\/v2\/pages\/5826","targetHints":{"allow":["GET"]}}],"collection":[{"href":"https:\/\/www.betrisey.ch\/es\/wp-json\/wp\/v2\/pages"}],"about":[{"href":"https:\/\/www.betrisey.ch\/es\/wp-json\/wp\/v2\/types\/page"}],"author":[{"embeddable":true,"href":"https:\/\/www.betrisey.ch\/es\/wp-json\/wp\/v2\/users\/2"}],"replies":[{"embeddable":true,"href":"https:\/\/www.betrisey.ch\/es\/wp-json\/wp\/v2\/comments?post=5826"}],"version-history":[{"count":1,"href":"https:\/\/www.betrisey.ch\/es\/wp-json\/wp\/v2\/pages\/5826\/revisions"}],"predecessor-version":[{"id":5827,"href":"https:\/\/www.betrisey.ch\/es\/wp-json\/wp\/v2\/pages\/5826\/revisions\/5827"}],"wp:attachment":[{"href":"https:\/\/www.betrisey.ch\/es\/wp-json\/wp\/v2\/media?parent=5826"}],"curies":[{"name":"wp","href":"https:\/\/api.w.org\/{rel}","templated":true}]}}