{"id":5861,"date":"2022-05-19T08:20:57","date_gmt":"2022-05-19T08:20:57","guid":{"rendered":"https:\/\/www.betrisey.ch\/leon-technique"},"modified":"2025-03-09T08:38:23","modified_gmt":"2025-03-09T08:38:23","slug":"leon-technique","status":"publish","type":"page","link":"https:\/\/www.betrisey.ch\/es\/leon-technique","title":{"rendered":"Le\u00f3n (t\u00e9cnico)"},"content":{"rendered":"\n\n<p class=\"has-medium-font-size\"><strong>P\u00e9ndulo de Foucault y reloj<\/strong><\/p>\n\n\n\n\n\n<figure class=\"wp-block-table\"><table><tbody><tr><td>Los p\u00e9ndulos de Foucault cortos (menos de 1 metro) son extremadamente raros en todo el mundo, ya que los problemas encontrados durante su construcci\u00f3n se vuelven r\u00e1pidamente insuperables. En comparaci\u00f3n, los p\u00e9ndulos largos son infinitamente m\u00e1s f\u00e1ciles de construir.  El primer problema es la suspensi\u00f3n. Debe ser perfecta, de lo contrario el p\u00e9ndulo elegir\u00e1 el plano m\u00e1s favorable y permanecer\u00e1 en \u00e9l. El hilo de acero no debe tener tensiones internas, debe ser perfectamente recto y perfectamente esf\u00e9rico. La fijaci\u00f3n tambi\u00e9n debe ser perfecta: los cl\u00e1sicos mandriles peque\u00f1os de precisi\u00f3n con 3 \u00f3 4 mordazas no son suficientes, ya que a\u00fan hay que pulirlos cuidadosamente.  El segundo problema es la precesi\u00f3n de la elipse. Este fen\u00f3meno s\u00f3lo es muy leve en los p\u00e9ndulos grandes y no es un factor que influya en su construcci\u00f3n. En los p\u00e9ndulos de menos de 2 metros de longitud, provoca fuerzas mayores que el efecto Foucault. Por tanto, debe anularse o, al menos, reducirse. Un m\u00e9todo utilizado consiste en insertar un anillo de Charron en el tercio superior del hilo, cuyo di\u00e1metro interior debe estar perfectamente pulido. Un p\u00e9ndulo corto no puede funcionar sin un sistema que reduzca la precesi\u00f3n de la elipse.  Todos estos fen\u00f3menos juntos hacen que un p\u00e9ndulo de Foucault de menos de 1 metro sea casi un milagro. El tiempo dedicado al mecanizado y al montaje no superar\u00e1 una d\u00e9cima parte del tiempo total, todo el resto se pierde en ajustes. Y como cada nuevo ajuste requiere una espera m\u00ednima de 16 horas para ver los resultados&#8230;<\/td><\/tr><\/tbody><\/table><\/figure>\n\n\n\n\n\n<p>Este p\u00e9ndulo tiene un per\u00edodo de oscilaci\u00f3n fijado en un segundo. Aprovecho este fen\u00f3meno para hacer girar el segundero, que a su vez hace girar las agujas de los minutos y de las horas. Utilizar un p\u00e9ndulo de Foucault como reloj impone estas restricciones adicionales <\/p>\n\n\n\n\n\n<p>1) Poder ajustar con precisi\u00f3n la duraci\u00f3n del periodo, <\/p>\n\n\n\n\n\n<p>2) Compensar las variaciones de longitud del p\u00e9ndulo debidas a las diferencias de temperatura, <\/p>\n\n\n\n\n\n<p>3) Estabilizar la amplitud para mantener el isocronismo. <\/p>\n\n\n\n\n\n<p>El primer p\u00e9ndulo de Foucault que dise\u00f1\u00e9<a href=\"https:\/\/2022.betrisey.ch\/pestoline\" data-type=\"page\" data-id=\"1218\">(Pestoline<\/a>) utilizaba un sistema ingenioso pero perfectible: el hilo del p\u00e9ndulo se deslizaba por un orificio y pod\u00eda ajustarse aguas arriba, del mismo modo que se afina una cuerda de guitarra. Pero al acortarlo o alargarlo tambi\u00e9n cambiaba la posici\u00f3n del im\u00e1n en relaci\u00f3n con la bobina, variando as\u00ed la fuerza del impulso impulsor. Esto significaba que afinar la duraci\u00f3n de la amplitud era un deporte. Con este modelo, el hilo no se mueve: es el orificio el que se puede subir o bajar. Este sistema permite incluso ajustar el periodo del volante mientras est\u00e1 en movimiento sin perturbar su curso, una opci\u00f3n que no se encuentra en los relojes convencionales. La compensaci\u00f3n de temperatura se realiza mediante un bimetal situado encima del conjunto. Los problemas inherentes al mecanizado del anillo Charron se resolvieron utilizando un rub\u00ed. Como resultado, el anillo es perfecto y no se desgasta.<\/p>\n\n\n\n\n\n<p>Pero, \u00bfpor qu\u00e9 dos esferas separadas? La de la izquierda indica la hora dada por el p\u00e9ndulo, y la otra es un reloj de cuarzo que se utiliza aqu\u00ed como referencia. As\u00ed que aqu\u00ed tenemos por fin un reloj que puede satisfacer a todo el mundo: las personas con prisa leer\u00e1n siempre la esfera de la derecha porque es m\u00e1s precisa, los poetas se deleitar\u00e1n con la esfera de la izquierda (porque lo que realmente nos gusta en las personas como en las cosas, \u00bfno es precisamente la imperfecci\u00f3n?) y los cient\u00edficos leer\u00e1n atentamente la media de las dos. As\u00ed, por ejemplo, si el segundero de un p\u00e9ndulo va un poco lento en un momento dado, lo recuperar\u00e1 1\/4 de vuelta m\u00e1s tarde. Este fen\u00f3meno se debe al excentraje del anillo de Charron, y la media de estas fluctuaciones es cero. Por tanto, este reloj no puede ajustarse como un reloj normal, ya que cualquier excentricidad del anillo de Charron provoca una aceleraci\u00f3n del p\u00e9ndulo, a la que seguir\u00e1 invariablemente una ralentizaci\u00f3n de la misma amplitud 1\/4 de vuelta m\u00e1s tarde. <strong>Por lo tanto, hay que ajustar el tiempo medio en media vuelta<\/strong>. Esto variar\u00e1 en funci\u00f3n de la latitud en la que se encuentre el reloj. En mi taller de Sion, en aquella \u00e9poca, era de 16 horas 34 minutos y 14 segundos.<\/p>\n\n\n\n<div class=\"wp-block-image\">\n\n<figure class=\"aligncenter\"><img decoding=\"async\" src=\"https:\/\/www.betrisey.ch\/wp-content\/uploads\/2023\/09\/leon2.jpg\" alt=\"\"\/><\/figure>\n<\/div>\n\n\n\n\n<p>Las primeras pruebas revelaron una inexactitud (que pod\u00eda mejorarse ajustando la altura del volante) de menos de un segundo por d\u00eda. Quien desee consultar los datos que figuran a continuaci\u00f3n puede ped\u00edrmelo. (Estos datos s\u00f3lo pueden abrirse con el programa MicroSet de Bryan Mumford)<br> <\/p>\n\n\n\n<div class=\"wp-block-image\">\n\n<figure class=\"aligncenter\"><img decoding=\"async\" src=\"https:\/\/www.betrisey.ch\/wp-content\/uploads\/2023\/09\/dataleon.jpg\" alt=\"\"\/><\/figure>\n<\/div>\n\n\n\n\n<p>Un p\u00e9ndulo de Foucault corto que funcione es casi un milagro: tiene que estar instalado permanentemente. No es posible recogerlo y hacerlo funcionar sin m\u00e1s en varios lugares diferentes, porque los ajustes de nivel son muy precisos y no deben alterarse una vez que el p\u00e9ndulo funciona correctamente. Estos ajustes pueden llevar hasta dos semanas durante la instalaci\u00f3n.<\/p>\n\n\n\n\n\n<p class=\"has-text-align-center has-medium-font-size\"><strong>Fallos y prototipos<\/strong><\/p>\n\n\n\n\n\n<p>No todas mis pruebas fueron concluyentes, \u00a1ni mucho menos! A continuaci\u00f3n desarrollar\u00e9 tres prototipos. Lo que todos tienen en com\u00fan es que pens\u00e9 que todos funcionar\u00edan al primer intento&#8230; pero nunca lo hicieron.<\/p>\n\n\n\n\n\n<p class=\"has-text-align-center\"><strong>1) Suspensi\u00f3n card\u00e1n<\/strong><\/p>\n\n\n\n<div class=\"wp-block-image\">\n\n<figure class=\"aligncenter\"><img decoding=\"async\" src=\"https:\/\/www.betrisey.ch\/wp-content\/uploads\/2023\/09\/cardan.jpg\" alt=\"\"\/><\/figure>\n<\/div>\n\n\n\n\n<p>Se trata de una suspensi\u00f3n card\u00e1n formada por dos cuchillas de equilibrado Berkel que descansan sobre dos jaulas de rodamientos de bolas, lo que le permite moverse en todas las direcciones. Si bien este tipo de suspensi\u00f3n se adapta mejor a los p\u00e9ndulos largos, es muy dif\u00edcil de utilizar en un p\u00e9ndulo corto porque la suspensi\u00f3n debe estar perfectamente equilibrada. Para ello, la parte inferior de la suspensi\u00f3n debe ser significativamente m\u00e1s ligera que la superior, de modo que la suspensi\u00f3n se enderece sola. Cualquier diferencia de nivel puede corregirse entonces utilizando peque\u00f1os pesos, hasta que la suspensi\u00f3n est\u00e9 vertical. Otra forma de ajustar los niveles consiste en colocar dos peque\u00f1os imanes en las dos cuchillas de la suspensi\u00f3n. El ajuste se realiza alejando el im\u00e1n del centro para desplazar el centro de gravedad. Una vez hecho esto, se puede atornillar el eje de equilibrado y comenzar las pruebas. Este prototipo nunca funcion\u00f3 correctamente.<\/p>\n\n\n\n\n\n<p><\/p>\n\n\n\n\n\n<p class=\"has-text-align-center\"><strong>2) Suspensi\u00f3n de alambre de tungsteno<\/strong><\/p>\n\n\n\n<div class=\"wp-block-image\">\n\n<figure class=\"aligncenter\"><img decoding=\"async\" src=\"https:\/\/www.betrisey.ch\/wp-content\/uploads\/2023\/09\/tungsten.jpg\" alt=\"\"\/><\/figure>\n<\/div>\n\n\n\n\n<p>Esta suspensi\u00f3n utiliza un alambre de tungsteno de 0,05 mm de grosor. Es casi invisible, y cualquiera que lo vea moverse piensa que el p\u00e9ndulo est\u00e1 levitando. Hab\u00eda elegido un alambre tan fino para intentar evitar cualquier tensi\u00f3n interna que pudiera influir en la rotaci\u00f3n del p\u00e9ndulo. Inesperadamente, y sin que yo supiera por qu\u00e9, este p\u00e9ndulo nunca funcion\u00f3. Todos los intentos de ajustar los niveles y la rotaci\u00f3n de la suspensi\u00f3n fueron infructuosos.<\/p>\n\n\n\n\n\n<p class=\"has-text-align-center\"><strong>3) Suspensi\u00f3n de bolas<\/strong><\/p>\n\n\n\n\n\n<p class=\"has-text-align-center\">\u00a1M\u00e1s prototipos que nunca funcionaron! En la primera foto, se puede ver que la suspensi\u00f3n es una bola de carburo de tungsteno de 1 mm que descansa sobre un lecho de zafiro. La suspensi\u00f3n puede moverse en cualquier direcci\u00f3n. En la pr\u00e1ctica, nunca gir\u00f3 como deber\u00eda. Este prototipo oscil\u00f3 durante 9 meses sin que ning\u00fan ajuste pudiera influir en \u00e9l. <img loading=\"lazy\" decoding=\"async\" src=\"https:\/\/www.betrisey.ch\/wp-content\/uploads\/2023\/09\/proto1.jpg\" width=\"510\" height=\"219\"><\/p>\n\n\n\n\n\n<p>La foto de abajo muestra otra prueba que utiliza el mismo principio. Sin embargo, se trata de una bola rodante apoyada en una placa de acero. Estos intentos fueron tan infructuosos como el del prototipo de bola de tungsteno.<br>El ajuste del equilibrio de la suspensi\u00f3n es muy similar al ajuste de la junta universal. Lo primero que hay que hacer es desmontar todo el equilibrado y aligerar la suspensi\u00f3n todo lo posible. La parte inferior de la suspensi\u00f3n debe ser significativamente m\u00e1s pesada para que se levante por s\u00ed misma. Si no se levanta perfectamente vertical, hay que modificar el equilibrado quitando peso del anillo de lat\u00f3n. Para ello, basta con rectificar el anillo por el lado en el que se inclina (puedes ver las marcas en la foto)<\/p>\n\n\n\n<div class=\"wp-block-image\">\n\n<figure class=\"aligncenter\"><img decoding=\"async\" src=\"https:\/\/www.betrisey.ch\/wp-content\/uploads\/2023\/09\/proto2.jpg\" alt=\"\"\/><\/figure>\n<\/div>\n\n\n\n\n<p><\/p>\n\n","protected":false},"excerpt":{"rendered":"<p>P\u00e9ndulo de Foucault y reloj Los p\u00e9ndulos de Foucault cortos (menos de 1 metro) son extremadamente raros en todo el mundo, ya que los problemas encontrados durante su construcci\u00f3n se vuelven r\u00e1pidamente insuperables. En comparaci\u00f3n, los p\u00e9ndulos largos son infinitamente m\u00e1s f\u00e1ciles de construir. El primer problema es la suspensi\u00f3n. Debe ser perfecta, de lo [&hellip;]<\/p>\n","protected":false},"author":2,"featured_media":0,"parent":0,"menu_order":0,"comment_status":"closed","ping_status":"closed","template":"","meta":{"_acf_changed":false,"footnotes":""},"class_list":["post-5861","page","type-page","status-publish","hentry"],"acf":[],"_links":{"self":[{"href":"https:\/\/www.betrisey.ch\/es\/wp-json\/wp\/v2\/pages\/5861","targetHints":{"allow":["GET"]}}],"collection":[{"href":"https:\/\/www.betrisey.ch\/es\/wp-json\/wp\/v2\/pages"}],"about":[{"href":"https:\/\/www.betrisey.ch\/es\/wp-json\/wp\/v2\/types\/page"}],"author":[{"embeddable":true,"href":"https:\/\/www.betrisey.ch\/es\/wp-json\/wp\/v2\/users\/2"}],"replies":[{"embeddable":true,"href":"https:\/\/www.betrisey.ch\/es\/wp-json\/wp\/v2\/comments?post=5861"}],"version-history":[{"count":1,"href":"https:\/\/www.betrisey.ch\/es\/wp-json\/wp\/v2\/pages\/5861\/revisions"}],"predecessor-version":[{"id":5862,"href":"https:\/\/www.betrisey.ch\/es\/wp-json\/wp\/v2\/pages\/5861\/revisions\/5862"}],"wp:attachment":[{"href":"https:\/\/www.betrisey.ch\/es\/wp-json\/wp\/v2\/media?parent=5861"}],"curies":[{"name":"wp","href":"https:\/\/api.w.org\/{rel}","templated":true}]}}