{"id":5873,"date":"2022-05-18T08:42:06","date_gmt":"2022-05-18T08:42:06","guid":{"rendered":"https:\/\/www.betrisey.ch\/astrolabes"},"modified":"2025-03-09T08:45:52","modified_gmt":"2025-03-09T08:45:52","slug":"astrolabes","status":"publish","type":"page","link":"https:\/\/www.betrisey.ch\/es\/astrolabes","title":{"rendered":"Astrolabes"},"content":{"rendered":"\n\n<p>El astrolabio es un instrumento de medici\u00f3n que se remonta a la antigua Grecia. Se utilizaba para saber la hora, situarse, medir alturas y distancias, predecir la posici\u00f3n del Sol y las estrellas en una fecha determinada y realizar m\u00e1s de 500 operaciones aritm\u00e9ticas diferentes. Los que se muestran aqu\u00ed se calibraron para la latitud y longitud de Orm\u00f4ne (Suiza), y tienen una precisi\u00f3n de 5 minutos respecto al tiempo real.<\/p>\n\n\n\n\n\n<p>De noche: apunte con la alidada a una estrella bastante baja en el horizonte este u oeste y anote el \u00e1ngulo. Transfiera esta estrella ara\u00f1a al \u00e1ngulo del almucantarat correspondiente. Sit\u00fae la regla en el d\u00eda actual y lea la hora en el exterior de la madre. A\u00f1ada una hora en invierno y dos en verano.<br>De d\u00eda: apunte la alidada hacia el sol y aj\u00fastela utilizando la sombra proyectada detr\u00e1s de \u00e9l. Suba los grados, gire el astrolabio hacia el lado de la madre y coloque la regla sobre el zod\u00edaco del d\u00eda. A continuaci\u00f3n, coloca la intersecci\u00f3n zod\u00edaco\/regla sobre el almucantarat correspondiente al \u00e1ngulo de la altura del sol. La punta de la regla indica la hora. A\u00f1ade una hora en invierno y dos en verano.<\/p>\n\n\n\n\n\n<figure class=\"wp-block-image size-full\"><img loading=\"lazy\" decoding=\"async\" width=\"1000\" height=\"1010\" src=\"https:\/\/2022.betrisey.ch\/wp-content\/uploads\/2022\/05\/astro.jpg\" alt=\"\" class=\"wp-image-1119\" srcset=\"https:\/\/www.betrisey.ch\/wp-content\/uploads\/2022\/05\/astro.jpg 1000w, https:\/\/www.betrisey.ch\/wp-content\/uploads\/2022\/05\/astro-297x300.jpg 297w, https:\/\/www.betrisey.ch\/wp-content\/uploads\/2022\/05\/astro-768x776.jpg 768w\" sizes=\"auto, (max-width: 1000px) 100vw, 1000px\" \/><\/figure>\n\n\n\n\n\n<figure class=\"wp-block-image size-large\"><img loading=\"lazy\" decoding=\"async\" width=\"892\" height=\"1024\" src=\"https:\/\/2022.betrisey.ch\/wp-content\/uploads\/2022\/05\/ultime-astro-892x1024.jpg\" alt=\"\" class=\"wp-image-1121\" srcset=\"https:\/\/www.betrisey.ch\/wp-content\/uploads\/2022\/05\/ultime-astro-892x1024.jpg 892w, https:\/\/www.betrisey.ch\/wp-content\/uploads\/2022\/05\/ultime-astro-261x300.jpg 261w, https:\/\/www.betrisey.ch\/wp-content\/uploads\/2022\/05\/ultime-astro-768x882.jpg 768w, https:\/\/www.betrisey.ch\/wp-content\/uploads\/2022\/05\/ultime-astro.jpg 1000w\" sizes=\"auto, (max-width: 892px) 100vw, 892px\" \/><\/figure>\n\n","protected":false},"excerpt":{"rendered":"<p>El astrolabio es un instrumento de medici\u00f3n que se remonta a la antigua Grecia. Se utilizaba para saber la hora, situarse, medir alturas y distancias, predecir la posici\u00f3n del Sol y las estrellas en una fecha determinada y realizar m\u00e1s de 500 operaciones aritm\u00e9ticas diferentes. Los que se muestran aqu\u00ed se calibraron para la latitud [&hellip;]<\/p>\n","protected":false},"author":2,"featured_media":0,"parent":0,"menu_order":0,"comment_status":"closed","ping_status":"closed","template":"","meta":{"_acf_changed":false,"footnotes":""},"class_list":["post-5873","page","type-page","status-publish","hentry"],"acf":[],"_links":{"self":[{"href":"https:\/\/www.betrisey.ch\/es\/wp-json\/wp\/v2\/pages\/5873","targetHints":{"allow":["GET"]}}],"collection":[{"href":"https:\/\/www.betrisey.ch\/es\/wp-json\/wp\/v2\/pages"}],"about":[{"href":"https:\/\/www.betrisey.ch\/es\/wp-json\/wp\/v2\/types\/page"}],"author":[{"embeddable":true,"href":"https:\/\/www.betrisey.ch\/es\/wp-json\/wp\/v2\/users\/2"}],"replies":[{"embeddable":true,"href":"https:\/\/www.betrisey.ch\/es\/wp-json\/wp\/v2\/comments?post=5873"}],"version-history":[{"count":1,"href":"https:\/\/www.betrisey.ch\/es\/wp-json\/wp\/v2\/pages\/5873\/revisions"}],"predecessor-version":[{"id":5874,"href":"https:\/\/www.betrisey.ch\/es\/wp-json\/wp\/v2\/pages\/5873\/revisions\/5874"}],"wp:attachment":[{"href":"https:\/\/www.betrisey.ch\/es\/wp-json\/wp\/v2\/media?parent=5873"}],"curies":[{"name":"wp","href":"https:\/\/api.w.org\/{rel}","templated":true}]}}