{"id":5883,"date":"2022-05-18T12:39:20","date_gmt":"2022-05-18T12:39:20","guid":{"rendered":"https:\/\/www.betrisey.ch\/montres-en-damas-technique"},"modified":"2025-03-09T08:51:13","modified_gmt":"2025-03-09T08:51:13","slug":"montres-en-damas-technique","status":"publish","type":"page","link":"https:\/\/www.betrisey.ch\/es\/montres-en-damas-technique","title":{"rendered":"Relojes de Damasco: t\u00e9cnica"},"content":{"rendered":"\n\n\n<p>La idea del reloj surgi\u00f3 primero del material. El damasco da un toque org\u00e1nico al m\u00e1s fr\u00edo de los aceros. Siempre tiene un aspecto diferente seg\u00fan el \u00e1ngulo de la luz. Era perfecto para crear un reloj \u00fanico.<\/p>\n\n\n\n\n\n\n\n<p>Luego estaba la elecci\u00f3n de la forma. Como los dibujos no mostraban mucho, decid\u00ed hacer algunos prototipos.<\/p>\n\n\n\n\n\n\n\n<p>Luego vinieron los problemas de mecanizado: \u00bfc\u00f3mo pod\u00eda hacer una caja de reloj con las toscas herramientas que ten\u00eda a mi disposici\u00f3n? Esto me llev\u00f3 a algunos apuros: mecanizar el soporte de la caja me llev\u00f3 el doble de tiempo que la propia caja. Porque esta caja no puede parecerse a los relojes convencionales con esfera insertada: tiene que mecanizarse en una sola pieza directamente a partir del lingote, de modo que las l\u00edneas de damasco atraviesen la caja por ambos lados. Esto significa que <strong>la esfera es parte integrante de la caja<\/strong>. Y como s\u00f3lo tiene 3 d\u00e9cimas de mil\u00edmetro de grosor, las \u00faltimas pasadas del torno se hacen en apnea&#8230; Un solo error en este punto se traduce inevitablemente en una semana de trabajo perdida, y todas las palabrotas que ello conlleva. El reloj \u00abesqueleto\u00bb es precisamente un error de este tipo.<\/p>\n\n\n\n\n\n\n\n<p>Las \u00faltimas etapas no son m\u00e1s que formalidades: mecanizado del anillo de la caja, montaje, colocaci\u00f3n de las agujas, el cristal y el fondo de la caja. El movimiento es un calibre autom\u00e1tico suizo. <br> <br> <\/p>\n\n\n\n\n\n\n\n<p class=\"has-text-align-center\"><img loading=\"lazy\" decoding=\"async\" src=\"https:\/\/2022.betrisey.ch\/wp-content\/uploads\/2022\/05\/proto2c.jpg\" width=\"300\" height=\"225\">   <\/p>\n\n\n\n\n\n\n\n<p class=\"has-text-align-center\">Corte del lingote de acero de Damasco en bruto<\/p>\n\n\n\n\n\n\n\n<p class=\"has-text-align-center\"><img loading=\"lazy\" decoding=\"async\" src=\"https:\/\/2022.betrisey.ch\/wp-content\/uploads\/2022\/05\/proto2e.jpg\" width=\"300\" height=\"225\">   <\/p>\n\n\n\n\n\n\n\n<p class=\"has-text-align-center\">Montaje en el soporte de mecanizado<\/p>\n\n\n\n\n\n\n\n<p class=\"has-text-align-center\"><img loading=\"lazy\" decoding=\"async\" src=\"https:\/\/2022.betrisey.ch\/wp-content\/uploads\/2022\/05\/proto2f.jpg\" width=\"300\" height=\"225\">   <\/p>\n\n\n\n\n\n\n\n<p class=\"has-text-align-center\">Torneado de la cavidad interna y de la esfera (utilizando una vieja fresa de 10 mm mecanizada especialmente para el trabajo, la mejor herramienta que pude encontrar).<\/p>\n\n\n\n\n\n\n\n<p class=\"has-text-align-center\"><img loading=\"lazy\" decoding=\"async\" src=\"https:\/\/2022.betrisey.ch\/wp-content\/uploads\/2022\/05\/proto2g.jpg\" width=\"300\" height=\"225\">   <\/p>\n\n\n\n\n\n\n\n<p class=\"has-text-align-center\">Corte de las leng\u00fcetas<\/p>\n\n\n\n\n\n\n\n<p class=\"has-text-align-center\"><img loading=\"lazy\" decoding=\"async\" src=\"https:\/\/2022.betrisey.ch\/wp-content\/uploads\/2022\/05\/proto2h.jpg\" width=\"300\" height=\"225\">   <\/p>\n\n\n\n\n\n\n\n<p class=\"has-text-align-center\">Fresado de las fijaciones<\/p>\n\n\n\n\n\n\n\n<p class=\"has-text-align-center\"><img loading=\"lazy\" decoding=\"async\" src=\"https:\/\/2022.betrisey.ch\/wp-content\/uploads\/2022\/05\/proto2i.jpg\" width=\"300\" height=\"225\">   <\/p>\n\n\n\n\n\n\n\n<p class=\"has-text-align-center\">Dando la vuelta a la pieza<\/p>\n\n\n\n\n\n\n\n<p class=\"has-text-align-center\"><img loading=\"lazy\" decoding=\"async\" src=\"https:\/\/2022.betrisey.ch\/wp-content\/uploads\/2022\/05\/proto2j.jpg\" width=\"300\" height=\"225\">   <\/p>\n\n\n\n\n\n\n\n<p class=\"has-text-align-center\">Torneado de la curva superior y la esfera<\/p>\n\n\n\n\n\n\n\n<p>Los primeros bocetos se hicieron hace alg\u00fan tiempo. Son s\u00f3lo prototipos, y todos tienen sus peque\u00f1os fallos. Los llevo en la mu\u00f1eca durante un tiempo y luego mecanizo una nueva caja para corregir y mejorar lo que puedo.<\/p>\n\n\n\n\n<div class=\"wp-block-image\">\n\n\n<figure class=\"aligncenter\"><img decoding=\"async\" src=\"https:\/\/2022.betrisey.ch\/wp-content\/uploads\/2022\/05\/holygraal.jpg\" alt=\"\"\/><\/figure>\n<\/div>\n\n\n\n\n\n\n<p class=\"has-text-align-center\"><img loading=\"lazy\" decoding=\"async\" src=\"https:\/\/2022.betrisey.ch\/wp-content\/uploads\/2022\/05\/proto2k.jpg\" width=\"500\" height=\"508\"><br>El primer prototipo de reloj en acero damasco<br> <\/p>\n\n\n\n\n\n\n\n<p><\/p>\n\n\n\n\n\n\n\n<p><\/p>\n\n\n\n\n\n\n\n<p><\/p>\n\n\n\n\n\n\n\n<p><\/p>\n\n\n\n\n\n\n\n<p><\/p>\n\n\n\n\n\n\n\n<p><\/p>\n\n\n\n\n\n\n\n<p><\/p>\n\n\n\n\n\n\n\n<p><\/p>\n\n\n","protected":false},"excerpt":{"rendered":"<p>La idea del reloj surgi\u00f3 primero del material. El damasco da un toque org\u00e1nico al m\u00e1s fr\u00edo de los aceros. Siempre tiene un aspecto diferente seg\u00fan el \u00e1ngulo de la luz. Era perfecto para crear un reloj \u00fanico. Luego estaba la elecci\u00f3n de la forma. Como los dibujos no mostraban mucho, decid\u00ed hacer algunos prototipos. [&hellip;]<\/p>\n","protected":false},"author":2,"featured_media":0,"parent":0,"menu_order":0,"comment_status":"closed","ping_status":"closed","template":"","meta":{"_acf_changed":false,"footnotes":""},"class_list":["post-5883","page","type-page","status-publish","hentry"],"acf":[],"_links":{"self":[{"href":"https:\/\/www.betrisey.ch\/es\/wp-json\/wp\/v2\/pages\/5883","targetHints":{"allow":["GET"]}}],"collection":[{"href":"https:\/\/www.betrisey.ch\/es\/wp-json\/wp\/v2\/pages"}],"about":[{"href":"https:\/\/www.betrisey.ch\/es\/wp-json\/wp\/v2\/types\/page"}],"author":[{"embeddable":true,"href":"https:\/\/www.betrisey.ch\/es\/wp-json\/wp\/v2\/users\/2"}],"replies":[{"embeddable":true,"href":"https:\/\/www.betrisey.ch\/es\/wp-json\/wp\/v2\/comments?post=5883"}],"version-history":[{"count":1,"href":"https:\/\/www.betrisey.ch\/es\/wp-json\/wp\/v2\/pages\/5883\/revisions"}],"predecessor-version":[{"id":5884,"href":"https:\/\/www.betrisey.ch\/es\/wp-json\/wp\/v2\/pages\/5883\/revisions\/5884"}],"wp:attachment":[{"href":"https:\/\/www.betrisey.ch\/es\/wp-json\/wp\/v2\/media?parent=5883"}],"curies":[{"name":"wp","href":"https:\/\/api.w.org\/{rel}","templated":true}]}}