{"id":5898,"date":"2023-06-23T13:16:25","date_gmt":"2023-06-23T13:16:25","guid":{"rendered":"https:\/\/www.betrisey.ch\/graveuse-laser-fraiseuse-cnc-et-imprimante-3d"},"modified":"2025-03-09T08:58:24","modified_gmt":"2025-03-09T08:58:24","slug":"graveuse-laser-fraiseuse-cnc-et-imprimante-3d","status":"publish","type":"page","link":"https:\/\/www.betrisey.ch\/es\/graveuse-laser-fraiseuse-cnc-et-imprimante-3d","title":{"rendered":"Grabado por l\u00e1ser, fresado CNC e impresora 3D"},"content":{"rendered":"\n\n\n<p>Proyecto en construcci\u00f3n, actualmente s\u00f3lo est\u00e1 operativo el grabado por l\u00e1ser (junio de 2023)<\/p>\n\n\n\n\n<div class=\"wp-block-image\">\n\n\n<figure class=\"aligncenter size-large\"><img loading=\"lazy\" decoding=\"async\" width=\"768\" height=\"1024\" src=\"https:\/\/www.betrisey.ch\/wp-content\/uploads\/2023\/06\/general-768x1024.jpg\" alt=\"\" class=\"wp-image-2381\" srcset=\"https:\/\/www.betrisey.ch\/wp-content\/uploads\/2023\/06\/general-768x1024.jpg 768w, https:\/\/www.betrisey.ch\/wp-content\/uploads\/2023\/06\/general-225x300.jpg 225w, https:\/\/www.betrisey.ch\/wp-content\/uploads\/2023\/06\/general.jpg 1000w\" sizes=\"auto, (max-width: 768px) 100vw, 768px\" \/><\/figure>\n<\/div>\n\n\n\n\n\n\n<p>Mi peque\u00f1o banco de trabajo personal, dise\u00f1ado, proyectado y fabricado en el taller.  el 90% del material procede de diversas colecciones.<\/p>\n\n\n\n\n\n\n\n<figure class=\"wp-block-video\"><video height=\"1080\" style=\"aspect-ratio: 1920 \/ 1080;\" width=\"1920\" controls src=\"https:\/\/www.betrisey.ch\/wp-content\/uploads\/2023\/06\/graveuse.mp4\"><\/video><\/figure>\n\n\n\n\n\n\n\n<p>Las \u00fanicas piezas compradas son el tubo l\u00e1ser y su fuente de alimentaci\u00f3n, el controlador y los motores, el refrigerador, las clavijas y los cables. La unidad de refrigeraci\u00f3n se situar\u00e1 a la izquierda del tubo l\u00e1ser.<\/p>\n\n\n\n\n\n\n\n<p>Una sola regla: la alegr\u00eda de concebir, fabricar, inventar, mejorar, probar y emplear.<\/p>\n\n\n\n\n\n\n\n<p>Nunca est\u00e1 acabado: es mi sinfon\u00eda, que me ha sido confiada. Est\u00e1 destinada a ser infinitamente gratificante. <\/p>\n\n\n\n\n<div class=\"wp-block-image\">\n\n\n<figure class=\"aligncenter size-large\"><img loading=\"lazy\" decoding=\"async\" width=\"768\" height=\"1024\" src=\"https:\/\/www.betrisey.ch\/wp-content\/uploads\/2023\/06\/tube-768x1024.jpg\" alt=\"\" class=\"wp-image-2383\" srcset=\"https:\/\/www.betrisey.ch\/wp-content\/uploads\/2023\/06\/tube-768x1024.jpg 768w, https:\/\/www.betrisey.ch\/wp-content\/uploads\/2023\/06\/tube-225x300.jpg 225w, https:\/\/www.betrisey.ch\/wp-content\/uploads\/2023\/06\/tube.jpg 1000w\" sizes=\"auto, (max-width: 768px) 100vw, 768px\" \/><\/figure>\n<\/div>\n\n\n\n\n\n\n<p>contenedor de 250 kg, l\u00e1ser CO2 de 50 vatios, filtraci\u00f3n de humos por carb\u00f3n activo, plegable sobre rodillos o fijado al sol, superficie de trabajo transversal de 700 X 700, altura de trabajo de 500 mm. Coste total de unos 1200 francos o euros. Dos meses de trabajo hasta la fecha.<\/p>\n\n\n\n\n\n\n\n<p>La fabricaci\u00f3n requiere un amplio abanico de competencias: mec\u00e1nica, electricidad, electr\u00f3nica, hidr\u00e1ulica, neum\u00e1tica, programaci\u00f3n, dise\u00f1o e impresi\u00f3n en 3D, \u00f3ptica, etc. Todas est\u00e1n relacionadas, nada puede funcionar si falta una sola de ellas.<\/p>\n\n\n\n\n\n\n\n<figure class=\"wp-block-image size-full\"><img loading=\"lazy\" decoding=\"async\" width=\"1000\" height=\"750\" src=\"https:\/\/www.betrisey.ch\/wp-content\/uploads\/2023\/06\/groplan.jpg\" alt=\"\" class=\"wp-image-2388\" srcset=\"https:\/\/www.betrisey.ch\/wp-content\/uploads\/2023\/06\/groplan.jpg 1000w, https:\/\/www.betrisey.ch\/wp-content\/uploads\/2023\/06\/groplan-300x225.jpg 300w, https:\/\/www.betrisey.ch\/wp-content\/uploads\/2023\/06\/groplan-768x576.jpg 768w\" sizes=\"auto, (max-width: 1000px) 100vw, 1000px\" \/><figcaption class=\"wp-element-caption\">Mesa de trabajo<\/figcaption><\/figure>\n\n\n\n\n<div class=\"wp-block-image\">\n\n\n<figure class=\"aligncenter size-large\"><img loading=\"lazy\" decoding=\"async\" width=\"768\" height=\"1024\" src=\"https:\/\/www.betrisey.ch\/wp-content\/uploads\/2023\/06\/arg-768x1024.jpg\" alt=\"\" class=\"wp-image-2385\" srcset=\"https:\/\/www.betrisey.ch\/wp-content\/uploads\/2023\/06\/arg-768x1024.jpg 768w, https:\/\/www.betrisey.ch\/wp-content\/uploads\/2023\/06\/arg-225x300.jpg 225w, https:\/\/www.betrisey.ch\/wp-content\/uploads\/2023\/06\/arg.jpg 1000w\" sizes=\"auto, (max-width: 768px) 100vw, 768px\" \/><figcaption class=\"wp-element-caption\">Delante izquierda<\/figcaption><\/figure>\n<\/div>\n\n\n\n<div class=\"wp-block-image\">\n\n\n<figure class=\"aligncenter size-large\"><img loading=\"lazy\" decoding=\"async\" width=\"768\" height=\"1024\" src=\"https:\/\/www.betrisey.ch\/wp-content\/uploads\/2023\/06\/ard-768x1024.jpg\" alt=\"\" class=\"wp-image-2386\" srcset=\"https:\/\/www.betrisey.ch\/wp-content\/uploads\/2023\/06\/ard-768x1024.jpg 768w, https:\/\/www.betrisey.ch\/wp-content\/uploads\/2023\/06\/ard-225x300.jpg 225w, https:\/\/www.betrisey.ch\/wp-content\/uploads\/2023\/06\/ard.jpg 1000w\" sizes=\"auto, (max-width: 768px) 100vw, 768px\" \/><figcaption class=\"wp-element-caption\">Parte trasera derecha<\/figcaption><\/figure>\n<\/div>\n\n\n\n<div class=\"wp-block-image\">\n\n\n<figure class=\"aligncenter size-full\"><img loading=\"lazy\" decoding=\"async\" width=\"1000\" height=\"750\" src=\"https:\/\/www.betrisey.ch\/wp-content\/uploads\/2023\/06\/front.jpg\" alt=\"\" class=\"wp-image-2387\" srcset=\"https:\/\/www.betrisey.ch\/wp-content\/uploads\/2023\/06\/front.jpg 1000w, https:\/\/www.betrisey.ch\/wp-content\/uploads\/2023\/06\/front-300x225.jpg 300w, https:\/\/www.betrisey.ch\/wp-content\/uploads\/2023\/06\/front-768x576.jpg 768w\" sizes=\"auto, (max-width: 1000px) 100vw, 1000px\" \/><figcaption class=\"wp-element-caption\">Cara frontal<\/figcaption><\/figure>\n<\/div>\n\n\n\n<div class=\"wp-block-image\">\n\n\n<figure class=\"aligncenter size-full\"><img loading=\"lazy\" decoding=\"async\" width=\"500\" height=\"375\" src=\"https:\/\/www.betrisey.ch\/wp-content\/uploads\/2023\/06\/aspion-1.jpg\" alt=\"\" class=\"wp-image-2396\" srcset=\"https:\/\/www.betrisey.ch\/wp-content\/uploads\/2023\/06\/aspion-1.jpg 500w, https:\/\/www.betrisey.ch\/wp-content\/uploads\/2023\/06\/aspion-1-300x225.jpg 300w\" sizes=\"auto, (max-width: 500px) 100vw, 500px\" \/><figcaption class=\"wp-element-caption\">Extracci\u00f3n de humos durante el funcionamiento.<\/figcaption><\/figure>\n<\/div>\n\n\n\n<div class=\"wp-block-image\">\n\n\n<figure class=\"aligncenter size-full\"><img loading=\"lazy\" decoding=\"async\" width=\"500\" height=\"375\" src=\"https:\/\/www.betrisey.ch\/wp-content\/uploads\/2023\/06\/asipoff-1.jpg\" alt=\"\" class=\"wp-image-2397\" srcset=\"https:\/\/www.betrisey.ch\/wp-content\/uploads\/2023\/06\/asipoff-1.jpg 500w, https:\/\/www.betrisey.ch\/wp-content\/uploads\/2023\/06\/asipoff-1-300x225.jpg 300w\" sizes=\"auto, (max-width: 500px) 100vw, 500px\" \/><figcaption class=\"wp-element-caption\">Extracci\u00f3n de humos durante el funcionamiento.<\/figcaption><\/figure>\n<\/div>\n\n","protected":false},"excerpt":{"rendered":"<p>Proyecto en construcci\u00f3n, actualmente s\u00f3lo est\u00e1 operativo el grabado por l\u00e1ser (junio de 2023) Mi peque\u00f1o banco de trabajo personal, dise\u00f1ado, proyectado y fabricado en el taller. el 90% del material procede de diversas colecciones. Las \u00fanicas piezas compradas son el tubo l\u00e1ser y su fuente de alimentaci\u00f3n, el controlador y los motores, el refrigerador, [&hellip;]<\/p>\n","protected":false},"author":2,"featured_media":0,"parent":0,"menu_order":0,"comment_status":"closed","ping_status":"closed","template":"","meta":{"_acf_changed":false,"footnotes":""},"class_list":["post-5898","page","type-page","status-publish","hentry"],"acf":[],"_links":{"self":[{"href":"https:\/\/www.betrisey.ch\/es\/wp-json\/wp\/v2\/pages\/5898","targetHints":{"allow":["GET"]}}],"collection":[{"href":"https:\/\/www.betrisey.ch\/es\/wp-json\/wp\/v2\/pages"}],"about":[{"href":"https:\/\/www.betrisey.ch\/es\/wp-json\/wp\/v2\/types\/page"}],"author":[{"embeddable":true,"href":"https:\/\/www.betrisey.ch\/es\/wp-json\/wp\/v2\/users\/2"}],"replies":[{"embeddable":true,"href":"https:\/\/www.betrisey.ch\/es\/wp-json\/wp\/v2\/comments?post=5898"}],"version-history":[{"count":2,"href":"https:\/\/www.betrisey.ch\/es\/wp-json\/wp\/v2\/pages\/5898\/revisions"}],"predecessor-version":[{"id":5900,"href":"https:\/\/www.betrisey.ch\/es\/wp-json\/wp\/v2\/pages\/5898\/revisions\/5900"}],"wp:attachment":[{"href":"https:\/\/www.betrisey.ch\/es\/wp-json\/wp\/v2\/media?parent=5898"}],"curies":[{"name":"wp","href":"https:\/\/api.w.org\/{rel}","templated":true}]}}