{"id":5949,"date":"2022-05-12T13:06:05","date_gmt":"2022-05-12T13:06:05","guid":{"rendered":"https:\/\/www.betrisey.ch\/tourne-disques"},"modified":"2025-03-09T09:20:11","modified_gmt":"2025-03-09T09:20:11","slug":"tourne-disques","status":"publish","type":"page","link":"https:\/\/www.betrisey.ch\/es\/tourne-disques","title":{"rendered":"Tocadiscos"},"content":{"rendered":"\n\n<p><\/p>\n\n\n\n\n\n<p class=\"has-text-align-center has-medium-font-size\"><strong>Reproductor de CD que suena como un tocadiscos.<\/strong><br>  <\/p>\n\n\n\n\n\n<p>La construcci\u00f3n de este reproductor de Compact Disc comenz\u00f3 con una idea descabellada: hacer un reproductor de CD que sonara como un tocadiscos.<br> <\/p>\n\n\n\n\n\n<figure class=\"wp-block-image size-full\"><img loading=\"lazy\" decoding=\"async\" width=\"1000\" height=\"667\" src=\"https:\/\/2022.betrisey.ch\/wp-content\/uploads\/2022\/05\/1lectcd.jpeg\" alt=\"\" class=\"wp-image-910\" srcset=\"https:\/\/www.betrisey.ch\/wp-content\/uploads\/2022\/05\/1lectcd.jpeg 1000w, https:\/\/www.betrisey.ch\/wp-content\/uploads\/2022\/05\/1lectcd-300x200.jpeg 300w, https:\/\/www.betrisey.ch\/wp-content\/uploads\/2022\/05\/1lectcd-768x512.jpeg 768w\" sizes=\"auto, (max-width: 1000px) 100vw, 1000px\" \/><figcaption>Copyright <a href=\"https:\/\/chmorgan.com\">Chris Morgan<\/a><\/figcaption><\/figure>\n\n\n\n\n\n<p>Se construy\u00f3 en un mes a partir de la base de un Sony CDP 75. Basta con levantar el brazo del soporte para encender el diodo l\u00e1ser. Al colocarlo en el carro, el disco empieza a girar. Un peque\u00f1o motor situado en el chasis se encarga del seguimiento. El indicador de aguja muestra la posici\u00f3n de la ranura en relaci\u00f3n con el diodo l\u00e1ser: el motor mueve el pick-up cada vez que la aguja alcanza el valor 4<\/p>\n\n\n\n\n\n<p>Este lector no ha sido dise\u00f1ado para funcionar a tiempo completo y no alcanza las prestaciones de un lector fabricado industrialmente (no era \u00e9ste el objetivo). Esto se debe a que el diodo l\u00e1ser recibir\u00e1 cualquier luz ambiente como informaci\u00f3n, y la separaci\u00f3n del brazo es mayor que el punto focal del haz (1 micra). Por ejemplo, si haces una foto con flash mientras est\u00e1 leyendo, el disco dejar\u00e1 de girar y en la pantalla se leer\u00e1 \u00abERROR\u00bb. No importa: s\u00f3lo quer\u00eda saber si se pod\u00eda hacer, y me qued\u00e9 encantado cuando toc\u00f3 las primeras notas de &#8216;Electric Ladyland&#8217;..<\/p>\n\n\n\n\n\n<figure class=\"wp-block-image size-full\"><img loading=\"lazy\" decoding=\"async\" width=\"787\" height=\"525\" src=\"https:\/\/2022.betrisey.ch\/wp-content\/uploads\/2022\/05\/lecteucd.jpg\" alt=\"\" class=\"wp-image-911\" srcset=\"https:\/\/www.betrisey.ch\/wp-content\/uploads\/2022\/05\/lecteucd.jpg 787w, https:\/\/www.betrisey.ch\/wp-content\/uploads\/2022\/05\/lecteucd-300x200.jpg 300w, https:\/\/www.betrisey.ch\/wp-content\/uploads\/2022\/05\/lecteucd-768x512.jpg 768w\" sizes=\"auto, (max-width: 787px) 100vw, 787px\" \/><\/figure>\n\n\n\n\n\n<p><\/p>\n\n\n\n\n\n<p><\/p>\n\n\n\n\n\n<p class=\"has-text-align-center has-medium-font-size\"><strong>La m\u00e1quina de sonido<\/strong><\/p>\n\n\n\n\n\n<p>Se trata de un proyecto realizado con alumnos de la ECAV (Escuela Cantonal de Artes Visuales) de Sierre. El objetivo era imaginar, dise\u00f1ar, construir y utilizar una m\u00e1quina capaz de grabar y reproducir sonido, con la \u00fanica limitaci\u00f3n de no utilizar sistemas ya inventados.<\/p>\n\n\n\n\n\n<p>El objetivo no era copiar ning\u00fan sistema existente, sino crear uno. Del mismo modo, la calidad del sonido no es crucial: lo importante es lo que se hace con \u00e9l.  Por eso, el sistema se dise\u00f1\u00f3 desde el principio para modularlo y mejorarlo en funci\u00f3n de los resultados.<\/p>\n\n\n\n\n\n<p>El sistema elegido consisti\u00f3 en <strong>grabar y reproducir el sonido en cera mediante un cabezal de captaci\u00f3n de disco duro<\/strong>. En modo grabaci\u00f3n, las alternancias que salen de un amplificador mueven el electroim\u00e1n del fonocaptor, mientras que en modo reproducci\u00f3n producen corriente al ser animadas por las formas de los surcos. La idea de utilizar un pick-up de disco duro es interesante en m\u00e1s de un sentido: todo es visible y comprensible. <\/p>\n\n\n\n\n\n<figure class=\"wp-block-image size-large\"><img loading=\"lazy\" decoding=\"async\" width=\"1024\" height=\"839\" src=\"https:\/\/2022.betrisey.ch\/wp-content\/uploads\/2022\/05\/mach4-1024x839.jpg\" alt=\"\" class=\"wp-image-913\" srcset=\"https:\/\/www.betrisey.ch\/wp-content\/uploads\/2022\/05\/mach4-1024x839.jpg 1024w, https:\/\/www.betrisey.ch\/wp-content\/uploads\/2022\/05\/mach4-300x246.jpg 300w, https:\/\/www.betrisey.ch\/wp-content\/uploads\/2022\/05\/mach4-768x629.jpg 768w, https:\/\/www.betrisey.ch\/wp-content\/uploads\/2022\/05\/mach4.jpg 1181w\" sizes=\"auto, (max-width: 1024px) 100vw, 1024px\" \/><\/figure>\n\n\n\n\n\n<p><br><br>La parte mec\u00e1nica se cre\u00f3 desde cero con una sierra y una lima. Los pies proceden de un Technics SL1200 MKII y el plato de un Lynn. El tornillo de arrastre se utiliz\u00f3 para mover los focos de una balanza Berkel. Los dos v\u00fametros frontales indican las velocidades del plato y del carro.<\/p>\n\n\n\n\n\n<p>Primer intento de lectura..<\/p>\n\n\n\n\n\n<figure class=\"wp-block-audio\"><audio controls src=\"https:\/\/2022.betrisey.ch\/wp-content\/uploads\/2022\/05\/essai1.mp3\"><\/audio><\/figure>\n\n\n\n\n\n<p>Reproducci\u00f3n de un viejo disco de 33 rpm. Cabezal utilizado: gran disco duro de ordenador, salida desequilibrada y grabaci\u00f3n en Mac Powerbook. <\/p>\n\n\n\n\n\n<p><br><img decoding=\"async\" src=\"https:\/\/2022.betrisey.ch\/wp-content\/uploads\/2022\/05\/oscillo2.jpg\" alt=\"\"><\/p>\n\n\n\n\n\n<p><\/p>\n\n\n\n\n\n<p><\/p>\n\n","protected":false},"excerpt":{"rendered":"<p>Reproductor de CD que suena como un tocadiscos. La construcci\u00f3n de este reproductor de Compact Disc comenz\u00f3 con una idea descabellada: hacer un reproductor de CD que sonara como un tocadiscos. Se construy\u00f3 en un mes a partir de la base de un Sony CDP 75. Basta con levantar el brazo del soporte para encender [&hellip;]<\/p>\n","protected":false},"author":2,"featured_media":0,"parent":0,"menu_order":0,"comment_status":"closed","ping_status":"closed","template":"","meta":{"_acf_changed":false,"footnotes":""},"class_list":["post-5949","page","type-page","status-publish","hentry"],"acf":[],"_links":{"self":[{"href":"https:\/\/www.betrisey.ch\/es\/wp-json\/wp\/v2\/pages\/5949","targetHints":{"allow":["GET"]}}],"collection":[{"href":"https:\/\/www.betrisey.ch\/es\/wp-json\/wp\/v2\/pages"}],"about":[{"href":"https:\/\/www.betrisey.ch\/es\/wp-json\/wp\/v2\/types\/page"}],"author":[{"embeddable":true,"href":"https:\/\/www.betrisey.ch\/es\/wp-json\/wp\/v2\/users\/2"}],"replies":[{"embeddable":true,"href":"https:\/\/www.betrisey.ch\/es\/wp-json\/wp\/v2\/comments?post=5949"}],"version-history":[{"count":1,"href":"https:\/\/www.betrisey.ch\/es\/wp-json\/wp\/v2\/pages\/5949\/revisions"}],"predecessor-version":[{"id":5950,"href":"https:\/\/www.betrisey.ch\/es\/wp-json\/wp\/v2\/pages\/5949\/revisions\/5950"}],"wp:attachment":[{"href":"https:\/\/www.betrisey.ch\/es\/wp-json\/wp\/v2\/media?parent=5949"}],"curies":[{"name":"wp","href":"https:\/\/api.w.org\/{rel}","templated":true}]}}