{"id":5958,"date":"2022-05-12T13:15:33","date_gmt":"2022-05-12T13:15:33","guid":{"rendered":"https:\/\/www.betrisey.ch\/un-tourne-disques-qui-grave-des-cd"},"modified":"2025-03-09T09:22:53","modified_gmt":"2025-03-09T09:22:53","slug":"un-tourne-disques-qui-grave-des-cd","status":"publish","type":"page","link":"https:\/\/www.betrisey.ch\/es\/un-tourne-disques-qui-grave-des-cd","title":{"rendered":"Un tocadiscos que graba CD."},"content":{"rendered":"\n\n<p>La idea era inventar y crear desde cero un sistema de sonido completo: <strong>micr\u00f3fono, grabadora, reproductor y altavoz <\/strong>. Todo ello, por supuesto, sin comprar ni un solo componente, porque est\u00e1bamos en pleno encierro en abril de 2020&#8230;<\/p>\n\n\n\n\n\n<p>Inventar: porque cada componente ten\u00eda que ser completamente original. Crear: porque todo ten\u00eda que estar hecho de piezas recicladas: dos cepillos de dientes el\u00e9ctricos, dos discos duros, dos motores el\u00e9ctricos y unas cuantas piezas de fontaner\u00eda y cadenas de atascos, todo ello sin comprar ni un solo tornillo. El objetivo no era tener el mejor sonido posible, sino el m\u00edo propio. Un sonido lleno de defectos, por supuesto, pero tan perfectible&#8230; <\/p>\n\n\n\n\n\n<figure class=\"wp-block-image size-large\"><img loading=\"lazy\" decoding=\"async\" width=\"684\" height=\"1024\" src=\"https:\/\/2022.betrisey.ch\/wp-content\/uploads\/2022\/05\/1vinyles-684x1024.jpeg\" alt=\"\" class=\"wp-image-915\" srcset=\"https:\/\/www.betrisey.ch\/wp-content\/uploads\/2022\/05\/1vinyles-684x1024.jpeg 684w, https:\/\/www.betrisey.ch\/wp-content\/uploads\/2022\/05\/1vinyles-200x300.jpeg 200w, https:\/\/www.betrisey.ch\/wp-content\/uploads\/2022\/05\/1vinyles-768x1150.jpeg 768w, https:\/\/www.betrisey.ch\/wp-content\/uploads\/2022\/05\/1vinyles.jpeg 1000w\" sizes=\"auto, (max-width: 684px) 100vw, 684px\" \/><figcaption>Copyright <a href=\"https:\/\/chmorgan.com\">Chris Morgan<\/a><\/figcaption><\/figure>\n\n\n\n\n\n<p><\/p>\n\n\n\n\n\n<p><\/p>\n\n\n\n\n\n<p>Aqu\u00ed tienes 9 v\u00eddeos del trabajo en curso.<\/p>\n\n\n\n\n\n<figure class=\"wp-block-video\"><video height=\"720\" style=\"aspect-ratio: 1280 \/ 720;\" width=\"1280\" controls src=\"https:\/\/2022.betrisey.ch\/wp-content\/uploads\/2022\/05\/Micro.mp4\"><\/video><figcaption>El micr\u00f3fono<\/figcaption><\/figure>\n\n\n\n\n\n<figure class=\"wp-block-video\"><video height=\"720\" style=\"aspect-ratio: 1280 \/ 720;\" width=\"1280\" controls src=\"https:\/\/2022.betrisey.ch\/wp-content\/uploads\/2022\/05\/gravure.mp4\"><\/video><figcaption>El cabezal de grabaci\u00f3n<\/figcaption><\/figure>\n\n\n\n\n\n<figure class=\"wp-block-video\"><video height=\"720\" style=\"aspect-ratio: 1280 \/ 720;\" width=\"1280\" controls src=\"https:\/\/2022.betrisey.ch\/wp-content\/uploads\/2022\/05\/lecture.mp4\"><\/video><figcaption>El cabezal de reproducci\u00f3n<\/figcaption><\/figure>\n\n\n\n\n\n<figure class=\"wp-block-video\"><video height=\"720\" style=\"aspect-ratio: 1280 \/ 720;\" width=\"1280\" controls src=\"https:\/\/2022.betrisey.ch\/wp-content\/uploads\/2022\/05\/haut-parleur.mp4\"><\/video><figcaption>El altavoz<\/figcaption><\/figure>\n\n\n\n\n\n<figure class=\"wp-block-audio\"><audio controls src=\"https:\/\/2022.betrisey.ch\/wp-content\/uploads\/2022\/05\/premier-essai.mp3\"><\/audio><\/figure>\n\n\n\n\n\n<figure class=\"wp-block-video\"><video height=\"720\" style=\"aspect-ratio: 1280 \/ 720;\" width=\"1280\" controls src=\"https:\/\/2022.betrisey.ch\/wp-content\/uploads\/2022\/05\/platine.mp4\"><\/video><figcaption>El plato giratorio<\/figcaption><\/figure>\n\n\n\n\n\n<figure class=\"wp-block-video\"><video height=\"720\" style=\"aspect-ratio: 1280 \/ 720;\" width=\"1280\" controls src=\"https:\/\/2022.betrisey.ch\/wp-content\/uploads\/2022\/05\/gravure2.mp4\"><\/video><figcaption>Mejora del cabezal de grabaci\u00f3n<\/figcaption><\/figure>\n\n\n\n\n\n<figure class=\"wp-block-video\"><video height=\"720\" style=\"aspect-ratio: 1280 \/ 720;\" width=\"1280\" controls src=\"https:\/\/2022.betrisey.ch\/wp-content\/uploads\/2022\/05\/lecture2.mp4\"><\/video><figcaption>Mejora del fonocaptor<\/figcaption><\/figure>\n\n\n\n\n\n<figure class=\"wp-block-video\"><video height=\"720\" style=\"aspect-ratio: 1280 \/ 720;\" width=\"1280\" controls src=\"https:\/\/2022.betrisey.ch\/wp-content\/uploads\/2022\/05\/lecture3.mp4\"><\/video><figcaption>Mejora del cabezal de grabaci\u00f3n<\/figcaption><\/figure>\n\n\n\n\n\n<figure class=\"wp-block-video\"><video height=\"720\" style=\"aspect-ratio: 1280 \/ 720;\" width=\"1280\" controls src=\"https:\/\/2022.betrisey.ch\/wp-content\/uploads\/2022\/05\/9-micro2.mp4\"><\/video><figcaption>Sonidos del micr\u00f3fono<\/figcaption><\/figure>\n\n","protected":false},"excerpt":{"rendered":"<p>La idea era inventar y crear desde cero un sistema de sonido completo: micr\u00f3fono, grabadora, reproductor y altavoz . Todo ello, por supuesto, sin comprar ni un solo componente, porque est\u00e1bamos en pleno encierro en abril de 2020&#8230; Inventar: porque cada componente ten\u00eda que ser completamente original. Crear: porque todo ten\u00eda que estar hecho de [&hellip;]<\/p>\n","protected":false},"author":2,"featured_media":0,"parent":0,"menu_order":0,"comment_status":"closed","ping_status":"closed","template":"","meta":{"_acf_changed":false,"footnotes":""},"class_list":["post-5958","page","type-page","status-publish","hentry"],"acf":[],"_links":{"self":[{"href":"https:\/\/www.betrisey.ch\/es\/wp-json\/wp\/v2\/pages\/5958","targetHints":{"allow":["GET"]}}],"collection":[{"href":"https:\/\/www.betrisey.ch\/es\/wp-json\/wp\/v2\/pages"}],"about":[{"href":"https:\/\/www.betrisey.ch\/es\/wp-json\/wp\/v2\/types\/page"}],"author":[{"embeddable":true,"href":"https:\/\/www.betrisey.ch\/es\/wp-json\/wp\/v2\/users\/2"}],"replies":[{"embeddable":true,"href":"https:\/\/www.betrisey.ch\/es\/wp-json\/wp\/v2\/comments?post=5958"}],"version-history":[{"count":1,"href":"https:\/\/www.betrisey.ch\/es\/wp-json\/wp\/v2\/pages\/5958\/revisions"}],"predecessor-version":[{"id":5959,"href":"https:\/\/www.betrisey.ch\/es\/wp-json\/wp\/v2\/pages\/5958\/revisions\/5959"}],"wp:attachment":[{"href":"https:\/\/www.betrisey.ch\/es\/wp-json\/wp\/v2\/media?parent=5958"}],"curies":[{"name":"wp","href":"https:\/\/api.w.org\/{rel}","templated":true}]}}